{"id":595,"date":"2023-12-29T22:21:07","date_gmt":"2023-12-29T21:21:07","guid":{"rendered":"http:\/\/greenpoppy.se\/?page_id=595"},"modified":"2025-05-12T10:41:31","modified_gmt":"2025-05-12T08:41:31","slug":"integritetspolicy-och-cookies","status":"publish","type":"page","link":"https:\/\/greenpoppy.se\/en\/integritetspolicy-och-cookies\/","title":{"rendered":"Privacy Policy"},"content":{"rendered":"<section class=\"section\" id=\"section_1541567065\">\n\t\t<div class=\"section-bg fill\" >\n\t\t\t\t\t\t\t\t\t\n\t\t\t\n\n\t\t<\/div>\n\n\t\t\n\n\t\t<div class=\"section-content relative\">\n\t\t\t\n\n\t<div id=\"gap-1748059635\" class=\"gap-element clearfix\" style=\"display:block; height:auto;\">\n\t\t\n<style>\n#gap-1748059635 {\n  padding-top: 55px;\n}\n<\/style>\n\t<\/div>\n\t\n\n<div class=\"row align-center\"  id=\"row-791669992\">\n\n\n\t<div id=\"col-898148351\" class=\"col medium-8 small-12 large-5\"  >\n\t\t\t\t<div class=\"col-inner text-center\"  >\n\t\t\t\n\t\t\t\n\n\t<div id=\"text-1734497806\" class=\"text\">\n\t\t\n\n<h6><a href=\"https:\/\/greenpoppy.se\/en\/\">Home<\/a> \u2022 Integritets- och cookiepolicy<\/h6>\n\t\t\n<style>\n#text-1734497806 {\n  font-size: 0.8rem;\n}\n<\/style>\n\t<\/div>\n\t\n\t<div id=\"text-2403912058\" class=\"text\">\n\t\t\n\n<h1>Privacy and cookie policy<\/h1>\n\t\t\n<style>\n#text-2403912058 {\n  font-size: 1.5rem;\n}\n<\/style>\n\t<\/div>\n\t\n\n\t\t<\/div>\n\t\t\t\t\t<\/div>\n\n\t\n\n<\/div>\n\n\t\t<\/div>\n\n\t\t\n<style>\n#section_1541567065 {\n  padding-top: 20px;\n  padding-bottom: 20px;\n  background-color: rgb(255,255,255);\n}\n@media (min-width:550px) {\n  #section_1541567065 {\n    padding-top: 40px;\n    padding-bottom: 40px;\n  }\n}\n<\/style>\n\t<\/section>\n\t\n<div class=\"is-divider divider clearfix\" style=\"margin-top:1.0px;margin-bottom:1.0px;max-width:100%;height:1px;background-color:rgb(237, 237, 237);\"><\/div>\n\n\n\t<section class=\"section\" id=\"section_935121411\">\n\t\t<div class=\"section-bg fill\" >\n\t\t\t\t\t\t\t\t\t\n\t\t\t\n\n\t\t<\/div>\n\n\t\t\n\n\t\t<div class=\"section-content relative\">\n\t\t\t\n\n\t<div id=\"gap-478829181\" class=\"gap-element clearfix\" style=\"display:block; height:auto;\">\n\t\t\n<style>\n#gap-478829181 {\n  padding-top: 40px;\n}\n<\/style>\n\t<\/div>\n\t\n\n<div class=\"row align-center\"  id=\"row-1154604748\">\n\n\n\t<div id=\"col-307938912\" class=\"col medium-3 small-12 large-2\"  >\n\t\t\t\t<div class=\"col-inner\"  >\n\t\t\t\n\t\t\t\n\n\t<div class=\"ux-menu stack stack-col justify-start ux-menu--divider-solid\">\n\t\t\n\n\t<div class=\"ux-menu-link flex menu-item\">\n\t\t<a class=\"ux-menu-link__link flex\" href=\"https:\/\/greenpoppy.se\/en\/kopvillkor-green-poppy\/\" >\n\t\t\t\t\t\t<span class=\"ux-menu-link__text\">\n\t\t\t\tTerms &amp; Conditions\t\t\t<\/span>\n\t\t<\/a>\n\t<\/div>\n\t\n\n\t<div class=\"ux-menu-link flex menu-item\">\n\t\t<a class=\"ux-menu-link__link flex\" href=\"https:\/\/greenpoppy.se\/en\/frakt-och-leverans\/\" >\n\t\t\t\t\t\t<span class=\"ux-menu-link__text\">\n\t\t\t\tShipping &amp; Delivery\t\t\t<\/span>\n\t\t<\/a>\n\t<\/div>\n\t\n\n\t<div class=\"ux-menu-link flex menu-item\">\n\t\t<a class=\"ux-menu-link__link flex\" href=\"https:\/\/greenpoppy.se\/en\/retur-och-aterbetalningspolicy\/\" >\n\t\t\t\t\t\t<span class=\"ux-menu-link__text\">\n\t\t\t\tRefunds &amp; Returns\t\t\t<\/span>\n\t\t<\/a>\n\t<\/div>\n\t\n\n\t<div class=\"ux-menu-link flex menu-item\">\n\t\t<a class=\"ux-menu-link__link flex\" href=\"https:\/\/greenpoppy.se\/en\/reklamation-och-angerratt\/\" >\n\t\t\t\t\t\t<span class=\"ux-menu-link__text\">\n\t\t\t\tRight of Withdrawal\t\t\t<\/span>\n\t\t<\/a>\n\t<\/div>\n\t\n\n\t<div class=\"ux-menu-link flex menu-item\">\n\t\t<a class=\"ux-menu-link__link flex\" href=\"https:\/\/greenpoppy.se\/en\/integritetspolicy-och-cookies\/\" >\n\t\t\t\t\t\t<span class=\"ux-menu-link__text\">\n\t\t\t\tCookie policy\t\t\t<\/span>\n\t\t<\/a>\n\t<\/div>\n\t\n\n\t<div class=\"ux-menu-link flex menu-item\">\n\t\t<a class=\"ux-menu-link__link flex\" href=\"https:\/\/greenpoppy.se\/en\/kontakta-oss\/\" >\n\t\t\t\t\t\t<span class=\"ux-menu-link__text\">\n\t\t\t\tContact Us\t\t\t<\/span>\n\t\t<\/a>\n\t<\/div>\n\t\n\n\n\t<\/div>\n\t\n\n\t\t<\/div>\n\t\t\t\t\t<\/div>\n\n\t\n\n\t<div id=\"col-328138507\" class=\"col medium-9 small-12 large-7 small-col-first\"  >\n\t\t\t\t<div class=\"col-inner\"  >\n\t\t\t\n\t\t\t\n\n<h1 style=\"text-align: left;\">Privacy Policy<\/h1>\n<p style=\"text-align: left;\">Green Poppy is the data controller for the processing of personal data described in this privacy policy. In this privacy policy, we explain the type of personal data we store and how we process it. This privacy policy applies to: http:\/\/greenpoppy.se<\/p>\n<h4 style=\"text-align: left;\"><strong>Personal Data We Collect and Process<\/strong><\/h4>\n<p style=\"text-align: left;\">We process the following categories of personal data:<\/p>\n<p style=\"text-align: left;\"><strong>Basic information:<\/strong> name, birthdate<\/p>\n<p style=\"text-align: left;\"><strong>Contact information:<\/strong> address, phone number, email address<\/p>\n<p style=\"text-align: left;\"><strong>Account and profile information:<\/strong> settings, preferences<\/p>\n<p style=\"text-align: left;\"><strong>Payment information:<\/strong> transaction information, payment methods<\/p>\n<p style=\"text-align: left;\"><strong>Customer history and engagement:<\/strong> order and delivery information, shopping cart movements, discount codes, loyalty program information<\/p>\n<p style=\"text-align: left;\"><strong>Active products and agreements as well as products and services you have had previously,<\/strong> how much and how often they are used, status of products\/services<\/p>\n<p style=\"text-align: left;\"><strong>Customer activity:<\/strong> reading and action history from the app, websites, or electronic communication we send out, as well as technical information about the devices you use.<\/p>\n<p style=\"text-align: left;\"><strong>Cookies:<\/strong> see below our information about cookies.<\/p>\n<p style=\"text-align: left;\">The personal data is usually collected directly from you or generated in connection with your use of our services and products. When we obtain personal data from other sources, we obtain personal data from the following sources:<\/p>\n<h3 style=\"text-align: left;\"><strong>How We Use Personal Data:<\/strong><\/h3>\n<h4 style=\"text-align: left;\">Service\/Contract Delivery:<\/h4>\n<p style=\"text-align: left;\">We use your personal data to fulfill our contracts with you, i.e., when you have ordered a product or service from us. The legal basis for processing personal data for this purpose is that the processing is necessary to fulfill a contract with you.<\/p>\n<h4 style=\"text-align: left;\">Customer Relationship Management<\/h4>\n<p style=\"text-align: left;\">We use your personal data to manage our customer relationship with you. This may include customer service, handling complaints, and troubleshooting regarding your account. The legal basis for processing personal data for this purpose is that the processing is necessary to fulfill a contract with you.<\/p>\n<h4 style=\"text-align: left;\">Analysis, Business Development, and Service Improvement<\/h4>\n<p style=\"text-align: left;\">We continuously work on developing and improving our services and products. Much of this work involves analyzing various forms of personal data, such as customer activity, customer history, and account and profile information. The legal basis for processing personal data for this purpose is our legitimate interest.<\/p>\n<h4 style=\"text-align: left;\">Customized User Experience<\/h4>\n<p style=\"text-align: left;\">We customize the user experience and communication to your customer relationship, and we use personal data for this purpose. The legal basis for processing personal data for this purpose is our legitimate interest.<\/p>\n<h4 style=\"text-align: left;\">Sales and Marketing<\/h4>\n<p style=\"text-align: left;\">We use personal data in connection with the sale and marketing of our products and services, such as sending you emails. The legal basis for processing personal data for this purpose is our legitimate interest. You have the option to opt out of parts of this processing, such as opting out of receiving emails from us.<\/p>\n<h4 style=\"text-align: left;\">System Monitoring, Troubleshooting etc<\/h4>\n<p style=\"text-align: left;\">We monitor our systems for errors and issues. Some of these processes involve the storage and processing of personal data. The legal basis for processing personal data for this purpose is our legitimate interest.<\/p>\n<h4 style=\"text-align: left;\">Security, Fraud Disclosure, and Criminal Activity<\/h4>\n<p style=\"text-align: left;\">We process personal data in our efforts to protect our users and ourselves against fraud, abuse, and criminal activity. The legal basis for this processing is our legitimate interest.<\/p>\n<h4 style=\"text-align: left;\">Compliance with Legal Obligations<\/h4>\n<p style=\"text-align: left;\">In some cases, we are required to process personal data due to other legal obligations. An example of this is information related to sales, which we are required to record and save according to accounting laws. The legal basis for processing personal data for this purpose is that the processing is necessary to fulfill a legal obligation that applies to us.<\/p>\n<h2 style=\"text-align: left;\">Embedded Content from Other Websites<\/h2>\n<p style=\"text-align: left;\">Articles on this website may include embedded content (e.g., videos, images, articles, etc.). Embedded content from other websites behaves in the exact same way as if the visitor has visited the other website.<\/p>\n<p style=\"text-align: left;\">These websites may collect data about you, use cookies, embed additional third-party tracking, and monitor your interaction with that embedded content, including tracking your interaction with the embedded content if you have an account and are logged in to that website.<\/p>\n<h3 style=\"text-align: left;\">Your Rights<\/h3>\n<p style=\"text-align: left;\">If you want to exercise any of your rights, contact us at<\/p>\n<h4 style=\"text-align: left;\">Right to Access Personal Data<\/h4>\n<p style=\"text-align: left;\">You can request a copy of all the data we process about you. Contact the email address above to exercise your right of access.<\/p>\n<h4 style=\"text-align: left;\">Right to Rectify Personal Data<\/h4>\n<p style=\"text-align: left;\">You have the right to request that we correct or complete data that is incorrect or misleading.<\/p>\n<h4 style=\"text-align: left;\">Right to Erasure of Personal Data<\/h4>\n<p style=\"text-align: left;\">You have the right to have your personal data deleted without delay. You can request that we delete data about you at any time. Note that information we are required to retain for other legal obligations (such as accounting laws) will not be deleted.<\/p>\n<h4 style=\"text-align: left;\">Limitation of Processing of Personal Data<\/h4>\n<p style=\"text-align: left;\">In some situations, you can also request that we limit the processing of data about you. You do this by managing consents or objections in our solutions.<\/p>\n<h4 style=\"text-align: left;\">Objection to Processing of Personal Data<\/h4>\n<p style=\"text-align: left;\">If we process data about you based on our interests or on the basis of an interest balancing, you have the right to object to our processing of data about you. You do this by managing consents or objections in our solutions.<\/p>\n<h4 style=\"text-align: left;\">Data Portability<\/h4>\n<p style=\"text-align: left;\">You have the right to receive your personal data in a structured, commonly used, and machine-readable format. Contact the email address above to get your personal data.<\/p>\n<h4 style=\"text-align: left;\">Complaints about Our Processing of Personal Data<\/h4>\n<p style=\"text-align: left;\">We hope that you will inform us if you believe that we are not following the rules of the data protection law. Please inform us first through the contact or channel you have already established with us. You can also complain about our processing of personal data to the Data Inspectorate.<\/p>\n<h1 style=\"text-align: left;\">Cookie Policy<\/h1>\n<p style=\"text-align: left;\">We use cookies to improve the user experience on our website. By accepting cookies, you consent to Green Poppy using cookies as outlined below.<\/p>\n<p style=\"text-align: left;\">A cookie is a small text file placed on your device: mobile, computer, or tablet. The cookie recognizes the type of content you have been looking for and which pages you have visited on our website. Information saved using a cookie can include how you use our website, what type of browser you use, and which pages you have visited.<\/p>\n<p style=\"text-align: left;\">Cookies allow us to provide better service to you as a visitor and to measure the number of visitors to the website as well as see usage patterns. We can also store information about your specific preferences, so we can customize our website to your individual interests.<\/p>\n<p style=\"text-align: left;\">We forward cookies and other information from your device to our partners. They may in turn combine the information with other information you have provided or that they have collected when you have used their services.<\/p>\n<h3 style=\"text-align: left;\">Description of Cookies We Use<\/h3>\n<p style=\"text-align: left;\">Permanent Cookies: These cookies remain on your computer for a longer time. A session cookie is temporarily stored in memory while you are on our website. The session cookie disappears when you close your browser. We use both permanent and session cookies.\n  \nThird-Party Cookies: These cookies have a sender from a different domain than the one the user is visiting. The cookie has a domain name sender different from the URL that the website has.<\/p>\n<p style=\"text-align: left;\">Green Poppy uses cookies to collect aggregated data on the number of visitors, visitors' operating systems, browsers, time on the page, new versus returning customers, etc. This data is not used to personally identify you but to provide you with the most relevant service and for statistical purposes<\/p>\n<p style=\"text-align: left;\">If you want to know more about the cookies we use, you can contact us at <a href=\"mailto:info@greenpoppy.se\">info@greenpoppy.se<\/a><\/p>\n<h1 style=\"text-align: left;\">Meta Pixel<\/h1>\n<p style=\"text-align: left;\">\n<p>\u00a0\u00a0\u00a0 We also use the Meta Pixel (Facebook Pixel) to track and understand how our visitors interact with our website. The Meta Pixel collects information about which pages you visit and which actions you take, such as adding products to your cart or completing a purchase. This data is used to show you relevant advertisements on Meta platforms (Facebook, Instagram). By using our website, you consent to the use of cookies and tracking via the Meta Pixel. <br \/>\u00a0\u00a0\u00a0 in information om vilka sidor du bes\u00f6ker och vilka handlingar du utf\u00f6r, s\u00e5som att l\u00e4gga produkter i varukorgen eller genomf\u00f6ra k\u00f6p. Denna data <br \/>\u00a0\u00a0\u00a0 anv\u00e4nds f\u00f6r att visa dig relevanta annonser p\u00e5 Meta-plattformar (Facebook, Instagram). Genom att anv\u00e4nda v\u00e5r webbplats samtycker du till anv\u00e4ndningen <br \/>\u00a0\u00a0\u00a0 av cookies och sp\u00e5rning via Meta-pixel.<br \/>\u00a0\u00a0\u00a0<\/p>\n<h1 style=\"text-align: left;\">How to control cookies<\/h1>\n<p style=\"text-align: left;\">\u00a0 \u00a0 You can choose whether to allow cookies by changing the settings in your web browser. You can also opt out of tracking by using Meta (Facebook\u2019s) own settings at https:\/\/www.facebook.com\/ads\/preferences.\nPlease note that if you disable cookies, some parts of our website may stop working properly. <br \/>\u00a0\u00a0\u00a0 Meta (Facebooks) egna inst\u00e4llningar p\u00e5 <a href=\"https:\/\/www.facebook.com\/ads\/preferences\">https:\/\/www.facebook.com\/ads\/preferences<\/a>.<\/p>\n<p>\u00a0\u00a0\u00a0 Observera att om du inaktiverar cookies kan vissa delar av v\u00e5r webbplats sluta fungera korrekt.<br \/>\u00a0\u00a0\u00a0<\/p>\n<h3 style=\"text-align: left;\">How do I change my cookie settings?<\/h3>\n<p style=\"text-align: left;\">If you do not want our website to place cookies on your computer, you can disable cookies in your browser. Visit your browser's help pages for more information on this. If you disable cookies, the functionality of our website will be limited.<\/p>\n<h3 style=\"text-align: left;\">How do I change my consent?<\/h3>\n<p style=\"text-align: left;\">If you have questions or comments about our cookie policy or want to change or withdraw your consent to cookies on our website, please contact <a href=\"mailto:info@greenpoppy.se\">info@greenpoppy.se<\/a><\/p>\n\n\t\t<\/div>\n\t\t\t\t\t<\/div>\n\n\t\n\n<\/div>\n\n\t\t<\/div>\n\n\t\t\n<style>\n#section_935121411 {\n  padding-top: 10px;\n  padding-bottom: 10px;\n  background-color: rgb(255,255,255);\n}\n<\/style>\n\t<\/section>","protected":false},"excerpt":{"rendered":"","protected":false},"author":1,"featured_media":0,"parent":0,"menu_order":0,"comment_status":"closed","ping_status":"closed","template":"page-blank.php","meta":{"footnotes":""},"class_list":["post-595","page","type-page","status-publish","hentry"],"yoast_head":"<!-- This site is optimized with the Yoast SEO plugin v27.5 - https:\/\/yoast.com\/product\/yoast-seo-wordpress\/ -->\n<title>Integritetspolicy och cookies - Green Poppy<\/title>\n<meta name=\"robots\" content=\"index, follow, max-snippet:-1, max-image-preview:large, max-video-preview:-1\" \/>\n<link rel=\"canonical\" href=\"https:\/\/greenpoppy.se\/en\/integritetspolicy-och-cookies\/\" \/>\n<meta property=\"og:locale\" content=\"en_GB\" \/>\n<meta property=\"og:type\" content=\"article\" \/>\n<meta property=\"og:title\" content=\"Integritetspolicy och cookies - Green Poppy\" \/>\n<meta property=\"og:url\" content=\"https:\/\/greenpoppy.se\/en\/integritetspolicy-och-cookies\/\" \/>\n<meta property=\"og:site_name\" content=\"Green Poppy\" \/>\n<meta property=\"article:publisher\" content=\"https:\/\/www.facebook.com\/profile.php?id=61554367862205\" \/>\n<meta property=\"article:modified_time\" content=\"2025-05-12T08:41:31+00:00\" \/>\n<meta name=\"twitter:card\" content=\"summary_large_image\" \/>\n<script type=\"application\/ld+json\" class=\"yoast-schema-graph\">{\"@context\":\"https:\\\/\\\/schema.org\",\"@graph\":[{\"@type\":\"WebPage\",\"@id\":\"https:\\\/\\\/greenpoppy.se\\\/integritetspolicy-och-cookies\\\/\",\"url\":\"https:\\\/\\\/greenpoppy.se\\\/integritetspolicy-och-cookies\\\/\",\"name\":\"Integritetspolicy och cookies - Green Poppy\",\"isPartOf\":{\"@id\":\"https:\\\/\\\/greenpoppy.se\\\/en\\\/#website\"},\"datePublished\":\"2023-12-29T21:21:07+00:00\",\"dateModified\":\"2025-05-12T08:41:31+00:00\",\"breadcrumb\":{\"@id\":\"https:\\\/\\\/greenpoppy.se\\\/integritetspolicy-och-cookies\\\/#breadcrumb\"},\"inLanguage\":\"en-GB\",\"potentialAction\":[{\"@type\":\"ReadAction\",\"target\":[\"https:\\\/\\\/greenpoppy.se\\\/integritetspolicy-och-cookies\\\/\"]}]},{\"@type\":\"BreadcrumbList\",\"@id\":\"https:\\\/\\\/greenpoppy.se\\\/integritetspolicy-och-cookies\\\/#breadcrumb\",\"itemListElement\":[{\"@type\":\"ListItem\",\"position\":1,\"name\":\"Hem\",\"item\":\"https:\\\/\\\/greenpoppy.se\\\/\"},{\"@type\":\"ListItem\",\"position\":2,\"name\":\"Integritetspolicy och cookies\"}]},{\"@type\":\"WebSite\",\"@id\":\"https:\\\/\\\/greenpoppy.se\\\/en\\\/#website\",\"url\":\"https:\\\/\\\/greenpoppy.se\\\/en\\\/\",\"name\":\"Green Poppy\",\"description\":\"H\u00e5llbara och \u00e5teranv\u00e4ndbara tygbl\u00f6jor\",\"publisher\":{\"@id\":\"https:\\\/\\\/greenpoppy.se\\\/en\\\/#organization\"},\"potentialAction\":[{\"@type\":\"SearchAction\",\"target\":{\"@type\":\"EntryPoint\",\"urlTemplate\":\"https:\\\/\\\/greenpoppy.se\\\/en\\\/?s={search_term_string}\"},\"query-input\":{\"@type\":\"PropertyValueSpecification\",\"valueRequired\":true,\"valueName\":\"search_term_string\"}}],\"inLanguage\":\"en-GB\"},{\"@type\":\"Organization\",\"@id\":\"https:\\\/\\\/greenpoppy.se\\\/en\\\/#organization\",\"name\":\"Green Poppy\",\"url\":\"https:\\\/\\\/greenpoppy.se\\\/en\\\/\",\"logo\":{\"@type\":\"ImageObject\",\"inLanguage\":\"en-GB\",\"@id\":\"https:\\\/\\\/greenpoppy.se\\\/en\\\/#\\\/schema\\\/logo\\\/image\\\/\",\"url\":\"https:\\\/\\\/greenpoppy.se\\\/wp-content\\\/uploads\\\/2025\\\/01\\\/Logga_Officiell.svg\",\"contentUrl\":\"https:\\\/\\\/greenpoppy.se\\\/wp-content\\\/uploads\\\/2025\\\/01\\\/Logga_Officiell.svg\",\"width\":1,\"height\":1,\"caption\":\"Green Poppy\"},\"image\":{\"@id\":\"https:\\\/\\\/greenpoppy.se\\\/en\\\/#\\\/schema\\\/logo\\\/image\\\/\"},\"sameAs\":[\"https:\\\/\\\/www.facebook.com\\\/profile.php?id=61554367862205\",\"https:\\\/\\\/www.instagram.com\\\/greenpoppy.se\\\/\"]}]}<\/script>\n<!-- \/ Yoast SEO plugin. -->","yoast_head_json":{"title":"Integritetspolicy och cookies - Green Poppy","robots":{"index":"index","follow":"follow","max-snippet":"max-snippet:-1","max-image-preview":"max-image-preview:large","max-video-preview":"max-video-preview:-1"},"canonical":"https:\/\/greenpoppy.se\/en\/integritetspolicy-och-cookies\/","og_locale":"en_GB","og_type":"article","og_title":"Integritetspolicy och cookies - Green Poppy","og_url":"https:\/\/greenpoppy.se\/en\/integritetspolicy-och-cookies\/","og_site_name":"Green Poppy","article_publisher":"https:\/\/www.facebook.com\/profile.php?id=61554367862205","article_modified_time":"2025-05-12T08:41:31+00:00","twitter_card":"summary_large_image","schema":{"@context":"https:\/\/schema.org","@graph":[{"@type":"WebPage","@id":"https:\/\/greenpoppy.se\/integritetspolicy-och-cookies\/","url":"https:\/\/greenpoppy.se\/integritetspolicy-och-cookies\/","name":"Integritetspolicy och cookies - Green Poppy","isPartOf":{"@id":"https:\/\/greenpoppy.se\/en\/#website"},"datePublished":"2023-12-29T21:21:07+00:00","dateModified":"2025-05-12T08:41:31+00:00","breadcrumb":{"@id":"https:\/\/greenpoppy.se\/integritetspolicy-och-cookies\/#breadcrumb"},"inLanguage":"en-GB","potentialAction":[{"@type":"ReadAction","target":["https:\/\/greenpoppy.se\/integritetspolicy-och-cookies\/"]}]},{"@type":"BreadcrumbList","@id":"https:\/\/greenpoppy.se\/integritetspolicy-och-cookies\/#breadcrumb","itemListElement":[{"@type":"ListItem","position":1,"name":"Hem","item":"https:\/\/greenpoppy.se\/"},{"@type":"ListItem","position":2,"name":"Integritetspolicy och cookies"}]},{"@type":"WebSite","@id":"https:\/\/greenpoppy.se\/en\/#website","url":"https:\/\/greenpoppy.se\/en\/","name":"Green Poppy","description":"H\u00e5llbara och \u00e5teranv\u00e4ndbara tygbl\u00f6jor","publisher":{"@id":"https:\/\/greenpoppy.se\/en\/#organization"},"potentialAction":[{"@type":"SearchAction","target":{"@type":"EntryPoint","urlTemplate":"https:\/\/greenpoppy.se\/en\/?s={search_term_string}"},"query-input":{"@type":"PropertyValueSpecification","valueRequired":true,"valueName":"search_term_string"}}],"inLanguage":"en-GB"},{"@type":"Organization","@id":"https:\/\/greenpoppy.se\/en\/#organization","name":"Green Poppy","url":"https:\/\/greenpoppy.se\/en\/","logo":{"@type":"ImageObject","inLanguage":"en-GB","@id":"https:\/\/greenpoppy.se\/en\/#\/schema\/logo\/image\/","url":"https:\/\/greenpoppy.se\/wp-content\/uploads\/2025\/01\/Logga_Officiell.svg","contentUrl":"https:\/\/greenpoppy.se\/wp-content\/uploads\/2025\/01\/Logga_Officiell.svg","width":1,"height":1,"caption":"Green Poppy"},"image":{"@id":"https:\/\/greenpoppy.se\/en\/#\/schema\/logo\/image\/"},"sameAs":["https:\/\/www.facebook.com\/profile.php?id=61554367862205","https:\/\/www.instagram.com\/greenpoppy.se\/"]}]}},"_links":{"self":[{"href":"https:\/\/greenpoppy.se\/en\/wp-json\/wp\/v2\/pages\/595","targetHints":{"allow":["GET"]}}],"collection":[{"href":"https:\/\/greenpoppy.se\/en\/wp-json\/wp\/v2\/pages"}],"about":[{"href":"https:\/\/greenpoppy.se\/en\/wp-json\/wp\/v2\/types\/page"}],"author":[{"embeddable":true,"href":"https:\/\/greenpoppy.se\/en\/wp-json\/wp\/v2\/users\/1"}],"replies":[{"embeddable":true,"href":"https:\/\/greenpoppy.se\/en\/wp-json\/wp\/v2\/comments?post=595"}],"version-history":[{"count":2,"href":"https:\/\/greenpoppy.se\/en\/wp-json\/wp\/v2\/pages\/595\/revisions"}],"predecessor-version":[{"id":5299,"href":"https:\/\/greenpoppy.se\/en\/wp-json\/wp\/v2\/pages\/595\/revisions\/5299"}],"wp:attachment":[{"href":"https:\/\/greenpoppy.se\/en\/wp-json\/wp\/v2\/media?parent=595"}],"curies":[{"name":"wp","href":"https:\/\/api.w.org\/{rel}","templated":true}]}}