{"id":1117,"date":"2024-02-01T17:17:35","date_gmt":"2024-02-01T16:17:35","guid":{"rendered":"http:\/\/greenpoppy.se\/?post_type=product&#038;p=1117"},"modified":"2026-01-14T14:50:07","modified_gmt":"2026-01-14T13:50:07","slug":"prova-pa-pocketblojor","status":"publish","type":"product","link":"https:\/\/greenpoppy.se\/en\/product\/prova-pa-pocketblojor\/","title":{"rendered":"Try pocket diapers bundle"},"content":{"rendered":"<p>Here is a great package for those who wish to try pocket diapers! The package includes pocket diapers, inserts, and suitable accessories.<\/p>\n<p>N\u00e4r du k\u00f6per det h\u00e4r paketet sparar du 21% mot att k\u00f6pa alla produkter separat!<\/p>\n<p>Includes:<br \/>\n&#8211; Pocketbl\u00f6jor 5 st<br \/>\n&#8211; L\u00e5ngt inl\u00e4gg i bambu\/bomull, 5 st<br \/>\n&#8211; Hampabooster, 5 st<br \/>\n- Wash cloths, 10 pieces<br \/>\n&#8211; Stora pul-p\u00e5sar, 2 st<br \/>\n&#8211; Sm\u00e5 pul-p\u00e5sar, 2 st<br \/>\n- Bamboo liners, 1 roll<\/p>\n<h3>Inneh\u00e5ll i paketet<\/h3>\n<p><strong>Pocket diapers<\/strong> \u00e4r ett enkelt och komplett system. Bl\u00f6jorna kommer med tv\u00e5 inl\u00e4gg, ett l\u00e4ngre <a href=\"https:\/\/greenpoppy.se\/en\/product\/langt-inlagg-bambu-bomull\/\">inl\u00e4gg i bambu\/bomull<\/a> och en kortare <a href=\"https:\/\/greenpoppy.se\/en\/product\/hampainlagg\/\">hampabooster<\/a>. Green Poppys pocketbl\u00f6jor \u00e4r i One Size, och du justerar storleken med knappar. Utsidan av bl\u00f6jan best\u00e5r av pul. Bl\u00f6jan har enkla benres\u00e5rer. Insidan best\u00e5r av AWJ som \u00e4r ett slags torrskikt som h\u00e5ller barnet sval och torr vid kiss. I bl\u00f6jan finns en ficka, d\u00e4r man l\u00e4gger in inl\u00e4gg. P\u00e5 s\u00e5 vis kan man enkelt justera m\u00e4ngden absorberande material (inl\u00e4gg) efter behov. Efter anv\u00e4ndning tv\u00e4ttar du hela bl\u00f6jan. <a href=\"https:\/\/greenpoppy.se\/en\/product-category\/pocketblojor\/\">Read more about the pocket diapers here<\/a>.<\/p>\n<p><strong>The wash cloths<\/strong> are made of double-layer bamboo terry and measure 20\u00d720 cm. These are really soft and can be used for many different things! They are great for diaper changes, replacing everything you use wet wipes or disposable wash cloths for. These wash cloths can be used over and over again. They can clean dirty hands and mouths, serve as wet wipes during diaper changes, or even help with runny noses. <a href=\"http:\/\/greenpoppy.se\/en\/product\/tvattlappar\/\">Read more about them here<\/a>.<\/p>\n<p><strong>De stora pul-p\u00e5sarna<\/strong> are perfect for storing clean and dirty diapers. The bags consist of two compartments that close with zippers. The bag traps odors but allows air to pass through, making them breathable. The large bags measure 45 x 35 cm and can hold 12-14 pocket diapers with double inserts. <a href=\"http:\/\/greenpoppy.se\/en\/product\/pul-pase-stor-hilmas-hjartekarlek\/\">You can read more about them here<\/a>.<\/p>\n<p><strong>De sm\u00e5 pul-p\u00e5sarna<\/strong> can hold 2 diapers with double inserts and are perfect for when you're on the go. They can also be used for things other than diapers, such as storing washcloths, snappis, or even clean spare clothes for the kids so they don't get lost in the diaper bag. One bag for socks, another for extra mittens, and so on. <a href=\"http:\/\/greenpoppy.se\/en\/product\/liten-pul-pase-hilmas-hjartekarlek\/\">Read more about our small PUL wet bags<\/a>.<\/p>\n<p><strong>The bundle also includes one roll of bamboo liners. <\/strong>Bamboo liners are made of 100% bamboo fiber, biodegradable, and a roll consists of 100 sheets. Bamboo liners are thin disposable inserts that can be placed on top of the diaper to simplify diaper changes. They can also be used if the baby needs ointment to avoid clogging the diapers. Bamboo liners are disposed of in the trash after use and should not be flushed down the toilet. <a href=\"http:\/\/greenpoppy.se\/en\/product\/bambupapper\/\">Read more about bamboo liners here<\/a><\/p>\n<p>N\u00e4r du v\u00e4l har provat p\u00e5 pocketbl\u00f6jor kan vi lova att du kommer bli fast i tygbl\u00f6jor och vill ut\u00f6ka din kollektion &#8211; se g\u00e4rna v\u00e5ra andra <a href=\"https:\/\/greenpoppy.se\/en\/product-category\/paketerbjudanden\/\">package deals<\/a> d\u00e5.<\/p>\n<p>Green Poppy is collaborating with <a href=\"https:\/\/blojupproret.se\">Bl\u00f6jupproret<\/a>.<\/p>","protected":false},"excerpt":{"rendered":"<p>Paketpris! Spara 25% mot att k\u00f6pa alla produkter separat!<\/p>\n<p>H\u00e4r finns paketet f\u00f6r dig som \u00e4r nyfiken p\u00e5 att prova p\u00e5 pocketbl\u00f6jor som system f\u00f6r dina tygbl\u00f6jor. Paketet inneh\u00e5ller allt du beh\u00f6ver f\u00f6r att komma ig\u00e5ng med tygbl\u00f6jor och se om detta \u00e4r den b\u00e4sta matchen f\u00f6r dig och din bebis. L\u00e4s hela produktbeskrivningen l\u00e4ngre ner p\u00e5 sidan.<\/p>","protected":false},"featured_media":5190,"comment_status":"open","ping_status":"closed","template":"","meta":[],"product_brand":[],"product_cat":[129],"product_tag":[],"class_list":{"0":"post-1117","1":"product","2":"type-product","3":"status-publish","4":"has-post-thumbnail","6":"product_cat-paketerbjudanden","8":"first","9":"instock","10":"taxable","11":"shipping-taxable","12":"purchasable","13":"product-type-bundle"},"bundled_by":[],"bundle_stock_status":"insufficientstock","bundle_stock_quantity":0,"bundle_virtual":false,"bundle_layout":"default","bundle_add_to_cart_form_location":"default","bundle_editable_in_cart":false,"bundle_sold_individually_context":"product","bundle_item_grouping":"parent","bundle_min_size":"","bundle_max_size":"","bundle_price":{"price":{"min":{"incl_tax":"1799","excl_tax":"1439.2"},"max":{"incl_tax":"1799","excl_tax":"1439.2"}},"regular_price":{"min":{"incl_tax":"1799","excl_tax":"1439.2"},"max":{"incl_tax":"1799","excl_tax":"1439.2"}}},"bundled_items":[{"bundled_item_id":89,"product_id":3266,"menu_order":0,"quantity_min":1,"quantity_max":1,"quantity_default":1,"priced_individually":false,"shipped_individually":false,"override_title":true,"title":"Pocketbl\u00f6ja 1","override_description":true,"description":"","optional":false,"hide_thumbnail":false,"discount":"","override_variations":false,"allowed_variations":[],"override_default_variation_attributes":false,"default_variation_attributes":[],"single_product_visibility":"visible","cart_visibility":"visible","order_visibility":"visible","single_product_price_visibility":"visible","cart_price_visibility":"visible","order_price_visibility":"visible","stock_status":"in_stock"},{"bundled_item_id":90,"product_id":3266,"menu_order":1,"quantity_min":1,"quantity_max":1,"quantity_default":1,"priced_individually":false,"shipped_individually":false,"override_title":true,"title":"Pocketbl\u00f6ja 2","override_description":true,"description":"","optional":false,"hide_thumbnail":false,"discount":"","override_variations":false,"allowed_variations":[],"override_default_variation_attributes":false,"default_variation_attributes":[],"single_product_visibility":"visible","cart_visibility":"visible","order_visibility":"visible","single_product_price_visibility":"visible","cart_price_visibility":"visible","order_price_visibility":"visible","stock_status":"in_stock"},{"bundled_item_id":91,"product_id":3266,"menu_order":2,"quantity_min":1,"quantity_max":1,"quantity_default":1,"priced_individually":false,"shipped_individually":false,"override_title":true,"title":"Pocketbl\u00f6ja 3","override_description":true,"description":"","optional":false,"hide_thumbnail":false,"discount":"","override_variations":false,"allowed_variations":[],"override_default_variation_attributes":false,"default_variation_attributes":[],"single_product_visibility":"visible","cart_visibility":"visible","order_visibility":"visible","single_product_price_visibility":"visible","cart_price_visibility":"visible","order_price_visibility":"visible","stock_status":"in_stock"},{"bundled_item_id":92,"product_id":3266,"menu_order":3,"quantity_min":1,"quantity_max":1,"quantity_default":1,"priced_individually":false,"shipped_individually":false,"override_title":true,"title":"Pocketbl\u00f6ja 4","override_description":true,"description":"","optional":false,"hide_thumbnail":false,"discount":"","override_variations":false,"allowed_variations":[],"override_default_variation_attributes":false,"default_variation_attributes":[],"single_product_visibility":"visible","cart_visibility":"visible","order_visibility":"visible","single_product_price_visibility":"visible","cart_price_visibility":"visible","order_price_visibility":"visible","stock_status":"in_stock"},{"bundled_item_id":93,"product_id":3266,"menu_order":4,"quantity_min":1,"quantity_max":1,"quantity_default":1,"priced_individually":false,"shipped_individually":false,"override_title":true,"title":"Pocketbl\u00f6ja 5","override_description":true,"description":"","optional":false,"hide_thumbnail":false,"discount":"","override_variations":false,"allowed_variations":[],"override_default_variation_attributes":false,"default_variation_attributes":[],"single_product_visibility":"visible","cart_visibility":"visible","order_visibility":"visible","single_product_price_visibility":"visible","cart_price_visibility":"visible","order_price_visibility":"visible","stock_status":"in_stock"},{"bundled_item_id":279,"product_id":817,"menu_order":5,"quantity_min":5,"quantity_max":5,"quantity_default":5,"priced_individually":false,"shipped_individually":false,"override_title":false,"title":"Long bamboo\/cotton insert","override_description":true,"description":"","optional":false,"hide_thumbnail":false,"discount":"","override_variations":false,"allowed_variations":[],"override_default_variation_attributes":false,"default_variation_attributes":[],"single_product_visibility":"visible","cart_visibility":"visible","order_visibility":"visible","single_product_price_visibility":"visible","cart_price_visibility":"visible","order_price_visibility":"visible","stock_status":"out_of_stock"},{"bundled_item_id":280,"product_id":829,"menu_order":6,"quantity_min":5,"quantity_max":5,"quantity_default":5,"priced_individually":false,"shipped_individually":false,"override_title":false,"title":"Hemp booster","override_description":true,"description":"","optional":false,"hide_thumbnail":false,"discount":"","override_variations":false,"allowed_variations":[],"override_default_variation_attributes":false,"default_variation_attributes":[],"single_product_visibility":"visible","cart_visibility":"visible","order_visibility":"visible","single_product_price_visibility":"visible","cart_price_visibility":"visible","order_price_visibility":"visible","stock_status":"in_stock"},{"bundled_item_id":96,"product_id":831,"menu_order":7,"quantity_min":10,"quantity_max":10,"quantity_default":10,"priced_individually":false,"shipped_individually":false,"override_title":false,"title":"Round bamboo terry wipes","override_description":true,"description":"","optional":false,"hide_thumbnail":false,"discount":"","override_variations":false,"allowed_variations":[],"override_default_variation_attributes":false,"default_variation_attributes":[],"single_product_visibility":"visible","cart_visibility":"visible","order_visibility":"visible","single_product_price_visibility":"visible","cart_price_visibility":"visible","order_price_visibility":"visible","stock_status":"in_stock"},{"bundled_item_id":97,"product_id":3402,"menu_order":8,"quantity_min":1,"quantity_max":1,"quantity_default":1,"priced_individually":false,"shipped_individually":false,"override_title":true,"title":"Stor pul-p\u00e5se 1","override_description":true,"description":"","optional":false,"hide_thumbnail":false,"discount":"","override_variations":false,"allowed_variations":[],"override_default_variation_attributes":false,"default_variation_attributes":[],"single_product_visibility":"visible","cart_visibility":"visible","order_visibility":"visible","single_product_price_visibility":"visible","cart_price_visibility":"visible","order_price_visibility":"visible","stock_status":"in_stock"},{"bundled_item_id":98,"product_id":3402,"menu_order":9,"quantity_min":1,"quantity_max":1,"quantity_default":1,"priced_individually":false,"shipped_individually":false,"override_title":true,"title":"Stor pul-p\u00e5se 2","override_description":true,"description":"","optional":false,"hide_thumbnail":false,"discount":"","override_variations":false,"allowed_variations":[],"override_default_variation_attributes":false,"default_variation_attributes":[],"single_product_visibility":"visible","cart_visibility":"visible","order_visibility":"visible","single_product_price_visibility":"visible","cart_price_visibility":"visible","order_price_visibility":"visible","stock_status":"in_stock"},{"bundled_item_id":99,"product_id":3340,"menu_order":10,"quantity_min":1,"quantity_max":1,"quantity_default":1,"priced_individually":false,"shipped_individually":false,"override_title":true,"title":"Liten pul-p\u00e5se 1","override_description":true,"description":"","optional":false,"hide_thumbnail":false,"discount":"","override_variations":false,"allowed_variations":[],"override_default_variation_attributes":false,"default_variation_attributes":[],"single_product_visibility":"visible","cart_visibility":"visible","order_visibility":"visible","single_product_price_visibility":"visible","cart_price_visibility":"visible","order_price_visibility":"visible","stock_status":"in_stock"},{"bundled_item_id":100,"product_id":3340,"menu_order":11,"quantity_min":1,"quantity_max":1,"quantity_default":1,"priced_individually":false,"shipped_individually":false,"override_title":true,"title":"Liten pul-p\u00e5se 2","override_description":true,"description":"","optional":false,"hide_thumbnail":false,"discount":"","override_variations":false,"allowed_variations":[],"override_default_variation_attributes":false,"default_variation_attributes":[],"single_product_visibility":"visible","cart_visibility":"visible","order_visibility":"visible","single_product_price_visibility":"visible","cart_price_visibility":"visible","order_price_visibility":"visible","stock_status":"in_stock"},{"bundled_item_id":101,"product_id":1500,"menu_order":12,"quantity_min":1,"quantity_max":1,"quantity_default":1,"priced_individually":false,"shipped_individually":false,"override_title":false,"title":"Bamboo liner","override_description":true,"description":"","optional":false,"hide_thumbnail":false,"discount":"","override_variations":false,"allowed_variations":[],"override_default_variation_attributes":false,"default_variation_attributes":[],"single_product_visibility":"visible","cart_visibility":"visible","order_visibility":"visible","single_product_price_visibility":"visible","cart_price_visibility":"visible","order_price_visibility":"visible","stock_status":"in_stock"}],"bundle_sell_ids":[],"yoast_head":"<!-- This site is optimized with the Yoast SEO plugin v27.5 - https:\/\/yoast.com\/product\/yoast-seo-wordpress\/ -->\n<title>Prova p\u00e5 pocketbl\u00f6jor - Green Poppy<\/title>\n<meta name=\"description\" content=\"Uppt\u00e4ck v\u00e5rt paket f\u00f6r att prova p\u00e5 pocketbl\u00f6jor! Inneh\u00e5ller pocketbl\u00f6jor, tv\u00e4ttlappar, stora och sm\u00e5 PUL-p\u00e5sar, samt bambupapper.\" \/>\n<meta name=\"robots\" content=\"index, follow, max-snippet:-1, max-image-preview:large, max-video-preview:-1\" \/>\n<link rel=\"canonical\" href=\"https:\/\/greenpoppy.se\/en\/product\/prova-pa-pocketblojor\/\" \/>\n<meta property=\"og:locale\" content=\"en_GB\" \/>\n<meta property=\"og:type\" content=\"article\" \/>\n<meta property=\"og:title\" content=\"Prova p\u00e5 pocketbl\u00f6jor - Green Poppy\" \/>\n<meta property=\"og:description\" content=\"Uppt\u00e4ck v\u00e5rt paket f\u00f6r att prova p\u00e5 pocketbl\u00f6jor! Inneh\u00e5ller pocketbl\u00f6jor, tv\u00e4ttlappar, stora och sm\u00e5 PUL-p\u00e5sar, samt bambupapper.\" \/>\n<meta property=\"og:url\" content=\"https:\/\/greenpoppy.se\/en\/product\/prova-pa-pocketblojor\/\" \/>\n<meta property=\"og:site_name\" content=\"Green Poppy\" \/>\n<meta property=\"article:publisher\" content=\"https:\/\/www.facebook.com\/profile.php?id=61554367862205\" \/>\n<meta property=\"article:modified_time\" content=\"2026-01-14T13:50:07+00:00\" \/>\n<meta property=\"og:image\" content=\"https:\/\/greenpoppy.se\/wp-content\/uploads\/2024\/01\/3.png\" \/>\n\t<meta property=\"og:image:width\" content=\"1080\" \/>\n\t<meta property=\"og:image:height\" content=\"1080\" \/>\n\t<meta property=\"og:image:type\" content=\"image\/png\" \/>\n<meta name=\"twitter:card\" content=\"summary_large_image\" \/>\n<meta name=\"twitter:label1\" content=\"Estimated reading time\" \/>\n\t<meta name=\"twitter:data1\" content=\"3 minutes\" \/>\n<script type=\"application\/ld+json\" class=\"yoast-schema-graph\">{\"@context\":\"https:\\\/\\\/schema.org\",\"@graph\":[{\"@type\":\"WebPage\",\"@id\":\"https:\\\/\\\/greenpoppy.se\\\/produkt\\\/prova-pa-pocketblojor\\\/\",\"url\":\"https:\\\/\\\/greenpoppy.se\\\/produkt\\\/prova-pa-pocketblojor\\\/\",\"name\":\"Prova p\u00e5 pocketbl\u00f6jor - Green Poppy\",\"isPartOf\":{\"@id\":\"https:\\\/\\\/greenpoppy.se\\\/en\\\/#website\"},\"primaryImageOfPage\":{\"@id\":\"https:\\\/\\\/greenpoppy.se\\\/produkt\\\/prova-pa-pocketblojor\\\/#primaryimage\"},\"image\":{\"@id\":\"https:\\\/\\\/greenpoppy.se\\\/produkt\\\/prova-pa-pocketblojor\\\/#primaryimage\"},\"thumbnailUrl\":\"https:\\\/\\\/greenpoppy.se\\\/wp-content\\\/uploads\\\/2024\\\/01\\\/3.png\",\"datePublished\":\"2024-02-01T16:17:35+00:00\",\"dateModified\":\"2026-01-14T13:50:07+00:00\",\"description\":\"Uppt\u00e4ck v\u00e5rt paket f\u00f6r att prova p\u00e5 pocketbl\u00f6jor! Inneh\u00e5ller pocketbl\u00f6jor, tv\u00e4ttlappar, stora och sm\u00e5 PUL-p\u00e5sar, samt bambupapper.\",\"breadcrumb\":{\"@id\":\"https:\\\/\\\/greenpoppy.se\\\/produkt\\\/prova-pa-pocketblojor\\\/#breadcrumb\"},\"inLanguage\":\"en-GB\",\"potentialAction\":[{\"@type\":\"ReadAction\",\"target\":[\"https:\\\/\\\/greenpoppy.se\\\/produkt\\\/prova-pa-pocketblojor\\\/\"]}]},{\"@type\":\"ImageObject\",\"inLanguage\":\"en-GB\",\"@id\":\"https:\\\/\\\/greenpoppy.se\\\/produkt\\\/prova-pa-pocketblojor\\\/#primaryimage\",\"url\":\"https:\\\/\\\/greenpoppy.se\\\/wp-content\\\/uploads\\\/2024\\\/01\\\/3.png\",\"contentUrl\":\"https:\\\/\\\/greenpoppy.se\\\/wp-content\\\/uploads\\\/2024\\\/01\\\/3.png\",\"width\":1080,\"height\":1080,\"caption\":\"paket pocket bl\u00f6jor tygbl\u00f6ja tygbl\u00f6jor startpaket inl\u00e4gg torrskikt nyf\u00f6dd spara pengar\"},{\"@type\":\"BreadcrumbList\",\"@id\":\"https:\\\/\\\/greenpoppy.se\\\/produkt\\\/prova-pa-pocketblojor\\\/#breadcrumb\",\"itemListElement\":[{\"@type\":\"ListItem\",\"position\":1,\"name\":\"Hem\",\"item\":\"https:\\\/\\\/greenpoppy.se\\\/\"},{\"@type\":\"ListItem\",\"position\":2,\"name\":\"Butik\",\"item\":\"https:\\\/\\\/greenpoppy.se\\\/butik\\\/\"},{\"@type\":\"ListItem\",\"position\":3,\"name\":\"Prova p\u00e5 pocketbl\u00f6jor\"}]},{\"@type\":\"WebSite\",\"@id\":\"https:\\\/\\\/greenpoppy.se\\\/en\\\/#website\",\"url\":\"https:\\\/\\\/greenpoppy.se\\\/en\\\/\",\"name\":\"Green Poppy\",\"description\":\"H\u00e5llbara och \u00e5teranv\u00e4ndbara tygbl\u00f6jor\",\"publisher\":{\"@id\":\"https:\\\/\\\/greenpoppy.se\\\/en\\\/#organization\"},\"potentialAction\":[{\"@type\":\"SearchAction\",\"target\":{\"@type\":\"EntryPoint\",\"urlTemplate\":\"https:\\\/\\\/greenpoppy.se\\\/en\\\/?s={search_term_string}\"},\"query-input\":{\"@type\":\"PropertyValueSpecification\",\"valueRequired\":true,\"valueName\":\"search_term_string\"}}],\"inLanguage\":\"en-GB\"},{\"@type\":\"Organization\",\"@id\":\"https:\\\/\\\/greenpoppy.se\\\/en\\\/#organization\",\"name\":\"Green Poppy\",\"url\":\"https:\\\/\\\/greenpoppy.se\\\/en\\\/\",\"logo\":{\"@type\":\"ImageObject\",\"inLanguage\":\"en-GB\",\"@id\":\"https:\\\/\\\/greenpoppy.se\\\/en\\\/#\\\/schema\\\/logo\\\/image\\\/\",\"url\":\"https:\\\/\\\/greenpoppy.se\\\/wp-content\\\/uploads\\\/2025\\\/01\\\/Logga_Officiell.svg\",\"contentUrl\":\"https:\\\/\\\/greenpoppy.se\\\/wp-content\\\/uploads\\\/2025\\\/01\\\/Logga_Officiell.svg\",\"width\":1,\"height\":1,\"caption\":\"Green Poppy\"},\"image\":{\"@id\":\"https:\\\/\\\/greenpoppy.se\\\/en\\\/#\\\/schema\\\/logo\\\/image\\\/\"},\"sameAs\":[\"https:\\\/\\\/www.facebook.com\\\/profile.php?id=61554367862205\",\"https:\\\/\\\/www.instagram.com\\\/greenpoppy.se\\\/\"]}]}<\/script>\n<!-- \/ Yoast SEO plugin. -->","yoast_head_json":{"title":"Prova p\u00e5 pocketbl\u00f6jor - Green Poppy","description":"Uppt\u00e4ck v\u00e5rt paket f\u00f6r att prova p\u00e5 pocketbl\u00f6jor! Inneh\u00e5ller pocketbl\u00f6jor, tv\u00e4ttlappar, stora och sm\u00e5 PUL-p\u00e5sar, samt bambupapper.","robots":{"index":"index","follow":"follow","max-snippet":"max-snippet:-1","max-image-preview":"max-image-preview:large","max-video-preview":"max-video-preview:-1"},"canonical":"https:\/\/greenpoppy.se\/en\/product\/prova-pa-pocketblojor\/","og_locale":"en_GB","og_type":"article","og_title":"Prova p\u00e5 pocketbl\u00f6jor - Green Poppy","og_description":"Uppt\u00e4ck v\u00e5rt paket f\u00f6r att prova p\u00e5 pocketbl\u00f6jor! Inneh\u00e5ller pocketbl\u00f6jor, tv\u00e4ttlappar, stora och sm\u00e5 PUL-p\u00e5sar, samt bambupapper.","og_url":"https:\/\/greenpoppy.se\/en\/product\/prova-pa-pocketblojor\/","og_site_name":"Green Poppy","article_publisher":"https:\/\/www.facebook.com\/profile.php?id=61554367862205","article_modified_time":"2026-01-14T13:50:07+00:00","og_image":[{"width":1080,"height":1080,"url":"https:\/\/greenpoppy.se\/wp-content\/uploads\/2024\/01\/3.png","type":"image\/png"}],"twitter_card":"summary_large_image","twitter_misc":{"Estimated reading time":"3 minutes"},"schema":{"@context":"https:\/\/schema.org","@graph":[{"@type":"WebPage","@id":"https:\/\/greenpoppy.se\/produkt\/prova-pa-pocketblojor\/","url":"https:\/\/greenpoppy.se\/produkt\/prova-pa-pocketblojor\/","name":"Prova p\u00e5 pocketbl\u00f6jor - Green Poppy","isPartOf":{"@id":"https:\/\/greenpoppy.se\/en\/#website"},"primaryImageOfPage":{"@id":"https:\/\/greenpoppy.se\/produkt\/prova-pa-pocketblojor\/#primaryimage"},"image":{"@id":"https:\/\/greenpoppy.se\/produkt\/prova-pa-pocketblojor\/#primaryimage"},"thumbnailUrl":"https:\/\/greenpoppy.se\/wp-content\/uploads\/2024\/01\/3.png","datePublished":"2024-02-01T16:17:35+00:00","dateModified":"2026-01-14T13:50:07+00:00","description":"Uppt\u00e4ck v\u00e5rt paket f\u00f6r att prova p\u00e5 pocketbl\u00f6jor! Inneh\u00e5ller pocketbl\u00f6jor, tv\u00e4ttlappar, stora och sm\u00e5 PUL-p\u00e5sar, samt bambupapper.","breadcrumb":{"@id":"https:\/\/greenpoppy.se\/produkt\/prova-pa-pocketblojor\/#breadcrumb"},"inLanguage":"en-GB","potentialAction":[{"@type":"ReadAction","target":["https:\/\/greenpoppy.se\/produkt\/prova-pa-pocketblojor\/"]}]},{"@type":"ImageObject","inLanguage":"en-GB","@id":"https:\/\/greenpoppy.se\/produkt\/prova-pa-pocketblojor\/#primaryimage","url":"https:\/\/greenpoppy.se\/wp-content\/uploads\/2024\/01\/3.png","contentUrl":"https:\/\/greenpoppy.se\/wp-content\/uploads\/2024\/01\/3.png","width":1080,"height":1080,"caption":"paket pocket bl\u00f6jor tygbl\u00f6ja tygbl\u00f6jor startpaket inl\u00e4gg torrskikt nyf\u00f6dd spara pengar"},{"@type":"BreadcrumbList","@id":"https:\/\/greenpoppy.se\/produkt\/prova-pa-pocketblojor\/#breadcrumb","itemListElement":[{"@type":"ListItem","position":1,"name":"Hem","item":"https:\/\/greenpoppy.se\/"},{"@type":"ListItem","position":2,"name":"Butik","item":"https:\/\/greenpoppy.se\/butik\/"},{"@type":"ListItem","position":3,"name":"Prova p\u00e5 pocketbl\u00f6jor"}]},{"@type":"WebSite","@id":"https:\/\/greenpoppy.se\/en\/#website","url":"https:\/\/greenpoppy.se\/en\/","name":"Green Poppy","description":"H\u00e5llbara och \u00e5teranv\u00e4ndbara tygbl\u00f6jor","publisher":{"@id":"https:\/\/greenpoppy.se\/en\/#organization"},"potentialAction":[{"@type":"SearchAction","target":{"@type":"EntryPoint","urlTemplate":"https:\/\/greenpoppy.se\/en\/?s={search_term_string}"},"query-input":{"@type":"PropertyValueSpecification","valueRequired":true,"valueName":"search_term_string"}}],"inLanguage":"en-GB"},{"@type":"Organization","@id":"https:\/\/greenpoppy.se\/en\/#organization","name":"Green Poppy","url":"https:\/\/greenpoppy.se\/en\/","logo":{"@type":"ImageObject","inLanguage":"en-GB","@id":"https:\/\/greenpoppy.se\/en\/#\/schema\/logo\/image\/","url":"https:\/\/greenpoppy.se\/wp-content\/uploads\/2025\/01\/Logga_Officiell.svg","contentUrl":"https:\/\/greenpoppy.se\/wp-content\/uploads\/2025\/01\/Logga_Officiell.svg","width":1,"height":1,"caption":"Green Poppy"},"image":{"@id":"https:\/\/greenpoppy.se\/en\/#\/schema\/logo\/image\/"},"sameAs":["https:\/\/www.facebook.com\/profile.php?id=61554367862205","https:\/\/www.instagram.com\/greenpoppy.se\/"]}]}},"_links":{"self":[{"href":"https:\/\/greenpoppy.se\/en\/wp-json\/wp\/v2\/product\/1117","targetHints":{"allow":["GET"]}}],"collection":[{"href":"https:\/\/greenpoppy.se\/en\/wp-json\/wp\/v2\/product"}],"about":[{"href":"https:\/\/greenpoppy.se\/en\/wp-json\/wp\/v2\/types\/product"}],"replies":[{"embeddable":true,"href":"https:\/\/greenpoppy.se\/en\/wp-json\/wp\/v2\/comments?post=1117"}],"wp:featuredmedia":[{"embeddable":true,"href":"https:\/\/greenpoppy.se\/en\/wp-json\/wp\/v2\/media\/5190"}],"wp:attachment":[{"href":"https:\/\/greenpoppy.se\/en\/wp-json\/wp\/v2\/media?parent=1117"}],"wp:term":[{"taxonomy":"product_brand","embeddable":true,"href":"https:\/\/greenpoppy.se\/en\/wp-json\/wp\/v2\/product_brand?post=1117"},{"taxonomy":"product_cat","embeddable":true,"href":"https:\/\/greenpoppy.se\/en\/wp-json\/wp\/v2\/product_cat?post=1117"},{"taxonomy":"product_tag","embeddable":true,"href":"https:\/\/greenpoppy.se\/en\/wp-json\/wp\/v2\/product_tag?post=1117"}],"curies":[{"name":"wp","href":"https:\/\/api.w.org\/{rel}","templated":true}]}}