{"id":1505,"date":"2024-04-10T21:29:07","date_gmt":"2024-04-10T19:29:07","guid":{"rendered":"http:\/\/greenpoppy.se\/?post_type=product&#038;p=1505"},"modified":"2026-03-02T23:50:10","modified_gmt":"2026-03-02T22:50:10","slug":"torrskikt-mikrofleece","status":"publish","type":"product","link":"https:\/\/greenpoppy.se\/en\/product\/torrskikt-mikrofleece\/","title":{"rendered":"Stay dry liner micro fleece"},"content":{"rendered":"<p><strong>Our liners come in two different variants<\/strong>, either AWJ (Athletic Wicking Jersey) or microfleece. Both are single-layered and very thin. Liners help to transport liquid and moisture down to the next layer (inserts) and keep the baby dry. Liners do not have absorbent capabilities and are not sufficient to use as the sole insert in a diaper.<\/p>\n<h3>Stay dry liner micro fleece<\/h3>\n<p>Microfleece liners resemble a fleece blanket and have excellent moisture-wicking properties. Fleece absorbs almost no liquid at all. Microfleece may feel warmer than AWJ.<\/p>\n<p>The liners are used once and placed in the laundry basket during diaper changes. If the baby has pooped in the diaper, the liner can be lifted out of the diaper loosely to remove the poo more easily.<\/p>\n<p>Green Poppy's liners are a perfect complement to our <a href=\"http:\/\/greenpoppy.se\/en\/product-category\/pul-skal\/\">PUL diaper covers<\/a> with inserts. The liner can also be inserted into a <a href=\"http:\/\/greenpoppy.se\/en\/product-category\/vikblojor\/\">flat diaper<\/a>. It is particularly useful for nighttime use when the baby wears a diaper for longer hours!<\/p>\n<p>The liners are made of 100% polyester.<\/p>\n<h3>Material och storlek:<\/h3>\n<ul>\n<li>Material: 100% polyester<\/li>\n<li>Antal lager: 1 lager<\/li>\n<li>M\u00e5tt: 29 x 11 cm<\/li>\n<\/ul>\n<p>S\u00e4ljs styckvis.<\/p>","protected":false},"excerpt":{"rendered":"<p>Ett torrskikt i mikrofleece som h\u00e5ller barnet torr vid kiss, m\u00e4ter 29 x 11 cm.<\/p>","protected":false},"featured_media":6426,"comment_status":"open","ping_status":"closed","template":"","meta":[],"product_brand":[],"product_cat":[103],"product_tag":[],"class_list":{"0":"post-1505","1":"product","2":"type-product","3":"status-publish","4":"has-post-thumbnail","6":"product_cat-inlagg-och-tvattlappar","8":"first","9":"instock","10":"taxable","11":"shipping-taxable","12":"purchasable","13":"product-type-simple"},"bundled_by":[],"bundle_stock_status":"instock","bundle_stock_quantity":160,"bundle_virtual":false,"bundle_layout":"","bundle_add_to_cart_form_location":"","bundle_editable_in_cart":false,"bundle_sold_individually_context":"","bundle_item_grouping":"","bundle_min_size":"","bundle_max_size":"","bundle_price":[],"bundled_items":[],"bundle_sell_ids":[],"yoast_head":"<!-- This site is optimized with the Yoast SEO plugin v27.5 - https:\/\/yoast.com\/product\/yoast-seo-wordpress\/ -->\n<title>Torrskikt Mikrofleece - Green Poppy<\/title>\n<meta name=\"description\" content=\"V\u00e5ra tunna och effektiva torrskikt i mikrofleece h\u00e5ller barnet torrt genom att transportera v\u00e4tska. Idealiska som till\u00e4gg i tygbl\u00f6jor!\" \/>\n<meta name=\"robots\" content=\"index, follow, max-snippet:-1, max-image-preview:large, max-video-preview:-1\" \/>\n<link rel=\"canonical\" href=\"https:\/\/greenpoppy.se\/en\/product\/torrskikt-mikrofleece\/\" \/>\n<meta property=\"og:locale\" content=\"en_GB\" \/>\n<meta property=\"og:type\" content=\"article\" \/>\n<meta property=\"og:title\" content=\"Torrskikt Mikrofleece - Green Poppy\" \/>\n<meta property=\"og:description\" content=\"V\u00e5ra tunna och effektiva torrskikt i mikrofleece h\u00e5ller barnet torrt genom att transportera v\u00e4tska. Idealiska som till\u00e4gg i tygbl\u00f6jor!\" \/>\n<meta property=\"og:url\" content=\"https:\/\/greenpoppy.se\/en\/product\/torrskikt-mikrofleece\/\" \/>\n<meta property=\"og:site_name\" content=\"Green Poppy\" \/>\n<meta property=\"article:publisher\" content=\"https:\/\/www.facebook.com\/profile.php?id=61554367862205\" \/>\n<meta property=\"article:modified_time\" content=\"2026-03-02T22:50:10+00:00\" \/>\n<meta property=\"og:image\" content=\"https:\/\/greenpoppy.se\/wp-content\/uploads\/2024\/04\/torrskikt-tygblojor.png\" \/>\n\t<meta property=\"og:image:width\" content=\"1500\" \/>\n\t<meta property=\"og:image:height\" content=\"1500\" \/>\n\t<meta property=\"og:image:type\" content=\"image\/png\" \/>\n<meta name=\"twitter:card\" content=\"summary_large_image\" \/>\n<meta name=\"twitter:label1\" content=\"Estimated reading time\" \/>\n\t<meta name=\"twitter:data1\" content=\"2 minutes\" \/>\n<script type=\"application\/ld+json\" class=\"yoast-schema-graph\">{\"@context\":\"https:\\\/\\\/schema.org\",\"@graph\":[{\"@type\":\"WebPage\",\"@id\":\"https:\\\/\\\/greenpoppy.se\\\/produkt\\\/torrskikt-mikrofleece\\\/\",\"url\":\"https:\\\/\\\/greenpoppy.se\\\/produkt\\\/torrskikt-mikrofleece\\\/\",\"name\":\"Torrskikt Mikrofleece - Green Poppy\",\"isPartOf\":{\"@id\":\"https:\\\/\\\/greenpoppy.se\\\/en\\\/#website\"},\"primaryImageOfPage\":{\"@id\":\"https:\\\/\\\/greenpoppy.se\\\/produkt\\\/torrskikt-mikrofleece\\\/#primaryimage\"},\"image\":{\"@id\":\"https:\\\/\\\/greenpoppy.se\\\/produkt\\\/torrskikt-mikrofleece\\\/#primaryimage\"},\"thumbnailUrl\":\"https:\\\/\\\/greenpoppy.se\\\/wp-content\\\/uploads\\\/2024\\\/04\\\/torrskikt-tygblojor.png\",\"datePublished\":\"2024-04-10T19:29:07+00:00\",\"dateModified\":\"2026-03-02T22:50:10+00:00\",\"description\":\"V\u00e5ra tunna och effektiva torrskikt i mikrofleece h\u00e5ller barnet torrt genom att transportera v\u00e4tska. Idealiska som till\u00e4gg i tygbl\u00f6jor!\",\"breadcrumb\":{\"@id\":\"https:\\\/\\\/greenpoppy.se\\\/produkt\\\/torrskikt-mikrofleece\\\/#breadcrumb\"},\"inLanguage\":\"en-GB\",\"potentialAction\":[{\"@type\":\"ReadAction\",\"target\":[\"https:\\\/\\\/greenpoppy.se\\\/produkt\\\/torrskikt-mikrofleece\\\/\"]}]},{\"@type\":\"ImageObject\",\"inLanguage\":\"en-GB\",\"@id\":\"https:\\\/\\\/greenpoppy.se\\\/produkt\\\/torrskikt-mikrofleece\\\/#primaryimage\",\"url\":\"https:\\\/\\\/greenpoppy.se\\\/wp-content\\\/uploads\\\/2024\\\/04\\\/torrskikt-tygblojor.png\",\"contentUrl\":\"https:\\\/\\\/greenpoppy.se\\\/wp-content\\\/uploads\\\/2024\\\/04\\\/torrskikt-tygblojor.png\",\"width\":1500,\"height\":1500,\"caption\":\"tre torrskikt i fleece\"},{\"@type\":\"BreadcrumbList\",\"@id\":\"https:\\\/\\\/greenpoppy.se\\\/produkt\\\/torrskikt-mikrofleece\\\/#breadcrumb\",\"itemListElement\":[{\"@type\":\"ListItem\",\"position\":1,\"name\":\"Hem\",\"item\":\"https:\\\/\\\/greenpoppy.se\\\/\"},{\"@type\":\"ListItem\",\"position\":2,\"name\":\"Butik\",\"item\":\"https:\\\/\\\/greenpoppy.se\\\/butik\\\/\"},{\"@type\":\"ListItem\",\"position\":3,\"name\":\"Torrskikt Mikrofleece\"}]},{\"@type\":\"WebSite\",\"@id\":\"https:\\\/\\\/greenpoppy.se\\\/en\\\/#website\",\"url\":\"https:\\\/\\\/greenpoppy.se\\\/en\\\/\",\"name\":\"Green Poppy\",\"description\":\"H\u00e5llbara och \u00e5teranv\u00e4ndbara tygbl\u00f6jor\",\"publisher\":{\"@id\":\"https:\\\/\\\/greenpoppy.se\\\/en\\\/#organization\"},\"potentialAction\":[{\"@type\":\"SearchAction\",\"target\":{\"@type\":\"EntryPoint\",\"urlTemplate\":\"https:\\\/\\\/greenpoppy.se\\\/en\\\/?s={search_term_string}\"},\"query-input\":{\"@type\":\"PropertyValueSpecification\",\"valueRequired\":true,\"valueName\":\"search_term_string\"}}],\"inLanguage\":\"en-GB\"},{\"@type\":\"Organization\",\"@id\":\"https:\\\/\\\/greenpoppy.se\\\/en\\\/#organization\",\"name\":\"Green Poppy\",\"url\":\"https:\\\/\\\/greenpoppy.se\\\/en\\\/\",\"logo\":{\"@type\":\"ImageObject\",\"inLanguage\":\"en-GB\",\"@id\":\"https:\\\/\\\/greenpoppy.se\\\/en\\\/#\\\/schema\\\/logo\\\/image\\\/\",\"url\":\"https:\\\/\\\/greenpoppy.se\\\/wp-content\\\/uploads\\\/2025\\\/01\\\/Logga_Officiell.svg\",\"contentUrl\":\"https:\\\/\\\/greenpoppy.se\\\/wp-content\\\/uploads\\\/2025\\\/01\\\/Logga_Officiell.svg\",\"width\":1,\"height\":1,\"caption\":\"Green Poppy\"},\"image\":{\"@id\":\"https:\\\/\\\/greenpoppy.se\\\/en\\\/#\\\/schema\\\/logo\\\/image\\\/\"},\"sameAs\":[\"https:\\\/\\\/www.facebook.com\\\/profile.php?id=61554367862205\",\"https:\\\/\\\/www.instagram.com\\\/greenpoppy.se\\\/\"]}]}<\/script>\n<!-- \/ Yoast SEO plugin. -->","yoast_head_json":{"title":"Torrskikt Mikrofleece - Green Poppy","description":"V\u00e5ra tunna och effektiva torrskikt i mikrofleece h\u00e5ller barnet torrt genom att transportera v\u00e4tska. Idealiska som till\u00e4gg i tygbl\u00f6jor!","robots":{"index":"index","follow":"follow","max-snippet":"max-snippet:-1","max-image-preview":"max-image-preview:large","max-video-preview":"max-video-preview:-1"},"canonical":"https:\/\/greenpoppy.se\/en\/product\/torrskikt-mikrofleece\/","og_locale":"en_GB","og_type":"article","og_title":"Torrskikt Mikrofleece - Green Poppy","og_description":"V\u00e5ra tunna och effektiva torrskikt i mikrofleece h\u00e5ller barnet torrt genom att transportera v\u00e4tska. Idealiska som till\u00e4gg i tygbl\u00f6jor!","og_url":"https:\/\/greenpoppy.se\/en\/product\/torrskikt-mikrofleece\/","og_site_name":"Green Poppy","article_publisher":"https:\/\/www.facebook.com\/profile.php?id=61554367862205","article_modified_time":"2026-03-02T22:50:10+00:00","og_image":[{"width":1500,"height":1500,"url":"https:\/\/greenpoppy.se\/wp-content\/uploads\/2024\/04\/torrskikt-tygblojor.png","type":"image\/png"}],"twitter_card":"summary_large_image","twitter_misc":{"Estimated reading time":"2 minutes"},"schema":{"@context":"https:\/\/schema.org","@graph":[{"@type":"WebPage","@id":"https:\/\/greenpoppy.se\/produkt\/torrskikt-mikrofleece\/","url":"https:\/\/greenpoppy.se\/produkt\/torrskikt-mikrofleece\/","name":"Torrskikt Mikrofleece - Green Poppy","isPartOf":{"@id":"https:\/\/greenpoppy.se\/en\/#website"},"primaryImageOfPage":{"@id":"https:\/\/greenpoppy.se\/produkt\/torrskikt-mikrofleece\/#primaryimage"},"image":{"@id":"https:\/\/greenpoppy.se\/produkt\/torrskikt-mikrofleece\/#primaryimage"},"thumbnailUrl":"https:\/\/greenpoppy.se\/wp-content\/uploads\/2024\/04\/torrskikt-tygblojor.png","datePublished":"2024-04-10T19:29:07+00:00","dateModified":"2026-03-02T22:50:10+00:00","description":"V\u00e5ra tunna och effektiva torrskikt i mikrofleece h\u00e5ller barnet torrt genom att transportera v\u00e4tska. Idealiska som till\u00e4gg i tygbl\u00f6jor!","breadcrumb":{"@id":"https:\/\/greenpoppy.se\/produkt\/torrskikt-mikrofleece\/#breadcrumb"},"inLanguage":"en-GB","potentialAction":[{"@type":"ReadAction","target":["https:\/\/greenpoppy.se\/produkt\/torrskikt-mikrofleece\/"]}]},{"@type":"ImageObject","inLanguage":"en-GB","@id":"https:\/\/greenpoppy.se\/produkt\/torrskikt-mikrofleece\/#primaryimage","url":"https:\/\/greenpoppy.se\/wp-content\/uploads\/2024\/04\/torrskikt-tygblojor.png","contentUrl":"https:\/\/greenpoppy.se\/wp-content\/uploads\/2024\/04\/torrskikt-tygblojor.png","width":1500,"height":1500,"caption":"tre torrskikt i fleece"},{"@type":"BreadcrumbList","@id":"https:\/\/greenpoppy.se\/produkt\/torrskikt-mikrofleece\/#breadcrumb","itemListElement":[{"@type":"ListItem","position":1,"name":"Hem","item":"https:\/\/greenpoppy.se\/"},{"@type":"ListItem","position":2,"name":"Butik","item":"https:\/\/greenpoppy.se\/butik\/"},{"@type":"ListItem","position":3,"name":"Torrskikt Mikrofleece"}]},{"@type":"WebSite","@id":"https:\/\/greenpoppy.se\/en\/#website","url":"https:\/\/greenpoppy.se\/en\/","name":"Green Poppy","description":"H\u00e5llbara och \u00e5teranv\u00e4ndbara tygbl\u00f6jor","publisher":{"@id":"https:\/\/greenpoppy.se\/en\/#organization"},"potentialAction":[{"@type":"SearchAction","target":{"@type":"EntryPoint","urlTemplate":"https:\/\/greenpoppy.se\/en\/?s={search_term_string}"},"query-input":{"@type":"PropertyValueSpecification","valueRequired":true,"valueName":"search_term_string"}}],"inLanguage":"en-GB"},{"@type":"Organization","@id":"https:\/\/greenpoppy.se\/en\/#organization","name":"Green Poppy","url":"https:\/\/greenpoppy.se\/en\/","logo":{"@type":"ImageObject","inLanguage":"en-GB","@id":"https:\/\/greenpoppy.se\/en\/#\/schema\/logo\/image\/","url":"https:\/\/greenpoppy.se\/wp-content\/uploads\/2025\/01\/Logga_Officiell.svg","contentUrl":"https:\/\/greenpoppy.se\/wp-content\/uploads\/2025\/01\/Logga_Officiell.svg","width":1,"height":1,"caption":"Green Poppy"},"image":{"@id":"https:\/\/greenpoppy.se\/en\/#\/schema\/logo\/image\/"},"sameAs":["https:\/\/www.facebook.com\/profile.php?id=61554367862205","https:\/\/www.instagram.com\/greenpoppy.se\/"]}]}},"_links":{"self":[{"href":"https:\/\/greenpoppy.se\/en\/wp-json\/wp\/v2\/product\/1505","targetHints":{"allow":["GET"]}}],"collection":[{"href":"https:\/\/greenpoppy.se\/en\/wp-json\/wp\/v2\/product"}],"about":[{"href":"https:\/\/greenpoppy.se\/en\/wp-json\/wp\/v2\/types\/product"}],"replies":[{"embeddable":true,"href":"https:\/\/greenpoppy.se\/en\/wp-json\/wp\/v2\/comments?post=1505"}],"wp:featuredmedia":[{"embeddable":true,"href":"https:\/\/greenpoppy.se\/en\/wp-json\/wp\/v2\/media\/6426"}],"wp:attachment":[{"href":"https:\/\/greenpoppy.se\/en\/wp-json\/wp\/v2\/media?parent=1505"}],"wp:term":[{"taxonomy":"product_brand","embeddable":true,"href":"https:\/\/greenpoppy.se\/en\/wp-json\/wp\/v2\/product_brand?post=1505"},{"taxonomy":"product_cat","embeddable":true,"href":"https:\/\/greenpoppy.se\/en\/wp-json\/wp\/v2\/product_cat?post=1505"},{"taxonomy":"product_tag","embeddable":true,"href":"https:\/\/greenpoppy.se\/en\/wp-json\/wp\/v2\/product_tag?post=1505"}],"curies":[{"name":"wp","href":"https:\/\/api.w.org\/{rel}","templated":true}]}}