{"id":1957,"date":"2024-07-20T23:31:54","date_gmt":"2024-07-20T21:31:54","guid":{"rendered":"http:\/\/greenpoppy.se\/?post_type=product&#038;p=1957"},"modified":"2026-03-30T09:53:01","modified_gmt":"2026-03-30T07:53:01","slug":"torrskikt-andrahandssortering","status":"publish","type":"product","link":"https:\/\/greenpoppy.se\/en\/product\/torrskikt-andrahandssortering\/","title":{"rendered":"Torrskikt &#8211; andrasortering"},"content":{"rendered":"<p>Observera! Detta \u00e4r en vara ur andrasortimentet. Varan har n\u00e5gon typ av defekt, l\u00e4s mer nedan. Andra regel g\u00e4ller f\u00f6r retur och reklamation.<\/p>\n<p><strong>DEFEKT:<\/strong><\/p>\n<p>Torrskikten \u00e4r felsydda i den bem\u00e4rkelse att tv\u00e4ttlappen sitter p\u00e5 fel sida av torrskiktet. Tv\u00e4ttlappen sitter allts\u00e5 p\u00e5 den sida som \u00e4r upp\u00e5t, mot barnets hud. Lappen g\u00e5r att klippa bort eller ta bort p\u00e5 annat vis, det g\u00e5r \u00e4ven att anv\u00e4nda torrskiktet upp och ner, eller bara rakt av som det \u00e4r. Ut\u00f6ver detta finns inga defekter p\u00e5 torrskiktet.<\/p>\n<p><strong>Our liners come in two different variants<\/strong>either AWJ (Athletic Wicking Jersey) or microfleece. Both are single-layered and very thin. Liners help to transport liquid and moisture down to the next layer (inserts) and keep the baby dry. Liners do not have absorbent capabilities and are not sufficient to use as the sole insert in a diaper.<\/p>\n<p><span style=\"font-size: 14.4px;\">The liners are used once and placed in the laundry basket during diaper changes. If the baby has pooped in the diaper, the liner can be lifted out of the diaper loosely to remove the poo more easily.<\/span><\/p>\n<p style=\"font-size: 14.4px;\">Green Poppy's liners are a perfect complement to our\u00a0<a href=\"http:\/\/greenpoppy.se\/en\/product-category\/pul-skal\/\">PUL diaper covers<\/a>\u00a0with inserts. The liner can also be inserted into a\u00a0<a href=\"http:\/\/greenpoppy.se\/en\/product-category\/vikblojor\/\">flat diaper<\/a>. It is particularly useful for nighttime use when the baby wears a diaper for longer hours!<\/p>\n<p style=\"font-size: 14.4px;\">Torrskikten best\u00e5r av 100% polyester. De m\u00e4ter 29 x 11 cm. S\u00e4ljs i 1-pack<\/p>\n<h4>Stay dry liner AWJ<\/h4>\n<p>The AWJ liner (Athletic Wicking Jersey), or coolmax as it is called, is similar to performance fabric, such as a workout shirt. It is thin, cool, and quickly wicks away moisture. Liners are perfect for use if the baby is sensitive to moisture and wetness.<\/p>\n<h4>Torrskikt microfleece<\/h4>\n<p style=\"font-weight: 400;\">Microfleece liners resemble a fleece blanket and have excellent moisture-wicking properties. Fleece absorbs almost no liquid at all. Microfleece may feel warmer than AWJ.<\/p>\n<p><strong>Feltryck<\/strong>. Denna produkt har f\u00e5tt ett feltryck p\u00e5 den fastsydda lappen med tv\u00e4ttr\u00e5d. Det st\u00e5r att produkten kan torktumlas p\u00e5 l\u00e5g v\u00e4rme och sedan \u00e4r symbolen f\u00f6r torktumling kryssad. Texten \u00e4r korrekt, produkten kan torktumlas p\u00e5 l\u00e5g v\u00e4rme. Om det har uppst\u00e5tt n\u00e5gra problem p\u00e5 grund av detta feltryck eller du har andra fr\u00e5gor g\u00e4llande sk\u00f6tsel av produkterna, v\u00e4nliga kontakta info@greenpoppy.se<\/p>","protected":false},"excerpt":{"rendered":"<ul>\n<li>En bra deal!<\/li>\n<li>Spara 20% j\u00e4mf\u00f6rt med att k\u00f6pa bl\u00f6jorna separat<\/li>\n<li>30 pocketbl\u00f6jor med tv\u00e5 inl\u00e4gg var &#8211; alla tygbl\u00f6jor du kommer beh\u00f6va!<\/li>\n<\/ul>","protected":false},"featured_media":0,"comment_status":"open","ping_status":"closed","template":"","meta":[],"product_brand":[],"product_cat":[131],"product_tag":[],"class_list":{"0":"post-1957","1":"product","2":"type-product","3":"status-publish","5":"product_cat-andrasortering","7":"first","8":"instock","9":"taxable","10":"shipping-taxable","11":"purchasable","12":"product-type-variable"},"bundled_by":[],"bundle_stock_status":"instock","bundle_stock_quantity":660,"bundle_virtual":false,"bundle_layout":"","bundle_add_to_cart_form_location":"","bundle_editable_in_cart":false,"bundle_sold_individually_context":"","bundle_item_grouping":"","bundle_min_size":"","bundle_max_size":"","bundle_price":[],"bundled_items":[],"bundle_sell_ids":[],"yoast_head":"<!-- This site is optimized with the Yoast SEO plugin v27.4 - https:\/\/yoast.com\/product\/yoast-seo-wordpress\/ -->\n<title>Torrskikt - andrasortering - Green Poppy<\/title>\n<meta name=\"robots\" content=\"index, follow, max-snippet:-1, max-image-preview:large, max-video-preview:-1\" \/>\n<link rel=\"canonical\" href=\"https:\/\/greenpoppy.se\/en\/product\/torrskikt-andrahandssortering\/\" \/>\n<meta property=\"og:locale\" content=\"en_GB\" \/>\n<meta property=\"og:type\" content=\"article\" \/>\n<meta property=\"og:title\" content=\"Torrskikt - andrasortering - Green Poppy\" \/>\n<meta property=\"og:description\" content=\"En bra deal!  Spara 20% j\u00e4mf\u00f6rt med att k\u00f6pa bl\u00f6jorna separat  30 pocketbl\u00f6jor med tv\u00e5 inl\u00e4gg var - alla tygbl\u00f6jor du kommer beh\u00f6va!\" \/>\n<meta property=\"og:url\" content=\"https:\/\/greenpoppy.se\/en\/product\/torrskikt-andrahandssortering\/\" \/>\n<meta property=\"og:site_name\" content=\"Green Poppy\" \/>\n<meta property=\"article:publisher\" content=\"https:\/\/www.facebook.com\/profile.php?id=61554367862205\" \/>\n<meta property=\"article:modified_time\" content=\"2026-03-30T07:53:01+00:00\" \/>\n<meta property=\"og:image\" content=\"https:\/\/greenpoppy.se\/wp-content\/uploads\/2024\/07\/11.png\" \/>\n\t<meta property=\"og:image:width\" content=\"1000\" \/>\n\t<meta property=\"og:image:height\" content=\"1000\" \/>\n\t<meta property=\"og:image:type\" content=\"image\/png\" \/>\n<meta name=\"twitter:card\" content=\"summary_large_image\" \/>\n<meta name=\"twitter:label1\" content=\"Estimated reading time\" \/>\n\t<meta name=\"twitter:data1\" content=\"2 minutes\" \/>\n<script type=\"application\/ld+json\" class=\"yoast-schema-graph\">{\"@context\":\"https:\\\/\\\/schema.org\",\"@graph\":[{\"@type\":\"WebPage\",\"@id\":\"https:\\\/\\\/greenpoppy.se\\\/produkt\\\/torrskikt-andrahandssortering\\\/\",\"url\":\"https:\\\/\\\/greenpoppy.se\\\/produkt\\\/torrskikt-andrahandssortering\\\/\",\"name\":\"Torrskikt - andrasortering - Green Poppy\",\"isPartOf\":{\"@id\":\"https:\\\/\\\/greenpoppy.se\\\/en\\\/#website\"},\"datePublished\":\"2024-07-20T21:31:54+00:00\",\"dateModified\":\"2026-03-30T07:53:01+00:00\",\"breadcrumb\":{\"@id\":\"https:\\\/\\\/greenpoppy.se\\\/produkt\\\/torrskikt-andrahandssortering\\\/#breadcrumb\"},\"inLanguage\":\"en-GB\",\"potentialAction\":[{\"@type\":\"ReadAction\",\"target\":[\"https:\\\/\\\/greenpoppy.se\\\/produkt\\\/torrskikt-andrahandssortering\\\/\"]}]},{\"@type\":\"BreadcrumbList\",\"@id\":\"https:\\\/\\\/greenpoppy.se\\\/produkt\\\/torrskikt-andrahandssortering\\\/#breadcrumb\",\"itemListElement\":[{\"@type\":\"ListItem\",\"position\":1,\"name\":\"Hem\",\"item\":\"https:\\\/\\\/greenpoppy.se\\\/\"},{\"@type\":\"ListItem\",\"position\":2,\"name\":\"Butik\",\"item\":\"https:\\\/\\\/greenpoppy.se\\\/butik\\\/\"},{\"@type\":\"ListItem\",\"position\":3,\"name\":\"Torrskikt &#8211; andrasortering\"}]},{\"@type\":\"WebSite\",\"@id\":\"https:\\\/\\\/greenpoppy.se\\\/en\\\/#website\",\"url\":\"https:\\\/\\\/greenpoppy.se\\\/en\\\/\",\"name\":\"Green Poppy\",\"description\":\"H\u00e5llbara och \u00e5teranv\u00e4ndbara tygbl\u00f6jor\",\"publisher\":{\"@id\":\"https:\\\/\\\/greenpoppy.se\\\/en\\\/#organization\"},\"potentialAction\":[{\"@type\":\"SearchAction\",\"target\":{\"@type\":\"EntryPoint\",\"urlTemplate\":\"https:\\\/\\\/greenpoppy.se\\\/en\\\/?s={search_term_string}\"},\"query-input\":{\"@type\":\"PropertyValueSpecification\",\"valueRequired\":true,\"valueName\":\"search_term_string\"}}],\"inLanguage\":\"en-GB\"},{\"@type\":\"Organization\",\"@id\":\"https:\\\/\\\/greenpoppy.se\\\/en\\\/#organization\",\"name\":\"Green Poppy\",\"url\":\"https:\\\/\\\/greenpoppy.se\\\/en\\\/\",\"logo\":{\"@type\":\"ImageObject\",\"inLanguage\":\"en-GB\",\"@id\":\"https:\\\/\\\/greenpoppy.se\\\/en\\\/#\\\/schema\\\/logo\\\/image\\\/\",\"url\":\"https:\\\/\\\/greenpoppy.se\\\/wp-content\\\/uploads\\\/2025\\\/01\\\/Logga_Officiell.svg\",\"contentUrl\":\"https:\\\/\\\/greenpoppy.se\\\/wp-content\\\/uploads\\\/2025\\\/01\\\/Logga_Officiell.svg\",\"width\":1,\"height\":1,\"caption\":\"Green Poppy\"},\"image\":{\"@id\":\"https:\\\/\\\/greenpoppy.se\\\/en\\\/#\\\/schema\\\/logo\\\/image\\\/\"},\"sameAs\":[\"https:\\\/\\\/www.facebook.com\\\/profile.php?id=61554367862205\",\"https:\\\/\\\/www.instagram.com\\\/greenpoppy.se\\\/\"]}]}<\/script>\n<!-- \/ Yoast SEO plugin. -->","yoast_head_json":{"title":"Torrskikt - andrasortering - Green Poppy","robots":{"index":"index","follow":"follow","max-snippet":"max-snippet:-1","max-image-preview":"max-image-preview:large","max-video-preview":"max-video-preview:-1"},"canonical":"https:\/\/greenpoppy.se\/en\/product\/torrskikt-andrahandssortering\/","og_locale":"en_GB","og_type":"article","og_title":"Torrskikt - andrasortering - Green Poppy","og_description":"En bra deal!  Spara 20% j\u00e4mf\u00f6rt med att k\u00f6pa bl\u00f6jorna separat  30 pocketbl\u00f6jor med tv\u00e5 inl\u00e4gg var - alla tygbl\u00f6jor du kommer beh\u00f6va!","og_url":"https:\/\/greenpoppy.se\/en\/product\/torrskikt-andrahandssortering\/","og_site_name":"Green Poppy","article_publisher":"https:\/\/www.facebook.com\/profile.php?id=61554367862205","article_modified_time":"2026-03-30T07:53:01+00:00","og_image":[{"width":1000,"height":1000,"url":"https:\/\/greenpoppy.se\/wp-content\/uploads\/2024\/07\/11.png","type":"image\/png"}],"twitter_card":"summary_large_image","twitter_misc":{"Estimated reading time":"2 minutes"},"schema":{"@context":"https:\/\/schema.org","@graph":[{"@type":"WebPage","@id":"https:\/\/greenpoppy.se\/produkt\/torrskikt-andrahandssortering\/","url":"https:\/\/greenpoppy.se\/produkt\/torrskikt-andrahandssortering\/","name":"Torrskikt - andrasortering - Green Poppy","isPartOf":{"@id":"https:\/\/greenpoppy.se\/en\/#website"},"datePublished":"2024-07-20T21:31:54+00:00","dateModified":"2026-03-30T07:53:01+00:00","breadcrumb":{"@id":"https:\/\/greenpoppy.se\/produkt\/torrskikt-andrahandssortering\/#breadcrumb"},"inLanguage":"en-GB","potentialAction":[{"@type":"ReadAction","target":["https:\/\/greenpoppy.se\/produkt\/torrskikt-andrahandssortering\/"]}]},{"@type":"BreadcrumbList","@id":"https:\/\/greenpoppy.se\/produkt\/torrskikt-andrahandssortering\/#breadcrumb","itemListElement":[{"@type":"ListItem","position":1,"name":"Hem","item":"https:\/\/greenpoppy.se\/"},{"@type":"ListItem","position":2,"name":"Butik","item":"https:\/\/greenpoppy.se\/butik\/"},{"@type":"ListItem","position":3,"name":"Torrskikt &#8211; andrasortering"}]},{"@type":"WebSite","@id":"https:\/\/greenpoppy.se\/en\/#website","url":"https:\/\/greenpoppy.se\/en\/","name":"Green Poppy","description":"H\u00e5llbara och \u00e5teranv\u00e4ndbara tygbl\u00f6jor","publisher":{"@id":"https:\/\/greenpoppy.se\/en\/#organization"},"potentialAction":[{"@type":"SearchAction","target":{"@type":"EntryPoint","urlTemplate":"https:\/\/greenpoppy.se\/en\/?s={search_term_string}"},"query-input":{"@type":"PropertyValueSpecification","valueRequired":true,"valueName":"search_term_string"}}],"inLanguage":"en-GB"},{"@type":"Organization","@id":"https:\/\/greenpoppy.se\/en\/#organization","name":"Green Poppy","url":"https:\/\/greenpoppy.se\/en\/","logo":{"@type":"ImageObject","inLanguage":"en-GB","@id":"https:\/\/greenpoppy.se\/en\/#\/schema\/logo\/image\/","url":"https:\/\/greenpoppy.se\/wp-content\/uploads\/2025\/01\/Logga_Officiell.svg","contentUrl":"https:\/\/greenpoppy.se\/wp-content\/uploads\/2025\/01\/Logga_Officiell.svg","width":1,"height":1,"caption":"Green Poppy"},"image":{"@id":"https:\/\/greenpoppy.se\/en\/#\/schema\/logo\/image\/"},"sameAs":["https:\/\/www.facebook.com\/profile.php?id=61554367862205","https:\/\/www.instagram.com\/greenpoppy.se\/"]}]}},"_links":{"self":[{"href":"https:\/\/greenpoppy.se\/en\/wp-json\/wp\/v2\/product\/1957","targetHints":{"allow":["GET"]}}],"collection":[{"href":"https:\/\/greenpoppy.se\/en\/wp-json\/wp\/v2\/product"}],"about":[{"href":"https:\/\/greenpoppy.se\/en\/wp-json\/wp\/v2\/types\/product"}],"replies":[{"embeddable":true,"href":"https:\/\/greenpoppy.se\/en\/wp-json\/wp\/v2\/comments?post=1957"}],"wp:attachment":[{"href":"https:\/\/greenpoppy.se\/en\/wp-json\/wp\/v2\/media?parent=1957"}],"wp:term":[{"taxonomy":"product_brand","embeddable":true,"href":"https:\/\/greenpoppy.se\/en\/wp-json\/wp\/v2\/product_brand?post=1957"},{"taxonomy":"product_cat","embeddable":true,"href":"https:\/\/greenpoppy.se\/en\/wp-json\/wp\/v2\/product_cat?post=1957"},{"taxonomy":"product_tag","embeddable":true,"href":"https:\/\/greenpoppy.se\/en\/wp-json\/wp\/v2\/product_tag?post=1957"}],"curies":[{"name":"wp","href":"https:\/\/api.w.org\/{rel}","templated":true}]}}