{"id":3113,"date":"2025-01-23T11:45:02","date_gmt":"2025-01-23T10:45:02","guid":{"rendered":"https:\/\/greenpoppy.se\/?post_type=product&#038;p=3113"},"modified":"2026-04-30T16:39:18","modified_gmt":"2026-04-30T14:39:18","slug":"pul-skal-one-size","status":"publish","type":"product","link":"https:\/\/greenpoppy.se\/en\/product\/pul-skal-one-size\/","title":{"rendered":"Diaper Cover One Size"},"content":{"rendered":"<h2>Diaper Cover One Size<\/h2>\n<p style=\"font-weight: 400;\">A soft and flexible diaper cover! The cover comes in One Size and fits babies from about 4 to 16 kilos. Since all babies have different body shapes, the diaper can fit both earlier and later. With the help of the buttons on the front of the diaper, it's easy to adjust the size. The vertical buttons help adjust the height of the diaper, offering three different height settings. The horizontal buttons assist in adjusting the size around the waist and thighs, providing numerous variations. The diaper can also be fastened 'diagonally', meaning tighter or looser around the waist compared to the thighs. This makes it easy to achieve the right fit.<\/p>\n<p style=\"font-weight: 400;\">A diaper cover is not a complete diaper but a waterproof shell made of PUL (polyurethane laminate). You combine the cover with some type of absorbent material, for example <a href=\"http:\/\/greenpoppy.se\/en\/product\/bambufrotteinlagg\/\">inserts in bamboo terry<\/a> or <a href=\"http:\/\/greenpoppy.se\/en\/product\/vikblojor\/\">flat diapers<\/a>. If you are using flat diapers, <a href=\"\/en\/product\/snappi\/\">use a snappi to adapt the diaper around the baby.<\/a>.<\/p>\n<p style=\"font-weight: 400;\">Pul is colorfast and will not fade in the wash. The cover also features the tabs used to fasten the diaper. On Green Poppy\u2019s diaper covers, we use soft, stretchy tabs.<\/p>\n<h3>SIO &#8211; snap-in-one<\/h3>\n<p>It\u2019s easy to convert your diaper cover into a complete SIO system. By adding two bamboo terry inserts, you have a full diaper ready to use. The bamboo terry inserts are super soft against your baby\u2019s skin. Each insert snaps into the cover with its own button, keeping it securely in place while your baby wears the diaper. When you choose to purchase the diaper cover together with two inserts as an SIO system, you save the cost of one insert. You can read more about <a href=\"http:\/\/greenpoppy.se\/en\/product\/bambufrotteinlagg\/\">the inserts here.<\/a> You will also find a video below on how to use the inserts and the cover.<\/p>\n<p>Do you wish to buy inserts and cover at a bundle price? <a href=\"https:\/\/greenpoppy.se\/en\/product\/sio\/\">Click here!<\/a><\/p>\n<h3>Reduces the risk of leakage<\/h3>\n<p style=\"font-weight: 400;\">In the back, there's a reassuring back elastic. The back elastic ensures the diaper sits comfortably on the baby, but it's also one of the best features of a cloth diaper \u2013 the poop barrier! The sturdy elastic helps contain poop and significantly reduces the risk of leaks. There are also elastics around the baby's thighs to further minimize the risk of leaks. It's important for the elastics to fit tightly around the baby's legs. <a href=\"http:\/\/greenpoppy.se\/en\/passform-av-tygblojor\/\">(please see our guide on how to achieve the best fit for cloth diapers)<\/a>. The elastic may leave marks on the baby's skin, but it doesn't hurt. It's common and harmless for clothing to leave marks on the body.<\/p>\n<p style=\"font-weight: 400;\">On the inside of the shell, there are buttons both at the front and back, where you can attach inserts that have buttons <a href=\"http:\/\/greenpoppy.se\/en\/product\/bambufrotteinlagg\/\">(example our inserts made of bamboo Terry)<\/a>. Skalet har \u00e4ven flikar av pul fram- och baktill s\u00e5 att inl\u00e4ggen h\u00e5ller sig p\u00e5 plats.<\/p>\n<h3>Wash<\/h3>\n<p style=\"font-weight: 400;\">When using a diaper cover, you don\u2019t need to wash the cover with every diaper change; it\u2019s enough to wash only what has been inside the cover. The cover is washed only when it feels soiled (after a few uses) or if it has been soiled with poop. Since there is no absorbent material in a diaper cover, the drying time is very short. <a href=\"http:\/\/greenpoppy.se\/en\/tvattrutiner\/\">Read more about how to wash cloth diapers<\/a>.<\/p>","protected":false},"excerpt":{"rendered":"<p>A soft One Size PUL cover. Place inserts into the cover using the snaps or lay them loose. Then change the inserts and reuse the cover\u2014a convenient and economical cloth diaper.<\/p>","protected":false},"featured_media":3190,"comment_status":"open","ping_status":"closed","template":"","meta":[],"product_brand":[],"product_cat":[84],"product_tag":[86,87,85],"class_list":{"0":"post-3113","1":"product","2":"type-product","3":"status-publish","4":"has-post-thumbnail","6":"product_cat-pul-skal","7":"product_tag-blojskal","8":"product_tag-inlagg","9":"product_tag-pulskal","11":"first","12":"instock","13":"featured","14":"taxable","15":"shipping-taxable","16":"purchasable","17":"product-type-variable","18":"has-default-attributes"},"bundled_by":["4693","1038","1038","1038","2713","2713","2713","1527","1527","5194","5194","5194","5426","5862","5937","6556","6556","6556","6556","6556"],"bundle_stock_status":"instock","bundle_stock_quantity":null,"bundle_virtual":false,"bundle_layout":"","bundle_add_to_cart_form_location":"","bundle_editable_in_cart":false,"bundle_sold_individually_context":"","bundle_item_grouping":"","bundle_min_size":"","bundle_max_size":"","bundle_price":[],"bundled_items":[],"bundle_sell_ids":[],"yoast_head":"<!-- This site is optimized with the Yoast SEO plugin v27.5 - https:\/\/yoast.com\/product\/yoast-seo-wordpress\/ -->\n<title>Pul-skal One Size - Green Poppy<\/title>\n<meta name=\"description\" content=\"Ett mjukt och f\u00f6ljsamt pul-skal i one size, 4-16 kilo. Anv\u00e4nds \u00f6ver inl\u00e4gg eller vikbl\u00f6ja, dagtid eller p\u00e5 natten. Finns i olika prints.\" \/>\n<meta name=\"robots\" content=\"index, follow, max-snippet:-1, max-image-preview:large, max-video-preview:-1\" \/>\n<link rel=\"canonical\" href=\"https:\/\/greenpoppy.se\/en\/product\/pul-skal-one-size\/\" \/>\n<meta property=\"og:locale\" content=\"en_GB\" \/>\n<meta property=\"og:type\" content=\"article\" \/>\n<meta property=\"og:title\" content=\"Pul-skal One Size - Green Poppy\" \/>\n<meta property=\"og:description\" content=\"Ett mjukt och f\u00f6ljsamt pul-skal i one size, 4-16 kilo. Anv\u00e4nds \u00f6ver inl\u00e4gg eller vikbl\u00f6ja, dagtid eller p\u00e5 natten. Finns i olika prints.\" \/>\n<meta property=\"og:url\" content=\"https:\/\/greenpoppy.se\/en\/product\/pul-skal-one-size\/\" \/>\n<meta property=\"og:site_name\" content=\"Green Poppy\" \/>\n<meta property=\"article:publisher\" content=\"https:\/\/www.facebook.com\/profile.php?id=61554367862205\" \/>\n<meta property=\"article:modified_time\" content=\"2026-04-30T14:39:18+00:00\" \/>\n<meta property=\"og:image\" content=\"https:\/\/greenpoppy.se\/wp-content\/uploads\/2025\/01\/DSC_5911.jpg\" \/>\n\t<meta property=\"og:image:width\" content=\"996\" \/>\n\t<meta property=\"og:image:height\" content=\"1300\" \/>\n\t<meta property=\"og:image:type\" content=\"image\/jpeg\" \/>\n<meta name=\"twitter:card\" content=\"summary_large_image\" \/>\n<meta name=\"twitter:label1\" content=\"Estimated reading time\" \/>\n\t<meta name=\"twitter:data1\" content=\"3 minutes\" \/>\n<script type=\"application\/ld+json\" class=\"yoast-schema-graph\">{\"@context\":\"https:\\\/\\\/schema.org\",\"@graph\":[{\"@type\":\"WebPage\",\"@id\":\"https:\\\/\\\/greenpoppy.se\\\/produkt\\\/pul-skal-one-size\\\/\",\"url\":\"https:\\\/\\\/greenpoppy.se\\\/produkt\\\/pul-skal-one-size\\\/\",\"name\":\"Pul-skal One Size - Green Poppy\",\"isPartOf\":{\"@id\":\"https:\\\/\\\/greenpoppy.se\\\/en\\\/#website\"},\"primaryImageOfPage\":{\"@id\":\"https:\\\/\\\/greenpoppy.se\\\/produkt\\\/pul-skal-one-size\\\/#primaryimage\"},\"image\":{\"@id\":\"https:\\\/\\\/greenpoppy.se\\\/produkt\\\/pul-skal-one-size\\\/#primaryimage\"},\"thumbnailUrl\":\"https:\\\/\\\/greenpoppy.se\\\/wp-content\\\/uploads\\\/2025\\\/01\\\/DSC_5911.jpg\",\"datePublished\":\"2025-01-23T10:45:02+00:00\",\"dateModified\":\"2026-04-30T14:39:18+00:00\",\"description\":\"Ett mjukt och f\u00f6ljsamt pul-skal i one size, 4-16 kilo. Anv\u00e4nds \u00f6ver inl\u00e4gg eller vikbl\u00f6ja, dagtid eller p\u00e5 natten. Finns i olika prints.\",\"breadcrumb\":{\"@id\":\"https:\\\/\\\/greenpoppy.se\\\/produkt\\\/pul-skal-one-size\\\/#breadcrumb\"},\"inLanguage\":\"en-GB\",\"potentialAction\":[{\"@type\":\"ReadAction\",\"target\":[\"https:\\\/\\\/greenpoppy.se\\\/produkt\\\/pul-skal-one-size\\\/\"]}]},{\"@type\":\"ImageObject\",\"inLanguage\":\"en-GB\",\"@id\":\"https:\\\/\\\/greenpoppy.se\\\/produkt\\\/pul-skal-one-size\\\/#primaryimage\",\"url\":\"https:\\\/\\\/greenpoppy.se\\\/wp-content\\\/uploads\\\/2025\\\/01\\\/DSC_5911.jpg\",\"contentUrl\":\"https:\\\/\\\/greenpoppy.se\\\/wp-content\\\/uploads\\\/2025\\\/01\\\/DSC_5911.jpg\",\"width\":996,\"height\":1300,\"caption\":\"r\u00e5djur tygbl\u00f6jor pul skal diaper cover shell one size f\u00f6r stora barn\"},{\"@type\":\"BreadcrumbList\",\"@id\":\"https:\\\/\\\/greenpoppy.se\\\/produkt\\\/pul-skal-one-size\\\/#breadcrumb\",\"itemListElement\":[{\"@type\":\"ListItem\",\"position\":1,\"name\":\"Hem\",\"item\":\"https:\\\/\\\/greenpoppy.se\\\/\"},{\"@type\":\"ListItem\",\"position\":2,\"name\":\"Butik\",\"item\":\"https:\\\/\\\/greenpoppy.se\\\/butik\\\/\"},{\"@type\":\"ListItem\",\"position\":3,\"name\":\"Pul-skal One Size\"}]},{\"@type\":\"WebSite\",\"@id\":\"https:\\\/\\\/greenpoppy.se\\\/en\\\/#website\",\"url\":\"https:\\\/\\\/greenpoppy.se\\\/en\\\/\",\"name\":\"Green Poppy\",\"description\":\"H\u00e5llbara och \u00e5teranv\u00e4ndbara tygbl\u00f6jor\",\"publisher\":{\"@id\":\"https:\\\/\\\/greenpoppy.se\\\/en\\\/#organization\"},\"potentialAction\":[{\"@type\":\"SearchAction\",\"target\":{\"@type\":\"EntryPoint\",\"urlTemplate\":\"https:\\\/\\\/greenpoppy.se\\\/en\\\/?s={search_term_string}\"},\"query-input\":{\"@type\":\"PropertyValueSpecification\",\"valueRequired\":true,\"valueName\":\"search_term_string\"}}],\"inLanguage\":\"en-GB\"},{\"@type\":\"Organization\",\"@id\":\"https:\\\/\\\/greenpoppy.se\\\/en\\\/#organization\",\"name\":\"Green Poppy\",\"url\":\"https:\\\/\\\/greenpoppy.se\\\/en\\\/\",\"logo\":{\"@type\":\"ImageObject\",\"inLanguage\":\"en-GB\",\"@id\":\"https:\\\/\\\/greenpoppy.se\\\/en\\\/#\\\/schema\\\/logo\\\/image\\\/\",\"url\":\"https:\\\/\\\/greenpoppy.se\\\/wp-content\\\/uploads\\\/2025\\\/01\\\/Logga_Officiell.svg\",\"contentUrl\":\"https:\\\/\\\/greenpoppy.se\\\/wp-content\\\/uploads\\\/2025\\\/01\\\/Logga_Officiell.svg\",\"width\":1,\"height\":1,\"caption\":\"Green Poppy\"},\"image\":{\"@id\":\"https:\\\/\\\/greenpoppy.se\\\/en\\\/#\\\/schema\\\/logo\\\/image\\\/\"},\"sameAs\":[\"https:\\\/\\\/www.facebook.com\\\/profile.php?id=61554367862205\",\"https:\\\/\\\/www.instagram.com\\\/greenpoppy.se\\\/\"]}]}<\/script>\n<!-- \/ Yoast SEO plugin. -->","yoast_head_json":{"title":"Pul-skal One Size - Green Poppy","description":"Ett mjukt och f\u00f6ljsamt pul-skal i one size, 4-16 kilo. Anv\u00e4nds \u00f6ver inl\u00e4gg eller vikbl\u00f6ja, dagtid eller p\u00e5 natten. Finns i olika prints.","robots":{"index":"index","follow":"follow","max-snippet":"max-snippet:-1","max-image-preview":"max-image-preview:large","max-video-preview":"max-video-preview:-1"},"canonical":"https:\/\/greenpoppy.se\/en\/product\/pul-skal-one-size\/","og_locale":"en_GB","og_type":"article","og_title":"Pul-skal One Size - Green Poppy","og_description":"Ett mjukt och f\u00f6ljsamt pul-skal i one size, 4-16 kilo. Anv\u00e4nds \u00f6ver inl\u00e4gg eller vikbl\u00f6ja, dagtid eller p\u00e5 natten. Finns i olika prints.","og_url":"https:\/\/greenpoppy.se\/en\/product\/pul-skal-one-size\/","og_site_name":"Green Poppy","article_publisher":"https:\/\/www.facebook.com\/profile.php?id=61554367862205","article_modified_time":"2026-04-30T14:39:18+00:00","og_image":[{"width":996,"height":1300,"url":"https:\/\/greenpoppy.se\/wp-content\/uploads\/2025\/01\/DSC_5911.jpg","type":"image\/jpeg"}],"twitter_card":"summary_large_image","twitter_misc":{"Estimated reading time":"3 minutes"},"schema":{"@context":"https:\/\/schema.org","@graph":[{"@type":"WebPage","@id":"https:\/\/greenpoppy.se\/produkt\/pul-skal-one-size\/","url":"https:\/\/greenpoppy.se\/produkt\/pul-skal-one-size\/","name":"Pul-skal One Size - Green Poppy","isPartOf":{"@id":"https:\/\/greenpoppy.se\/en\/#website"},"primaryImageOfPage":{"@id":"https:\/\/greenpoppy.se\/produkt\/pul-skal-one-size\/#primaryimage"},"image":{"@id":"https:\/\/greenpoppy.se\/produkt\/pul-skal-one-size\/#primaryimage"},"thumbnailUrl":"https:\/\/greenpoppy.se\/wp-content\/uploads\/2025\/01\/DSC_5911.jpg","datePublished":"2025-01-23T10:45:02+00:00","dateModified":"2026-04-30T14:39:18+00:00","description":"Ett mjukt och f\u00f6ljsamt pul-skal i one size, 4-16 kilo. Anv\u00e4nds \u00f6ver inl\u00e4gg eller vikbl\u00f6ja, dagtid eller p\u00e5 natten. Finns i olika prints.","breadcrumb":{"@id":"https:\/\/greenpoppy.se\/produkt\/pul-skal-one-size\/#breadcrumb"},"inLanguage":"en-GB","potentialAction":[{"@type":"ReadAction","target":["https:\/\/greenpoppy.se\/produkt\/pul-skal-one-size\/"]}]},{"@type":"ImageObject","inLanguage":"en-GB","@id":"https:\/\/greenpoppy.se\/produkt\/pul-skal-one-size\/#primaryimage","url":"https:\/\/greenpoppy.se\/wp-content\/uploads\/2025\/01\/DSC_5911.jpg","contentUrl":"https:\/\/greenpoppy.se\/wp-content\/uploads\/2025\/01\/DSC_5911.jpg","width":996,"height":1300,"caption":"r\u00e5djur tygbl\u00f6jor pul skal diaper cover shell one size f\u00f6r stora barn"},{"@type":"BreadcrumbList","@id":"https:\/\/greenpoppy.se\/produkt\/pul-skal-one-size\/#breadcrumb","itemListElement":[{"@type":"ListItem","position":1,"name":"Hem","item":"https:\/\/greenpoppy.se\/"},{"@type":"ListItem","position":2,"name":"Butik","item":"https:\/\/greenpoppy.se\/butik\/"},{"@type":"ListItem","position":3,"name":"Pul-skal One Size"}]},{"@type":"WebSite","@id":"https:\/\/greenpoppy.se\/en\/#website","url":"https:\/\/greenpoppy.se\/en\/","name":"Green Poppy","description":"H\u00e5llbara och \u00e5teranv\u00e4ndbara tygbl\u00f6jor","publisher":{"@id":"https:\/\/greenpoppy.se\/en\/#organization"},"potentialAction":[{"@type":"SearchAction","target":{"@type":"EntryPoint","urlTemplate":"https:\/\/greenpoppy.se\/en\/?s={search_term_string}"},"query-input":{"@type":"PropertyValueSpecification","valueRequired":true,"valueName":"search_term_string"}}],"inLanguage":"en-GB"},{"@type":"Organization","@id":"https:\/\/greenpoppy.se\/en\/#organization","name":"Green Poppy","url":"https:\/\/greenpoppy.se\/en\/","logo":{"@type":"ImageObject","inLanguage":"en-GB","@id":"https:\/\/greenpoppy.se\/en\/#\/schema\/logo\/image\/","url":"https:\/\/greenpoppy.se\/wp-content\/uploads\/2025\/01\/Logga_Officiell.svg","contentUrl":"https:\/\/greenpoppy.se\/wp-content\/uploads\/2025\/01\/Logga_Officiell.svg","width":1,"height":1,"caption":"Green Poppy"},"image":{"@id":"https:\/\/greenpoppy.se\/en\/#\/schema\/logo\/image\/"},"sameAs":["https:\/\/www.facebook.com\/profile.php?id=61554367862205","https:\/\/www.instagram.com\/greenpoppy.se\/"]}]}},"_links":{"self":[{"href":"https:\/\/greenpoppy.se\/en\/wp-json\/wp\/v2\/product\/3113","targetHints":{"allow":["GET"]}}],"collection":[{"href":"https:\/\/greenpoppy.se\/en\/wp-json\/wp\/v2\/product"}],"about":[{"href":"https:\/\/greenpoppy.se\/en\/wp-json\/wp\/v2\/types\/product"}],"replies":[{"embeddable":true,"href":"https:\/\/greenpoppy.se\/en\/wp-json\/wp\/v2\/comments?post=3113"}],"wp:featuredmedia":[{"embeddable":true,"href":"https:\/\/greenpoppy.se\/en\/wp-json\/wp\/v2\/media\/3190"}],"wp:attachment":[{"href":"https:\/\/greenpoppy.se\/en\/wp-json\/wp\/v2\/media?parent=3113"}],"wp:term":[{"taxonomy":"product_brand","embeddable":true,"href":"https:\/\/greenpoppy.se\/en\/wp-json\/wp\/v2\/product_brand?post=3113"},{"taxonomy":"product_cat","embeddable":true,"href":"https:\/\/greenpoppy.se\/en\/wp-json\/wp\/v2\/product_cat?post=3113"},{"taxonomy":"product_tag","embeddable":true,"href":"https:\/\/greenpoppy.se\/en\/wp-json\/wp\/v2\/product_tag?post=3113"}],"curies":[{"name":"wp","href":"https:\/\/api.w.org\/{rel}","templated":true}]}}