{"id":3340,"date":"2025-01-31T22:53:47","date_gmt":"2025-01-31T21:53:47","guid":{"rendered":"https:\/\/greenpoppy.se\/?post_type=product&#038;p=3340"},"modified":"2026-03-29T18:04:18","modified_gmt":"2026-03-29T16:04:18","slug":"pul-pase-liten","status":"publish","type":"product","link":"https:\/\/greenpoppy.se\/en\/product\/pul-pase-liten\/","title":{"rendered":"Pul-p\u00e5se Liten"},"content":{"rendered":"<h2>Liten pul-p\u00e5se \u2013 Smidig, praktisk och m\u00e5ngsidig<\/h2>\n<p>V\u00e5r lilla pul-p\u00e5se \u00e4r perfekt n\u00e4r du \u00e4r p\u00e5 spr\u00e5ng. Den ger smidig f\u00f6rvaring f\u00f6r bl\u00f6jor, tv\u00e4ttlappar eller andra sm\u00e5saker. P\u00e5sen rymmer cirka tv\u00e5 pocketbl\u00f6jor och ett par tv\u00e4ttlappar. Du kan ocks\u00e5 anv\u00e4nda den f\u00f6r flera inl\u00e4gg eller vikbl\u00f6jor.<\/p>\n<p>Den passar vid en kort promenad, ett bes\u00f6k hos en v\u00e4n eller en l\u00e4ngre utflykt. P\u00e5sen \u00e4r en oumb\u00e4rlig f\u00f6ljeslagare i vardagen. Den h\u00e5ller fukt och lukt inne och g\u00f6r din packning mer organiserad.<\/p>\n<p>Pul-p\u00e5sen \u00e4r tillverkad av polyuretanlaminerat tyg (pul), ett slitstarkt och f\u00e4rg\u00e4kta material som beh\u00e5ller sin f\u00e4rg och kvalitet \u00e4ven efter upprepade tv\u00e4ttar. Skulle p\u00e5sen b\u00f6rja lukta illa, kan du enkelt fr\u00e4scha upp den genom att tv\u00e4tta den med lite \u00e4ttika. Den g\u00e5r utm\u00e4rkt att tv\u00e4tta i maskin, men b\u00f6r undvikas att torktumlas f\u00f6r att f\u00f6rl\u00e4nga dess livsl\u00e4ngd. F\u00f6r fler tv\u00e4ttr\u00e5d och sk\u00f6tselr\u00e5d, <a href=\"http:\/\/greenpoppy.se\/en\/tvattrutiner\/\">se v\u00e5ra rekommendationer h\u00e4r<\/a>!<\/p>\n<h2>M\u00e5nga anv\u00e4ndningsomr\u00e5den<\/h2>\n<p>Den lilla pul-p\u00e5sen \u00e4r utrustad med en praktisk \u00f6gla som kan man kan \u00f6ppna och st\u00e4nga med en knapp. Det g\u00f6r att du enkelt kan h\u00e4nga den p\u00e5 barnvagnen, en krok i badrummet eller till och med p\u00e5 ett sk\u00e5pshandtag f\u00f6r smidig \u00e5tkomst.<\/p>\n<p>Men det \u00e4r inte bara bl\u00f6jor och tv\u00e4ttlappar som f\u00e5r plats \u2013 p\u00e5sen \u00e4r ocks\u00e5 perfekt f\u00f6r andra sm\u00e5saker som du vill h\u00e5lla ordning p\u00e5 i sk\u00f6tv\u00e4skan eller handv\u00e4skan. F\u00f6rvara exempelvis smycken, h\u00e5rsp\u00e4nnen, smink, v\u00e5tservetter, mobilladdare eller barnens strumpor (s\u00e5 slipper den ena alltid f\u00f6rsvinna!). Den \u00e4r \u00e4ven praktisk f\u00f6r att h\u00e5lla anv\u00e4nda tygbindor separerade fr\u00e5n resten av v\u00e4skans inneh\u00e5ll.<\/p>\n<p>Oavsett hur du v\u00e4ljer att anv\u00e4nda den, hoppas vi att du kommer att \u00e4lska v\u00e5r lilla PUL-p\u00e5se lika mycket som vi g\u00f6r!<\/p>\n<p>L\u00e4s mer om praktiska tygbl\u00f6jstillbeh\u00f6r p\u00e5 <a href=\"https:\/\/blojupproret.se\">Bl\u00f6jupprorets<\/a> hemsida.<\/p>","protected":false},"excerpt":{"rendered":"<p>En liten pul-p\u00e5se med ett fack, m\u00e4ter 25 x 19 cm och rymmer ungef\u00e4r 2 bl\u00f6jor med dubbla inl\u00e4gg.<\/p>","protected":false},"featured_media":4489,"comment_status":"open","ping_status":"closed","template":"","meta":[],"product_brand":[],"product_cat":[128],"product_tag":[],"class_list":{"0":"post-3340","1":"product","2":"type-product","3":"status-publish","4":"has-post-thumbnail","6":"product_cat-pul-pasar","8":"first","9":"instock","10":"taxable","11":"shipping-taxable","12":"purchasable","13":"product-type-variable"},"bundled_by":["4411","2713","2713","2713","1117","1117","1527","1527"],"bundle_stock_status":"instock","bundle_stock_quantity":null,"bundle_virtual":false,"bundle_layout":"","bundle_add_to_cart_form_location":"","bundle_editable_in_cart":false,"bundle_sold_individually_context":"","bundle_item_grouping":"","bundle_min_size":"","bundle_max_size":"","bundle_price":[],"bundled_items":[],"bundle_sell_ids":[],"yoast_head":"<!-- This site is optimized with the Yoast SEO plugin v27.4 - https:\/\/yoast.com\/product\/yoast-seo-wordpress\/ -->\n<title>Pul-p\u00e5se Liten - Green Poppy<\/title>\n<meta name=\"description\" content=\"Smidig och m\u00e5ngsidig liten PUL-p\u00e5se f\u00f6r bl\u00f6jor och tillbeh\u00f6r. M\u00e5nga m\u00f6nster och med praktisk \u00f6gla f\u00f6r enkel anv\u00e4ndning. Perfekt f\u00f6r alla \u00e4ventyr!\" \/>\n<meta name=\"robots\" content=\"index, follow, max-snippet:-1, max-image-preview:large, max-video-preview:-1\" \/>\n<link rel=\"canonical\" href=\"https:\/\/greenpoppy.se\/en\/product\/pul-pase-liten\/\" \/>\n<meta property=\"og:locale\" content=\"en_GB\" \/>\n<meta property=\"og:type\" content=\"article\" \/>\n<meta property=\"og:title\" content=\"Pul-p\u00e5se Liten - Green Poppy\" \/>\n<meta property=\"og:description\" content=\"Smidig och m\u00e5ngsidig liten PUL-p\u00e5se f\u00f6r bl\u00f6jor och tillbeh\u00f6r. M\u00e5nga m\u00f6nster och med praktisk \u00f6gla f\u00f6r enkel anv\u00e4ndning. Perfekt f\u00f6r alla \u00e4ventyr!\" \/>\n<meta property=\"og:url\" content=\"https:\/\/greenpoppy.se\/en\/product\/pul-pase-liten\/\" \/>\n<meta property=\"og:site_name\" content=\"Green Poppy\" \/>\n<meta property=\"article:publisher\" content=\"https:\/\/www.facebook.com\/profile.php?id=61554367862205\" \/>\n<meta property=\"article:modified_time\" content=\"2026-03-29T16:04:18+00:00\" \/>\n<meta property=\"og:image\" content=\"https:\/\/greenpoppy.se\/wp-content\/uploads\/2025\/01\/lizettekullbergfotograf_eskilstuna_vasteras_stockholm-49.jpg\" \/>\n\t<meta property=\"og:image:width\" content=\"1067\" \/>\n\t<meta property=\"og:image:height\" content=\"1600\" \/>\n\t<meta property=\"og:image:type\" content=\"image\/jpeg\" \/>\n<meta name=\"twitter:card\" content=\"summary_large_image\" \/>\n<meta name=\"twitter:label1\" content=\"Estimated reading time\" \/>\n\t<meta name=\"twitter:data1\" content=\"2 minutes\" \/>\n<script type=\"application\/ld+json\" class=\"yoast-schema-graph\">{\"@context\":\"https:\\\/\\\/schema.org\",\"@graph\":[{\"@type\":\"WebPage\",\"@id\":\"https:\\\/\\\/greenpoppy.se\\\/produkt\\\/pul-pase-liten\\\/\",\"url\":\"https:\\\/\\\/greenpoppy.se\\\/produkt\\\/pul-pase-liten\\\/\",\"name\":\"Pul-p\u00e5se Liten - Green Poppy\",\"isPartOf\":{\"@id\":\"https:\\\/\\\/greenpoppy.se\\\/en\\\/#website\"},\"primaryImageOfPage\":{\"@id\":\"https:\\\/\\\/greenpoppy.se\\\/produkt\\\/pul-pase-liten\\\/#primaryimage\"},\"image\":{\"@id\":\"https:\\\/\\\/greenpoppy.se\\\/produkt\\\/pul-pase-liten\\\/#primaryimage\"},\"thumbnailUrl\":\"https:\\\/\\\/greenpoppy.se\\\/wp-content\\\/uploads\\\/2025\\\/01\\\/lizettekullbergfotograf_eskilstuna_vasteras_stockholm-49.jpg\",\"datePublished\":\"2025-01-31T21:53:47+00:00\",\"dateModified\":\"2026-03-29T16:04:18+00:00\",\"description\":\"Smidig och m\u00e5ngsidig liten PUL-p\u00e5se f\u00f6r bl\u00f6jor och tillbeh\u00f6r. M\u00e5nga m\u00f6nster och med praktisk \u00f6gla f\u00f6r enkel anv\u00e4ndning. Perfekt f\u00f6r alla \u00e4ventyr!\",\"breadcrumb\":{\"@id\":\"https:\\\/\\\/greenpoppy.se\\\/produkt\\\/pul-pase-liten\\\/#breadcrumb\"},\"inLanguage\":\"en-GB\",\"potentialAction\":[{\"@type\":\"ReadAction\",\"target\":[\"https:\\\/\\\/greenpoppy.se\\\/produkt\\\/pul-pase-liten\\\/\"]}]},{\"@type\":\"ImageObject\",\"inLanguage\":\"en-GB\",\"@id\":\"https:\\\/\\\/greenpoppy.se\\\/produkt\\\/pul-pase-liten\\\/#primaryimage\",\"url\":\"https:\\\/\\\/greenpoppy.se\\\/wp-content\\\/uploads\\\/2025\\\/01\\\/lizettekullbergfotograf_eskilstuna_vasteras_stockholm-49.jpg\",\"contentUrl\":\"https:\\\/\\\/greenpoppy.se\\\/wp-content\\\/uploads\\\/2025\\\/01\\\/lizettekullbergfotograf_eskilstuna_vasteras_stockholm-49.jpg\",\"width\":1067,\"height\":1600},{\"@type\":\"BreadcrumbList\",\"@id\":\"https:\\\/\\\/greenpoppy.se\\\/produkt\\\/pul-pase-liten\\\/#breadcrumb\",\"itemListElement\":[{\"@type\":\"ListItem\",\"position\":1,\"name\":\"Hem\",\"item\":\"https:\\\/\\\/greenpoppy.se\\\/\"},{\"@type\":\"ListItem\",\"position\":2,\"name\":\"Butik\",\"item\":\"https:\\\/\\\/greenpoppy.se\\\/butik\\\/\"},{\"@type\":\"ListItem\",\"position\":3,\"name\":\"Pul-p\u00e5se Liten\"}]},{\"@type\":\"WebSite\",\"@id\":\"https:\\\/\\\/greenpoppy.se\\\/en\\\/#website\",\"url\":\"https:\\\/\\\/greenpoppy.se\\\/en\\\/\",\"name\":\"Green Poppy\",\"description\":\"H\u00e5llbara och \u00e5teranv\u00e4ndbara tygbl\u00f6jor\",\"publisher\":{\"@id\":\"https:\\\/\\\/greenpoppy.se\\\/en\\\/#organization\"},\"potentialAction\":[{\"@type\":\"SearchAction\",\"target\":{\"@type\":\"EntryPoint\",\"urlTemplate\":\"https:\\\/\\\/greenpoppy.se\\\/en\\\/?s={search_term_string}\"},\"query-input\":{\"@type\":\"PropertyValueSpecification\",\"valueRequired\":true,\"valueName\":\"search_term_string\"}}],\"inLanguage\":\"en-GB\"},{\"@type\":\"Organization\",\"@id\":\"https:\\\/\\\/greenpoppy.se\\\/en\\\/#organization\",\"name\":\"Green Poppy\",\"url\":\"https:\\\/\\\/greenpoppy.se\\\/en\\\/\",\"logo\":{\"@type\":\"ImageObject\",\"inLanguage\":\"en-GB\",\"@id\":\"https:\\\/\\\/greenpoppy.se\\\/en\\\/#\\\/schema\\\/logo\\\/image\\\/\",\"url\":\"https:\\\/\\\/greenpoppy.se\\\/wp-content\\\/uploads\\\/2025\\\/01\\\/Logga_Officiell.svg\",\"contentUrl\":\"https:\\\/\\\/greenpoppy.se\\\/wp-content\\\/uploads\\\/2025\\\/01\\\/Logga_Officiell.svg\",\"width\":1,\"height\":1,\"caption\":\"Green Poppy\"},\"image\":{\"@id\":\"https:\\\/\\\/greenpoppy.se\\\/en\\\/#\\\/schema\\\/logo\\\/image\\\/\"},\"sameAs\":[\"https:\\\/\\\/www.facebook.com\\\/profile.php?id=61554367862205\",\"https:\\\/\\\/www.instagram.com\\\/greenpoppy.se\\\/\"]}]}<\/script>\n<!-- \/ Yoast SEO plugin. -->","yoast_head_json":{"title":"Pul-p\u00e5se Liten - Green Poppy","description":"Smidig och m\u00e5ngsidig liten PUL-p\u00e5se f\u00f6r bl\u00f6jor och tillbeh\u00f6r. M\u00e5nga m\u00f6nster och med praktisk \u00f6gla f\u00f6r enkel anv\u00e4ndning. Perfekt f\u00f6r alla \u00e4ventyr!","robots":{"index":"index","follow":"follow","max-snippet":"max-snippet:-1","max-image-preview":"max-image-preview:large","max-video-preview":"max-video-preview:-1"},"canonical":"https:\/\/greenpoppy.se\/en\/product\/pul-pase-liten\/","og_locale":"en_GB","og_type":"article","og_title":"Pul-p\u00e5se Liten - Green Poppy","og_description":"Smidig och m\u00e5ngsidig liten PUL-p\u00e5se f\u00f6r bl\u00f6jor och tillbeh\u00f6r. M\u00e5nga m\u00f6nster och med praktisk \u00f6gla f\u00f6r enkel anv\u00e4ndning. Perfekt f\u00f6r alla \u00e4ventyr!","og_url":"https:\/\/greenpoppy.se\/en\/product\/pul-pase-liten\/","og_site_name":"Green Poppy","article_publisher":"https:\/\/www.facebook.com\/profile.php?id=61554367862205","article_modified_time":"2026-03-29T16:04:18+00:00","og_image":[{"width":1067,"height":1600,"url":"https:\/\/greenpoppy.se\/wp-content\/uploads\/2025\/01\/lizettekullbergfotograf_eskilstuna_vasteras_stockholm-49.jpg","type":"image\/jpeg"}],"twitter_card":"summary_large_image","twitter_misc":{"Estimated reading time":"2 minutes"},"schema":{"@context":"https:\/\/schema.org","@graph":[{"@type":"WebPage","@id":"https:\/\/greenpoppy.se\/produkt\/pul-pase-liten\/","url":"https:\/\/greenpoppy.se\/produkt\/pul-pase-liten\/","name":"Pul-p\u00e5se Liten - Green Poppy","isPartOf":{"@id":"https:\/\/greenpoppy.se\/en\/#website"},"primaryImageOfPage":{"@id":"https:\/\/greenpoppy.se\/produkt\/pul-pase-liten\/#primaryimage"},"image":{"@id":"https:\/\/greenpoppy.se\/produkt\/pul-pase-liten\/#primaryimage"},"thumbnailUrl":"https:\/\/greenpoppy.se\/wp-content\/uploads\/2025\/01\/lizettekullbergfotograf_eskilstuna_vasteras_stockholm-49.jpg","datePublished":"2025-01-31T21:53:47+00:00","dateModified":"2026-03-29T16:04:18+00:00","description":"Smidig och m\u00e5ngsidig liten PUL-p\u00e5se f\u00f6r bl\u00f6jor och tillbeh\u00f6r. M\u00e5nga m\u00f6nster och med praktisk \u00f6gla f\u00f6r enkel anv\u00e4ndning. Perfekt f\u00f6r alla \u00e4ventyr!","breadcrumb":{"@id":"https:\/\/greenpoppy.se\/produkt\/pul-pase-liten\/#breadcrumb"},"inLanguage":"en-GB","potentialAction":[{"@type":"ReadAction","target":["https:\/\/greenpoppy.se\/produkt\/pul-pase-liten\/"]}]},{"@type":"ImageObject","inLanguage":"en-GB","@id":"https:\/\/greenpoppy.se\/produkt\/pul-pase-liten\/#primaryimage","url":"https:\/\/greenpoppy.se\/wp-content\/uploads\/2025\/01\/lizettekullbergfotograf_eskilstuna_vasteras_stockholm-49.jpg","contentUrl":"https:\/\/greenpoppy.se\/wp-content\/uploads\/2025\/01\/lizettekullbergfotograf_eskilstuna_vasteras_stockholm-49.jpg","width":1067,"height":1600},{"@type":"BreadcrumbList","@id":"https:\/\/greenpoppy.se\/produkt\/pul-pase-liten\/#breadcrumb","itemListElement":[{"@type":"ListItem","position":1,"name":"Hem","item":"https:\/\/greenpoppy.se\/"},{"@type":"ListItem","position":2,"name":"Butik","item":"https:\/\/greenpoppy.se\/butik\/"},{"@type":"ListItem","position":3,"name":"Pul-p\u00e5se Liten"}]},{"@type":"WebSite","@id":"https:\/\/greenpoppy.se\/en\/#website","url":"https:\/\/greenpoppy.se\/en\/","name":"Green Poppy","description":"H\u00e5llbara och \u00e5teranv\u00e4ndbara tygbl\u00f6jor","publisher":{"@id":"https:\/\/greenpoppy.se\/en\/#organization"},"potentialAction":[{"@type":"SearchAction","target":{"@type":"EntryPoint","urlTemplate":"https:\/\/greenpoppy.se\/en\/?s={search_term_string}"},"query-input":{"@type":"PropertyValueSpecification","valueRequired":true,"valueName":"search_term_string"}}],"inLanguage":"en-GB"},{"@type":"Organization","@id":"https:\/\/greenpoppy.se\/en\/#organization","name":"Green Poppy","url":"https:\/\/greenpoppy.se\/en\/","logo":{"@type":"ImageObject","inLanguage":"en-GB","@id":"https:\/\/greenpoppy.se\/en\/#\/schema\/logo\/image\/","url":"https:\/\/greenpoppy.se\/wp-content\/uploads\/2025\/01\/Logga_Officiell.svg","contentUrl":"https:\/\/greenpoppy.se\/wp-content\/uploads\/2025\/01\/Logga_Officiell.svg","width":1,"height":1,"caption":"Green Poppy"},"image":{"@id":"https:\/\/greenpoppy.se\/en\/#\/schema\/logo\/image\/"},"sameAs":["https:\/\/www.facebook.com\/profile.php?id=61554367862205","https:\/\/www.instagram.com\/greenpoppy.se\/"]}]}},"_links":{"self":[{"href":"https:\/\/greenpoppy.se\/en\/wp-json\/wp\/v2\/product\/3340","targetHints":{"allow":["GET"]}}],"collection":[{"href":"https:\/\/greenpoppy.se\/en\/wp-json\/wp\/v2\/product"}],"about":[{"href":"https:\/\/greenpoppy.se\/en\/wp-json\/wp\/v2\/types\/product"}],"replies":[{"embeddable":true,"href":"https:\/\/greenpoppy.se\/en\/wp-json\/wp\/v2\/comments?post=3340"}],"wp:featuredmedia":[{"embeddable":true,"href":"https:\/\/greenpoppy.se\/en\/wp-json\/wp\/v2\/media\/4489"}],"wp:attachment":[{"href":"https:\/\/greenpoppy.se\/en\/wp-json\/wp\/v2\/media?parent=3340"}],"wp:term":[{"taxonomy":"product_brand","embeddable":true,"href":"https:\/\/greenpoppy.se\/en\/wp-json\/wp\/v2\/product_brand?post=3340"},{"taxonomy":"product_cat","embeddable":true,"href":"https:\/\/greenpoppy.se\/en\/wp-json\/wp\/v2\/product_cat?post=3340"},{"taxonomy":"product_tag","embeddable":true,"href":"https:\/\/greenpoppy.se\/en\/wp-json\/wp\/v2\/product_tag?post=3340"}],"curies":[{"name":"wp","href":"https:\/\/api.w.org\/{rel}","templated":true}]}}