{"id":347,"date":"2023-12-15T21:57:45","date_gmt":"2023-12-15T20:57:45","guid":{"rendered":"http:\/\/greenpoppy.se\/?post_type=product&#038;p=347"},"modified":"2026-04-30T16:39:18","modified_gmt":"2026-04-30T14:39:18","slug":"vikblojor","status":"publish","type":"product","link":"https:\/\/greenpoppy.se\/en\/product\/vikblojor\/","title":{"rendered":"Vikbl\u00f6jor i bambu\/bomull"},"content":{"rendered":"<h2>Vikbl\u00f6jor i bambu och bomull<\/h2>\n<p>V\u00e5ra vikbl\u00f6jor best\u00e5r av bambu och bomull och \u00e4r s\u00e5 mjuka och sk\u00f6na f\u00f6r barnet. De best\u00e5r av material som \u00e4r m\u00e4rkta med med oeko-tex standard 100. En vikbl\u00f6ja \u00e4r mycket anv\u00e4ndbar och har flera anv\u00e4ndningsomr\u00e5den. De \u00e4r perfekta att anv\u00e4nda som tygbl\u00f6jor, genom att vikas p\u00e5 olika s\u00e4tt. En popul\u00e4r vikning som h\u00e5ller inne de flesta bajsexplosioner (puh, ja s\u00e5na finns!) \u00e4r pickmans fold med jelly roll. Man kan \u00e4ven limpvika vikbl\u00f6jor. Vikbl\u00f6jan viks d\u00e5 ihop till en l\u00e5ng rulle och placeras sedan i ett <a href=\"http:\/\/greenpoppy.se\/en\/product-category\/pul-skal\/\">pul-skal<\/a>. D\u00e5 bl\u00f6jorna best\u00e5r av bambu och bomull \u00e4r de superabsorberande. Vikbl\u00f6jorna g\u00e5r att anv\u00e4nda fr\u00e5n f\u00f6dsel (runt 4 kilo) fram tills barnet \u00e4r bl\u00f6jfri.<\/p>\n<p>Att anv\u00e4nda vikbl\u00f6jor med PUL-skal \u00e4r det mest ekonomiska systemet. Det \u00e4r \u00e4ven smidigt att ha med vikbl\u00f6jor p\u00e5 resa, d\u00e5 de har en v\u00e4ldigt kort torktid.<\/p>\n<h3>Anv\u00e4ndningsomr\u00e5den<\/h3>\n<p>Man kan \u00e4ven anv\u00e4nda dessa filtar\/bl\u00f6jor till mycket annat! Perfekta som babyfiltar, som snutte, som solskydd i vagnen, som torkhandduk, kr\u00e4khandduk och s\u00e5 vidare och s\u00e5 vidare och s\u00e5 vidare.<\/p>\n<p>Vikbl\u00f6jan \u00e4r 75&#215;75 cm och krymper ungef\u00e4r 10% vid f\u00f6rsta tv\u00e4tten. Vikbl\u00f6jor g\u00e5r bra att tv\u00e4tta p\u00e5 60 grader och m\u00e5r sedan b\u00e4st av att h\u00e4ngtorkas. Man kan \u00e4ven torktumla vikbl\u00f6jor f\u00f6r att l\u00e5ta dem beh\u00e5lla sin mjukhet men de kan d\u00e5 bli v\u00e5giga i kanterna.<\/p>\n<p>Hos Green Poppy s\u00e4ljs dessa styckvis och finns i f\u00e4rgerna \u00e4ngsgr\u00f6n, vinterbl\u00e5, solrosgul, pionrosa, blomsterdis och dov kastanj. Vi har nu \u00e4ven tv\u00e4ttlappar i samma underbara tyg som dessa bl\u00f6jor.<\/p>\n<p>Green Poppy \u00e4r samarbetspartner med <a href=\"https:\/\/blojupproret.se\">Bl\u00f6jupproret<\/a>.<\/p>","protected":false},"excerpt":{"rendered":"<p>Mjuka vikbl\u00f6jor i 75&#215;75 cm. I bambu\/bomull blandning. S\u00e5 mjuka och gosiga f\u00f6r ditt barn. Kan anv\u00e4ndas som bl\u00f6ja eller gosefilt.<\/p>","protected":false},"featured_media":1846,"comment_status":"open","ping_status":"closed","template":"","meta":[],"product_brand":[],"product_cat":[70],"product_tag":[76,75,74,73],"class_list":{"0":"post-347","1":"product","2":"type-product","3":"status-publish","4":"has-post-thumbnail","6":"product_cat-vikblojor","7":"product_tag-muslin","8":"product_tag-muslinfilt","9":"product_tag-tygbloja","10":"product_tag-vikbloja","12":"first","13":"instock","14":"featured","15":"taxable","16":"shipping-taxable","17":"purchasable","18":"product-type-variable"},"bundled_by":["1038","1038","1038","1038","1038","1038","1038","1038","1038","1038","1038","1038","2713","2713","2713","2713","2713","2713","2713","2713","2713","2713"],"bundle_stock_status":"instock","bundle_stock_quantity":null,"bundle_virtual":false,"bundle_layout":"","bundle_add_to_cart_form_location":"","bundle_editable_in_cart":false,"bundle_sold_individually_context":"","bundle_item_grouping":"","bundle_min_size":"","bundle_max_size":"","bundle_price":[],"bundled_items":[],"bundle_sell_ids":[],"yoast_head":"<!-- This site is optimized with the Yoast SEO plugin v27.5 - https:\/\/yoast.com\/product\/yoast-seo-wordpress\/ -->\n<title>Vikbl\u00f6jor i bambu\/bomull - Green Poppy<\/title>\n<meta name=\"description\" content=\"Supermjuka vikbl\u00f6jor som best\u00e5r av bomull och bambu, m\u00e4ter 75x75 cm. Kompletteras med ett pul-skal. Vikisarna \u00e4r mjuka och sk\u00f6na, redo att anv\u00e4ndas!\" \/>\n<meta name=\"robots\" content=\"index, follow, max-snippet:-1, max-image-preview:large, max-video-preview:-1\" \/>\n<link rel=\"canonical\" href=\"https:\/\/greenpoppy.se\/en\/product\/vikblojor\/\" \/>\n<meta property=\"og:locale\" content=\"en_GB\" \/>\n<meta property=\"og:type\" content=\"article\" \/>\n<meta property=\"og:title\" content=\"Vikbl\u00f6jor i bambu\/bomull - Green Poppy\" \/>\n<meta property=\"og:description\" content=\"Supermjuka vikbl\u00f6jor som best\u00e5r av bomull och bambu, m\u00e4ter 75x75 cm. Kompletteras med ett pul-skal. Vikisarna \u00e4r mjuka och sk\u00f6na, redo att anv\u00e4ndas!\" \/>\n<meta property=\"og:url\" content=\"https:\/\/greenpoppy.se\/en\/product\/vikblojor\/\" \/>\n<meta property=\"og:site_name\" content=\"Green Poppy\" \/>\n<meta property=\"article:publisher\" content=\"https:\/\/www.facebook.com\/profile.php?id=61554367862205\" \/>\n<meta property=\"article:modified_time\" content=\"2026-04-30T14:39:18+00:00\" \/>\n<meta property=\"og:image\" content=\"https:\/\/greenpoppy.se\/wp-content\/uploads\/2024\/07\/IMG_0208-2.jpg\" \/>\n\t<meta property=\"og:image:width\" content=\"1365\" \/>\n\t<meta property=\"og:image:height\" content=\"2048\" \/>\n\t<meta property=\"og:image:type\" content=\"image\/jpeg\" \/>\n<meta name=\"twitter:card\" content=\"summary_large_image\" \/>\n<meta name=\"twitter:label1\" content=\"Estimated reading time\" \/>\n\t<meta name=\"twitter:data1\" content=\"2 minutes\" \/>\n<script type=\"application\/ld+json\" class=\"yoast-schema-graph\">{\"@context\":\"https:\\\/\\\/schema.org\",\"@graph\":[{\"@type\":\"WebPage\",\"@id\":\"https:\\\/\\\/greenpoppy.se\\\/produkt\\\/vikblojor\\\/\",\"url\":\"https:\\\/\\\/greenpoppy.se\\\/produkt\\\/vikblojor\\\/\",\"name\":\"Vikbl\u00f6jor i bambu\\\/bomull - Green Poppy\",\"isPartOf\":{\"@id\":\"https:\\\/\\\/greenpoppy.se\\\/en\\\/#website\"},\"primaryImageOfPage\":{\"@id\":\"https:\\\/\\\/greenpoppy.se\\\/produkt\\\/vikblojor\\\/#primaryimage\"},\"image\":{\"@id\":\"https:\\\/\\\/greenpoppy.se\\\/produkt\\\/vikblojor\\\/#primaryimage\"},\"thumbnailUrl\":\"https:\\\/\\\/greenpoppy.se\\\/wp-content\\\/uploads\\\/2024\\\/07\\\/IMG_0208-2.jpg\",\"datePublished\":\"2023-12-15T20:57:45+00:00\",\"dateModified\":\"2026-04-30T14:39:18+00:00\",\"description\":\"Supermjuka vikbl\u00f6jor som best\u00e5r av bomull och bambu, m\u00e4ter 75x75 cm. Kompletteras med ett pul-skal. Vikisarna \u00e4r mjuka och sk\u00f6na, redo att anv\u00e4ndas!\",\"breadcrumb\":{\"@id\":\"https:\\\/\\\/greenpoppy.se\\\/produkt\\\/vikblojor\\\/#breadcrumb\"},\"inLanguage\":\"en-GB\",\"potentialAction\":[{\"@type\":\"ReadAction\",\"target\":[\"https:\\\/\\\/greenpoppy.se\\\/produkt\\\/vikblojor\\\/\"]}]},{\"@type\":\"ImageObject\",\"inLanguage\":\"en-GB\",\"@id\":\"https:\\\/\\\/greenpoppy.se\\\/produkt\\\/vikblojor\\\/#primaryimage\",\"url\":\"https:\\\/\\\/greenpoppy.se\\\/wp-content\\\/uploads\\\/2024\\\/07\\\/IMG_0208-2.jpg\",\"contentUrl\":\"https:\\\/\\\/greenpoppy.se\\\/wp-content\\\/uploads\\\/2024\\\/07\\\/IMG_0208-2.jpg\",\"width\":1365,\"height\":2048,\"caption\":\"mjuka vikbl\u00f6jor i bambu i olika f\u00e4rger\"},{\"@type\":\"BreadcrumbList\",\"@id\":\"https:\\\/\\\/greenpoppy.se\\\/produkt\\\/vikblojor\\\/#breadcrumb\",\"itemListElement\":[{\"@type\":\"ListItem\",\"position\":1,\"name\":\"Hem\",\"item\":\"https:\\\/\\\/greenpoppy.se\\\/\"},{\"@type\":\"ListItem\",\"position\":2,\"name\":\"Butik\",\"item\":\"https:\\\/\\\/greenpoppy.se\\\/butik\\\/\"},{\"@type\":\"ListItem\",\"position\":3,\"name\":\"Vikbl\u00f6jor i bambu\\\/bomull\"}]},{\"@type\":\"WebSite\",\"@id\":\"https:\\\/\\\/greenpoppy.se\\\/en\\\/#website\",\"url\":\"https:\\\/\\\/greenpoppy.se\\\/en\\\/\",\"name\":\"Green Poppy\",\"description\":\"H\u00e5llbara och \u00e5teranv\u00e4ndbara tygbl\u00f6jor\",\"publisher\":{\"@id\":\"https:\\\/\\\/greenpoppy.se\\\/en\\\/#organization\"},\"potentialAction\":[{\"@type\":\"SearchAction\",\"target\":{\"@type\":\"EntryPoint\",\"urlTemplate\":\"https:\\\/\\\/greenpoppy.se\\\/en\\\/?s={search_term_string}\"},\"query-input\":{\"@type\":\"PropertyValueSpecification\",\"valueRequired\":true,\"valueName\":\"search_term_string\"}}],\"inLanguage\":\"en-GB\"},{\"@type\":\"Organization\",\"@id\":\"https:\\\/\\\/greenpoppy.se\\\/en\\\/#organization\",\"name\":\"Green Poppy\",\"url\":\"https:\\\/\\\/greenpoppy.se\\\/en\\\/\",\"logo\":{\"@type\":\"ImageObject\",\"inLanguage\":\"en-GB\",\"@id\":\"https:\\\/\\\/greenpoppy.se\\\/en\\\/#\\\/schema\\\/logo\\\/image\\\/\",\"url\":\"https:\\\/\\\/greenpoppy.se\\\/wp-content\\\/uploads\\\/2025\\\/01\\\/Logga_Officiell.svg\",\"contentUrl\":\"https:\\\/\\\/greenpoppy.se\\\/wp-content\\\/uploads\\\/2025\\\/01\\\/Logga_Officiell.svg\",\"width\":1,\"height\":1,\"caption\":\"Green Poppy\"},\"image\":{\"@id\":\"https:\\\/\\\/greenpoppy.se\\\/en\\\/#\\\/schema\\\/logo\\\/image\\\/\"},\"sameAs\":[\"https:\\\/\\\/www.facebook.com\\\/profile.php?id=61554367862205\",\"https:\\\/\\\/www.instagram.com\\\/greenpoppy.se\\\/\"]}]}<\/script>\n<!-- \/ Yoast SEO plugin. -->","yoast_head_json":{"title":"Vikbl\u00f6jor i bambu\/bomull - Green Poppy","description":"Supermjuka vikbl\u00f6jor som best\u00e5r av bomull och bambu, m\u00e4ter 75x75 cm. Kompletteras med ett pul-skal. Vikisarna \u00e4r mjuka och sk\u00f6na, redo att anv\u00e4ndas!","robots":{"index":"index","follow":"follow","max-snippet":"max-snippet:-1","max-image-preview":"max-image-preview:large","max-video-preview":"max-video-preview:-1"},"canonical":"https:\/\/greenpoppy.se\/en\/product\/vikblojor\/","og_locale":"en_GB","og_type":"article","og_title":"Vikbl\u00f6jor i bambu\/bomull - Green Poppy","og_description":"Supermjuka vikbl\u00f6jor som best\u00e5r av bomull och bambu, m\u00e4ter 75x75 cm. Kompletteras med ett pul-skal. Vikisarna \u00e4r mjuka och sk\u00f6na, redo att anv\u00e4ndas!","og_url":"https:\/\/greenpoppy.se\/en\/product\/vikblojor\/","og_site_name":"Green Poppy","article_publisher":"https:\/\/www.facebook.com\/profile.php?id=61554367862205","article_modified_time":"2026-04-30T14:39:18+00:00","og_image":[{"width":1365,"height":2048,"url":"https:\/\/greenpoppy.se\/wp-content\/uploads\/2024\/07\/IMG_0208-2.jpg","type":"image\/jpeg"}],"twitter_card":"summary_large_image","twitter_misc":{"Estimated reading time":"2 minutes"},"schema":{"@context":"https:\/\/schema.org","@graph":[{"@type":"WebPage","@id":"https:\/\/greenpoppy.se\/produkt\/vikblojor\/","url":"https:\/\/greenpoppy.se\/produkt\/vikblojor\/","name":"Vikbl\u00f6jor i bambu\/bomull - Green Poppy","isPartOf":{"@id":"https:\/\/greenpoppy.se\/en\/#website"},"primaryImageOfPage":{"@id":"https:\/\/greenpoppy.se\/produkt\/vikblojor\/#primaryimage"},"image":{"@id":"https:\/\/greenpoppy.se\/produkt\/vikblojor\/#primaryimage"},"thumbnailUrl":"https:\/\/greenpoppy.se\/wp-content\/uploads\/2024\/07\/IMG_0208-2.jpg","datePublished":"2023-12-15T20:57:45+00:00","dateModified":"2026-04-30T14:39:18+00:00","description":"Supermjuka vikbl\u00f6jor som best\u00e5r av bomull och bambu, m\u00e4ter 75x75 cm. Kompletteras med ett pul-skal. Vikisarna \u00e4r mjuka och sk\u00f6na, redo att anv\u00e4ndas!","breadcrumb":{"@id":"https:\/\/greenpoppy.se\/produkt\/vikblojor\/#breadcrumb"},"inLanguage":"en-GB","potentialAction":[{"@type":"ReadAction","target":["https:\/\/greenpoppy.se\/produkt\/vikblojor\/"]}]},{"@type":"ImageObject","inLanguage":"en-GB","@id":"https:\/\/greenpoppy.se\/produkt\/vikblojor\/#primaryimage","url":"https:\/\/greenpoppy.se\/wp-content\/uploads\/2024\/07\/IMG_0208-2.jpg","contentUrl":"https:\/\/greenpoppy.se\/wp-content\/uploads\/2024\/07\/IMG_0208-2.jpg","width":1365,"height":2048,"caption":"mjuka vikbl\u00f6jor i bambu i olika f\u00e4rger"},{"@type":"BreadcrumbList","@id":"https:\/\/greenpoppy.se\/produkt\/vikblojor\/#breadcrumb","itemListElement":[{"@type":"ListItem","position":1,"name":"Hem","item":"https:\/\/greenpoppy.se\/"},{"@type":"ListItem","position":2,"name":"Butik","item":"https:\/\/greenpoppy.se\/butik\/"},{"@type":"ListItem","position":3,"name":"Vikbl\u00f6jor i bambu\/bomull"}]},{"@type":"WebSite","@id":"https:\/\/greenpoppy.se\/en\/#website","url":"https:\/\/greenpoppy.se\/en\/","name":"Green Poppy","description":"H\u00e5llbara och \u00e5teranv\u00e4ndbara tygbl\u00f6jor","publisher":{"@id":"https:\/\/greenpoppy.se\/en\/#organization"},"potentialAction":[{"@type":"SearchAction","target":{"@type":"EntryPoint","urlTemplate":"https:\/\/greenpoppy.se\/en\/?s={search_term_string}"},"query-input":{"@type":"PropertyValueSpecification","valueRequired":true,"valueName":"search_term_string"}}],"inLanguage":"en-GB"},{"@type":"Organization","@id":"https:\/\/greenpoppy.se\/en\/#organization","name":"Green Poppy","url":"https:\/\/greenpoppy.se\/en\/","logo":{"@type":"ImageObject","inLanguage":"en-GB","@id":"https:\/\/greenpoppy.se\/en\/#\/schema\/logo\/image\/","url":"https:\/\/greenpoppy.se\/wp-content\/uploads\/2025\/01\/Logga_Officiell.svg","contentUrl":"https:\/\/greenpoppy.se\/wp-content\/uploads\/2025\/01\/Logga_Officiell.svg","width":1,"height":1,"caption":"Green Poppy"},"image":{"@id":"https:\/\/greenpoppy.se\/en\/#\/schema\/logo\/image\/"},"sameAs":["https:\/\/www.facebook.com\/profile.php?id=61554367862205","https:\/\/www.instagram.com\/greenpoppy.se\/"]}]}},"_links":{"self":[{"href":"https:\/\/greenpoppy.se\/en\/wp-json\/wp\/v2\/product\/347","targetHints":{"allow":["GET"]}}],"collection":[{"href":"https:\/\/greenpoppy.se\/en\/wp-json\/wp\/v2\/product"}],"about":[{"href":"https:\/\/greenpoppy.se\/en\/wp-json\/wp\/v2\/types\/product"}],"replies":[{"embeddable":true,"href":"https:\/\/greenpoppy.se\/en\/wp-json\/wp\/v2\/comments?post=347"}],"wp:featuredmedia":[{"embeddable":true,"href":"https:\/\/greenpoppy.se\/en\/wp-json\/wp\/v2\/media\/1846"}],"wp:attachment":[{"href":"https:\/\/greenpoppy.se\/en\/wp-json\/wp\/v2\/media?parent=347"}],"wp:term":[{"taxonomy":"product_brand","embeddable":true,"href":"https:\/\/greenpoppy.se\/en\/wp-json\/wp\/v2\/product_brand?post=347"},{"taxonomy":"product_cat","embeddable":true,"href":"https:\/\/greenpoppy.se\/en\/wp-json\/wp\/v2\/product_cat?post=347"},{"taxonomy":"product_tag","embeddable":true,"href":"https:\/\/greenpoppy.se\/en\/wp-json\/wp\/v2\/product_tag?post=347"}],"curies":[{"name":"wp","href":"https:\/\/api.w.org\/{rel}","templated":true}]}}