{"id":4606,"date":"2025-04-04T17:39:40","date_gmt":"2025-04-04T15:39:40","guid":{"rendered":"https:\/\/greenpoppy.se\/?post_type=product&#038;p=4606"},"modified":"2026-04-07T13:15:42","modified_gmt":"2026-04-07T11:15:42","slug":"pul-pase-medium","status":"publish","type":"product","link":"https:\/\/greenpoppy.se\/en\/product\/pul-pase-medium\/","title":{"rendered":"Pul-p\u00e5se Medium"},"content":{"rendered":"<h2>Pul-p\u00e5se medium \u2013 rymlig och praktiskt f\u00f6rvaring<\/h2>\n<p data-start=\"235\" data-end=\"630\">V\u00e5r pul-p\u00e5se medium \u00e4r din n\u00e4sta favoritprodukt! Det finns inget som sl\u00e5r en bra f\u00f6rvaringsl\u00f6sning, och v\u00e5r pul-p\u00e5se i mediumstorlek lever verkligen upp till f\u00f6rv\u00e4ntningarna. Med sina 27 cm i h\u00f6jd och 35 cm i bredd erbjuder den ett gener\u00f6st utrymme f\u00f6r alla dina saker, fr\u00e5n bl\u00f6jor till kl\u00e4der eller andra n\u00f6dv\u00e4ndigheter. Tack vare den smarta pyramidbotten st\u00e5r p\u00e5sen stadigt n\u00e4r den \u00e4r fylld, vilket g\u00f6r den b\u00e5de funktionell och praktisk.<\/p>\n<p data-start=\"632\" data-end=\"1063\">Vad som verkligen g\u00f6r denna p\u00e5se till ett bra val \u00e4r materialet \u2013 pul (Polyuretan Laminat). Det \u00e4r ett otroligt slitstarkt och vattent\u00e5ligt material som g\u00f6r att p\u00e5sen skyddar allt som finns inuti fr\u00e5n fukt. Denna p\u00e5se har <strong>dubbla lager av pul<\/strong>, vilket g\u00f6r att den \u00e4r \u00e4nnu mer h\u00e5llbar och anv\u00e4ndbar. Oavsett om det \u00e4r smutsiga kl\u00e4der eller bl\u00f6jor, kan du vara s\u00e4ker p\u00e5 att p\u00e5sen h\u00e5ller dem torra och fr\u00e4scha. Pul \u00e4r dessutom ett l\u00e4ttsk\u00f6tt material som kan tv\u00e4ttas om och om igen utan att f\u00f6rlora sin funktion eller kvalitet.<\/p>\n<h3 data-start=\"632\" data-end=\"1063\">H\u00e5llbarhet<\/h3>\n<p data-start=\"1065\" data-end=\"1412\">P\u00e5sen \u00e4r designad f\u00f6r att vara enkel att anv\u00e4nda. Den har en dragkedja p\u00e5 toppen, vilket g\u00f6r att du snabbt kan st\u00e4nga p\u00e5sen ordentligt och s\u00e4kerst\u00e4lla att inget ramlar ur. Den stora \u00f6glorna p\u00e5 sidor g\u00f6r det m\u00f6jligt att h\u00e4nga upp p\u00e5sen d\u00e4r det passar b\u00e4st \u2013 perfekt f\u00f6r att h\u00e5lla ordning p\u00e5 saker n\u00e4r du inte vill ha dem liggande p\u00e5 en yta. Du kan till exempel h\u00e4nga p\u00e5sen \u00f6ver styret p\u00e5 barnvagnen, s\u00e5 smidigt!<\/p>\n<p data-start=\"1414\" data-end=\"1946\">En av de stora f\u00f6rdelarna med denna pul-p\u00e5se \u00e4r att den erbjuder l\u00e5ngvarig anv\u00e4ndning. Eftersom pul \u00e4r f\u00e4rg\u00e4kta slipper du oroa dig f\u00f6r att p\u00e5sen ska bli missf\u00e4rgad. Den kommer heller inte f\u00f6rlora sin f\u00f6rm\u00e5ga att h\u00e5lla v\u00e4tska efter n\u00e5gra tv\u00e4ttar. Det h\u00e5ller \u00e5r efter \u00e5r och t\u00e5l b\u00e5de slitage och upprepad tv\u00e4tt. Pul-p\u00e5sarna \u00e4r ocks\u00e5 milj\u00f6v\u00e4nliga, eftersom de minskar behovet av att anv\u00e4nda eng\u00e5ngsprodukter eller plastp\u00e5sar som snabbt blir slitna och kasseras.<\/p>\n<p data-start=\"1948\" data-end=\"2325\" data-is-last-node=\"\" data-is-only-node=\"\">Det h\u00e4r \u00e4r en p\u00e5se som g\u00f6r livet enklare f\u00f6r dig. Den \u00e4r inte bara praktisk f\u00f6r f\u00f6rvaring av bl\u00f6jor eller tv\u00e4tt, utan den fungerar ocks\u00e5 bra f\u00f6r att f\u00f6rvara bl\u00f6jor eller smutsiga kl\u00e4der i andra sammanhang. H\u00e4ng den upp i tv\u00e4ttstugan, p\u00e5 barnrummet eller d\u00e4r du vill ha ordning och reda. Oavsett var du v\u00e4ljer att anv\u00e4nda den, kommer den att vara ett p\u00e5litligt och h\u00e5llbart val.<\/p>\n<h3 data-start=\"1948\" data-end=\"2325\">Material och sk\u00f6tsel<\/h3>\n<p data-start=\"1948\" data-end=\"2325\" data-is-last-node=\"\" data-is-only-node=\"\">100&amp; polyester (polyuretan laminerat polyestertyg)<\/p>\n<p data-start=\"1948\" data-end=\"2325\" data-is-last-node=\"\" data-is-only-node=\"\">Tv\u00e4tta p\u00e5sen ut och in p\u00e5 60 grader. Denna p\u00e5se vill inte torktumlas utan ska h\u00e4ngtorkas utan v\u00e4rme (inte p\u00e5 en handdukstork eller liknande).<\/p>\n<p data-start=\"1948\" data-end=\"2325\" data-is-last-node=\"\" data-is-only-node=\"\">Green Poppy \u00e4r stolt samarbetspartner till <a href=\"https:\/\/blojupproret.se\">Bl\u00f6jupproret<\/a>!<\/p>","protected":false},"excerpt":{"rendered":"<p>En pul-p\u00e5se av h\u00f6gsta kvalitet med dubbla lager pul. Dragkedja och h\u00e4ng\u00f6glor g\u00f6r att p\u00e5sen \u00e4r praktiskt att anv\u00e4nda.<\/p>","protected":false},"featured_media":4735,"comment_status":"open","ping_status":"closed","template":"","meta":[],"product_brand":[],"product_cat":[128],"product_tag":[],"class_list":{"0":"post-4606","1":"product","2":"type-product","3":"status-publish","4":"has-post-thumbnail","6":"product_cat-pul-pasar","8":"first","9":"instock","10":"taxable","11":"shipping-taxable","12":"purchasable","13":"product-type-variable"},"bundled_by":["5525"],"bundle_stock_status":"instock","bundle_stock_quantity":null,"bundle_virtual":false,"bundle_layout":"","bundle_add_to_cart_form_location":"","bundle_editable_in_cart":false,"bundle_sold_individually_context":"","bundle_item_grouping":"","bundle_min_size":"","bundle_max_size":"","bundle_price":[],"bundled_items":[],"bundle_sell_ids":[],"yoast_head":"<!-- This site is optimized with the Yoast SEO plugin v27.5 - https:\/\/yoast.com\/product\/yoast-seo-wordpress\/ -->\n<title>Pul-p\u00e5se Medium - Green Poppy<\/title>\n<meta name=\"description\" content=\"Pul-p\u00e5se medium \u00e4r en lyxig wet bag som du kan h\u00e4nga p\u00e5 tex vagnen med de dubbla \u00f6glorna. P\u00e5sen har dubbla fack och dubbla lager pul.\" \/>\n<meta name=\"robots\" content=\"index, follow, max-snippet:-1, max-image-preview:large, max-video-preview:-1\" \/>\n<link rel=\"canonical\" href=\"https:\/\/greenpoppy.se\/en\/product\/pul-pase-medium\/\" \/>\n<meta property=\"og:locale\" content=\"en_GB\" \/>\n<meta property=\"og:type\" content=\"article\" \/>\n<meta property=\"og:title\" content=\"Pul-p\u00e5se Medium - Green Poppy\" \/>\n<meta property=\"og:description\" content=\"Pul-p\u00e5se medium \u00e4r en lyxig wet bag som du kan h\u00e4nga p\u00e5 tex vagnen med de dubbla \u00f6glorna. P\u00e5sen har dubbla fack och dubbla lager pul.\" \/>\n<meta property=\"og:url\" content=\"https:\/\/greenpoppy.se\/en\/product\/pul-pase-medium\/\" \/>\n<meta property=\"og:site_name\" content=\"Green Poppy\" \/>\n<meta property=\"article:publisher\" content=\"https:\/\/www.facebook.com\/profile.php?id=61554367862205\" \/>\n<meta property=\"article:modified_time\" content=\"2026-04-07T11:15:42+00:00\" \/>\n<meta property=\"og:image\" content=\"https:\/\/greenpoppy.se\/wp-content\/uploads\/2025\/04\/DSC_9110-1.jpg\" \/>\n\t<meta property=\"og:image:width\" content=\"2048\" \/>\n\t<meta property=\"og:image:height\" content=\"1480\" \/>\n\t<meta property=\"og:image:type\" content=\"image\/jpeg\" \/>\n<meta name=\"twitter:card\" content=\"summary_large_image\" \/>\n<meta name=\"twitter:label1\" content=\"Estimated reading time\" \/>\n\t<meta name=\"twitter:data1\" content=\"3 minutes\" \/>\n<script type=\"application\/ld+json\" class=\"yoast-schema-graph\">{\"@context\":\"https:\\\/\\\/schema.org\",\"@graph\":[{\"@type\":\"WebPage\",\"@id\":\"https:\\\/\\\/greenpoppy.se\\\/produkt\\\/pul-pase-medium\\\/\",\"url\":\"https:\\\/\\\/greenpoppy.se\\\/produkt\\\/pul-pase-medium\\\/\",\"name\":\"Pul-p\u00e5se Medium - Green Poppy\",\"isPartOf\":{\"@id\":\"https:\\\/\\\/greenpoppy.se\\\/en\\\/#website\"},\"primaryImageOfPage\":{\"@id\":\"https:\\\/\\\/greenpoppy.se\\\/produkt\\\/pul-pase-medium\\\/#primaryimage\"},\"image\":{\"@id\":\"https:\\\/\\\/greenpoppy.se\\\/produkt\\\/pul-pase-medium\\\/#primaryimage\"},\"thumbnailUrl\":\"https:\\\/\\\/greenpoppy.se\\\/wp-content\\\/uploads\\\/2025\\\/04\\\/DSC_9110-1.jpg\",\"datePublished\":\"2025-04-04T15:39:40+00:00\",\"dateModified\":\"2026-04-07T11:15:42+00:00\",\"description\":\"Pul-p\u00e5se medium \u00e4r en lyxig wet bag som du kan h\u00e4nga p\u00e5 tex vagnen med de dubbla \u00f6glorna. P\u00e5sen har dubbla fack och dubbla lager pul.\",\"breadcrumb\":{\"@id\":\"https:\\\/\\\/greenpoppy.se\\\/produkt\\\/pul-pase-medium\\\/#breadcrumb\"},\"inLanguage\":\"en-GB\",\"potentialAction\":[{\"@type\":\"ReadAction\",\"target\":[\"https:\\\/\\\/greenpoppy.se\\\/produkt\\\/pul-pase-medium\\\/\"]}]},{\"@type\":\"ImageObject\",\"inLanguage\":\"en-GB\",\"@id\":\"https:\\\/\\\/greenpoppy.se\\\/produkt\\\/pul-pase-medium\\\/#primaryimage\",\"url\":\"https:\\\/\\\/greenpoppy.se\\\/wp-content\\\/uploads\\\/2025\\\/04\\\/DSC_9110-1.jpg\",\"contentUrl\":\"https:\\\/\\\/greenpoppy.se\\\/wp-content\\\/uploads\\\/2025\\\/04\\\/DSC_9110-1.jpg\",\"width\":2048,\"height\":1480},{\"@type\":\"BreadcrumbList\",\"@id\":\"https:\\\/\\\/greenpoppy.se\\\/produkt\\\/pul-pase-medium\\\/#breadcrumb\",\"itemListElement\":[{\"@type\":\"ListItem\",\"position\":1,\"name\":\"Hem\",\"item\":\"https:\\\/\\\/greenpoppy.se\\\/\"},{\"@type\":\"ListItem\",\"position\":2,\"name\":\"Butik\",\"item\":\"https:\\\/\\\/greenpoppy.se\\\/butik\\\/\"},{\"@type\":\"ListItem\",\"position\":3,\"name\":\"Pul-p\u00e5se Medium\"}]},{\"@type\":\"WebSite\",\"@id\":\"https:\\\/\\\/greenpoppy.se\\\/en\\\/#website\",\"url\":\"https:\\\/\\\/greenpoppy.se\\\/en\\\/\",\"name\":\"Green Poppy\",\"description\":\"H\u00e5llbara och \u00e5teranv\u00e4ndbara tygbl\u00f6jor\",\"publisher\":{\"@id\":\"https:\\\/\\\/greenpoppy.se\\\/en\\\/#organization\"},\"potentialAction\":[{\"@type\":\"SearchAction\",\"target\":{\"@type\":\"EntryPoint\",\"urlTemplate\":\"https:\\\/\\\/greenpoppy.se\\\/en\\\/?s={search_term_string}\"},\"query-input\":{\"@type\":\"PropertyValueSpecification\",\"valueRequired\":true,\"valueName\":\"search_term_string\"}}],\"inLanguage\":\"en-GB\"},{\"@type\":\"Organization\",\"@id\":\"https:\\\/\\\/greenpoppy.se\\\/en\\\/#organization\",\"name\":\"Green Poppy\",\"url\":\"https:\\\/\\\/greenpoppy.se\\\/en\\\/\",\"logo\":{\"@type\":\"ImageObject\",\"inLanguage\":\"en-GB\",\"@id\":\"https:\\\/\\\/greenpoppy.se\\\/en\\\/#\\\/schema\\\/logo\\\/image\\\/\",\"url\":\"https:\\\/\\\/greenpoppy.se\\\/wp-content\\\/uploads\\\/2025\\\/01\\\/Logga_Officiell.svg\",\"contentUrl\":\"https:\\\/\\\/greenpoppy.se\\\/wp-content\\\/uploads\\\/2025\\\/01\\\/Logga_Officiell.svg\",\"width\":1,\"height\":1,\"caption\":\"Green Poppy\"},\"image\":{\"@id\":\"https:\\\/\\\/greenpoppy.se\\\/en\\\/#\\\/schema\\\/logo\\\/image\\\/\"},\"sameAs\":[\"https:\\\/\\\/www.facebook.com\\\/profile.php?id=61554367862205\",\"https:\\\/\\\/www.instagram.com\\\/greenpoppy.se\\\/\"]}]}<\/script>\n<!-- \/ Yoast SEO plugin. -->","yoast_head_json":{"title":"Pul-p\u00e5se Medium - Green Poppy","description":"Pul-p\u00e5se medium \u00e4r en lyxig wet bag som du kan h\u00e4nga p\u00e5 tex vagnen med de dubbla \u00f6glorna. P\u00e5sen har dubbla fack och dubbla lager pul.","robots":{"index":"index","follow":"follow","max-snippet":"max-snippet:-1","max-image-preview":"max-image-preview:large","max-video-preview":"max-video-preview:-1"},"canonical":"https:\/\/greenpoppy.se\/en\/product\/pul-pase-medium\/","og_locale":"en_GB","og_type":"article","og_title":"Pul-p\u00e5se Medium - Green Poppy","og_description":"Pul-p\u00e5se medium \u00e4r en lyxig wet bag som du kan h\u00e4nga p\u00e5 tex vagnen med de dubbla \u00f6glorna. P\u00e5sen har dubbla fack och dubbla lager pul.","og_url":"https:\/\/greenpoppy.se\/en\/product\/pul-pase-medium\/","og_site_name":"Green Poppy","article_publisher":"https:\/\/www.facebook.com\/profile.php?id=61554367862205","article_modified_time":"2026-04-07T11:15:42+00:00","og_image":[{"width":2048,"height":1480,"url":"https:\/\/greenpoppy.se\/wp-content\/uploads\/2025\/04\/DSC_9110-1.jpg","type":"image\/jpeg"}],"twitter_card":"summary_large_image","twitter_misc":{"Estimated reading time":"3 minutes"},"schema":{"@context":"https:\/\/schema.org","@graph":[{"@type":"WebPage","@id":"https:\/\/greenpoppy.se\/produkt\/pul-pase-medium\/","url":"https:\/\/greenpoppy.se\/produkt\/pul-pase-medium\/","name":"Pul-p\u00e5se Medium - Green Poppy","isPartOf":{"@id":"https:\/\/greenpoppy.se\/en\/#website"},"primaryImageOfPage":{"@id":"https:\/\/greenpoppy.se\/produkt\/pul-pase-medium\/#primaryimage"},"image":{"@id":"https:\/\/greenpoppy.se\/produkt\/pul-pase-medium\/#primaryimage"},"thumbnailUrl":"https:\/\/greenpoppy.se\/wp-content\/uploads\/2025\/04\/DSC_9110-1.jpg","datePublished":"2025-04-04T15:39:40+00:00","dateModified":"2026-04-07T11:15:42+00:00","description":"Pul-p\u00e5se medium \u00e4r en lyxig wet bag som du kan h\u00e4nga p\u00e5 tex vagnen med de dubbla \u00f6glorna. P\u00e5sen har dubbla fack och dubbla lager pul.","breadcrumb":{"@id":"https:\/\/greenpoppy.se\/produkt\/pul-pase-medium\/#breadcrumb"},"inLanguage":"en-GB","potentialAction":[{"@type":"ReadAction","target":["https:\/\/greenpoppy.se\/produkt\/pul-pase-medium\/"]}]},{"@type":"ImageObject","inLanguage":"en-GB","@id":"https:\/\/greenpoppy.se\/produkt\/pul-pase-medium\/#primaryimage","url":"https:\/\/greenpoppy.se\/wp-content\/uploads\/2025\/04\/DSC_9110-1.jpg","contentUrl":"https:\/\/greenpoppy.se\/wp-content\/uploads\/2025\/04\/DSC_9110-1.jpg","width":2048,"height":1480},{"@type":"BreadcrumbList","@id":"https:\/\/greenpoppy.se\/produkt\/pul-pase-medium\/#breadcrumb","itemListElement":[{"@type":"ListItem","position":1,"name":"Hem","item":"https:\/\/greenpoppy.se\/"},{"@type":"ListItem","position":2,"name":"Butik","item":"https:\/\/greenpoppy.se\/butik\/"},{"@type":"ListItem","position":3,"name":"Pul-p\u00e5se Medium"}]},{"@type":"WebSite","@id":"https:\/\/greenpoppy.se\/en\/#website","url":"https:\/\/greenpoppy.se\/en\/","name":"Green Poppy","description":"H\u00e5llbara och \u00e5teranv\u00e4ndbara tygbl\u00f6jor","publisher":{"@id":"https:\/\/greenpoppy.se\/en\/#organization"},"potentialAction":[{"@type":"SearchAction","target":{"@type":"EntryPoint","urlTemplate":"https:\/\/greenpoppy.se\/en\/?s={search_term_string}"},"query-input":{"@type":"PropertyValueSpecification","valueRequired":true,"valueName":"search_term_string"}}],"inLanguage":"en-GB"},{"@type":"Organization","@id":"https:\/\/greenpoppy.se\/en\/#organization","name":"Green Poppy","url":"https:\/\/greenpoppy.se\/en\/","logo":{"@type":"ImageObject","inLanguage":"en-GB","@id":"https:\/\/greenpoppy.se\/en\/#\/schema\/logo\/image\/","url":"https:\/\/greenpoppy.se\/wp-content\/uploads\/2025\/01\/Logga_Officiell.svg","contentUrl":"https:\/\/greenpoppy.se\/wp-content\/uploads\/2025\/01\/Logga_Officiell.svg","width":1,"height":1,"caption":"Green Poppy"},"image":{"@id":"https:\/\/greenpoppy.se\/en\/#\/schema\/logo\/image\/"},"sameAs":["https:\/\/www.facebook.com\/profile.php?id=61554367862205","https:\/\/www.instagram.com\/greenpoppy.se\/"]}]}},"_links":{"self":[{"href":"https:\/\/greenpoppy.se\/en\/wp-json\/wp\/v2\/product\/4606","targetHints":{"allow":["GET"]}}],"collection":[{"href":"https:\/\/greenpoppy.se\/en\/wp-json\/wp\/v2\/product"}],"about":[{"href":"https:\/\/greenpoppy.se\/en\/wp-json\/wp\/v2\/types\/product"}],"replies":[{"embeddable":true,"href":"https:\/\/greenpoppy.se\/en\/wp-json\/wp\/v2\/comments?post=4606"}],"wp:featuredmedia":[{"embeddable":true,"href":"https:\/\/greenpoppy.se\/en\/wp-json\/wp\/v2\/media\/4735"}],"wp:attachment":[{"href":"https:\/\/greenpoppy.se\/en\/wp-json\/wp\/v2\/media?parent=4606"}],"wp:term":[{"taxonomy":"product_brand","embeddable":true,"href":"https:\/\/greenpoppy.se\/en\/wp-json\/wp\/v2\/product_brand?post=4606"},{"taxonomy":"product_cat","embeddable":true,"href":"https:\/\/greenpoppy.se\/en\/wp-json\/wp\/v2\/product_cat?post=4606"},{"taxonomy":"product_tag","embeddable":true,"href":"https:\/\/greenpoppy.se\/en\/wp-json\/wp\/v2\/product_tag?post=4606"}],"curies":[{"name":"wp","href":"https:\/\/api.w.org\/{rel}","templated":true}]}}