{"id":4621,"date":"2025-04-04T17:39:41","date_gmt":"2025-04-04T15:39:41","guid":{"rendered":"https:\/\/greenpoppy.se\/?post_type=product&#038;p=4621"},"modified":"2026-04-28T18:52:07","modified_gmt":"2026-04-28T16:52:07","slug":"pul-pase-mini","status":"publish","type":"product","link":"https:\/\/greenpoppy.se\/en\/product\/pul-pase-mini\/","title":{"rendered":"Wet bag mini"},"content":{"rendered":"<h2 data-start=\"0\" data-end=\"50\">Pul-p\u00e5se Mini &#8211; liten men otroligt anv\u00e4ndbar<\/h2>\n<p data-start=\"52\" data-end=\"307\">Ibland beh\u00f6ver du en smidig l\u00f6sning f\u00f6r att h\u00e5lla ordning p\u00e5 sm\u00e5saker. Pul-p\u00e5se Mini \u00e4r den minsta i v\u00e5r serie, men fortfarande lika praktisk. Med sina m\u00e5tt p\u00e5 13 x 14 cm \u00e4r den perfekt f\u00f6r dig som vill ha en organiserad sk\u00f6tv\u00e4ska, handv\u00e4ska eller necess\u00e4r.<\/p>\n<h2 data-start=\"309\" data-end=\"351\">M\u00e5ngsidig f\u00f6rvaring f\u00f6r sm\u00e5saker<\/h2>\n<p data-start=\"352\" data-end=\"751\">Den h\u00e4r lilla p\u00e5sen passar utm\u00e4rkt f\u00f6r tv\u00e4ttlappar, tygbindor, sminkpads eller sm\u00e5 inl\u00e4gg. Ist\u00e4llet f\u00f6r att l\u00e5ta saker hamna huller om buller i v\u00e4skan kan du samla allt p\u00e5 ett och samma st\u00e4lle. N\u00e4r du \u00e4r p\u00e5 spr\u00e5ng \u00e4r det sk\u00f6nt att snabbt hitta det du beh\u00f6ver. L\u00e4gg torra tv\u00e4ttlappar i p\u00e5sen innan du g\u00e5r hemifr\u00e5n, eller anv\u00e4nd den som en smidig f\u00f6rvaring f\u00f6r anv\u00e4nda tygbindor tills du kommer hem.<\/p>\n<h2 data-start=\"753\" data-end=\"801\">Genomt\u00e4nkt design f\u00f6r enkel anv\u00e4ndning i pul-p\u00e5se mini<\/h2>\n<p data-start=\"802\" data-end=\"1013\">P\u00e5sen har en dragkedja upptill som h\u00e5ller inneh\u00e5llet p\u00e5 plats. En \u00f6gla i h\u00f6rnet g\u00f6r att den kan h\u00e4ngas upp p\u00e5 en krok i badrummet eller f\u00e4stas p\u00e5 sk\u00f6tv\u00e4skan. Trots sin lilla storlek rymmer den mer \u00e4n man tror. Dubbla lager av pul g\u00f6r p\u00e5sen h\u00e5llbar och att den inte sl\u00e4pper genom lukt. Med sin smidiga lilla design \u00e4r den perfekt f\u00f6r att l\u00e4gga anv\u00e4nda tygbindor i n\u00e4r du \u00e4r p\u00e5 spr\u00e5ng.<\/p>\n<h2 data-start=\"1015\" data-end=\"1049\">Material av h\u00f6g kvalitet<\/h2>\n<p data-start=\"1050\" data-end=\"1196\">Pul-materialet g\u00f6r p\u00e5sen vattenavvisande samtidigt som det l\u00e5ter den andas. Dubbel pul ger extra h\u00e5llbarhet och ser till att p\u00e5sen h\u00e5ller l\u00e4nge.<\/p>\n<h2 data-start=\"1198\" data-end=\"1225\">Wash and Care<\/h2>\n<p data-start=\"1226\" data-end=\"1438\">F\u00f6r att h\u00e5lla p\u00e5sen fr\u00e4sch tv\u00e4ttar du den i 60 grader, ut och in. H\u00e4ngtorkning \u00e4r rekommenderat f\u00f6r att f\u00f6rl\u00e4nga livsl\u00e4ngden, eftersom torktumling kan p\u00e5verka PUL-bel\u00e4ggningen. Undvik sk\u00f6ljmedel och starka blekmedel.<\/p>\n<p data-start=\"1440\" data-end=\"1571\" data-is-last-node=\"\" data-is-only-node=\"\">Oavsett om du beh\u00f6ver en liten p\u00e5se f\u00f6r tv\u00e4ttlappar, tygbindor eller andra sm\u00e5saker, \u00e4r PUL-p\u00e5se Mini en smart och h\u00e5llbar l\u00f6sning!<\/p>\n<p data-start=\"1440\" data-end=\"1571\" data-is-last-node=\"\" data-is-only-node=\"\">Green Poppy \u00e4r samarbetspartner med <a href=\"https:\/\/blojupproret.se\">Bl\u00f6jupproret<\/a>!<\/p>","protected":false},"excerpt":{"rendered":"<p>V\u00e5r minsta pul-p\u00e5se som du kan f\u00f6rvara tv\u00e4ttlappar, sminkpads eller tygbindor i. St\u00e4ngs med en dragkedja, har dubbla lager med pul och m\u00e4ter 13 x 14 cm.<\/p>","protected":false},"featured_media":4337,"comment_status":"open","ping_status":"closed","template":"","meta":[],"product_brand":[],"product_cat":[128],"product_tag":[],"class_list":{"0":"post-4621","1":"product","2":"type-product","3":"status-publish","4":"has-post-thumbnail","6":"product_cat-pul-pasar","8":"first","9":"instock","10":"taxable","11":"shipping-taxable","12":"purchasable","13":"product-type-variable"},"bundled_by":[],"bundle_stock_status":"instock","bundle_stock_quantity":null,"bundle_virtual":false,"bundle_layout":"","bundle_add_to_cart_form_location":"","bundle_editable_in_cart":false,"bundle_sold_individually_context":"","bundle_item_grouping":"","bundle_min_size":"","bundle_max_size":"","bundle_price":[],"bundled_items":[],"bundle_sell_ids":[],"yoast_head":"<!-- This site is optimized with the Yoast SEO plugin v27.5 - https:\/\/yoast.com\/product\/yoast-seo-wordpress\/ -->\n<title>Pul-p\u00e5se Mini - Green Poppy<\/title>\n<meta name=\"description\" content=\"Pul-p\u00e5se mini \u00e4r v\u00e5r minsta wet bag. Du kan f\u00f6rvara tygbindor, tv\u00e4ttlappar, smink eller mellanm\u00e5l i den. Tv\u00e4ttbar och med dubbla lager pul.\" \/>\n<meta name=\"robots\" content=\"index, follow, max-snippet:-1, max-image-preview:large, max-video-preview:-1\" \/>\n<link rel=\"canonical\" href=\"https:\/\/greenpoppy.se\/en\/product\/pul-pase-mini\/\" \/>\n<meta property=\"og:locale\" content=\"en_GB\" \/>\n<meta property=\"og:type\" content=\"article\" \/>\n<meta property=\"og:title\" content=\"Pul-p\u00e5se Mini - Green Poppy\" \/>\n<meta property=\"og:description\" content=\"Pul-p\u00e5se mini \u00e4r v\u00e5r minsta wet bag. Du kan f\u00f6rvara tygbindor, tv\u00e4ttlappar, smink eller mellanm\u00e5l i den. Tv\u00e4ttbar och med dubbla lager pul.\" \/>\n<meta property=\"og:url\" content=\"https:\/\/greenpoppy.se\/en\/product\/pul-pase-mini\/\" \/>\n<meta property=\"og:site_name\" content=\"Green Poppy\" \/>\n<meta property=\"article:publisher\" content=\"https:\/\/www.facebook.com\/profile.php?id=61554367862205\" \/>\n<meta property=\"article:modified_time\" content=\"2026-04-28T16:52:07+00:00\" \/>\n<meta property=\"og:image\" content=\"https:\/\/greenpoppy.se\/wp-content\/uploads\/2025\/04\/DSC_9646-scaled-1.jpg\" \/>\n\t<meta property=\"og:image:width\" content=\"1707\" \/>\n\t<meta property=\"og:image:height\" content=\"2560\" \/>\n\t<meta property=\"og:image:type\" content=\"image\/jpeg\" \/>\n<meta name=\"twitter:card\" content=\"summary_large_image\" \/>\n<meta name=\"twitter:label1\" content=\"Estimated reading time\" \/>\n\t<meta name=\"twitter:data1\" content=\"2 minutes\" \/>\n<script type=\"application\/ld+json\" class=\"yoast-schema-graph\">{\"@context\":\"https:\\\/\\\/schema.org\",\"@graph\":[{\"@type\":\"WebPage\",\"@id\":\"https:\\\/\\\/greenpoppy.se\\\/produkt\\\/pul-pase-mini\\\/\",\"url\":\"https:\\\/\\\/greenpoppy.se\\\/produkt\\\/pul-pase-mini\\\/\",\"name\":\"Pul-p\u00e5se Mini - Green Poppy\",\"isPartOf\":{\"@id\":\"https:\\\/\\\/greenpoppy.se\\\/en\\\/#website\"},\"primaryImageOfPage\":{\"@id\":\"https:\\\/\\\/greenpoppy.se\\\/produkt\\\/pul-pase-mini\\\/#primaryimage\"},\"image\":{\"@id\":\"https:\\\/\\\/greenpoppy.se\\\/produkt\\\/pul-pase-mini\\\/#primaryimage\"},\"thumbnailUrl\":\"https:\\\/\\\/greenpoppy.se\\\/wp-content\\\/uploads\\\/2025\\\/04\\\/DSC_9646-scaled-1.jpg\",\"datePublished\":\"2025-04-04T15:39:41+00:00\",\"dateModified\":\"2026-04-28T16:52:07+00:00\",\"description\":\"Pul-p\u00e5se mini \u00e4r v\u00e5r minsta wet bag. Du kan f\u00f6rvara tygbindor, tv\u00e4ttlappar, smink eller mellanm\u00e5l i den. Tv\u00e4ttbar och med dubbla lager pul.\",\"breadcrumb\":{\"@id\":\"https:\\\/\\\/greenpoppy.se\\\/produkt\\\/pul-pase-mini\\\/#breadcrumb\"},\"inLanguage\":\"en-GB\",\"potentialAction\":[{\"@type\":\"ReadAction\",\"target\":[\"https:\\\/\\\/greenpoppy.se\\\/produkt\\\/pul-pase-mini\\\/\"]}]},{\"@type\":\"ImageObject\",\"inLanguage\":\"en-GB\",\"@id\":\"https:\\\/\\\/greenpoppy.se\\\/produkt\\\/pul-pase-mini\\\/#primaryimage\",\"url\":\"https:\\\/\\\/greenpoppy.se\\\/wp-content\\\/uploads\\\/2025\\\/04\\\/DSC_9646-scaled-1.jpg\",\"contentUrl\":\"https:\\\/\\\/greenpoppy.se\\\/wp-content\\\/uploads\\\/2025\\\/04\\\/DSC_9646-scaled-1.jpg\",\"width\":1707,\"height\":2560},{\"@type\":\"BreadcrumbList\",\"@id\":\"https:\\\/\\\/greenpoppy.se\\\/produkt\\\/pul-pase-mini\\\/#breadcrumb\",\"itemListElement\":[{\"@type\":\"ListItem\",\"position\":1,\"name\":\"Hem\",\"item\":\"https:\\\/\\\/greenpoppy.se\\\/\"},{\"@type\":\"ListItem\",\"position\":2,\"name\":\"Butik\",\"item\":\"https:\\\/\\\/greenpoppy.se\\\/butik\\\/\"},{\"@type\":\"ListItem\",\"position\":3,\"name\":\"Pul-p\u00e5se Mini\"}]},{\"@type\":\"WebSite\",\"@id\":\"https:\\\/\\\/greenpoppy.se\\\/en\\\/#website\",\"url\":\"https:\\\/\\\/greenpoppy.se\\\/en\\\/\",\"name\":\"Green Poppy\",\"description\":\"H\u00e5llbara och \u00e5teranv\u00e4ndbara tygbl\u00f6jor\",\"publisher\":{\"@id\":\"https:\\\/\\\/greenpoppy.se\\\/en\\\/#organization\"},\"potentialAction\":[{\"@type\":\"SearchAction\",\"target\":{\"@type\":\"EntryPoint\",\"urlTemplate\":\"https:\\\/\\\/greenpoppy.se\\\/en\\\/?s={search_term_string}\"},\"query-input\":{\"@type\":\"PropertyValueSpecification\",\"valueRequired\":true,\"valueName\":\"search_term_string\"}}],\"inLanguage\":\"en-GB\"},{\"@type\":\"Organization\",\"@id\":\"https:\\\/\\\/greenpoppy.se\\\/en\\\/#organization\",\"name\":\"Green Poppy\",\"url\":\"https:\\\/\\\/greenpoppy.se\\\/en\\\/\",\"logo\":{\"@type\":\"ImageObject\",\"inLanguage\":\"en-GB\",\"@id\":\"https:\\\/\\\/greenpoppy.se\\\/en\\\/#\\\/schema\\\/logo\\\/image\\\/\",\"url\":\"https:\\\/\\\/greenpoppy.se\\\/wp-content\\\/uploads\\\/2025\\\/01\\\/Logga_Officiell.svg\",\"contentUrl\":\"https:\\\/\\\/greenpoppy.se\\\/wp-content\\\/uploads\\\/2025\\\/01\\\/Logga_Officiell.svg\",\"width\":1,\"height\":1,\"caption\":\"Green Poppy\"},\"image\":{\"@id\":\"https:\\\/\\\/greenpoppy.se\\\/en\\\/#\\\/schema\\\/logo\\\/image\\\/\"},\"sameAs\":[\"https:\\\/\\\/www.facebook.com\\\/profile.php?id=61554367862205\",\"https:\\\/\\\/www.instagram.com\\\/greenpoppy.se\\\/\"]}]}<\/script>\n<!-- \/ Yoast SEO plugin. -->","yoast_head_json":{"title":"Pul-p\u00e5se Mini - Green Poppy","description":"Pul-p\u00e5se mini \u00e4r v\u00e5r minsta wet bag. Du kan f\u00f6rvara tygbindor, tv\u00e4ttlappar, smink eller mellanm\u00e5l i den. Tv\u00e4ttbar och med dubbla lager pul.","robots":{"index":"index","follow":"follow","max-snippet":"max-snippet:-1","max-image-preview":"max-image-preview:large","max-video-preview":"max-video-preview:-1"},"canonical":"https:\/\/greenpoppy.se\/en\/product\/pul-pase-mini\/","og_locale":"en_GB","og_type":"article","og_title":"Pul-p\u00e5se Mini - Green Poppy","og_description":"Pul-p\u00e5se mini \u00e4r v\u00e5r minsta wet bag. Du kan f\u00f6rvara tygbindor, tv\u00e4ttlappar, smink eller mellanm\u00e5l i den. Tv\u00e4ttbar och med dubbla lager pul.","og_url":"https:\/\/greenpoppy.se\/en\/product\/pul-pase-mini\/","og_site_name":"Green Poppy","article_publisher":"https:\/\/www.facebook.com\/profile.php?id=61554367862205","article_modified_time":"2026-04-28T16:52:07+00:00","og_image":[{"width":1707,"height":2560,"url":"https:\/\/greenpoppy.se\/wp-content\/uploads\/2025\/04\/DSC_9646-scaled-1.jpg","type":"image\/jpeg"}],"twitter_card":"summary_large_image","twitter_misc":{"Estimated reading time":"2 minutes"},"schema":{"@context":"https:\/\/schema.org","@graph":[{"@type":"WebPage","@id":"https:\/\/greenpoppy.se\/produkt\/pul-pase-mini\/","url":"https:\/\/greenpoppy.se\/produkt\/pul-pase-mini\/","name":"Pul-p\u00e5se Mini - Green Poppy","isPartOf":{"@id":"https:\/\/greenpoppy.se\/en\/#website"},"primaryImageOfPage":{"@id":"https:\/\/greenpoppy.se\/produkt\/pul-pase-mini\/#primaryimage"},"image":{"@id":"https:\/\/greenpoppy.se\/produkt\/pul-pase-mini\/#primaryimage"},"thumbnailUrl":"https:\/\/greenpoppy.se\/wp-content\/uploads\/2025\/04\/DSC_9646-scaled-1.jpg","datePublished":"2025-04-04T15:39:41+00:00","dateModified":"2026-04-28T16:52:07+00:00","description":"Pul-p\u00e5se mini \u00e4r v\u00e5r minsta wet bag. Du kan f\u00f6rvara tygbindor, tv\u00e4ttlappar, smink eller mellanm\u00e5l i den. Tv\u00e4ttbar och med dubbla lager pul.","breadcrumb":{"@id":"https:\/\/greenpoppy.se\/produkt\/pul-pase-mini\/#breadcrumb"},"inLanguage":"en-GB","potentialAction":[{"@type":"ReadAction","target":["https:\/\/greenpoppy.se\/produkt\/pul-pase-mini\/"]}]},{"@type":"ImageObject","inLanguage":"en-GB","@id":"https:\/\/greenpoppy.se\/produkt\/pul-pase-mini\/#primaryimage","url":"https:\/\/greenpoppy.se\/wp-content\/uploads\/2025\/04\/DSC_9646-scaled-1.jpg","contentUrl":"https:\/\/greenpoppy.se\/wp-content\/uploads\/2025\/04\/DSC_9646-scaled-1.jpg","width":1707,"height":2560},{"@type":"BreadcrumbList","@id":"https:\/\/greenpoppy.se\/produkt\/pul-pase-mini\/#breadcrumb","itemListElement":[{"@type":"ListItem","position":1,"name":"Hem","item":"https:\/\/greenpoppy.se\/"},{"@type":"ListItem","position":2,"name":"Butik","item":"https:\/\/greenpoppy.se\/butik\/"},{"@type":"ListItem","position":3,"name":"Pul-p\u00e5se Mini"}]},{"@type":"WebSite","@id":"https:\/\/greenpoppy.se\/en\/#website","url":"https:\/\/greenpoppy.se\/en\/","name":"Green Poppy","description":"H\u00e5llbara och \u00e5teranv\u00e4ndbara tygbl\u00f6jor","publisher":{"@id":"https:\/\/greenpoppy.se\/en\/#organization"},"potentialAction":[{"@type":"SearchAction","target":{"@type":"EntryPoint","urlTemplate":"https:\/\/greenpoppy.se\/en\/?s={search_term_string}"},"query-input":{"@type":"PropertyValueSpecification","valueRequired":true,"valueName":"search_term_string"}}],"inLanguage":"en-GB"},{"@type":"Organization","@id":"https:\/\/greenpoppy.se\/en\/#organization","name":"Green Poppy","url":"https:\/\/greenpoppy.se\/en\/","logo":{"@type":"ImageObject","inLanguage":"en-GB","@id":"https:\/\/greenpoppy.se\/en\/#\/schema\/logo\/image\/","url":"https:\/\/greenpoppy.se\/wp-content\/uploads\/2025\/01\/Logga_Officiell.svg","contentUrl":"https:\/\/greenpoppy.se\/wp-content\/uploads\/2025\/01\/Logga_Officiell.svg","width":1,"height":1,"caption":"Green Poppy"},"image":{"@id":"https:\/\/greenpoppy.se\/en\/#\/schema\/logo\/image\/"},"sameAs":["https:\/\/www.facebook.com\/profile.php?id=61554367862205","https:\/\/www.instagram.com\/greenpoppy.se\/"]}]}},"_links":{"self":[{"href":"https:\/\/greenpoppy.se\/en\/wp-json\/wp\/v2\/product\/4621","targetHints":{"allow":["GET"]}}],"collection":[{"href":"https:\/\/greenpoppy.se\/en\/wp-json\/wp\/v2\/product"}],"about":[{"href":"https:\/\/greenpoppy.se\/en\/wp-json\/wp\/v2\/types\/product"}],"replies":[{"embeddable":true,"href":"https:\/\/greenpoppy.se\/en\/wp-json\/wp\/v2\/comments?post=4621"}],"wp:featuredmedia":[{"embeddable":true,"href":"https:\/\/greenpoppy.se\/en\/wp-json\/wp\/v2\/media\/4337"}],"wp:attachment":[{"href":"https:\/\/greenpoppy.se\/en\/wp-json\/wp\/v2\/media?parent=4621"}],"wp:term":[{"taxonomy":"product_brand","embeddable":true,"href":"https:\/\/greenpoppy.se\/en\/wp-json\/wp\/v2\/product_brand?post=4621"},{"taxonomy":"product_cat","embeddable":true,"href":"https:\/\/greenpoppy.se\/en\/wp-json\/wp\/v2\/product_cat?post=4621"},{"taxonomy":"product_tag","embeddable":true,"href":"https:\/\/greenpoppy.se\/en\/wp-json\/wp\/v2\/product_tag?post=4621"}],"curies":[{"name":"wp","href":"https:\/\/api.w.org\/{rel}","templated":true}]}}