{"id":4666,"date":"2025-04-04T17:55:08","date_gmt":"2025-04-04T15:55:08","guid":{"rendered":"https:\/\/greenpoppy.se\/?post_type=product&#038;p=4666"},"modified":"2026-01-26T18:48:48","modified_gmt":"2026-01-26T17:48:48","slug":"langt-inlagg-i-bambufrotte","status":"publish","type":"product","link":"https:\/\/greenpoppy.se\/en\/product\/langt-inlagg-i-bambufrotte\/","title":{"rendered":"Long bamboo terry insert"},"content":{"rendered":"<h2 data-start=\"71\" data-end=\"142\">L\u00e5ngt inl\u00e4gg i bambufrott\u00e9 \u2013 mjukt, smidigt och superabsorberande!<\/h2>\n<p data-start=\"144\" data-end=\"346\">Har du n\u00e5gonsin k\u00e4nt att tygbl\u00f6jev\u00e4rlden \u00e4r lite som att spela Tetris? Man testar, viker, pusslar och f\u00f6rs\u00f6ker hitta den perfekta kombinationen. Men lugn, vi har cheat code: ett l\u00e5ngt inl\u00e4gg i bambufrott\u00e9! Detta smidiga inl\u00e4gg \u00e4r b\u00e5de mjukt och extremt absorberande, vilket g\u00f6r det till en riktig r\u00e4ddare i n\u00f6den vid b\u00e5de dag- och nattbl\u00f6jning. Med sina fem lager bambufrott\u00e9 suger det upp v\u00e4tska effektivt, samtidigt som materialet h\u00e5ller sig skonsamt mot barnets hud. Bambufrott\u00e9 \u00e4r k\u00e4nt f\u00f6r sin goda uppsugningsf\u00f6rm\u00e5ga och sitt silkesmjuka material, vilket g\u00f6r det till ett popul\u00e4rt val f\u00f6r tygbl\u00f6jef\u00f6r\u00e4ldrar som vill ha b\u00e5de funktion och komfort i ett.<\/p>\n<h3 data-start=\"806\" data-end=\"849\">Anpassningsbart och l\u00e4tt att anv\u00e4nda<\/h3>\n<p data-start=\"850\" data-end=\"1280\">Med en l\u00e4ngd p\u00e5 65 cm och en bredd p\u00e5 10 cm kan du enkelt vika inl\u00e4gget efter behov. Vill du ha extra skydd d\u00e4r det beh\u00f6vs som mest? Vik det dubbelt framtill om du har en liten kissraket eller sprid ut lagren j\u00e4mnt f\u00f6r att f\u00e5 en tunnare och smidigare l\u00f6sning. Tack vare den smarta knappen i ena \u00e4nden sitter inl\u00e4gget stabilt i<a href=\"https:\/\/greenpoppy.se\/en\/product\/pul-skal-one-size\/\"> Green Poppy's PUL diaper covers<\/a>, s\u00e5 att det inte glider runt, oavsett hur mycket ditt barn r\u00f6r sig.<\/p>\n<p data-start=\"1282\" data-end=\"1608\">Inl\u00e4gget \u00e4r ocks\u00e5 perfekt att kombinera med andra material f\u00f6r att anpassa absorptionen efter behov. F\u00f6r \u00e4nnu b\u00e4ttre uppsugningsf\u00f6rm\u00e5ga kan du l\u00e4gga till ett <a href=\"https:\/\/greenpoppy.se\/en\/product\/hampainlagg\/\">hampainl\u00e4gg<\/a>, som suger upp och h\u00e5ller kvar v\u00e4tskan l\u00e4ngre. Det g\u00f6r kombinationen perfekt f\u00f6r l\u00e5nga bilresor, nattetid eller om ditt barn kissar mycket p\u00e5 en g\u00e5ng.<\/p>\n<h3 style=\"font-size: 20.16px;\" data-start=\"1655\" data-end=\"2111\">Material och storlek<\/h3>\n<ul style=\"font-size: 14.4px;\">\n<li>Material: 85% bambuviskos, 15% polyester<\/li>\n<li>Antal lager: 5 lager bambufrott\u00e9<\/li>\n<li>Storlek: 65 x 10 cm<\/li>\n<\/ul>\n<h3 data-start=\"1610\" data-end=\"1654\">Tv\u00e4ttr\u00e5d f\u00f6r h\u00e5llbarhet och prestanda hos snakeinl\u00e4gg<\/h3>\n<p data-start=\"1655\" data-end=\"2111\">F\u00f6r b\u00e4sta absorption b\u00f6r inl\u00e4gget tv\u00e4ttas 3\u20135 g\u00e5nger innan f\u00f6rsta anv\u00e4ndning. Tv\u00e4tta det p\u00e5 60 grader och l\u00e5t det helst h\u00e4ngtorka f\u00f6r att bevara mjukheten och formen. Om du torktumlar det kan det krympa n\u00e5got, men en l\u00e4tt utstr\u00e4ckning efter tv\u00e4tt fixar det. Undvik sk\u00f6ljmedel, eftersom det kan f\u00f6rs\u00e4mra absorptionen. Precis som andra inl\u00e4gg krymper detta med ungef\u00e4r 10<\/p>\n<p data-start=\"2113\" data-end=\"2243\">Vill du l\u00e4sa mer om varf\u00f6r tygbl\u00f6jor \u00e4r ett h\u00e5llbart och smart val? Kika in hos<strong> <a href=\"https:\/\/www.blojupproret.se\/\" target=\"_new\" rel=\"noopener\" data-start=\"2195\" data-end=\"2238\">Bl\u00f6jupproret<\/a>!<\/strong><\/p>","protected":false},"excerpt":{"rendered":"<p>Ett vikbart inl\u00e4gg om 65&#215;10 cm, med fem lager mjuk bambufrott\u00e9. Kan vikas efter barnets behov och har \u00e4ven en knapp f\u00f6r att f\u00e4stas i pul-skal.<\/p>","protected":false},"featured_media":4770,"comment_status":"open","ping_status":"closed","template":"","meta":[],"product_brand":[],"product_cat":[103],"product_tag":[],"class_list":{"0":"post-4666","1":"product","2":"type-product","3":"status-publish","4":"has-post-thumbnail","6":"product_cat-inlagg-och-tvattlappar","8":"first","9":"outofstock","10":"featured","11":"taxable","12":"shipping-taxable","13":"purchasable","14":"product-type-simple"},"bundled_by":["5569","5937"],"bundle_stock_status":"outofstock","bundle_stock_quantity":0,"bundle_virtual":false,"bundle_layout":"","bundle_add_to_cart_form_location":"","bundle_editable_in_cart":false,"bundle_sold_individually_context":"","bundle_item_grouping":"","bundle_min_size":"","bundle_max_size":"","bundle_price":[],"bundled_items":[],"bundle_sell_ids":[],"yoast_head":"<!-- This site is optimized with the Yoast SEO plugin v27.5 - https:\/\/yoast.com\/product\/yoast-seo-wordpress\/ -->\n<title>L\u00e5ngt inl\u00e4gg i bambufrott\u00e9 - Green Poppy<\/title>\n<meta name=\"description\" content=\"L\u00e5ngt inl\u00e4gg i bambufrott\u00e9 \u00e4r ett inl\u00e4gg med fem lager bambufrott\u00e9 som du viker efter \u00f6nskad l\u00e4ngd. Har en knapp och kan f\u00e4stas i ett bl\u00f6jskal.\" \/>\n<meta name=\"robots\" content=\"index, follow, max-snippet:-1, max-image-preview:large, max-video-preview:-1\" \/>\n<link rel=\"canonical\" href=\"https:\/\/greenpoppy.se\/en\/product\/langt-inlagg-i-bambufrotte\/\" \/>\n<meta property=\"og:locale\" content=\"en_GB\" \/>\n<meta property=\"og:type\" content=\"article\" \/>\n<meta property=\"og:title\" content=\"L\u00e5ngt inl\u00e4gg i bambufrott\u00e9 - Green Poppy\" \/>\n<meta property=\"og:description\" content=\"L\u00e5ngt inl\u00e4gg i bambufrott\u00e9 \u00e4r ett inl\u00e4gg med fem lager bambufrott\u00e9 som du viker efter \u00f6nskad l\u00e4ngd. Har en knapp och kan f\u00e4stas i ett bl\u00f6jskal.\" \/>\n<meta property=\"og:url\" content=\"https:\/\/greenpoppy.se\/en\/product\/langt-inlagg-i-bambufrotte\/\" \/>\n<meta property=\"og:site_name\" content=\"Green Poppy\" \/>\n<meta property=\"article:publisher\" content=\"https:\/\/www.facebook.com\/profile.php?id=61554367862205\" \/>\n<meta property=\"article:modified_time\" content=\"2026-01-26T17:48:48+00:00\" \/>\n<meta property=\"og:image\" content=\"https:\/\/greenpoppy.se\/wp-content\/uploads\/2025\/04\/3-27.png\" \/>\n\t<meta property=\"og:image:width\" content=\"1500\" \/>\n\t<meta property=\"og:image:height\" content=\"1500\" \/>\n\t<meta property=\"og:image:type\" content=\"image\/png\" \/>\n<meta name=\"twitter:card\" content=\"summary_large_image\" \/>\n<meta name=\"twitter:label1\" content=\"Estimated reading time\" \/>\n\t<meta name=\"twitter:data1\" content=\"2 minutes\" \/>\n<script type=\"application\/ld+json\" class=\"yoast-schema-graph\">{\"@context\":\"https:\\\/\\\/schema.org\",\"@graph\":[{\"@type\":\"WebPage\",\"@id\":\"https:\\\/\\\/greenpoppy.se\\\/produkt\\\/langt-inlagg-i-bambufrotte\\\/\",\"url\":\"https:\\\/\\\/greenpoppy.se\\\/produkt\\\/langt-inlagg-i-bambufrotte\\\/\",\"name\":\"L\u00e5ngt inl\u00e4gg i bambufrott\u00e9 - Green Poppy\",\"isPartOf\":{\"@id\":\"https:\\\/\\\/greenpoppy.se\\\/en\\\/#website\"},\"primaryImageOfPage\":{\"@id\":\"https:\\\/\\\/greenpoppy.se\\\/produkt\\\/langt-inlagg-i-bambufrotte\\\/#primaryimage\"},\"image\":{\"@id\":\"https:\\\/\\\/greenpoppy.se\\\/produkt\\\/langt-inlagg-i-bambufrotte\\\/#primaryimage\"},\"thumbnailUrl\":\"https:\\\/\\\/greenpoppy.se\\\/wp-content\\\/uploads\\\/2025\\\/04\\\/3-27.png\",\"datePublished\":\"2025-04-04T15:55:08+00:00\",\"dateModified\":\"2026-01-26T17:48:48+00:00\",\"description\":\"L\u00e5ngt inl\u00e4gg i bambufrott\u00e9 \u00e4r ett inl\u00e4gg med fem lager bambufrott\u00e9 som du viker efter \u00f6nskad l\u00e4ngd. Har en knapp och kan f\u00e4stas i ett bl\u00f6jskal.\",\"breadcrumb\":{\"@id\":\"https:\\\/\\\/greenpoppy.se\\\/produkt\\\/langt-inlagg-i-bambufrotte\\\/#breadcrumb\"},\"inLanguage\":\"en-GB\",\"potentialAction\":[{\"@type\":\"ReadAction\",\"target\":[\"https:\\\/\\\/greenpoppy.se\\\/produkt\\\/langt-inlagg-i-bambufrotte\\\/\"]}]},{\"@type\":\"ImageObject\",\"inLanguage\":\"en-GB\",\"@id\":\"https:\\\/\\\/greenpoppy.se\\\/produkt\\\/langt-inlagg-i-bambufrotte\\\/#primaryimage\",\"url\":\"https:\\\/\\\/greenpoppy.se\\\/wp-content\\\/uploads\\\/2025\\\/04\\\/3-27.png\",\"contentUrl\":\"https:\\\/\\\/greenpoppy.se\\\/wp-content\\\/uploads\\\/2025\\\/04\\\/3-27.png\",\"width\":1500,\"height\":1500},{\"@type\":\"BreadcrumbList\",\"@id\":\"https:\\\/\\\/greenpoppy.se\\\/produkt\\\/langt-inlagg-i-bambufrotte\\\/#breadcrumb\",\"itemListElement\":[{\"@type\":\"ListItem\",\"position\":1,\"name\":\"Hem\",\"item\":\"https:\\\/\\\/greenpoppy.se\\\/\"},{\"@type\":\"ListItem\",\"position\":2,\"name\":\"Butik\",\"item\":\"https:\\\/\\\/greenpoppy.se\\\/butik\\\/\"},{\"@type\":\"ListItem\",\"position\":3,\"name\":\"L\u00e5ngt inl\u00e4gg i bambufrott\u00e9\"}]},{\"@type\":\"WebSite\",\"@id\":\"https:\\\/\\\/greenpoppy.se\\\/en\\\/#website\",\"url\":\"https:\\\/\\\/greenpoppy.se\\\/en\\\/\",\"name\":\"Green Poppy\",\"description\":\"H\u00e5llbara och \u00e5teranv\u00e4ndbara tygbl\u00f6jor\",\"publisher\":{\"@id\":\"https:\\\/\\\/greenpoppy.se\\\/en\\\/#organization\"},\"potentialAction\":[{\"@type\":\"SearchAction\",\"target\":{\"@type\":\"EntryPoint\",\"urlTemplate\":\"https:\\\/\\\/greenpoppy.se\\\/en\\\/?s={search_term_string}\"},\"query-input\":{\"@type\":\"PropertyValueSpecification\",\"valueRequired\":true,\"valueName\":\"search_term_string\"}}],\"inLanguage\":\"en-GB\"},{\"@type\":\"Organization\",\"@id\":\"https:\\\/\\\/greenpoppy.se\\\/en\\\/#organization\",\"name\":\"Green Poppy\",\"url\":\"https:\\\/\\\/greenpoppy.se\\\/en\\\/\",\"logo\":{\"@type\":\"ImageObject\",\"inLanguage\":\"en-GB\",\"@id\":\"https:\\\/\\\/greenpoppy.se\\\/en\\\/#\\\/schema\\\/logo\\\/image\\\/\",\"url\":\"https:\\\/\\\/greenpoppy.se\\\/wp-content\\\/uploads\\\/2025\\\/01\\\/Logga_Officiell.svg\",\"contentUrl\":\"https:\\\/\\\/greenpoppy.se\\\/wp-content\\\/uploads\\\/2025\\\/01\\\/Logga_Officiell.svg\",\"width\":1,\"height\":1,\"caption\":\"Green Poppy\"},\"image\":{\"@id\":\"https:\\\/\\\/greenpoppy.se\\\/en\\\/#\\\/schema\\\/logo\\\/image\\\/\"},\"sameAs\":[\"https:\\\/\\\/www.facebook.com\\\/profile.php?id=61554367862205\",\"https:\\\/\\\/www.instagram.com\\\/greenpoppy.se\\\/\"]}]}<\/script>\n<!-- \/ Yoast SEO plugin. -->","yoast_head_json":{"title":"L\u00e5ngt inl\u00e4gg i bambufrott\u00e9 - Green Poppy","description":"L\u00e5ngt inl\u00e4gg i bambufrott\u00e9 \u00e4r ett inl\u00e4gg med fem lager bambufrott\u00e9 som du viker efter \u00f6nskad l\u00e4ngd. Har en knapp och kan f\u00e4stas i ett bl\u00f6jskal.","robots":{"index":"index","follow":"follow","max-snippet":"max-snippet:-1","max-image-preview":"max-image-preview:large","max-video-preview":"max-video-preview:-1"},"canonical":"https:\/\/greenpoppy.se\/en\/product\/langt-inlagg-i-bambufrotte\/","og_locale":"en_GB","og_type":"article","og_title":"L\u00e5ngt inl\u00e4gg i bambufrott\u00e9 - Green Poppy","og_description":"L\u00e5ngt inl\u00e4gg i bambufrott\u00e9 \u00e4r ett inl\u00e4gg med fem lager bambufrott\u00e9 som du viker efter \u00f6nskad l\u00e4ngd. Har en knapp och kan f\u00e4stas i ett bl\u00f6jskal.","og_url":"https:\/\/greenpoppy.se\/en\/product\/langt-inlagg-i-bambufrotte\/","og_site_name":"Green Poppy","article_publisher":"https:\/\/www.facebook.com\/profile.php?id=61554367862205","article_modified_time":"2026-01-26T17:48:48+00:00","og_image":[{"width":1500,"height":1500,"url":"https:\/\/greenpoppy.se\/wp-content\/uploads\/2025\/04\/3-27.png","type":"image\/png"}],"twitter_card":"summary_large_image","twitter_misc":{"Estimated reading time":"2 minutes"},"schema":{"@context":"https:\/\/schema.org","@graph":[{"@type":"WebPage","@id":"https:\/\/greenpoppy.se\/produkt\/langt-inlagg-i-bambufrotte\/","url":"https:\/\/greenpoppy.se\/produkt\/langt-inlagg-i-bambufrotte\/","name":"L\u00e5ngt inl\u00e4gg i bambufrott\u00e9 - Green Poppy","isPartOf":{"@id":"https:\/\/greenpoppy.se\/en\/#website"},"primaryImageOfPage":{"@id":"https:\/\/greenpoppy.se\/produkt\/langt-inlagg-i-bambufrotte\/#primaryimage"},"image":{"@id":"https:\/\/greenpoppy.se\/produkt\/langt-inlagg-i-bambufrotte\/#primaryimage"},"thumbnailUrl":"https:\/\/greenpoppy.se\/wp-content\/uploads\/2025\/04\/3-27.png","datePublished":"2025-04-04T15:55:08+00:00","dateModified":"2026-01-26T17:48:48+00:00","description":"L\u00e5ngt inl\u00e4gg i bambufrott\u00e9 \u00e4r ett inl\u00e4gg med fem lager bambufrott\u00e9 som du viker efter \u00f6nskad l\u00e4ngd. Har en knapp och kan f\u00e4stas i ett bl\u00f6jskal.","breadcrumb":{"@id":"https:\/\/greenpoppy.se\/produkt\/langt-inlagg-i-bambufrotte\/#breadcrumb"},"inLanguage":"en-GB","potentialAction":[{"@type":"ReadAction","target":["https:\/\/greenpoppy.se\/produkt\/langt-inlagg-i-bambufrotte\/"]}]},{"@type":"ImageObject","inLanguage":"en-GB","@id":"https:\/\/greenpoppy.se\/produkt\/langt-inlagg-i-bambufrotte\/#primaryimage","url":"https:\/\/greenpoppy.se\/wp-content\/uploads\/2025\/04\/3-27.png","contentUrl":"https:\/\/greenpoppy.se\/wp-content\/uploads\/2025\/04\/3-27.png","width":1500,"height":1500},{"@type":"BreadcrumbList","@id":"https:\/\/greenpoppy.se\/produkt\/langt-inlagg-i-bambufrotte\/#breadcrumb","itemListElement":[{"@type":"ListItem","position":1,"name":"Hem","item":"https:\/\/greenpoppy.se\/"},{"@type":"ListItem","position":2,"name":"Butik","item":"https:\/\/greenpoppy.se\/butik\/"},{"@type":"ListItem","position":3,"name":"L\u00e5ngt inl\u00e4gg i bambufrott\u00e9"}]},{"@type":"WebSite","@id":"https:\/\/greenpoppy.se\/en\/#website","url":"https:\/\/greenpoppy.se\/en\/","name":"Green Poppy","description":"H\u00e5llbara och \u00e5teranv\u00e4ndbara tygbl\u00f6jor","publisher":{"@id":"https:\/\/greenpoppy.se\/en\/#organization"},"potentialAction":[{"@type":"SearchAction","target":{"@type":"EntryPoint","urlTemplate":"https:\/\/greenpoppy.se\/en\/?s={search_term_string}"},"query-input":{"@type":"PropertyValueSpecification","valueRequired":true,"valueName":"search_term_string"}}],"inLanguage":"en-GB"},{"@type":"Organization","@id":"https:\/\/greenpoppy.se\/en\/#organization","name":"Green Poppy","url":"https:\/\/greenpoppy.se\/en\/","logo":{"@type":"ImageObject","inLanguage":"en-GB","@id":"https:\/\/greenpoppy.se\/en\/#\/schema\/logo\/image\/","url":"https:\/\/greenpoppy.se\/wp-content\/uploads\/2025\/01\/Logga_Officiell.svg","contentUrl":"https:\/\/greenpoppy.se\/wp-content\/uploads\/2025\/01\/Logga_Officiell.svg","width":1,"height":1,"caption":"Green Poppy"},"image":{"@id":"https:\/\/greenpoppy.se\/en\/#\/schema\/logo\/image\/"},"sameAs":["https:\/\/www.facebook.com\/profile.php?id=61554367862205","https:\/\/www.instagram.com\/greenpoppy.se\/"]}]}},"_links":{"self":[{"href":"https:\/\/greenpoppy.se\/en\/wp-json\/wp\/v2\/product\/4666","targetHints":{"allow":["GET"]}}],"collection":[{"href":"https:\/\/greenpoppy.se\/en\/wp-json\/wp\/v2\/product"}],"about":[{"href":"https:\/\/greenpoppy.se\/en\/wp-json\/wp\/v2\/types\/product"}],"replies":[{"embeddable":true,"href":"https:\/\/greenpoppy.se\/en\/wp-json\/wp\/v2\/comments?post=4666"}],"wp:featuredmedia":[{"embeddable":true,"href":"https:\/\/greenpoppy.se\/en\/wp-json\/wp\/v2\/media\/4770"}],"wp:attachment":[{"href":"https:\/\/greenpoppy.se\/en\/wp-json\/wp\/v2\/media?parent=4666"}],"wp:term":[{"taxonomy":"product_brand","embeddable":true,"href":"https:\/\/greenpoppy.se\/en\/wp-json\/wp\/v2\/product_brand?post=4666"},{"taxonomy":"product_cat","embeddable":true,"href":"https:\/\/greenpoppy.se\/en\/wp-json\/wp\/v2\/product_cat?post=4666"},{"taxonomy":"product_tag","embeddable":true,"href":"https:\/\/greenpoppy.se\/en\/wp-json\/wp\/v2\/product_tag?post=4666"}],"curies":[{"name":"wp","href":"https:\/\/api.w.org\/{rel}","templated":true}]}}