{"id":4669,"date":"2025-04-04T17:55:08","date_gmt":"2025-04-04T15:55:08","guid":{"rendered":"https:\/\/greenpoppy.se\/?post_type=product&#038;p=4669"},"modified":"2026-04-30T16:38:52","modified_gmt":"2026-04-30T14:38:52","slug":"bambubooster","status":"publish","type":"product","link":"https:\/\/greenpoppy.se\/en\/product\/bambubooster\/","title":{"rendered":"Bamboo booster"},"content":{"rendered":"<h2 data-start=\"0\" data-end=\"71\">Bambubooster \u2013 snabbt absorberande inl\u00e4gg f\u00f6r minskad l\u00e4ckagerisk<\/h2>\n<p data-start=\"73\" data-end=\"444\">Vill du ha ett inl\u00e4gg som snabbt suger upp v\u00e4tskan och minskar risken f\u00f6r l\u00e4ckage? D\u00e5 \u00e4r Bambubooster ett perfekt tillskott i bl\u00f6jan! Det \u00e4r ett tunt och smidigt inl\u00e4gg, utformat f\u00f6r att ligga \u00f6verst och snabbt dra \u00e5t sig v\u00e4tskan innan den leds vidare till n\u00e4sta lager. P\u00e5 s\u00e5 s\u00e4tt f\u00f6rhindras att v\u00e4tskan sprider sig f\u00f6r mycket och skapar l\u00e4ckor vid sidorna.<\/p>\n<h3 data-start=\"446\" data-end=\"485\">Snabb absorption utan extra bulk<\/h3>\n<p data-start=\"486\" data-end=\"908\">Bambubooster m\u00e4ter 35 x 11 cm och best\u00e5r av tv\u00e5 lager av 70 % bambu och 30 % bomull. Bambun g\u00f6r att inl\u00e4gget absorberar v\u00e4tskan direkt vid kontakt, medan bomullen hj\u00e4lper till att h\u00e5lla en j\u00e4mn f\u00f6rdelning. Det \u00e4r inte ett inl\u00e4gg som h\u00e5ller huden torr, utan fungerar som en f\u00f6rsta barri\u00e4r som f\u00e5ngar upp kiss snabbt och leder det vidare till ett mer h\u00f6gabsorberande inl\u00e4gg, som exempelvis ett hampainl\u00e4gg.<\/p>\n<p data-start=\"910\" data-end=\"1223\">Eftersom en bambubooster \u00e4r tunn och flexibel p\u00e5verkar den inte bl\u00f6jans passform och kan anv\u00e4ndas i alla typer av bl\u00f6jor, inklusive <a href=\"https:\/\/greenpoppy.se\/en\/product\/pul-skal-one-size\/\">pul-skal<\/a> and <a href=\"https:\/\/greenpoppy.se\/en\/product\/pocketbloja-med-awj-one-size\/\">pocketbl\u00f6jor<\/a>. Det fungerar extra bra f\u00f6r barn som kissar snabbt och mycket p\u00e5 en g\u00e5ng, d\u00e5 det hj\u00e4lper till att hantera fl\u00f6det och minska risken f\u00f6r l\u00e4ckage.<\/p>\n<h3 data-start=\"910\" data-end=\"1223\">Material och storlek<\/h3>\n<ul>\n<li data-start=\"910\" data-end=\"1223\">Material: 70% bambu, 30% bomull<\/li>\n<li data-start=\"910\" data-end=\"1223\">Antal lager: 2 lager<\/li>\n<li data-start=\"910\" data-end=\"1223\">M\u00e5tt: 35 x 11 cm<\/li>\n<\/ul>\n<h3 data-start=\"1225\" data-end=\"1260\">Tv\u00e4ttr\u00e5d f\u00f6r b\u00e4sta prestanda hos bambubooster<\/h3>\n<p data-start=\"1261\" data-end=\"1656\">F\u00f6r att v\u00e5r bambubooster ska fungera optimalt b\u00f6r den tv\u00e4ttas 3\u20135 g\u00e5nger innan f\u00f6rsta anv\u00e4ndning f\u00f6r att n\u00e5 full uppsugningsf\u00f6rm\u00e5ga. Tv\u00e4tta p\u00e5 60 grader och l\u00e5t den helst h\u00e4ngtorka f\u00f6r att bibeh\u00e5lla formen och kvaliteten. Vid torktumling kan kanterna bli n\u00e5got skrynkliga, men en l\u00e4tt utstr\u00e4ckning efter tv\u00e4tt l\u00f6ser det. Undvik sk\u00f6ljmedel, d\u00e5 det kan f\u00f6rs\u00e4mra inl\u00e4ggets absorption.<\/p>\n<p data-start=\"1658\" data-end=\"1786\">Precis som andra inl\u00e4gg krymper bambubooster med cirka 10 % efter n\u00e5gra tv\u00e4ttar, vilket \u00e4r helt normalt f\u00f6r naturmaterial.<\/p>\n<p data-start=\"1788\" data-end=\"1918\">Vill du veta mer om varf\u00f6r tygbl\u00f6jor \u00e4r ett smart och h\u00e5llbart val? L\u00e4s mer hos <a href=\"https:\/\/www.blojupproret.se\/\" target=\"_new\" rel=\"noopener\" data-start=\"1870\" data-end=\"1913\">Bl\u00f6jupproret<\/a>!<\/p>","protected":false},"excerpt":{"rendered":"<p>En booster i bambu och bomull som du placerar \u00f6verst av alla inl\u00e4gg f\u00f6r att snabbt suga upp v\u00e4tska. Minskar risken f\u00f6r l\u00e4ckage och leder vidare v\u00e4tska till n\u00e4sta inl\u00e4gg. B\u00f6r kompletteras med fler inl\u00e4gg.<\/p>","protected":false},"featured_media":4778,"comment_status":"open","ping_status":"closed","template":"","meta":[],"product_brand":[],"product_cat":[103],"product_tag":[],"class_list":{"0":"post-4669","1":"product","2":"type-product","3":"status-publish","4":"has-post-thumbnail","6":"product_cat-inlagg-och-tvattlappar","8":"first","9":"instock","10":"featured","11":"taxable","12":"shipping-taxable","13":"purchasable","14":"product-type-simple"},"bundled_by":["5194","5525","1038"],"bundle_stock_status":"instock","bundle_stock_quantity":371,"bundle_virtual":false,"bundle_layout":"","bundle_add_to_cart_form_location":"","bundle_editable_in_cart":false,"bundle_sold_individually_context":"","bundle_item_grouping":"","bundle_min_size":"","bundle_max_size":"","bundle_price":[],"bundled_items":[],"bundle_sell_ids":[],"yoast_head":"<!-- This site is optimized with the Yoast SEO plugin v27.5 - https:\/\/yoast.com\/product\/yoast-seo-wordpress\/ -->\n<title>Bambubooster - Green Poppy<\/title>\n<meta name=\"description\" content=\"En bambubooster i bambu och bomull. Suger snabbt upp kiss i en tygbl\u00f6ja, placeras n\u00e4rmaste barnets hud. 100% naturmaterial, t\u00e5l 60 grader i tv\u00e4ttmaskin.\" \/>\n<meta name=\"robots\" content=\"index, follow, max-snippet:-1, max-image-preview:large, max-video-preview:-1\" \/>\n<link rel=\"canonical\" href=\"https:\/\/greenpoppy.se\/en\/product\/bambubooster\/\" \/>\n<meta property=\"og:locale\" content=\"en_GB\" \/>\n<meta property=\"og:type\" content=\"article\" \/>\n<meta property=\"og:title\" content=\"Bambubooster - Green Poppy\" \/>\n<meta property=\"og:description\" content=\"En bambubooster i bambu och bomull. Suger snabbt upp kiss i en tygbl\u00f6ja, placeras n\u00e4rmaste barnets hud. 100% naturmaterial, t\u00e5l 60 grader i tv\u00e4ttmaskin.\" \/>\n<meta property=\"og:url\" content=\"https:\/\/greenpoppy.se\/en\/product\/bambubooster\/\" \/>\n<meta property=\"og:site_name\" content=\"Green Poppy\" \/>\n<meta property=\"article:publisher\" content=\"https:\/\/www.facebook.com\/profile.php?id=61554367862205\" \/>\n<meta property=\"article:modified_time\" content=\"2026-04-30T14:38:52+00:00\" \/>\n<meta property=\"og:image\" content=\"https:\/\/greenpoppy.se\/wp-content\/uploads\/2025\/04\/11-6.png\" \/>\n\t<meta property=\"og:image:width\" content=\"1500\" \/>\n\t<meta property=\"og:image:height\" content=\"1500\" \/>\n\t<meta property=\"og:image:type\" content=\"image\/png\" \/>\n<meta name=\"twitter:card\" content=\"summary_large_image\" \/>\n<meta name=\"twitter:label1\" content=\"Estimated reading time\" \/>\n\t<meta name=\"twitter:data1\" content=\"2 minutes\" \/>\n<script type=\"application\/ld+json\" class=\"yoast-schema-graph\">{\"@context\":\"https:\\\/\\\/schema.org\",\"@graph\":[{\"@type\":\"WebPage\",\"@id\":\"https:\\\/\\\/greenpoppy.se\\\/produkt\\\/bambubooster\\\/\",\"url\":\"https:\\\/\\\/greenpoppy.se\\\/produkt\\\/bambubooster\\\/\",\"name\":\"Bambubooster - Green Poppy\",\"isPartOf\":{\"@id\":\"https:\\\/\\\/greenpoppy.se\\\/en\\\/#website\"},\"primaryImageOfPage\":{\"@id\":\"https:\\\/\\\/greenpoppy.se\\\/produkt\\\/bambubooster\\\/#primaryimage\"},\"image\":{\"@id\":\"https:\\\/\\\/greenpoppy.se\\\/produkt\\\/bambubooster\\\/#primaryimage\"},\"thumbnailUrl\":\"https:\\\/\\\/greenpoppy.se\\\/wp-content\\\/uploads\\\/2025\\\/04\\\/11-6.png\",\"datePublished\":\"2025-04-04T15:55:08+00:00\",\"dateModified\":\"2026-04-30T14:38:52+00:00\",\"description\":\"En bambubooster i bambu och bomull. Suger snabbt upp kiss i en tygbl\u00f6ja, placeras n\u00e4rmaste barnets hud. 100% naturmaterial, t\u00e5l 60 grader i tv\u00e4ttmaskin.\",\"breadcrumb\":{\"@id\":\"https:\\\/\\\/greenpoppy.se\\\/produkt\\\/bambubooster\\\/#breadcrumb\"},\"inLanguage\":\"en-GB\",\"potentialAction\":[{\"@type\":\"ReadAction\",\"target\":[\"https:\\\/\\\/greenpoppy.se\\\/produkt\\\/bambubooster\\\/\"]}]},{\"@type\":\"ImageObject\",\"inLanguage\":\"en-GB\",\"@id\":\"https:\\\/\\\/greenpoppy.se\\\/produkt\\\/bambubooster\\\/#primaryimage\",\"url\":\"https:\\\/\\\/greenpoppy.se\\\/wp-content\\\/uploads\\\/2025\\\/04\\\/11-6.png\",\"contentUrl\":\"https:\\\/\\\/greenpoppy.se\\\/wp-content\\\/uploads\\\/2025\\\/04\\\/11-6.png\",\"width\":1500,\"height\":1500},{\"@type\":\"BreadcrumbList\",\"@id\":\"https:\\\/\\\/greenpoppy.se\\\/produkt\\\/bambubooster\\\/#breadcrumb\",\"itemListElement\":[{\"@type\":\"ListItem\",\"position\":1,\"name\":\"Hem\",\"item\":\"https:\\\/\\\/greenpoppy.se\\\/\"},{\"@type\":\"ListItem\",\"position\":2,\"name\":\"Butik\",\"item\":\"https:\\\/\\\/greenpoppy.se\\\/butik\\\/\"},{\"@type\":\"ListItem\",\"position\":3,\"name\":\"Bambubooster\"}]},{\"@type\":\"WebSite\",\"@id\":\"https:\\\/\\\/greenpoppy.se\\\/en\\\/#website\",\"url\":\"https:\\\/\\\/greenpoppy.se\\\/en\\\/\",\"name\":\"Green Poppy\",\"description\":\"H\u00e5llbara och \u00e5teranv\u00e4ndbara tygbl\u00f6jor\",\"publisher\":{\"@id\":\"https:\\\/\\\/greenpoppy.se\\\/en\\\/#organization\"},\"potentialAction\":[{\"@type\":\"SearchAction\",\"target\":{\"@type\":\"EntryPoint\",\"urlTemplate\":\"https:\\\/\\\/greenpoppy.se\\\/en\\\/?s={search_term_string}\"},\"query-input\":{\"@type\":\"PropertyValueSpecification\",\"valueRequired\":true,\"valueName\":\"search_term_string\"}}],\"inLanguage\":\"en-GB\"},{\"@type\":\"Organization\",\"@id\":\"https:\\\/\\\/greenpoppy.se\\\/en\\\/#organization\",\"name\":\"Green Poppy\",\"url\":\"https:\\\/\\\/greenpoppy.se\\\/en\\\/\",\"logo\":{\"@type\":\"ImageObject\",\"inLanguage\":\"en-GB\",\"@id\":\"https:\\\/\\\/greenpoppy.se\\\/en\\\/#\\\/schema\\\/logo\\\/image\\\/\",\"url\":\"https:\\\/\\\/greenpoppy.se\\\/wp-content\\\/uploads\\\/2025\\\/01\\\/Logga_Officiell.svg\",\"contentUrl\":\"https:\\\/\\\/greenpoppy.se\\\/wp-content\\\/uploads\\\/2025\\\/01\\\/Logga_Officiell.svg\",\"width\":1,\"height\":1,\"caption\":\"Green Poppy\"},\"image\":{\"@id\":\"https:\\\/\\\/greenpoppy.se\\\/en\\\/#\\\/schema\\\/logo\\\/image\\\/\"},\"sameAs\":[\"https:\\\/\\\/www.facebook.com\\\/profile.php?id=61554367862205\",\"https:\\\/\\\/www.instagram.com\\\/greenpoppy.se\\\/\"]}]}<\/script>\n<!-- \/ Yoast SEO plugin. -->","yoast_head_json":{"title":"Bambubooster - Green Poppy","description":"En bambubooster i bambu och bomull. Suger snabbt upp kiss i en tygbl\u00f6ja, placeras n\u00e4rmaste barnets hud. 100% naturmaterial, t\u00e5l 60 grader i tv\u00e4ttmaskin.","robots":{"index":"index","follow":"follow","max-snippet":"max-snippet:-1","max-image-preview":"max-image-preview:large","max-video-preview":"max-video-preview:-1"},"canonical":"https:\/\/greenpoppy.se\/en\/product\/bambubooster\/","og_locale":"en_GB","og_type":"article","og_title":"Bambubooster - Green Poppy","og_description":"En bambubooster i bambu och bomull. Suger snabbt upp kiss i en tygbl\u00f6ja, placeras n\u00e4rmaste barnets hud. 100% naturmaterial, t\u00e5l 60 grader i tv\u00e4ttmaskin.","og_url":"https:\/\/greenpoppy.se\/en\/product\/bambubooster\/","og_site_name":"Green Poppy","article_publisher":"https:\/\/www.facebook.com\/profile.php?id=61554367862205","article_modified_time":"2026-04-30T14:38:52+00:00","og_image":[{"width":1500,"height":1500,"url":"https:\/\/greenpoppy.se\/wp-content\/uploads\/2025\/04\/11-6.png","type":"image\/png"}],"twitter_card":"summary_large_image","twitter_misc":{"Estimated reading time":"2 minutes"},"schema":{"@context":"https:\/\/schema.org","@graph":[{"@type":"WebPage","@id":"https:\/\/greenpoppy.se\/produkt\/bambubooster\/","url":"https:\/\/greenpoppy.se\/produkt\/bambubooster\/","name":"Bambubooster - Green Poppy","isPartOf":{"@id":"https:\/\/greenpoppy.se\/en\/#website"},"primaryImageOfPage":{"@id":"https:\/\/greenpoppy.se\/produkt\/bambubooster\/#primaryimage"},"image":{"@id":"https:\/\/greenpoppy.se\/produkt\/bambubooster\/#primaryimage"},"thumbnailUrl":"https:\/\/greenpoppy.se\/wp-content\/uploads\/2025\/04\/11-6.png","datePublished":"2025-04-04T15:55:08+00:00","dateModified":"2026-04-30T14:38:52+00:00","description":"En bambubooster i bambu och bomull. Suger snabbt upp kiss i en tygbl\u00f6ja, placeras n\u00e4rmaste barnets hud. 100% naturmaterial, t\u00e5l 60 grader i tv\u00e4ttmaskin.","breadcrumb":{"@id":"https:\/\/greenpoppy.se\/produkt\/bambubooster\/#breadcrumb"},"inLanguage":"en-GB","potentialAction":[{"@type":"ReadAction","target":["https:\/\/greenpoppy.se\/produkt\/bambubooster\/"]}]},{"@type":"ImageObject","inLanguage":"en-GB","@id":"https:\/\/greenpoppy.se\/produkt\/bambubooster\/#primaryimage","url":"https:\/\/greenpoppy.se\/wp-content\/uploads\/2025\/04\/11-6.png","contentUrl":"https:\/\/greenpoppy.se\/wp-content\/uploads\/2025\/04\/11-6.png","width":1500,"height":1500},{"@type":"BreadcrumbList","@id":"https:\/\/greenpoppy.se\/produkt\/bambubooster\/#breadcrumb","itemListElement":[{"@type":"ListItem","position":1,"name":"Hem","item":"https:\/\/greenpoppy.se\/"},{"@type":"ListItem","position":2,"name":"Butik","item":"https:\/\/greenpoppy.se\/butik\/"},{"@type":"ListItem","position":3,"name":"Bambubooster"}]},{"@type":"WebSite","@id":"https:\/\/greenpoppy.se\/en\/#website","url":"https:\/\/greenpoppy.se\/en\/","name":"Green Poppy","description":"H\u00e5llbara och \u00e5teranv\u00e4ndbara tygbl\u00f6jor","publisher":{"@id":"https:\/\/greenpoppy.se\/en\/#organization"},"potentialAction":[{"@type":"SearchAction","target":{"@type":"EntryPoint","urlTemplate":"https:\/\/greenpoppy.se\/en\/?s={search_term_string}"},"query-input":{"@type":"PropertyValueSpecification","valueRequired":true,"valueName":"search_term_string"}}],"inLanguage":"en-GB"},{"@type":"Organization","@id":"https:\/\/greenpoppy.se\/en\/#organization","name":"Green Poppy","url":"https:\/\/greenpoppy.se\/en\/","logo":{"@type":"ImageObject","inLanguage":"en-GB","@id":"https:\/\/greenpoppy.se\/en\/#\/schema\/logo\/image\/","url":"https:\/\/greenpoppy.se\/wp-content\/uploads\/2025\/01\/Logga_Officiell.svg","contentUrl":"https:\/\/greenpoppy.se\/wp-content\/uploads\/2025\/01\/Logga_Officiell.svg","width":1,"height":1,"caption":"Green Poppy"},"image":{"@id":"https:\/\/greenpoppy.se\/en\/#\/schema\/logo\/image\/"},"sameAs":["https:\/\/www.facebook.com\/profile.php?id=61554367862205","https:\/\/www.instagram.com\/greenpoppy.se\/"]}]}},"_links":{"self":[{"href":"https:\/\/greenpoppy.se\/en\/wp-json\/wp\/v2\/product\/4669","targetHints":{"allow":["GET"]}}],"collection":[{"href":"https:\/\/greenpoppy.se\/en\/wp-json\/wp\/v2\/product"}],"about":[{"href":"https:\/\/greenpoppy.se\/en\/wp-json\/wp\/v2\/types\/product"}],"replies":[{"embeddable":true,"href":"https:\/\/greenpoppy.se\/en\/wp-json\/wp\/v2\/comments?post=4669"}],"wp:featuredmedia":[{"embeddable":true,"href":"https:\/\/greenpoppy.se\/en\/wp-json\/wp\/v2\/media\/4778"}],"wp:attachment":[{"href":"https:\/\/greenpoppy.se\/en\/wp-json\/wp\/v2\/media?parent=4669"}],"wp:term":[{"taxonomy":"product_brand","embeddable":true,"href":"https:\/\/greenpoppy.se\/en\/wp-json\/wp\/v2\/product_brand?post=4669"},{"taxonomy":"product_cat","embeddable":true,"href":"https:\/\/greenpoppy.se\/en\/wp-json\/wp\/v2\/product_cat?post=4669"},{"taxonomy":"product_tag","embeddable":true,"href":"https:\/\/greenpoppy.se\/en\/wp-json\/wp\/v2\/product_tag?post=4669"}],"curies":[{"name":"wp","href":"https:\/\/api.w.org\/{rel}","templated":true}]}}