{"id":4671,"date":"2025-04-04T17:55:08","date_gmt":"2025-04-04T15:55:08","guid":{"rendered":"https:\/\/greenpoppy.se\/?post_type=product&#038;p=4671"},"modified":"2026-04-28T17:51:51","modified_gmt":"2026-04-28T15:51:51","slug":"prefold-plus","status":"publish","type":"product","link":"https:\/\/greenpoppy.se\/en\/product\/prefold-plus\/","title":{"rendered":"Prefold plus"},"content":{"rendered":"<h2 data-start=\"0\" data-end=\"55\">Prefold Plus \u2013 extra absorberande inl\u00e4gg f\u00f6r natten<\/h2>\n<p data-start=\"57\" data-end=\"442\">N\u00e4r du beh\u00f6ver maximal absorption under natten, d\u00e5 \u00e4r Prefold Plus det r\u00e4tta valet! Detta m\u00e5ngsidiga inl\u00e4gg \u00e4r speciellt designat f\u00f6r att ge extra skydd och h\u00e5llbarhet, vilket g\u00f6r det perfekt f\u00f6r nattetid i en <a href=\"https:\/\/greenpoppy.se\/en\/product\/formsydd-bloja\/\">formsydd bl\u00f6ja<\/a>. Med sina markeringar och lagerkombinationer kan du enkelt vikta det f\u00f6r att skapa ett riktigt tjockt inl\u00e4gg f\u00f6r de l\u00e4ngre bl\u00f6jbytena.<\/p>\n<h3 data-start=\"444\" data-end=\"481\">Extra lager f\u00f6r mer absorption<\/h3>\n<p data-start=\"482\" data-end=\"957\">Prefold Plus m\u00e4ter 32 x 34 cm och \u00e4r byggt av bambufrott\u00e9 i en smart kombination av 4+6+4 lager, vilket ger en kraftig uppsugningsf\u00f6rm\u00e5ga. De extra lagren g\u00f6r att det kan hantera st\u00f6rre m\u00e4ngder v\u00e4tska, vilket g\u00f6r det till ett perfekt val f\u00f6r nattetid, n\u00e4r barnet tenderar att sova l\u00e4ngre och kissar mer. Markeringarna g\u00f6r det enkelt att vika upp inl\u00e4gget f\u00f6r att skapa det tjocka och absorberande lager som du beh\u00f6ver f\u00f6r att h\u00e5lla barnet torrt hela natten.<\/p>\n<p data-start=\"959\" data-end=\"1383\">Eftersom Prefold Plus \u00e4r designat f\u00f6r att du ska kunna anv\u00e4nda det i v\u00e5r <a href=\"https:\/\/greenpoppy.se\/en\/product\/formsydd-bloja\/\">formsydda bl\u00f6ja<\/a>, passar det perfekt f\u00f6r att ge ett formpassande, absorberande skydd. Det fungerar \u00e4ven bra tillsammans med ett <a href=\"https:\/\/greenpoppy.se\/en\/product\/pul-skal-one-size\/\">pul-skal<\/a> eller annan typ av yttre lager som h\u00e5ller bl\u00f6jan p\u00e5 plats. F\u00f6r extra s\u00e4kerhet mot l\u00e4ckage, kan du \u00e4ven kombinera det med ett snabbabsorberande inl\u00e4gg som v\u00e5r <a href=\"https:\/\/greenpoppy.se\/en\/product\/bambubooster\/\">bambubooster<\/a>, vilket ger ett bra fl\u00f6de f\u00f6r att snabbt ta hand om v\u00e4tskan.<\/p>\n<p data-start=\"959\" data-end=\"1383\">Beh\u00f6ver du inte fullt s\u00e5 mycket absorption? Prova v\u00e5r andra <a href=\"https:\/\/greenpoppy.se\/en\/product\/prefold\/\">prefold<\/a>.<\/p>\n<h3 data-start=\"959\" data-end=\"1383\">Material och storlek:<\/h3>\n<p data-start=\"959\" data-end=\"1383\">Material: 85% bambuviskos, 15% polyester<\/p>\n<p data-start=\"959\" data-end=\"1383\">Antal lager: 4+6+4 (delarna till h\u00f6ger och v\u00e4nster best\u00e5r av 4 lager och mittendelen best\u00e5r av 6 lager)<\/p>\n<p data-start=\"959\" data-end=\"1383\">Storlek: 32 x 34 cm<\/p>\n<h3 data-start=\"1385\" data-end=\"1419\">Tv\u00e4ttr\u00e5d f\u00f6r b\u00e4sta resultat<\/h3>\n<p data-start=\"1420\" data-end=\"1818\">F\u00f6r att Prefold Plus ska ge b\u00e4sta m\u00f6jliga resultat, tv\u00e4tta det 3\u20135 g\u00e5nger innan f\u00f6rsta anv\u00e4ndning. Tv\u00e4tta p\u00e5 60 grader och l\u00e5t det helst h\u00e4ngtorka f\u00f6r att bevara b\u00e5de form och funktion. Vid torktumling kan kanterna bli n\u00e5got skrynkliga, men en l\u00e4tt utstr\u00e4ckning efter tv\u00e4tt g\u00f6r det rakt igen. Undvik sk\u00f6ljmedel, eftersom det kan p\u00e5verka inl\u00e4ggets f\u00f6rm\u00e5ga att absorbera v\u00e4tska.<\/p>\n<p data-start=\"1820\" data-end=\"1951\">Precis som andra naturmaterial kan Prefold Plus krympa med cirka 10 % efter n\u00e5gra tv\u00e4ttar, vilket \u00e4r normalt f\u00f6r bambufrott\u00e9.<\/p>\n<p data-start=\"1953\" data-end=\"2084\">Vill du veta mer om varf\u00f6r tygbl\u00f6jor \u00e4r b\u00e5de praktiska och h\u00e5llbara? L\u00e4s mer hos <a href=\"https:\/\/www.blojupproret.se\/\" target=\"_new\" rel=\"noopener\" data-start=\"2036\" data-end=\"2079\">Bl\u00f6jupproret<\/a>!<\/p>","protected":false},"excerpt":{"rendered":"<p>Prefold Plus \u00e4r ett extra tjockt inl\u00e4gg i bambufrott\u00e9 med 4+6+4 lager, perfekt f\u00f6r n\u00e4tter med h\u00f6g absorption. Storlek 32 x 34 cm. De smarta vikmarkeringarna g\u00f6r det enkelt att f\u00e5 ett perfekt inl\u00e4gg.<\/p>","protected":false},"featured_media":4779,"comment_status":"open","ping_status":"closed","template":"","meta":[],"product_brand":[],"product_cat":[103],"product_tag":[],"class_list":{"0":"post-4671","1":"product","2":"type-product","3":"status-publish","4":"has-post-thumbnail","6":"product_cat-inlagg-och-tvattlappar","8":"first","9":"instock","10":"taxable","11":"shipping-taxable","12":"purchasable","13":"product-type-simple"},"bundled_by":["2713","5194","4694"],"bundle_stock_status":"instock","bundle_stock_quantity":93,"bundle_virtual":false,"bundle_layout":"","bundle_add_to_cart_form_location":"","bundle_editable_in_cart":false,"bundle_sold_individually_context":"","bundle_item_grouping":"","bundle_min_size":"","bundle_max_size":"","bundle_price":[],"bundled_items":[],"bundle_sell_ids":[],"yoast_head":"<!-- This site is optimized with the Yoast SEO plugin v27.5 - https:\/\/yoast.com\/product\/yoast-seo-wordpress\/ -->\n<title>Prefold plus - Green Poppy<\/title>\n<meta name=\"description\" content=\"Prefold plus \u00e4r ett extra absorberande inl\u00e4gg f\u00f6r tygbl\u00f6jor. 4+6+4 lager mjuk bambufrott\u00e9. Vik inl\u00e4gget som du \u00f6nskar och anv\u00e4nda det n\u00e4r det beh\u00f6vs.\" \/>\n<meta name=\"robots\" content=\"index, follow, max-snippet:-1, max-image-preview:large, max-video-preview:-1\" \/>\n<link rel=\"canonical\" href=\"https:\/\/greenpoppy.se\/en\/product\/prefold-plus\/\" \/>\n<meta property=\"og:locale\" content=\"en_GB\" \/>\n<meta property=\"og:type\" content=\"article\" \/>\n<meta property=\"og:title\" content=\"Prefold plus - Green Poppy\" \/>\n<meta property=\"og:description\" content=\"Prefold plus \u00e4r ett extra absorberande inl\u00e4gg f\u00f6r tygbl\u00f6jor. 4+6+4 lager mjuk bambufrott\u00e9. Vik inl\u00e4gget som du \u00f6nskar och anv\u00e4nda det n\u00e4r det beh\u00f6vs.\" \/>\n<meta property=\"og:url\" content=\"https:\/\/greenpoppy.se\/en\/product\/prefold-plus\/\" \/>\n<meta property=\"og:site_name\" content=\"Green Poppy\" \/>\n<meta property=\"article:publisher\" content=\"https:\/\/www.facebook.com\/profile.php?id=61554367862205\" \/>\n<meta property=\"article:modified_time\" content=\"2026-04-28T15:51:51+00:00\" \/>\n<meta property=\"og:image\" content=\"https:\/\/greenpoppy.se\/wp-content\/uploads\/2025\/04\/12-6.png\" \/>\n\t<meta property=\"og:image:width\" content=\"1500\" \/>\n\t<meta property=\"og:image:height\" content=\"1500\" \/>\n\t<meta property=\"og:image:type\" content=\"image\/png\" \/>\n<meta name=\"twitter:card\" content=\"summary_large_image\" \/>\n<meta name=\"twitter:label1\" content=\"Estimated reading time\" \/>\n\t<meta name=\"twitter:data1\" content=\"3 minutes\" \/>\n<script type=\"application\/ld+json\" class=\"yoast-schema-graph\">{\"@context\":\"https:\\\/\\\/schema.org\",\"@graph\":[{\"@type\":\"WebPage\",\"@id\":\"https:\\\/\\\/greenpoppy.se\\\/produkt\\\/prefold-plus\\\/\",\"url\":\"https:\\\/\\\/greenpoppy.se\\\/produkt\\\/prefold-plus\\\/\",\"name\":\"Prefold plus - Green Poppy\",\"isPartOf\":{\"@id\":\"https:\\\/\\\/greenpoppy.se\\\/en\\\/#website\"},\"primaryImageOfPage\":{\"@id\":\"https:\\\/\\\/greenpoppy.se\\\/produkt\\\/prefold-plus\\\/#primaryimage\"},\"image\":{\"@id\":\"https:\\\/\\\/greenpoppy.se\\\/produkt\\\/prefold-plus\\\/#primaryimage\"},\"thumbnailUrl\":\"https:\\\/\\\/greenpoppy.se\\\/wp-content\\\/uploads\\\/2025\\\/04\\\/12-6.png\",\"datePublished\":\"2025-04-04T15:55:08+00:00\",\"dateModified\":\"2026-04-28T15:51:51+00:00\",\"description\":\"Prefold plus \u00e4r ett extra absorberande inl\u00e4gg f\u00f6r tygbl\u00f6jor. 4+6+4 lager mjuk bambufrott\u00e9. Vik inl\u00e4gget som du \u00f6nskar och anv\u00e4nda det n\u00e4r det beh\u00f6vs.\",\"breadcrumb\":{\"@id\":\"https:\\\/\\\/greenpoppy.se\\\/produkt\\\/prefold-plus\\\/#breadcrumb\"},\"inLanguage\":\"en-GB\",\"potentialAction\":[{\"@type\":\"ReadAction\",\"target\":[\"https:\\\/\\\/greenpoppy.se\\\/produkt\\\/prefold-plus\\\/\"]}]},{\"@type\":\"ImageObject\",\"inLanguage\":\"en-GB\",\"@id\":\"https:\\\/\\\/greenpoppy.se\\\/produkt\\\/prefold-plus\\\/#primaryimage\",\"url\":\"https:\\\/\\\/greenpoppy.se\\\/wp-content\\\/uploads\\\/2025\\\/04\\\/12-6.png\",\"contentUrl\":\"https:\\\/\\\/greenpoppy.se\\\/wp-content\\\/uploads\\\/2025\\\/04\\\/12-6.png\",\"width\":1500,\"height\":1500},{\"@type\":\"BreadcrumbList\",\"@id\":\"https:\\\/\\\/greenpoppy.se\\\/produkt\\\/prefold-plus\\\/#breadcrumb\",\"itemListElement\":[{\"@type\":\"ListItem\",\"position\":1,\"name\":\"Hem\",\"item\":\"https:\\\/\\\/greenpoppy.se\\\/\"},{\"@type\":\"ListItem\",\"position\":2,\"name\":\"Butik\",\"item\":\"https:\\\/\\\/greenpoppy.se\\\/butik\\\/\"},{\"@type\":\"ListItem\",\"position\":3,\"name\":\"Prefold plus\"}]},{\"@type\":\"WebSite\",\"@id\":\"https:\\\/\\\/greenpoppy.se\\\/en\\\/#website\",\"url\":\"https:\\\/\\\/greenpoppy.se\\\/en\\\/\",\"name\":\"Green Poppy\",\"description\":\"H\u00e5llbara och \u00e5teranv\u00e4ndbara tygbl\u00f6jor\",\"publisher\":{\"@id\":\"https:\\\/\\\/greenpoppy.se\\\/en\\\/#organization\"},\"potentialAction\":[{\"@type\":\"SearchAction\",\"target\":{\"@type\":\"EntryPoint\",\"urlTemplate\":\"https:\\\/\\\/greenpoppy.se\\\/en\\\/?s={search_term_string}\"},\"query-input\":{\"@type\":\"PropertyValueSpecification\",\"valueRequired\":true,\"valueName\":\"search_term_string\"}}],\"inLanguage\":\"en-GB\"},{\"@type\":\"Organization\",\"@id\":\"https:\\\/\\\/greenpoppy.se\\\/en\\\/#organization\",\"name\":\"Green Poppy\",\"url\":\"https:\\\/\\\/greenpoppy.se\\\/en\\\/\",\"logo\":{\"@type\":\"ImageObject\",\"inLanguage\":\"en-GB\",\"@id\":\"https:\\\/\\\/greenpoppy.se\\\/en\\\/#\\\/schema\\\/logo\\\/image\\\/\",\"url\":\"https:\\\/\\\/greenpoppy.se\\\/wp-content\\\/uploads\\\/2025\\\/01\\\/Logga_Officiell.svg\",\"contentUrl\":\"https:\\\/\\\/greenpoppy.se\\\/wp-content\\\/uploads\\\/2025\\\/01\\\/Logga_Officiell.svg\",\"width\":1,\"height\":1,\"caption\":\"Green Poppy\"},\"image\":{\"@id\":\"https:\\\/\\\/greenpoppy.se\\\/en\\\/#\\\/schema\\\/logo\\\/image\\\/\"},\"sameAs\":[\"https:\\\/\\\/www.facebook.com\\\/profile.php?id=61554367862205\",\"https:\\\/\\\/www.instagram.com\\\/greenpoppy.se\\\/\"]}]}<\/script>\n<!-- \/ Yoast SEO plugin. -->","yoast_head_json":{"title":"Prefold plus - Green Poppy","description":"Prefold plus \u00e4r ett extra absorberande inl\u00e4gg f\u00f6r tygbl\u00f6jor. 4+6+4 lager mjuk bambufrott\u00e9. Vik inl\u00e4gget som du \u00f6nskar och anv\u00e4nda det n\u00e4r det beh\u00f6vs.","robots":{"index":"index","follow":"follow","max-snippet":"max-snippet:-1","max-image-preview":"max-image-preview:large","max-video-preview":"max-video-preview:-1"},"canonical":"https:\/\/greenpoppy.se\/en\/product\/prefold-plus\/","og_locale":"en_GB","og_type":"article","og_title":"Prefold plus - Green Poppy","og_description":"Prefold plus \u00e4r ett extra absorberande inl\u00e4gg f\u00f6r tygbl\u00f6jor. 4+6+4 lager mjuk bambufrott\u00e9. Vik inl\u00e4gget som du \u00f6nskar och anv\u00e4nda det n\u00e4r det beh\u00f6vs.","og_url":"https:\/\/greenpoppy.se\/en\/product\/prefold-plus\/","og_site_name":"Green Poppy","article_publisher":"https:\/\/www.facebook.com\/profile.php?id=61554367862205","article_modified_time":"2026-04-28T15:51:51+00:00","og_image":[{"width":1500,"height":1500,"url":"https:\/\/greenpoppy.se\/wp-content\/uploads\/2025\/04\/12-6.png","type":"image\/png"}],"twitter_card":"summary_large_image","twitter_misc":{"Estimated reading time":"3 minutes"},"schema":{"@context":"https:\/\/schema.org","@graph":[{"@type":"WebPage","@id":"https:\/\/greenpoppy.se\/produkt\/prefold-plus\/","url":"https:\/\/greenpoppy.se\/produkt\/prefold-plus\/","name":"Prefold plus - Green Poppy","isPartOf":{"@id":"https:\/\/greenpoppy.se\/en\/#website"},"primaryImageOfPage":{"@id":"https:\/\/greenpoppy.se\/produkt\/prefold-plus\/#primaryimage"},"image":{"@id":"https:\/\/greenpoppy.se\/produkt\/prefold-plus\/#primaryimage"},"thumbnailUrl":"https:\/\/greenpoppy.se\/wp-content\/uploads\/2025\/04\/12-6.png","datePublished":"2025-04-04T15:55:08+00:00","dateModified":"2026-04-28T15:51:51+00:00","description":"Prefold plus \u00e4r ett extra absorberande inl\u00e4gg f\u00f6r tygbl\u00f6jor. 4+6+4 lager mjuk bambufrott\u00e9. Vik inl\u00e4gget som du \u00f6nskar och anv\u00e4nda det n\u00e4r det beh\u00f6vs.","breadcrumb":{"@id":"https:\/\/greenpoppy.se\/produkt\/prefold-plus\/#breadcrumb"},"inLanguage":"en-GB","potentialAction":[{"@type":"ReadAction","target":["https:\/\/greenpoppy.se\/produkt\/prefold-plus\/"]}]},{"@type":"ImageObject","inLanguage":"en-GB","@id":"https:\/\/greenpoppy.se\/produkt\/prefold-plus\/#primaryimage","url":"https:\/\/greenpoppy.se\/wp-content\/uploads\/2025\/04\/12-6.png","contentUrl":"https:\/\/greenpoppy.se\/wp-content\/uploads\/2025\/04\/12-6.png","width":1500,"height":1500},{"@type":"BreadcrumbList","@id":"https:\/\/greenpoppy.se\/produkt\/prefold-plus\/#breadcrumb","itemListElement":[{"@type":"ListItem","position":1,"name":"Hem","item":"https:\/\/greenpoppy.se\/"},{"@type":"ListItem","position":2,"name":"Butik","item":"https:\/\/greenpoppy.se\/butik\/"},{"@type":"ListItem","position":3,"name":"Prefold plus"}]},{"@type":"WebSite","@id":"https:\/\/greenpoppy.se\/en\/#website","url":"https:\/\/greenpoppy.se\/en\/","name":"Green Poppy","description":"H\u00e5llbara och \u00e5teranv\u00e4ndbara tygbl\u00f6jor","publisher":{"@id":"https:\/\/greenpoppy.se\/en\/#organization"},"potentialAction":[{"@type":"SearchAction","target":{"@type":"EntryPoint","urlTemplate":"https:\/\/greenpoppy.se\/en\/?s={search_term_string}"},"query-input":{"@type":"PropertyValueSpecification","valueRequired":true,"valueName":"search_term_string"}}],"inLanguage":"en-GB"},{"@type":"Organization","@id":"https:\/\/greenpoppy.se\/en\/#organization","name":"Green Poppy","url":"https:\/\/greenpoppy.se\/en\/","logo":{"@type":"ImageObject","inLanguage":"en-GB","@id":"https:\/\/greenpoppy.se\/en\/#\/schema\/logo\/image\/","url":"https:\/\/greenpoppy.se\/wp-content\/uploads\/2025\/01\/Logga_Officiell.svg","contentUrl":"https:\/\/greenpoppy.se\/wp-content\/uploads\/2025\/01\/Logga_Officiell.svg","width":1,"height":1,"caption":"Green Poppy"},"image":{"@id":"https:\/\/greenpoppy.se\/en\/#\/schema\/logo\/image\/"},"sameAs":["https:\/\/www.facebook.com\/profile.php?id=61554367862205","https:\/\/www.instagram.com\/greenpoppy.se\/"]}]}},"_links":{"self":[{"href":"https:\/\/greenpoppy.se\/en\/wp-json\/wp\/v2\/product\/4671","targetHints":{"allow":["GET"]}}],"collection":[{"href":"https:\/\/greenpoppy.se\/en\/wp-json\/wp\/v2\/product"}],"about":[{"href":"https:\/\/greenpoppy.se\/en\/wp-json\/wp\/v2\/types\/product"}],"replies":[{"embeddable":true,"href":"https:\/\/greenpoppy.se\/en\/wp-json\/wp\/v2\/comments?post=4671"}],"wp:featuredmedia":[{"embeddable":true,"href":"https:\/\/greenpoppy.se\/en\/wp-json\/wp\/v2\/media\/4779"}],"wp:attachment":[{"href":"https:\/\/greenpoppy.se\/en\/wp-json\/wp\/v2\/media?parent=4671"}],"wp:term":[{"taxonomy":"product_brand","embeddable":true,"href":"https:\/\/greenpoppy.se\/en\/wp-json\/wp\/v2\/product_brand?post=4671"},{"taxonomy":"product_cat","embeddable":true,"href":"https:\/\/greenpoppy.se\/en\/wp-json\/wp\/v2\/product_cat?post=4671"},{"taxonomy":"product_tag","embeddable":true,"href":"https:\/\/greenpoppy.se\/en\/wp-json\/wp\/v2\/product_tag?post=4671"}],"curies":[{"name":"wp","href":"https:\/\/api.w.org\/{rel}","templated":true}]}}