{"id":4693,"date":"2025-04-04T17:58:45","date_gmt":"2025-04-04T15:58:45","guid":{"rendered":"https:\/\/greenpoppy.se\/?post_type=product&#038;p=4693"},"modified":"2026-03-24T12:33:39","modified_gmt":"2026-03-24T11:33:39","slug":"sio","status":"publish","type":"product","link":"https:\/\/greenpoppy.se\/en\/product\/sio\/","title":{"rendered":"SIO with bamboo terry inserts"},"content":{"rendered":"<h2 data-start=\"0\" data-end=\"87\">Snap-in-one (SIO) - a complete system with a diaper cover and double bamboo terry inserts<\/h2>\n<p class=\"\" data-start=\"89\" data-end=\"437\">Green Poppy\u2019s Snap-in-One (SIO) is the ultimate diaper system for those looking for a combination of functionality, convenience, and eco-friendliness. The system consists of our soft diaper cover and two absorbent <a href=\"https:\/\/greenpoppy.se\/en\/product\/bambufrotteinlagg\/\">bamboo terry inserts<\/a>, som du enkelt f\u00e4ster med knappar f\u00f6r att h\u00e5lla allt p\u00e5 plats. F\u00f6r extra komfort kan du komplettera med l\u00f6sa torrskikt.<\/p>\n<h3>Diaper cover - the waterproof cover<\/h3>\n<p class=\"\" data-start=\"483\" data-end=\"807\">V\u00e5rt <a href=\"https:\/\/greenpoppy.se\/en\/product\/pul-skal-one-size\/\">pul-skal<\/a> \u00e4r designat i One Size och passar barn fr\u00e5n cirka 4\u201316 kilo. Justerbara knappar p\u00e5 framsidan g\u00f6r det enkelt att anpassa h\u00f6jd och bredd f\u00f6r optimal passform. Ryggres\u00e5ren och de elastiska, dubbla res\u00e5rerna runt benen ger ett s\u00e4kert skydd mot l\u00e4ckage, medan de stretchiga och mjuka tabbarna g\u00f6r bl\u00f6jan bekv\u00e4m f\u00f6r barnet.<\/p>\n<p class=\"\" data-start=\"809\" data-end=\"1023\">P\u00e5 insidan av skalet finns knappar b\u00e5de fram och bak, d\u00e4r man f\u00e4ster de tv\u00e5 bambufrott\u00e9inl\u00e4ggen. Fl\u00e4rpar av pul fram- och baktill hj\u00e4lper ocks\u00e5 till att h\u00e5lla inl\u00e4ggen p\u00e5 plats, vilket g\u00f6r anv\u00e4ndningen \u00e4nnu smidigare.<\/p>\n<p class=\"\" data-start=\"1025\" data-end=\"1238\">En av f\u00f6rdelarna med pul-skalet \u00e4r att du kan \u00e5teranv\u00e4nda det flera g\u00e5nger under dagen. Byt bara ut de anv\u00e4nda inl\u00e4ggen mot rena, och forts\u00e4tt anv\u00e4nda samma skal tills det k\u00e4nns ofr\u00e4scht eller har blivit smutsigt.<\/p>\n<p data-start=\"1025\" data-end=\"1238\"><a href=\"https:\/\/greenpoppy.se\/en\/product\/pul-skal-one-size\/\">Read more about the cover<\/a>.<\/p>\n<h3 class=\"\" data-start=\"1240\" data-end=\"1300\">Bambufrott\u00e9inl\u00e4gg \u2013 Dubbelt mjukt och absorberande<\/h3>\n<p class=\"\" data-start=\"1301\" data-end=\"1636\">De medf\u00f6ljande <a href=\"https:\/\/greenpoppy.se\/en\/product\/bambufrotteinlagg\/\">bambufrott\u00e9inl\u00e4ggen<\/a> \u00e4r tillverkade av 4 lager mjukt bambufrott\u00e9, vilket g\u00f6r dem b\u00e5de skonsamma mot barnets hud och mycket absorberande. Varje bl\u00f6ja anv\u00e4nder tv\u00e5 inl\u00e4gg: ett som du kn\u00e4pper fast fram i pul-skalet och ett som du kn\u00e4pper fast bak i skalet. Denna konstruktion ger en stabil och l\u00e4ckages\u00e4ker l\u00f6sning som passar alla sm\u00e5barn. Detta ger dig ocks\u00e5 totalt 8 lager bambufrott\u00e9 i varje bl\u00f6ja.<\/p>\n<p class=\"\" data-start=\"1638\" data-end=\"1830\">Vill du \u00f6ka absorptionen ytterligare? L\u00e4gg till ett extra inl\u00e4gg eller komplettera med ett hampainl\u00e4gg. F\u00f6r en torr k\u00e4nsla mot barnets hud kan du \u00e4ven anv\u00e4nda l\u00f6sa torrskikt ovanp\u00e5 inl\u00e4ggen.<\/p>\n<p class=\"\" data-start=\"1832\" data-end=\"2102\">Inl\u00e4ggen beh\u00f6ver 3-5 tv\u00e4ttar innan de n\u00e5r sin fulla absorptionsf\u00f6rm\u00e5ga. Inl\u00e4ggen tv\u00e4ttar man i 60 grader och sedan ska de helst h\u00e4ngas p\u00e5 tork, men kan \u00e4ven torktumlas vid behov. Om kanterna blir kn\u00f6liga efter torktumling kan de enkelt str\u00e4ckas ut f\u00f6r att \u00e5terf\u00e5 sin ursprungliga form.<\/p>\n<p data-start=\"1832\" data-end=\"2102\"><a href=\"https:\/\/greenpoppy.se\/en\/product\/bambufrotteinlagg\/\">H\u00e4r kan du l\u00e4sa mer inl\u00e4ggen i bambufrott\u00e9<\/a>.<\/p>\n<h3 class=\"\" data-start=\"2104\" data-end=\"2139\">Hur anv\u00e4nder man SIO-systemet?<\/h3>\n<ol data-start=\"2140\" data-end=\"2507\">\n<li class=\"\" data-start=\"2140\" data-end=\"2225\">\n<p class=\"\" data-start=\"2143\" data-end=\"2225\">F\u00e4st ett bambufrott\u00e9inl\u00e4gg fram och ett bak i pul-skalet med hj\u00e4lp av knapparna.<\/p>\n<\/li>\n<li class=\"\" data-start=\"2226\" data-end=\"2338\">\n<p class=\"\" data-start=\"2229\" data-end=\"2338\">Vid bl\u00f6jbyte, byt endast ut de anv\u00e4nda inl\u00e4ggen mot rena och \u00e5teranv\u00e4nd pul-skalet om det inte \u00e4r smutsigt.<\/p>\n<\/li>\n<li class=\"\" data-start=\"2339\" data-end=\"2414\">\n<p class=\"\" data-start=\"2342\" data-end=\"2414\">Komplettera med ett <a href=\"https:\/\/greenpoppy.se\/en\/product\/torrskikt-awj\/\">stay-dry layer<\/a> om du vill ha en torr k\u00e4nsla f\u00f6r barnet.<\/p>\n<\/li>\n<\/ol>\n<p class=\"\" data-start=\"2509\" data-end=\"2653\">Green Poppys Snap-in-One erbjuder en smart, bekv\u00e4m och h\u00e5llbar l\u00f6sning f\u00f6r familjer som vill kombinera funktion och milj\u00f6medvetenhet i vardagen!<\/p>\n<h3 data-start=\"2046\" data-end=\"2216\">The difference between AI2 and SIO?<\/h3>\n<p data-start=\"2046\" data-end=\"2216\">Both All in Two and Snap In One use Green Poppy\u2019s PUL cover, so it\u2019s exactly the same cover. The difference is that with SIO, the inserts are <em>snapped<\/em> into the cover using a button, while with AI2, the insert lies loose under the PUL panels in the cover.<\/p>\n<p data-start=\"2509\" data-end=\"2653\">Green Poppy is collaborating with <a href=\"https:\/\/blojupproret.se\">Bl\u00f6jupproret<\/a>.<\/p>","protected":false},"excerpt":{"rendered":"<p>Create a complete system! Choose a diaper cover and two bamboo terry inserts. You can then snap the inserts into the cover. At diaper changes, place the inserts in the laundry and reuse the cover \u2013 so convenient.<\/p>","protected":false},"featured_media":5874,"comment_status":"open","ping_status":"closed","template":"","meta":[],"product_brand":[],"product_cat":[286],"product_tag":[],"class_list":{"0":"post-4693","1":"product","2":"type-product","3":"status-publish","4":"has-post-thumbnail","6":"product_cat-snap-in-one-all-in-two","8":"first","9":"instock","10":"taxable","11":"shipping-taxable","12":"purchasable","13":"product-type-bundle"},"bundled_by":[],"bundle_stock_status":"insufficientstock","bundle_stock_quantity":0,"bundle_virtual":false,"bundle_layout":"default","bundle_add_to_cart_form_location":"default","bundle_editable_in_cart":false,"bundle_sold_individually_context":"product","bundle_item_grouping":"parent","bundle_min_size":"","bundle_max_size":"","bundle_price":{"price":{"min":{"incl_tax":"289","excl_tax":"231.2"},"max":{"incl_tax":"289","excl_tax":"231.2"}},"regular_price":{"min":{"incl_tax":"289","excl_tax":"231.2"},"max":{"incl_tax":"289","excl_tax":"231.2"}}},"bundled_items":[{"bundled_item_id":8,"product_id":3113,"menu_order":0,"quantity_min":1,"quantity_max":1,"quantity_default":1,"priced_individually":false,"shipped_individually":false,"override_title":false,"title":"Diaper Cover One Size","override_description":true,"description":"","optional":false,"hide_thumbnail":false,"discount":"","override_variations":false,"allowed_variations":[],"override_default_variation_attributes":false,"default_variation_attributes":[],"single_product_visibility":"visible","cart_visibility":"visible","order_visibility":"visible","single_product_price_visibility":"visible","cart_price_visibility":"visible","order_price_visibility":"visible","stock_status":"in_stock"},{"bundled_item_id":9,"product_id":828,"menu_order":1,"quantity_min":2,"quantity_max":2,"quantity_default":2,"priced_individually":false,"shipped_individually":false,"override_title":false,"title":"Bamboo Terry insert with snap","override_description":true,"description":"","optional":false,"hide_thumbnail":false,"discount":"","override_variations":false,"allowed_variations":[],"override_default_variation_attributes":false,"default_variation_attributes":[],"single_product_visibility":"visible","cart_visibility":"visible","order_visibility":"visible","single_product_price_visibility":"visible","cart_price_visibility":"visible","order_price_visibility":"visible","stock_status":"out_of_stock"}],"bundle_sell_ids":[],"yoast_head":"<!-- This site is optimized with the Yoast SEO plugin v27.5 - https:\/\/yoast.com\/product\/yoast-seo-wordpress\/ -->\n<title>SIO med bambufrott\u00e9inl\u00e4gg - Green Poppy<\/title>\n<meta name=\"description\" content=\"SIO med bambufrott\u00e9inl\u00e4gg - snap in one. Ett system med tygbl\u00f6jor d\u00e4r inl\u00e4ggen kn\u00e4pps fast i skalet. Vid byte \u00e5teranv\u00e4nds skalet och inl\u00e4gg byts.\" \/>\n<meta name=\"robots\" content=\"index, follow, max-snippet:-1, max-image-preview:large, max-video-preview:-1\" \/>\n<link rel=\"canonical\" href=\"https:\/\/greenpoppy.se\/en\/product\/sio\/\" \/>\n<meta property=\"og:locale\" content=\"en_GB\" \/>\n<meta property=\"og:type\" content=\"article\" \/>\n<meta property=\"og:title\" content=\"SIO med bambufrott\u00e9inl\u00e4gg - Green Poppy\" \/>\n<meta property=\"og:description\" content=\"SIO med bambufrott\u00e9inl\u00e4gg - snap in one. Ett system med tygbl\u00f6jor d\u00e4r inl\u00e4ggen kn\u00e4pps fast i skalet. Vid byte \u00e5teranv\u00e4nds skalet och inl\u00e4gg byts.\" \/>\n<meta property=\"og:url\" content=\"https:\/\/greenpoppy.se\/en\/product\/sio\/\" \/>\n<meta property=\"og:site_name\" content=\"Green Poppy\" \/>\n<meta property=\"article:publisher\" content=\"https:\/\/www.facebook.com\/profile.php?id=61554367862205\" \/>\n<meta property=\"article:modified_time\" content=\"2026-03-24T11:33:39+00:00\" \/>\n<meta property=\"og:image\" content=\"https:\/\/greenpoppy.se\/wp-content\/uploads\/2025\/04\/1-29.png\" \/>\n\t<meta property=\"og:image:width\" content=\"1200\" \/>\n\t<meta property=\"og:image:height\" content=\"1200\" \/>\n\t<meta property=\"og:image:type\" content=\"image\/png\" \/>\n<meta name=\"twitter:card\" content=\"summary_large_image\" \/>\n<meta name=\"twitter:label1\" content=\"Estimated reading time\" \/>\n\t<meta name=\"twitter:data1\" content=\"3 minutes\" \/>\n<script type=\"application\/ld+json\" class=\"yoast-schema-graph\">{\"@context\":\"https:\\\/\\\/schema.org\",\"@graph\":[{\"@type\":\"WebPage\",\"@id\":\"https:\\\/\\\/greenpoppy.se\\\/produkt\\\/sio\\\/\",\"url\":\"https:\\\/\\\/greenpoppy.se\\\/produkt\\\/sio\\\/\",\"name\":\"SIO med bambufrott\u00e9inl\u00e4gg - Green Poppy\",\"isPartOf\":{\"@id\":\"https:\\\/\\\/greenpoppy.se\\\/en\\\/#website\"},\"primaryImageOfPage\":{\"@id\":\"https:\\\/\\\/greenpoppy.se\\\/produkt\\\/sio\\\/#primaryimage\"},\"image\":{\"@id\":\"https:\\\/\\\/greenpoppy.se\\\/produkt\\\/sio\\\/#primaryimage\"},\"thumbnailUrl\":\"https:\\\/\\\/greenpoppy.se\\\/wp-content\\\/uploads\\\/2025\\\/04\\\/1-29.png\",\"datePublished\":\"2025-04-04T15:58:45+00:00\",\"dateModified\":\"2026-03-24T11:33:39+00:00\",\"description\":\"SIO med bambufrott\u00e9inl\u00e4gg - snap in one. Ett system med tygbl\u00f6jor d\u00e4r inl\u00e4ggen kn\u00e4pps fast i skalet. Vid byte \u00e5teranv\u00e4nds skalet och inl\u00e4gg byts.\",\"breadcrumb\":{\"@id\":\"https:\\\/\\\/greenpoppy.se\\\/produkt\\\/sio\\\/#breadcrumb\"},\"inLanguage\":\"en-GB\",\"potentialAction\":[{\"@type\":\"ReadAction\",\"target\":[\"https:\\\/\\\/greenpoppy.se\\\/produkt\\\/sio\\\/\"]}]},{\"@type\":\"ImageObject\",\"inLanguage\":\"en-GB\",\"@id\":\"https:\\\/\\\/greenpoppy.se\\\/produkt\\\/sio\\\/#primaryimage\",\"url\":\"https:\\\/\\\/greenpoppy.se\\\/wp-content\\\/uploads\\\/2025\\\/04\\\/1-29.png\",\"contentUrl\":\"https:\\\/\\\/greenpoppy.se\\\/wp-content\\\/uploads\\\/2025\\\/04\\\/1-29.png\",\"width\":1200,\"height\":1200},{\"@type\":\"BreadcrumbList\",\"@id\":\"https:\\\/\\\/greenpoppy.se\\\/produkt\\\/sio\\\/#breadcrumb\",\"itemListElement\":[{\"@type\":\"ListItem\",\"position\":1,\"name\":\"Hem\",\"item\":\"https:\\\/\\\/greenpoppy.se\\\/\"},{\"@type\":\"ListItem\",\"position\":2,\"name\":\"Butik\",\"item\":\"https:\\\/\\\/greenpoppy.se\\\/butik\\\/\"},{\"@type\":\"ListItem\",\"position\":3,\"name\":\"SIO med bambufrott\u00e9inl\u00e4gg\"}]},{\"@type\":\"WebSite\",\"@id\":\"https:\\\/\\\/greenpoppy.se\\\/en\\\/#website\",\"url\":\"https:\\\/\\\/greenpoppy.se\\\/en\\\/\",\"name\":\"Green Poppy\",\"description\":\"H\u00e5llbara och \u00e5teranv\u00e4ndbara tygbl\u00f6jor\",\"publisher\":{\"@id\":\"https:\\\/\\\/greenpoppy.se\\\/en\\\/#organization\"},\"potentialAction\":[{\"@type\":\"SearchAction\",\"target\":{\"@type\":\"EntryPoint\",\"urlTemplate\":\"https:\\\/\\\/greenpoppy.se\\\/en\\\/?s={search_term_string}\"},\"query-input\":{\"@type\":\"PropertyValueSpecification\",\"valueRequired\":true,\"valueName\":\"search_term_string\"}}],\"inLanguage\":\"en-GB\"},{\"@type\":\"Organization\",\"@id\":\"https:\\\/\\\/greenpoppy.se\\\/en\\\/#organization\",\"name\":\"Green Poppy\",\"url\":\"https:\\\/\\\/greenpoppy.se\\\/en\\\/\",\"logo\":{\"@type\":\"ImageObject\",\"inLanguage\":\"en-GB\",\"@id\":\"https:\\\/\\\/greenpoppy.se\\\/en\\\/#\\\/schema\\\/logo\\\/image\\\/\",\"url\":\"https:\\\/\\\/greenpoppy.se\\\/wp-content\\\/uploads\\\/2025\\\/01\\\/Logga_Officiell.svg\",\"contentUrl\":\"https:\\\/\\\/greenpoppy.se\\\/wp-content\\\/uploads\\\/2025\\\/01\\\/Logga_Officiell.svg\",\"width\":1,\"height\":1,\"caption\":\"Green Poppy\"},\"image\":{\"@id\":\"https:\\\/\\\/greenpoppy.se\\\/en\\\/#\\\/schema\\\/logo\\\/image\\\/\"},\"sameAs\":[\"https:\\\/\\\/www.facebook.com\\\/profile.php?id=61554367862205\",\"https:\\\/\\\/www.instagram.com\\\/greenpoppy.se\\\/\"]}]}<\/script>\n<!-- \/ Yoast SEO plugin. -->","yoast_head_json":{"title":"SIO med bambufrott\u00e9inl\u00e4gg - Green Poppy","description":"SIO med bambufrott\u00e9inl\u00e4gg - snap in one. Ett system med tygbl\u00f6jor d\u00e4r inl\u00e4ggen kn\u00e4pps fast i skalet. Vid byte \u00e5teranv\u00e4nds skalet och inl\u00e4gg byts.","robots":{"index":"index","follow":"follow","max-snippet":"max-snippet:-1","max-image-preview":"max-image-preview:large","max-video-preview":"max-video-preview:-1"},"canonical":"https:\/\/greenpoppy.se\/en\/product\/sio\/","og_locale":"en_GB","og_type":"article","og_title":"SIO med bambufrott\u00e9inl\u00e4gg - Green Poppy","og_description":"SIO med bambufrott\u00e9inl\u00e4gg - snap in one. Ett system med tygbl\u00f6jor d\u00e4r inl\u00e4ggen kn\u00e4pps fast i skalet. Vid byte \u00e5teranv\u00e4nds skalet och inl\u00e4gg byts.","og_url":"https:\/\/greenpoppy.se\/en\/product\/sio\/","og_site_name":"Green Poppy","article_publisher":"https:\/\/www.facebook.com\/profile.php?id=61554367862205","article_modified_time":"2026-03-24T11:33:39+00:00","og_image":[{"width":1200,"height":1200,"url":"https:\/\/greenpoppy.se\/wp-content\/uploads\/2025\/04\/1-29.png","type":"image\/png"}],"twitter_card":"summary_large_image","twitter_misc":{"Estimated reading time":"3 minutes"},"schema":{"@context":"https:\/\/schema.org","@graph":[{"@type":"WebPage","@id":"https:\/\/greenpoppy.se\/produkt\/sio\/","url":"https:\/\/greenpoppy.se\/produkt\/sio\/","name":"SIO med bambufrott\u00e9inl\u00e4gg - Green Poppy","isPartOf":{"@id":"https:\/\/greenpoppy.se\/en\/#website"},"primaryImageOfPage":{"@id":"https:\/\/greenpoppy.se\/produkt\/sio\/#primaryimage"},"image":{"@id":"https:\/\/greenpoppy.se\/produkt\/sio\/#primaryimage"},"thumbnailUrl":"https:\/\/greenpoppy.se\/wp-content\/uploads\/2025\/04\/1-29.png","datePublished":"2025-04-04T15:58:45+00:00","dateModified":"2026-03-24T11:33:39+00:00","description":"SIO med bambufrott\u00e9inl\u00e4gg - snap in one. Ett system med tygbl\u00f6jor d\u00e4r inl\u00e4ggen kn\u00e4pps fast i skalet. Vid byte \u00e5teranv\u00e4nds skalet och inl\u00e4gg byts.","breadcrumb":{"@id":"https:\/\/greenpoppy.se\/produkt\/sio\/#breadcrumb"},"inLanguage":"en-GB","potentialAction":[{"@type":"ReadAction","target":["https:\/\/greenpoppy.se\/produkt\/sio\/"]}]},{"@type":"ImageObject","inLanguage":"en-GB","@id":"https:\/\/greenpoppy.se\/produkt\/sio\/#primaryimage","url":"https:\/\/greenpoppy.se\/wp-content\/uploads\/2025\/04\/1-29.png","contentUrl":"https:\/\/greenpoppy.se\/wp-content\/uploads\/2025\/04\/1-29.png","width":1200,"height":1200},{"@type":"BreadcrumbList","@id":"https:\/\/greenpoppy.se\/produkt\/sio\/#breadcrumb","itemListElement":[{"@type":"ListItem","position":1,"name":"Hem","item":"https:\/\/greenpoppy.se\/"},{"@type":"ListItem","position":2,"name":"Butik","item":"https:\/\/greenpoppy.se\/butik\/"},{"@type":"ListItem","position":3,"name":"SIO med bambufrott\u00e9inl\u00e4gg"}]},{"@type":"WebSite","@id":"https:\/\/greenpoppy.se\/en\/#website","url":"https:\/\/greenpoppy.se\/en\/","name":"Green Poppy","description":"H\u00e5llbara och \u00e5teranv\u00e4ndbara tygbl\u00f6jor","publisher":{"@id":"https:\/\/greenpoppy.se\/en\/#organization"},"potentialAction":[{"@type":"SearchAction","target":{"@type":"EntryPoint","urlTemplate":"https:\/\/greenpoppy.se\/en\/?s={search_term_string}"},"query-input":{"@type":"PropertyValueSpecification","valueRequired":true,"valueName":"search_term_string"}}],"inLanguage":"en-GB"},{"@type":"Organization","@id":"https:\/\/greenpoppy.se\/en\/#organization","name":"Green Poppy","url":"https:\/\/greenpoppy.se\/en\/","logo":{"@type":"ImageObject","inLanguage":"en-GB","@id":"https:\/\/greenpoppy.se\/en\/#\/schema\/logo\/image\/","url":"https:\/\/greenpoppy.se\/wp-content\/uploads\/2025\/01\/Logga_Officiell.svg","contentUrl":"https:\/\/greenpoppy.se\/wp-content\/uploads\/2025\/01\/Logga_Officiell.svg","width":1,"height":1,"caption":"Green Poppy"},"image":{"@id":"https:\/\/greenpoppy.se\/en\/#\/schema\/logo\/image\/"},"sameAs":["https:\/\/www.facebook.com\/profile.php?id=61554367862205","https:\/\/www.instagram.com\/greenpoppy.se\/"]}]}},"_links":{"self":[{"href":"https:\/\/greenpoppy.se\/en\/wp-json\/wp\/v2\/product\/4693","targetHints":{"allow":["GET"]}}],"collection":[{"href":"https:\/\/greenpoppy.se\/en\/wp-json\/wp\/v2\/product"}],"about":[{"href":"https:\/\/greenpoppy.se\/en\/wp-json\/wp\/v2\/types\/product"}],"replies":[{"embeddable":true,"href":"https:\/\/greenpoppy.se\/en\/wp-json\/wp\/v2\/comments?post=4693"}],"wp:featuredmedia":[{"embeddable":true,"href":"https:\/\/greenpoppy.se\/en\/wp-json\/wp\/v2\/media\/5874"}],"wp:attachment":[{"href":"https:\/\/greenpoppy.se\/en\/wp-json\/wp\/v2\/media?parent=4693"}],"wp:term":[{"taxonomy":"product_brand","embeddable":true,"href":"https:\/\/greenpoppy.se\/en\/wp-json\/wp\/v2\/product_brand?post=4693"},{"taxonomy":"product_cat","embeddable":true,"href":"https:\/\/greenpoppy.se\/en\/wp-json\/wp\/v2\/product_cat?post=4693"},{"taxonomy":"product_tag","embeddable":true,"href":"https:\/\/greenpoppy.se\/en\/wp-json\/wp\/v2\/product_tag?post=4693"}],"curies":[{"name":"wp","href":"https:\/\/api.w.org\/{rel}","templated":true}]}}