{"id":5194,"date":"2025-04-25T22:37:16","date_gmt":"2025-04-25T20:37:16","guid":{"rendered":"https:\/\/greenpoppy.se\/?post_type=product&#038;p=5194"},"modified":"2026-01-08T14:48:41","modified_gmt":"2026-01-08T13:48:41","slug":"prova-pa-nattblojor","status":"publish","type":"product","link":"https:\/\/greenpoppy.se\/en\/product\/prova-pa-nattblojor\/","title":{"rendered":"Try on night diapers"},"content":{"rendered":"<h2 data-start=\"81\" data-end=\"431\">Prova p\u00e5 nattbl\u00f6jor \u2013 att anv\u00e4nda tygbl\u00f6jor p\u00e5 natten? Ja! Klart det g\u00e5r!<\/h2>\n<p data-start=\"81\" data-end=\"431\">Med v\u00e5rt paket prova p\u00e5 nattbl\u00f6jor har du en bra grund att st\u00e5 p\u00e5 f\u00f6r att v\u00e5ga testa tygbl\u00f6jor \u00e4ven under nattens alla timmar. Vi har satt ihop en mix av v\u00e5ra mest nattv\u00e4nliga inl\u00e4gg och bl\u00f6jor \u2013 testade och omtyckta av v\u00e5ra kunder \u2013 f\u00f6r att ge dig b\u00e4sta m\u00f6jliga f\u00f6ruts\u00e4ttningar fr\u00e5n start.<\/p>\n<h3 data-start=\"81\" data-end=\"431\">The package consists of:<\/h3>\n<p data-start=\"81\" data-end=\"431\">&#8211; Formsydda bl\u00f6jor, 3 st<br \/>\n&#8211; Prefold plus, 3 st<br \/>\n&#8211; Pul-skal, 3 st<br \/>\n&#8211; Hampabooster, 2 st<br \/>\n&#8211; Hampainl\u00e4gg, 2 st<br \/>\n&#8211; Bambubooster, 2 st<\/p>\n<h3 data-start=\"81\" data-end=\"431\">Inneh\u00e5ll i paketet prova p\u00e5 nattbl\u00f6jor:<\/h3>\n<p data-start=\"81\" data-end=\"431\"><strong>Fitted diaper<\/strong> &#8211; V\u00e5r formsydda bl\u00f6ja \u00e4r en absorberande helbl\u00f6ja som passar b\u00e5de dag och natt. Den \u00e4r justerbar i storlek (5\u201318 kg) och har en n\u00e4tt passform med l\u00e5ng anv\u00e4ndningstid. Insidan \u00e4r fodrad med AWJ som h\u00e5ller huden torr, och fick\u00f6ppningen baktill g\u00f6r det enkelt att l\u00e4gga i extra inl\u00e4gg. Yttertyget i bambuvelour ger en mjuk k\u00e4nsla, och tack vare materialmixen h\u00e5ller sig bl\u00f6jan mjuk \u00e4ven efter tv\u00e4tt. <a href=\"https:\/\/greenpoppy.se\/en\/product\/formsydd-bloja\/\">Du kan l\u00e4sa mer om formsydd bl\u00f6ja h\u00e4r<\/a>.<\/p>\n<p data-start=\"81\" data-end=\"431\"><strong>Prefold plus<\/strong> &#8211; Ett extra tjockt inl\u00e4gg i bambufrott\u00e9 med 4+6+4 lager, perfekt f\u00f6r n\u00e4tter med mycket kiss. Det m\u00e4ter 32 x 34 cm och har tydliga vikmarkeringar s\u00e5 att du enkelt kan anpassa det efter behov. Inl\u00e4gget \u00e4r designat f\u00f6r att passa i v\u00e5r formsydda bl\u00f6ja, men fungerar \u00e4ven med pul-skal. Ett utm\u00e4rkt val n\u00e4r du vill ha ett rej\u00e4lt skydd som h\u00e5ller hela natten. Materialet best\u00e5r av 85\u202f% bambuviskos och 15\u202f% polyester f\u00f6r bra uppsugning och h\u00e5llbarhet. <a href=\"https:\/\/greenpoppy.se\/en\/product\/prefold-plus\/\">L\u00e4s mer om prefold plus h\u00e4r<\/a>.<\/p>\n<p data-start=\"81\" data-end=\"431\"><strong>Diaper covers<\/strong> &#8211; \u00a0\u00e4r i One Size, storleken reglerar man med knappar. Det finns fl\u00e4rpar p\u00e5 insidan av bl\u00f6jan f\u00f6r att inl\u00e4gg och vikbl\u00f6jor ska sitta b\u00e4ttre fast. Pul-skalet har \u00e4ven knappar p\u00e5 insidan d\u00e4r du kan f\u00e4sta inl\u00e4gg med knappar (som v\u00e5ra bambufrott\u00e9inl\u00e4gg). Du beh\u00f6ver tv\u00e4tta pul-skalet n\u00e4r det har kommit bajs p\u00e5 det eller det k\u00e4nns ofr\u00e4scht. Man kan \u00e4ven sk\u00f6lja av skalet och l\u00e5ta torka. <a href=\"https:\/\/greenpoppy.se\/en\/product\/pul-skal-one-size\/\">Read more about diaper covers here.<\/a><\/p>\n<p data-start=\"81\" data-end=\"431\"><strong>Hemp booster<\/strong> &#8211; v\u00e5r hampabooster \u00e4r ett perfekt komplement i nattbl\u00f6jan. Den best\u00e5r av tre lager hampa och bomull, vilket ger h\u00f6g uppsugningsf\u00f6rm\u00e5ga utan att bli f\u00f6r tjock. Ytterskiktet i mjuk bomullsfleece g\u00f6r inl\u00e4gget skonsamt mot huden samtidigt som det effektivt transporterar bort v\u00e4tska. Anv\u00e4nd det som extra lager i en formsydd bl\u00f6ja eller tillsammans med andra inl\u00e4gg f\u00f6r att f\u00f6rst\u00e4rka bl\u00f6jan vid l\u00e4ngre anv\u00e4ndning. Hampa absorberar mer ju mer det tv\u00e4ttas och \u00e4r dessutom naturligt antibakteriellt \u2013 perfekt f\u00f6r trygg natts\u00f6mn. Storlek: 30 x 11 cm. Material: 55\u202f% hampa, 45\u202f% bomull. <a href=\"https:\/\/greenpoppy.se\/en\/product\/hampainlagg\/\">Du kan l\u00e4sa mer om hampabooster h\u00e4r<\/a>.<\/p>\n<p data-start=\"81\" data-end=\"431\"><strong>Hemp insert<\/strong> &#8211; detta hampainl\u00e4gg kombinerar hampa, bambu och bomull f\u00f6r en perfekt balans av snabb och l\u00e5ngvarig uppsugning. Med fyra lager och storleken 34 x 11 cm ger det ett rej\u00e4lt skydd, s\u00e4rskilt l\u00e4mpat f\u00f6r nattbruk. Bambun suger upp snabbt, hampan h\u00e5ller kvar v\u00e4tskan och bomullen ger h\u00e5llbarhet. Anv\u00e4nd det ensamt dagtid eller som bas i nattbl\u00f6jan tillsammans med t.ex. en booster eller prefold. <a href=\"https:\/\/greenpoppy.se\/en\/product\/hampainlagg-2\/\">L\u00e4s mer om hampainl\u00e4gg h\u00e4r<\/a>.<\/p>\n<p data-start=\"81\" data-end=\"431\"><strong>Bamboo booster<\/strong> &#8211; bambubooster \u00e4r ett tunt och smidigt inl\u00e4gg som snabbt f\u00e5ngar upp v\u00e4tska och minskar risken f\u00f6r l\u00e4ckage. Med sina tv\u00e5 lager bambu och bomull (35 x 11 cm) passar det perfekt som \u00f6versta lager i nattbl\u00f6jan, d\u00e4r det suger upp kiss direkt vid kontakt och leder vidare till mer absorberande inl\u00e4gg, som hampainl\u00e4gg eller prefold plus. Det \u00e4r s\u00e4rskilt bra f\u00f6r barn som kissar snabbt och mycket p\u00e5 en g\u00e5ng. Trots sin effektivitet p\u00e5verkar det inte passformen och funkar i alla typer av bl\u00f6jor \u2013 ett enkelt s\u00e4tt att f\u00f6rst\u00e4rka din nattbl\u00f6ja utan extra bulk. <a href=\"https:\/\/greenpoppy.se\/en\/product\/bambubooster\/\">L\u00e4s mer om bambubooster h\u00e4r<\/a>.<\/p>\n<p data-start=\"81\" data-end=\"431\">Green Poppy \u00e4r stolt samarbetspartner till <a href=\"https:\/\/blojupproret.se\">Bl\u00f6jupproret<\/a>.<\/p>","protected":false},"excerpt":{"rendered":"<p>Prova p\u00e5 nattbl\u00f6jor med detta paket som ger dig allt du beh\u00f6ver f\u00f6r att lyckas med tygbl\u00f6jor \u00e4ven p\u00e5 natten. L\u00e4s mer om paketet l\u00e4ngre ner p\u00e5 sidan.<\/p>","protected":false},"featured_media":5191,"comment_status":"open","ping_status":"closed","template":"","meta":[],"product_brand":[],"product_cat":[129],"product_tag":[],"class_list":{"0":"post-5194","1":"product","2":"type-product","3":"status-publish","4":"has-post-thumbnail","6":"product_cat-paketerbjudanden","8":"first","9":"instock","10":"taxable","11":"shipping-taxable","12":"purchasable","13":"product-type-bundle"},"bundled_by":[],"bundle_stock_status":"instock","bundle_stock_quantity":25,"bundle_virtual":false,"bundle_layout":"default","bundle_add_to_cart_form_location":"default","bundle_editable_in_cart":false,"bundle_sold_individually_context":"product","bundle_item_grouping":"parent","bundle_min_size":"","bundle_max_size":"","bundle_price":{"price":{"min":{"incl_tax":"1499","excl_tax":"1199.2"},"max":{"incl_tax":"1499","excl_tax":"1199.2"}},"regular_price":{"min":{"incl_tax":"1499","excl_tax":"1199.2"},"max":{"incl_tax":"1499","excl_tax":"1199.2"}}},"bundled_items":[{"bundled_item_id":156,"product_id":4694,"menu_order":0,"quantity_min":3,"quantity_max":3,"quantity_default":3,"priced_individually":false,"shipped_individually":false,"override_title":false,"title":"Fitted diaper","override_description":true,"description":"","optional":false,"hide_thumbnail":false,"discount":"","override_variations":false,"allowed_variations":[],"override_default_variation_attributes":false,"default_variation_attributes":[],"single_product_visibility":"visible","cart_visibility":"visible","order_visibility":"visible","single_product_price_visibility":"visible","cart_price_visibility":"visible","order_price_visibility":"visible","stock_status":"in_stock"},{"bundled_item_id":157,"product_id":4671,"menu_order":1,"quantity_min":3,"quantity_max":3,"quantity_default":3,"priced_individually":false,"shipped_individually":false,"override_title":false,"title":"Prefold plus","override_description":true,"description":"","optional":false,"hide_thumbnail":false,"discount":"","override_variations":false,"allowed_variations":[],"override_default_variation_attributes":false,"default_variation_attributes":[],"single_product_visibility":"visible","cart_visibility":"visible","order_visibility":"visible","single_product_price_visibility":"visible","cart_price_visibility":"visible","order_price_visibility":"visible","stock_status":"in_stock"},{"bundled_item_id":158,"product_id":3113,"menu_order":2,"quantity_min":1,"quantity_max":1,"quantity_default":1,"priced_individually":false,"shipped_individually":false,"override_title":true,"title":"Pul-skal 1","override_description":true,"description":"","optional":false,"hide_thumbnail":false,"discount":"","override_variations":false,"allowed_variations":[],"override_default_variation_attributes":false,"default_variation_attributes":[],"single_product_visibility":"visible","cart_visibility":"visible","order_visibility":"visible","single_product_price_visibility":"visible","cart_price_visibility":"visible","order_price_visibility":"visible","stock_status":"in_stock"},{"bundled_item_id":159,"product_id":3113,"menu_order":3,"quantity_min":1,"quantity_max":1,"quantity_default":1,"priced_individually":false,"shipped_individually":false,"override_title":true,"title":"Pul-skal 2","override_description":true,"description":"","optional":false,"hide_thumbnail":false,"discount":"","override_variations":false,"allowed_variations":[],"override_default_variation_attributes":false,"default_variation_attributes":[],"single_product_visibility":"visible","cart_visibility":"visible","order_visibility":"visible","single_product_price_visibility":"visible","cart_price_visibility":"visible","order_price_visibility":"visible","stock_status":"in_stock"},{"bundled_item_id":160,"product_id":3113,"menu_order":4,"quantity_min":1,"quantity_max":1,"quantity_default":1,"priced_individually":false,"shipped_individually":false,"override_title":true,"title":"Pul-skal 3","override_description":true,"description":"","optional":false,"hide_thumbnail":false,"discount":"","override_variations":false,"allowed_variations":[],"override_default_variation_attributes":false,"default_variation_attributes":[],"single_product_visibility":"visible","cart_visibility":"visible","order_visibility":"visible","single_product_price_visibility":"visible","cart_price_visibility":"visible","order_price_visibility":"visible","stock_status":"in_stock"},{"bundled_item_id":161,"product_id":829,"menu_order":5,"quantity_min":2,"quantity_max":2,"quantity_default":2,"priced_individually":false,"shipped_individually":false,"override_title":false,"title":"Hemp booster","override_description":true,"description":"","optional":false,"hide_thumbnail":false,"discount":"","override_variations":false,"allowed_variations":[],"override_default_variation_attributes":false,"default_variation_attributes":[],"single_product_visibility":"visible","cart_visibility":"visible","order_visibility":"visible","single_product_price_visibility":"visible","cart_price_visibility":"visible","order_price_visibility":"visible","stock_status":"in_stock"},{"bundled_item_id":162,"product_id":4667,"menu_order":6,"quantity_min":2,"quantity_max":2,"quantity_default":2,"priced_individually":false,"shipped_individually":false,"override_title":false,"title":"Hemp insert","override_description":true,"description":"","optional":false,"hide_thumbnail":false,"discount":"","override_variations":false,"allowed_variations":[],"override_default_variation_attributes":false,"default_variation_attributes":[],"single_product_visibility":"visible","cart_visibility":"visible","order_visibility":"visible","single_product_price_visibility":"visible","cart_price_visibility":"visible","order_price_visibility":"visible","stock_status":"in_stock"},{"bundled_item_id":163,"product_id":4669,"menu_order":7,"quantity_min":2,"quantity_max":2,"quantity_default":2,"priced_individually":false,"shipped_individually":false,"override_title":false,"title":"Bamboo booster","override_description":true,"description":"","optional":false,"hide_thumbnail":false,"discount":"","override_variations":false,"allowed_variations":[],"override_default_variation_attributes":false,"default_variation_attributes":[],"single_product_visibility":"visible","cart_visibility":"visible","order_visibility":"visible","single_product_price_visibility":"visible","cart_price_visibility":"visible","order_price_visibility":"visible","stock_status":"in_stock"}],"bundle_sell_ids":[],"yoast_head":"<!-- This site is optimized with the Yoast SEO plugin v27.4 - https:\/\/yoast.com\/product\/yoast-seo-wordpress\/ -->\n<title>Prova p\u00e5 nattbl\u00f6jor - Green Poppy<\/title>\n<meta name=\"description\" content=\"Prova p\u00e5 nattbl\u00f6jor, lyckas med tygbl\u00f6jor \u00e4ven nattetid. Ett paket med formsydda bl\u00f6jor och olika typer av inl\u00e4gg samt pul-skal till f\u00f6rm\u00e5nligt pris.\" \/>\n<meta name=\"robots\" content=\"index, follow, max-snippet:-1, max-image-preview:large, max-video-preview:-1\" \/>\n<link rel=\"canonical\" href=\"https:\/\/greenpoppy.se\/en\/product\/prova-pa-nattblojor\/\" \/>\n<meta property=\"og:locale\" content=\"en_GB\" \/>\n<meta property=\"og:type\" content=\"article\" \/>\n<meta property=\"og:title\" content=\"Prova p\u00e5 nattbl\u00f6jor - Green Poppy\" \/>\n<meta property=\"og:description\" content=\"Prova p\u00e5 nattbl\u00f6jor, lyckas med tygbl\u00f6jor \u00e4ven nattetid. Ett paket med formsydda bl\u00f6jor och olika typer av inl\u00e4gg samt pul-skal till f\u00f6rm\u00e5nligt pris.\" \/>\n<meta property=\"og:url\" content=\"https:\/\/greenpoppy.se\/en\/product\/prova-pa-nattblojor\/\" \/>\n<meta property=\"og:site_name\" content=\"Green Poppy\" \/>\n<meta property=\"article:publisher\" content=\"https:\/\/www.facebook.com\/profile.php?id=61554367862205\" \/>\n<meta property=\"article:modified_time\" content=\"2026-01-08T13:48:41+00:00\" \/>\n<meta property=\"og:image\" content=\"https:\/\/greenpoppy.se\/wp-content\/uploads\/2024\/01\/4.png\" \/>\n\t<meta property=\"og:image:width\" content=\"1080\" \/>\n\t<meta property=\"og:image:height\" content=\"1080\" \/>\n\t<meta property=\"og:image:type\" content=\"image\/png\" \/>\n<meta name=\"twitter:card\" content=\"summary_large_image\" \/>\n<meta name=\"twitter:label1\" content=\"Estimated reading time\" \/>\n\t<meta name=\"twitter:data1\" content=\"4 minutes\" \/>\n<script type=\"application\/ld+json\" class=\"yoast-schema-graph\">{\"@context\":\"https:\\\/\\\/schema.org\",\"@graph\":[{\"@type\":\"WebPage\",\"@id\":\"https:\\\/\\\/greenpoppy.se\\\/produkt\\\/prova-pa-nattblojor\\\/\",\"url\":\"https:\\\/\\\/greenpoppy.se\\\/produkt\\\/prova-pa-nattblojor\\\/\",\"name\":\"Prova p\u00e5 nattbl\u00f6jor - Green Poppy\",\"isPartOf\":{\"@id\":\"https:\\\/\\\/greenpoppy.se\\\/en\\\/#website\"},\"primaryImageOfPage\":{\"@id\":\"https:\\\/\\\/greenpoppy.se\\\/produkt\\\/prova-pa-nattblojor\\\/#primaryimage\"},\"image\":{\"@id\":\"https:\\\/\\\/greenpoppy.se\\\/produkt\\\/prova-pa-nattblojor\\\/#primaryimage\"},\"thumbnailUrl\":\"https:\\\/\\\/greenpoppy.se\\\/wp-content\\\/uploads\\\/2024\\\/01\\\/4.png\",\"datePublished\":\"2025-04-25T20:37:16+00:00\",\"dateModified\":\"2026-01-08T13:48:41+00:00\",\"description\":\"Prova p\u00e5 nattbl\u00f6jor, lyckas med tygbl\u00f6jor \u00e4ven nattetid. Ett paket med formsydda bl\u00f6jor och olika typer av inl\u00e4gg samt pul-skal till f\u00f6rm\u00e5nligt pris.\",\"breadcrumb\":{\"@id\":\"https:\\\/\\\/greenpoppy.se\\\/produkt\\\/prova-pa-nattblojor\\\/#breadcrumb\"},\"inLanguage\":\"en-GB\",\"potentialAction\":[{\"@type\":\"ReadAction\",\"target\":[\"https:\\\/\\\/greenpoppy.se\\\/produkt\\\/prova-pa-nattblojor\\\/\"]}]},{\"@type\":\"ImageObject\",\"inLanguage\":\"en-GB\",\"@id\":\"https:\\\/\\\/greenpoppy.se\\\/produkt\\\/prova-pa-nattblojor\\\/#primaryimage\",\"url\":\"https:\\\/\\\/greenpoppy.se\\\/wp-content\\\/uploads\\\/2024\\\/01\\\/4.png\",\"contentUrl\":\"https:\\\/\\\/greenpoppy.se\\\/wp-content\\\/uploads\\\/2024\\\/01\\\/4.png\",\"width\":1080,\"height\":1080,\"caption\":\"tygbl\u00f6ja tygbl\u00f6jor p\u00e5 natten formsydd inl\u00e4gg prefold hampa bambu booster velour\"},{\"@type\":\"BreadcrumbList\",\"@id\":\"https:\\\/\\\/greenpoppy.se\\\/produkt\\\/prova-pa-nattblojor\\\/#breadcrumb\",\"itemListElement\":[{\"@type\":\"ListItem\",\"position\":1,\"name\":\"Hem\",\"item\":\"https:\\\/\\\/greenpoppy.se\\\/\"},{\"@type\":\"ListItem\",\"position\":2,\"name\":\"Butik\",\"item\":\"https:\\\/\\\/greenpoppy.se\\\/butik\\\/\"},{\"@type\":\"ListItem\",\"position\":3,\"name\":\"Prova p\u00e5 nattbl\u00f6jor\"}]},{\"@type\":\"WebSite\",\"@id\":\"https:\\\/\\\/greenpoppy.se\\\/en\\\/#website\",\"url\":\"https:\\\/\\\/greenpoppy.se\\\/en\\\/\",\"name\":\"Green Poppy\",\"description\":\"H\u00e5llbara och \u00e5teranv\u00e4ndbara tygbl\u00f6jor\",\"publisher\":{\"@id\":\"https:\\\/\\\/greenpoppy.se\\\/en\\\/#organization\"},\"potentialAction\":[{\"@type\":\"SearchAction\",\"target\":{\"@type\":\"EntryPoint\",\"urlTemplate\":\"https:\\\/\\\/greenpoppy.se\\\/en\\\/?s={search_term_string}\"},\"query-input\":{\"@type\":\"PropertyValueSpecification\",\"valueRequired\":true,\"valueName\":\"search_term_string\"}}],\"inLanguage\":\"en-GB\"},{\"@type\":\"Organization\",\"@id\":\"https:\\\/\\\/greenpoppy.se\\\/en\\\/#organization\",\"name\":\"Green Poppy\",\"url\":\"https:\\\/\\\/greenpoppy.se\\\/en\\\/\",\"logo\":{\"@type\":\"ImageObject\",\"inLanguage\":\"en-GB\",\"@id\":\"https:\\\/\\\/greenpoppy.se\\\/en\\\/#\\\/schema\\\/logo\\\/image\\\/\",\"url\":\"https:\\\/\\\/greenpoppy.se\\\/wp-content\\\/uploads\\\/2025\\\/01\\\/Logga_Officiell.svg\",\"contentUrl\":\"https:\\\/\\\/greenpoppy.se\\\/wp-content\\\/uploads\\\/2025\\\/01\\\/Logga_Officiell.svg\",\"width\":1,\"height\":1,\"caption\":\"Green Poppy\"},\"image\":{\"@id\":\"https:\\\/\\\/greenpoppy.se\\\/en\\\/#\\\/schema\\\/logo\\\/image\\\/\"},\"sameAs\":[\"https:\\\/\\\/www.facebook.com\\\/profile.php?id=61554367862205\",\"https:\\\/\\\/www.instagram.com\\\/greenpoppy.se\\\/\"]}]}<\/script>\n<!-- \/ Yoast SEO plugin. -->","yoast_head_json":{"title":"Prova p\u00e5 nattbl\u00f6jor - Green Poppy","description":"Prova p\u00e5 nattbl\u00f6jor, lyckas med tygbl\u00f6jor \u00e4ven nattetid. Ett paket med formsydda bl\u00f6jor och olika typer av inl\u00e4gg samt pul-skal till f\u00f6rm\u00e5nligt pris.","robots":{"index":"index","follow":"follow","max-snippet":"max-snippet:-1","max-image-preview":"max-image-preview:large","max-video-preview":"max-video-preview:-1"},"canonical":"https:\/\/greenpoppy.se\/en\/product\/prova-pa-nattblojor\/","og_locale":"en_GB","og_type":"article","og_title":"Prova p\u00e5 nattbl\u00f6jor - Green Poppy","og_description":"Prova p\u00e5 nattbl\u00f6jor, lyckas med tygbl\u00f6jor \u00e4ven nattetid. Ett paket med formsydda bl\u00f6jor och olika typer av inl\u00e4gg samt pul-skal till f\u00f6rm\u00e5nligt pris.","og_url":"https:\/\/greenpoppy.se\/en\/product\/prova-pa-nattblojor\/","og_site_name":"Green Poppy","article_publisher":"https:\/\/www.facebook.com\/profile.php?id=61554367862205","article_modified_time":"2026-01-08T13:48:41+00:00","og_image":[{"width":1080,"height":1080,"url":"https:\/\/greenpoppy.se\/wp-content\/uploads\/2024\/01\/4.png","type":"image\/png"}],"twitter_card":"summary_large_image","twitter_misc":{"Estimated reading time":"4 minutes"},"schema":{"@context":"https:\/\/schema.org","@graph":[{"@type":"WebPage","@id":"https:\/\/greenpoppy.se\/produkt\/prova-pa-nattblojor\/","url":"https:\/\/greenpoppy.se\/produkt\/prova-pa-nattblojor\/","name":"Prova p\u00e5 nattbl\u00f6jor - Green Poppy","isPartOf":{"@id":"https:\/\/greenpoppy.se\/en\/#website"},"primaryImageOfPage":{"@id":"https:\/\/greenpoppy.se\/produkt\/prova-pa-nattblojor\/#primaryimage"},"image":{"@id":"https:\/\/greenpoppy.se\/produkt\/prova-pa-nattblojor\/#primaryimage"},"thumbnailUrl":"https:\/\/greenpoppy.se\/wp-content\/uploads\/2024\/01\/4.png","datePublished":"2025-04-25T20:37:16+00:00","dateModified":"2026-01-08T13:48:41+00:00","description":"Prova p\u00e5 nattbl\u00f6jor, lyckas med tygbl\u00f6jor \u00e4ven nattetid. Ett paket med formsydda bl\u00f6jor och olika typer av inl\u00e4gg samt pul-skal till f\u00f6rm\u00e5nligt pris.","breadcrumb":{"@id":"https:\/\/greenpoppy.se\/produkt\/prova-pa-nattblojor\/#breadcrumb"},"inLanguage":"en-GB","potentialAction":[{"@type":"ReadAction","target":["https:\/\/greenpoppy.se\/produkt\/prova-pa-nattblojor\/"]}]},{"@type":"ImageObject","inLanguage":"en-GB","@id":"https:\/\/greenpoppy.se\/produkt\/prova-pa-nattblojor\/#primaryimage","url":"https:\/\/greenpoppy.se\/wp-content\/uploads\/2024\/01\/4.png","contentUrl":"https:\/\/greenpoppy.se\/wp-content\/uploads\/2024\/01\/4.png","width":1080,"height":1080,"caption":"tygbl\u00f6ja tygbl\u00f6jor p\u00e5 natten formsydd inl\u00e4gg prefold hampa bambu booster velour"},{"@type":"BreadcrumbList","@id":"https:\/\/greenpoppy.se\/produkt\/prova-pa-nattblojor\/#breadcrumb","itemListElement":[{"@type":"ListItem","position":1,"name":"Hem","item":"https:\/\/greenpoppy.se\/"},{"@type":"ListItem","position":2,"name":"Butik","item":"https:\/\/greenpoppy.se\/butik\/"},{"@type":"ListItem","position":3,"name":"Prova p\u00e5 nattbl\u00f6jor"}]},{"@type":"WebSite","@id":"https:\/\/greenpoppy.se\/en\/#website","url":"https:\/\/greenpoppy.se\/en\/","name":"Green Poppy","description":"H\u00e5llbara och \u00e5teranv\u00e4ndbara tygbl\u00f6jor","publisher":{"@id":"https:\/\/greenpoppy.se\/en\/#organization"},"potentialAction":[{"@type":"SearchAction","target":{"@type":"EntryPoint","urlTemplate":"https:\/\/greenpoppy.se\/en\/?s={search_term_string}"},"query-input":{"@type":"PropertyValueSpecification","valueRequired":true,"valueName":"search_term_string"}}],"inLanguage":"en-GB"},{"@type":"Organization","@id":"https:\/\/greenpoppy.se\/en\/#organization","name":"Green Poppy","url":"https:\/\/greenpoppy.se\/en\/","logo":{"@type":"ImageObject","inLanguage":"en-GB","@id":"https:\/\/greenpoppy.se\/en\/#\/schema\/logo\/image\/","url":"https:\/\/greenpoppy.se\/wp-content\/uploads\/2025\/01\/Logga_Officiell.svg","contentUrl":"https:\/\/greenpoppy.se\/wp-content\/uploads\/2025\/01\/Logga_Officiell.svg","width":1,"height":1,"caption":"Green Poppy"},"image":{"@id":"https:\/\/greenpoppy.se\/en\/#\/schema\/logo\/image\/"},"sameAs":["https:\/\/www.facebook.com\/profile.php?id=61554367862205","https:\/\/www.instagram.com\/greenpoppy.se\/"]}]}},"_links":{"self":[{"href":"https:\/\/greenpoppy.se\/en\/wp-json\/wp\/v2\/product\/5194","targetHints":{"allow":["GET"]}}],"collection":[{"href":"https:\/\/greenpoppy.se\/en\/wp-json\/wp\/v2\/product"}],"about":[{"href":"https:\/\/greenpoppy.se\/en\/wp-json\/wp\/v2\/types\/product"}],"replies":[{"embeddable":true,"href":"https:\/\/greenpoppy.se\/en\/wp-json\/wp\/v2\/comments?post=5194"}],"wp:featuredmedia":[{"embeddable":true,"href":"https:\/\/greenpoppy.se\/en\/wp-json\/wp\/v2\/media\/5191"}],"wp:attachment":[{"href":"https:\/\/greenpoppy.se\/en\/wp-json\/wp\/v2\/media?parent=5194"}],"wp:term":[{"taxonomy":"product_brand","embeddable":true,"href":"https:\/\/greenpoppy.se\/en\/wp-json\/wp\/v2\/product_brand?post=5194"},{"taxonomy":"product_cat","embeddable":true,"href":"https:\/\/greenpoppy.se\/en\/wp-json\/wp\/v2\/product_cat?post=5194"},{"taxonomy":"product_tag","embeddable":true,"href":"https:\/\/greenpoppy.se\/en\/wp-json\/wp\/v2\/product_tag?post=5194"}],"curies":[{"name":"wp","href":"https:\/\/api.w.org\/{rel}","templated":true}]}}