{"id":5570,"date":"2025-08-12T22:03:00","date_gmt":"2025-08-12T20:03:00","guid":{"rendered":"https:\/\/greenpoppy.se\/?post_type=product&#038;p=5570"},"modified":"2026-03-24T05:55:20","modified_gmt":"2026-03-24T04:55:20","slug":"pocketbloja-med-prefoldinlagg","status":"publish","type":"product","link":"https:\/\/greenpoppy.se\/en\/product\/pocketbloja-med-prefoldinlagg\/","title":{"rendered":"Pocket diaper with prefold"},"content":{"rendered":"<h2 data-start=\"67\" data-end=\"118\">Pocket diaper - flexibel and adjustable<\/h2>\n<p data-start=\"120\" data-end=\"369\">Looking for a convenient and effective cloth diaper? A diaper that is easy to use, comfortable for your baby, and simple to wash? Then our one size pocket diaper is an excellent choice! The size is adjusted with snaps, both in the rise and around the waist. With multiple snap settings, it fits babies from approximately 3.5 to 20 kg. Since babies have different body shapes, it may also work outside this weight range.<\/p>\n<p data-start=\"371\" data-end=\"707\">On the front, there are three rise settings that make it easy to adjust the size as your baby grows. The waist is adjusted with horizontal snaps, and the diaper can be fastened at an angle to provide a better fit, for example for slimmer thighs and a wider waist. The soft, stretchy tabs ensure a comfortable fit without leaving marks.<\/p>\n<p data-start=\"709\" data-end=\"967\">The outside of the diaper is made from a waterproof fabric called PUL, polyurethane laminated fabric. This keeps the diaper leakproof when your baby urinates.\nThe inside is made of AWJ, Athletic Wicking Jersey, also known as Coolmax. It is a breathable and fast drying material that wicks moisture away from the skin and provides a cool and dry feel.\nThe inner pocket makes it easy to add inserts of your choice to adjust the level of absorption. Green Poppy\u2019s cloth diapers also feature a pocket opening both in the front and in the back, making it easy to position the inserts correctly inside the diaper. This also simplifies diaper changes, as you can choose where to remove the inserts from, for example if your baby has had a bowel movement.<\/p>\n<h2 data-start=\"709\" data-end=\"967\">Pocketbl\u00f6ja med prefold i bambufrott\u00e9<\/h2>\n<p data-start=\"2033\" data-end=\"2122\">Ett vikbart inl\u00e4gg i tre sektioner som ger h\u00f6g absorption.<\/p>\n<ul data-start=\"2124\" data-end=\"2520\">\n<li data-start=\"2124\" data-end=\"2211\">Tillverkat av 100% bambufrott\u00e9 \u2013 ett mjukt material med utm\u00e4rkt absorptionsf\u00f6rm\u00e5ga.<\/li>\n<li data-start=\"2212\" data-end=\"2236\">M\u00e5tt: 30 cm x 31 cm.<\/li>\n<li data-start=\"2237\" data-end=\"2351\">Best\u00e5r av 4 lager i varje sektion, vilket ger totalt 12 lager n\u00e4r du viker inl\u00e4gget.<\/li>\n<li data-start=\"2444\" data-end=\"2520\">Passar b\u00e5de dag och natt och kan l\u00e4ggas direkt mot huden eller i fickan i din pocketbl\u00f6ja.<\/li>\n<\/ul>\n<p data-start=\"2522\" data-end=\"2600\">Perfekt f\u00f6r f\u00f6r\u00e4ldrar som vill ha ett m\u00e5ngsidigt och anpassningsbart inl\u00e4gg. Prefold i bambufrott\u00e9 passar \u00e4ven bra i <a href=\"https:\/\/greenpoppy.se\/en\/product\/pul-skal-one-size\/\">Green Poppys pul-skal<\/a>.<\/p>\n<p data-start=\"2522\" data-end=\"2600\"><a href=\"https:\/\/greenpoppy.se\/en\/product\/prefold\/\">Du kan l\u00e4sa mer om inl\u00e4gget h\u00e4r.<\/a><\/p>\n<h2 data-start=\"974\" data-end=\"1007\">\u00d6nskar du annat inl\u00e4gg? V\u00e4lj inl\u00e4gg efter behov till din pocketbl\u00f6ja<\/h2>\n<p data-start=\"1009\" data-end=\"1113\">You can buy the diaper with or without inserts. <a style=\"font-size: 14.4px;\" href=\"https:\/\/greenpoppy.se\/en\/product\/pocketbloja-med-awj-one-size\/\">F\u00f6r att handla bl\u00f6jan utan inl\u00e4gg &#8211; klicka h\u00e4r<\/a><span style=\"font-size: 14.4px;\">.<\/span><\/p>\n<p data-start=\"1009\" data-end=\"1113\">You can choose from three different package deals:<\/p>\n<h4><strong>1. Long insert bamboo\/cotton + hemp booster - <a href=\"https:\/\/greenpoppy.se\/en\/product\/pocketbloja-med-inlagg-i-naturmaterial\/\">buy it here<\/a><\/strong><\/h4>\n<h4><strong>2. Prefold in bamboo terry - <a href=\"https:\/\/greenpoppy.se\/en\/product\/pocketbloja-med-prefoldinlagg\/\">buy it here\u00a0<\/a><\/strong><\/h4>\n<h4><strong>3. Snake insert in bamboo terry - <a href=\"https:\/\/greenpoppy.se\/en\/product\/pocketbloja-med-inlagg-i-bambufrotte\/\">buy it here<\/a><\/strong><\/h4>\n<h2 data-start=\"3215\" data-end=\"3242\">Wash and Care<\/h2>\n<p data-start=\"3244\" data-end=\"3502\">After use, remove the inserts from the diaper and wash everything together at 60\u00b0C. We recommend air drying the diaper to preserve the elastic, but the inserts can be tumble dried on low heat. Avoid fabric softener and detergents with bleach to maintain absorbency.<\/p>\n<p data-start=\"3504\" data-end=\"3619\"><strong>Note: The inserts reach their full absorbency after 3\u20135 washes and shrink by approximately 10\u201315% during the first wash.<\/strong><\/p>\n<p data-start=\"3621\" data-end=\"3685\">Green Poppy is collaborating with <a href=\"https:\/\/blojupproret.se\">Bl\u00f6jupproret<\/a>!<\/p>\n<p data-start=\"3107\" data-end=\"3208\">","protected":false},"excerpt":{"rendered":"<div class=\"product-short-description\">\n<p>En pocketbl\u00f6ja i One Size (fr\u00e5n f\u00f6dsel till bl\u00f6jfri) med insida av torrskiktet AWJ som h\u00e5ller barnet sval och torr. I detta paket s\u00e4ljs pocketbl\u00f6jan tillsammans med en prefold i bambufrott\u00e9.<\/p>\n<\/div>","protected":false},"featured_media":5573,"comment_status":"open","ping_status":"closed","template":"","meta":[],"product_brand":[],"product_cat":[77],"product_tag":[],"class_list":{"0":"post-5570","1":"product","2":"type-product","3":"status-publish","4":"has-post-thumbnail","6":"product_cat-pocketblojor","8":"first","9":"instock","10":"virtual","11":"taxable","12":"purchasable","13":"product-type-bundle"},"bundled_by":[],"bundle_stock_status":"instock","bundle_stock_quantity":14,"bundle_virtual":false,"bundle_layout":"default","bundle_add_to_cart_form_location":"default","bundle_editable_in_cart":false,"bundle_sold_individually_context":"product","bundle_item_grouping":"parent","bundle_min_size":"","bundle_max_size":"","bundle_price":{"price":{"min":{"incl_tax":"289","excl_tax":"231.2"},"max":{"incl_tax":"289","excl_tax":"231.2"}},"regular_price":{"min":{"incl_tax":"289","excl_tax":"231.2"},"max":{"incl_tax":"289","excl_tax":"231.2"}}},"bundled_items":[{"bundled_item_id":208,"product_id":3266,"menu_order":0,"quantity_min":1,"quantity_max":1,"quantity_default":1,"priced_individually":false,"shipped_individually":false,"override_title":false,"title":"Pocket diaper One Size 3,5 - 20 kgs","override_description":true,"description":"","optional":false,"hide_thumbnail":false,"discount":"","override_variations":false,"allowed_variations":[],"override_default_variation_attributes":false,"default_variation_attributes":[],"single_product_visibility":"visible","cart_visibility":"visible","order_visibility":"visible","single_product_price_visibility":"visible","cart_price_visibility":"visible","order_price_visibility":"visible","stock_status":"in_stock"},{"bundled_item_id":210,"product_id":4670,"menu_order":1,"quantity_min":1,"quantity_max":1,"quantity_default":1,"priced_individually":false,"shipped_individually":false,"override_title":false,"title":"Prefold","override_description":true,"description":"","optional":false,"hide_thumbnail":false,"discount":"","override_variations":false,"allowed_variations":[],"override_default_variation_attributes":false,"default_variation_attributes":[],"single_product_visibility":"visible","cart_visibility":"visible","order_visibility":"visible","single_product_price_visibility":"visible","cart_price_visibility":"visible","order_price_visibility":"visible","stock_status":"in_stock"}],"bundle_sell_ids":[],"yoast_head":"<!-- This site is optimized with the Yoast SEO plugin v27.5 - https:\/\/yoast.com\/product\/yoast-seo-wordpress\/ -->\n<title>Pocketbl\u00f6ja med prefoldinl\u00e4gg - Green Poppy<\/title>\n<meta name=\"description\" content=\"En pocketbl\u00f6ja med iett viktbart prefoldinl\u00e4gg i bambufrott\u00e9. Bl\u00f6jan har en insida med torrskikt, \u00e4r i One Size och \u00e4r en slim modell av tygbl\u00f6ja.\" \/>\n<meta name=\"robots\" content=\"index, follow, max-snippet:-1, max-image-preview:large, max-video-preview:-1\" \/>\n<link rel=\"canonical\" href=\"https:\/\/greenpoppy.se\/en\/product\/pocketbloja-med-prefoldinlagg\/\" \/>\n<meta property=\"og:locale\" content=\"en_GB\" \/>\n<meta property=\"og:type\" content=\"article\" \/>\n<meta property=\"og:title\" content=\"Pocketbl\u00f6ja med prefoldinl\u00e4gg - Green Poppy\" \/>\n<meta property=\"og:description\" content=\"En pocketbl\u00f6ja med iett viktbart prefoldinl\u00e4gg i bambufrott\u00e9. Bl\u00f6jan har en insida med torrskikt, \u00e4r i One Size och \u00e4r en slim modell av tygbl\u00f6ja.\" \/>\n<meta property=\"og:url\" content=\"https:\/\/greenpoppy.se\/en\/product\/pocketbloja-med-prefoldinlagg\/\" \/>\n<meta property=\"og:site_name\" content=\"Green Poppy\" \/>\n<meta property=\"article:publisher\" content=\"https:\/\/www.facebook.com\/profile.php?id=61554367862205\" \/>\n<meta property=\"article:modified_time\" content=\"2026-03-24T04:55:20+00:00\" \/>\n<meta property=\"og:image\" content=\"https:\/\/greenpoppy.se\/wp-content\/uploads\/2025\/04\/3-28.png\" \/>\n\t<meta property=\"og:image:width\" content=\"1500\" \/>\n\t<meta property=\"og:image:height\" content=\"1500\" \/>\n\t<meta property=\"og:image:type\" content=\"image\/png\" \/>\n<meta name=\"twitter:card\" content=\"summary_large_image\" \/>\n<meta name=\"twitter:label1\" content=\"Estimated reading time\" \/>\n\t<meta name=\"twitter:data1\" content=\"3 minutes\" \/>\n<script type=\"application\/ld+json\" class=\"yoast-schema-graph\">{\"@context\":\"https:\\\/\\\/schema.org\",\"@graph\":[{\"@type\":\"WebPage\",\"@id\":\"https:\\\/\\\/greenpoppy.se\\\/produkt\\\/pocketbloja-med-prefoldinlagg\\\/\",\"url\":\"https:\\\/\\\/greenpoppy.se\\\/produkt\\\/pocketbloja-med-prefoldinlagg\\\/\",\"name\":\"Pocketbl\u00f6ja med prefoldinl\u00e4gg - Green Poppy\",\"isPartOf\":{\"@id\":\"https:\\\/\\\/greenpoppy.se\\\/en\\\/#website\"},\"primaryImageOfPage\":{\"@id\":\"https:\\\/\\\/greenpoppy.se\\\/produkt\\\/pocketbloja-med-prefoldinlagg\\\/#primaryimage\"},\"image\":{\"@id\":\"https:\\\/\\\/greenpoppy.se\\\/produkt\\\/pocketbloja-med-prefoldinlagg\\\/#primaryimage\"},\"thumbnailUrl\":\"https:\\\/\\\/greenpoppy.se\\\/wp-content\\\/uploads\\\/2025\\\/04\\\/3-28.png\",\"datePublished\":\"2025-08-12T20:03:00+00:00\",\"dateModified\":\"2026-03-24T04:55:20+00:00\",\"description\":\"En pocketbl\u00f6ja med iett viktbart prefoldinl\u00e4gg i bambufrott\u00e9. Bl\u00f6jan har en insida med torrskikt, \u00e4r i One Size och \u00e4r en slim modell av tygbl\u00f6ja.\",\"breadcrumb\":{\"@id\":\"https:\\\/\\\/greenpoppy.se\\\/produkt\\\/pocketbloja-med-prefoldinlagg\\\/#breadcrumb\"},\"inLanguage\":\"en-GB\",\"potentialAction\":[{\"@type\":\"ReadAction\",\"target\":[\"https:\\\/\\\/greenpoppy.se\\\/produkt\\\/pocketbloja-med-prefoldinlagg\\\/\"]}]},{\"@type\":\"ImageObject\",\"inLanguage\":\"en-GB\",\"@id\":\"https:\\\/\\\/greenpoppy.se\\\/produkt\\\/pocketbloja-med-prefoldinlagg\\\/#primaryimage\",\"url\":\"https:\\\/\\\/greenpoppy.se\\\/wp-content\\\/uploads\\\/2025\\\/04\\\/3-28.png\",\"contentUrl\":\"https:\\\/\\\/greenpoppy.se\\\/wp-content\\\/uploads\\\/2025\\\/04\\\/3-28.png\",\"width\":1500,\"height\":1500,\"caption\":\"prefold i bambufrott\u00e9 pocketbl\u00f6ja tygbl\u00f6ja bl\u00f6jor till nyf\u00f6dd pampers\"},{\"@type\":\"BreadcrumbList\",\"@id\":\"https:\\\/\\\/greenpoppy.se\\\/produkt\\\/pocketbloja-med-prefoldinlagg\\\/#breadcrumb\",\"itemListElement\":[{\"@type\":\"ListItem\",\"position\":1,\"name\":\"Hem\",\"item\":\"https:\\\/\\\/greenpoppy.se\\\/\"},{\"@type\":\"ListItem\",\"position\":2,\"name\":\"Butik\",\"item\":\"https:\\\/\\\/greenpoppy.se\\\/butik\\\/\"},{\"@type\":\"ListItem\",\"position\":3,\"name\":\"Pocketbl\u00f6ja med prefoldinl\u00e4gg\"}]},{\"@type\":\"WebSite\",\"@id\":\"https:\\\/\\\/greenpoppy.se\\\/en\\\/#website\",\"url\":\"https:\\\/\\\/greenpoppy.se\\\/en\\\/\",\"name\":\"Green Poppy\",\"description\":\"H\u00e5llbara och \u00e5teranv\u00e4ndbara tygbl\u00f6jor\",\"publisher\":{\"@id\":\"https:\\\/\\\/greenpoppy.se\\\/en\\\/#organization\"},\"potentialAction\":[{\"@type\":\"SearchAction\",\"target\":{\"@type\":\"EntryPoint\",\"urlTemplate\":\"https:\\\/\\\/greenpoppy.se\\\/en\\\/?s={search_term_string}\"},\"query-input\":{\"@type\":\"PropertyValueSpecification\",\"valueRequired\":true,\"valueName\":\"search_term_string\"}}],\"inLanguage\":\"en-GB\"},{\"@type\":\"Organization\",\"@id\":\"https:\\\/\\\/greenpoppy.se\\\/en\\\/#organization\",\"name\":\"Green Poppy\",\"url\":\"https:\\\/\\\/greenpoppy.se\\\/en\\\/\",\"logo\":{\"@type\":\"ImageObject\",\"inLanguage\":\"en-GB\",\"@id\":\"https:\\\/\\\/greenpoppy.se\\\/en\\\/#\\\/schema\\\/logo\\\/image\\\/\",\"url\":\"https:\\\/\\\/greenpoppy.se\\\/wp-content\\\/uploads\\\/2025\\\/01\\\/Logga_Officiell.svg\",\"contentUrl\":\"https:\\\/\\\/greenpoppy.se\\\/wp-content\\\/uploads\\\/2025\\\/01\\\/Logga_Officiell.svg\",\"width\":1,\"height\":1,\"caption\":\"Green Poppy\"},\"image\":{\"@id\":\"https:\\\/\\\/greenpoppy.se\\\/en\\\/#\\\/schema\\\/logo\\\/image\\\/\"},\"sameAs\":[\"https:\\\/\\\/www.facebook.com\\\/profile.php?id=61554367862205\",\"https:\\\/\\\/www.instagram.com\\\/greenpoppy.se\\\/\"]}]}<\/script>\n<!-- \/ Yoast SEO plugin. -->","yoast_head_json":{"title":"Pocketbl\u00f6ja med prefoldinl\u00e4gg - Green Poppy","description":"En pocketbl\u00f6ja med iett viktbart prefoldinl\u00e4gg i bambufrott\u00e9. Bl\u00f6jan har en insida med torrskikt, \u00e4r i One Size och \u00e4r en slim modell av tygbl\u00f6ja.","robots":{"index":"index","follow":"follow","max-snippet":"max-snippet:-1","max-image-preview":"max-image-preview:large","max-video-preview":"max-video-preview:-1"},"canonical":"https:\/\/greenpoppy.se\/en\/product\/pocketbloja-med-prefoldinlagg\/","og_locale":"en_GB","og_type":"article","og_title":"Pocketbl\u00f6ja med prefoldinl\u00e4gg - Green Poppy","og_description":"En pocketbl\u00f6ja med iett viktbart prefoldinl\u00e4gg i bambufrott\u00e9. Bl\u00f6jan har en insida med torrskikt, \u00e4r i One Size och \u00e4r en slim modell av tygbl\u00f6ja.","og_url":"https:\/\/greenpoppy.se\/en\/product\/pocketbloja-med-prefoldinlagg\/","og_site_name":"Green Poppy","article_publisher":"https:\/\/www.facebook.com\/profile.php?id=61554367862205","article_modified_time":"2026-03-24T04:55:20+00:00","og_image":[{"width":1500,"height":1500,"url":"https:\/\/greenpoppy.se\/wp-content\/uploads\/2025\/04\/3-28.png","type":"image\/png"}],"twitter_card":"summary_large_image","twitter_misc":{"Estimated reading time":"3 minutes"},"schema":{"@context":"https:\/\/schema.org","@graph":[{"@type":"WebPage","@id":"https:\/\/greenpoppy.se\/produkt\/pocketbloja-med-prefoldinlagg\/","url":"https:\/\/greenpoppy.se\/produkt\/pocketbloja-med-prefoldinlagg\/","name":"Pocketbl\u00f6ja med prefoldinl\u00e4gg - Green Poppy","isPartOf":{"@id":"https:\/\/greenpoppy.se\/en\/#website"},"primaryImageOfPage":{"@id":"https:\/\/greenpoppy.se\/produkt\/pocketbloja-med-prefoldinlagg\/#primaryimage"},"image":{"@id":"https:\/\/greenpoppy.se\/produkt\/pocketbloja-med-prefoldinlagg\/#primaryimage"},"thumbnailUrl":"https:\/\/greenpoppy.se\/wp-content\/uploads\/2025\/04\/3-28.png","datePublished":"2025-08-12T20:03:00+00:00","dateModified":"2026-03-24T04:55:20+00:00","description":"En pocketbl\u00f6ja med iett viktbart prefoldinl\u00e4gg i bambufrott\u00e9. Bl\u00f6jan har en insida med torrskikt, \u00e4r i One Size och \u00e4r en slim modell av tygbl\u00f6ja.","breadcrumb":{"@id":"https:\/\/greenpoppy.se\/produkt\/pocketbloja-med-prefoldinlagg\/#breadcrumb"},"inLanguage":"en-GB","potentialAction":[{"@type":"ReadAction","target":["https:\/\/greenpoppy.se\/produkt\/pocketbloja-med-prefoldinlagg\/"]}]},{"@type":"ImageObject","inLanguage":"en-GB","@id":"https:\/\/greenpoppy.se\/produkt\/pocketbloja-med-prefoldinlagg\/#primaryimage","url":"https:\/\/greenpoppy.se\/wp-content\/uploads\/2025\/04\/3-28.png","contentUrl":"https:\/\/greenpoppy.se\/wp-content\/uploads\/2025\/04\/3-28.png","width":1500,"height":1500,"caption":"prefold i bambufrott\u00e9 pocketbl\u00f6ja tygbl\u00f6ja bl\u00f6jor till nyf\u00f6dd pampers"},{"@type":"BreadcrumbList","@id":"https:\/\/greenpoppy.se\/produkt\/pocketbloja-med-prefoldinlagg\/#breadcrumb","itemListElement":[{"@type":"ListItem","position":1,"name":"Hem","item":"https:\/\/greenpoppy.se\/"},{"@type":"ListItem","position":2,"name":"Butik","item":"https:\/\/greenpoppy.se\/butik\/"},{"@type":"ListItem","position":3,"name":"Pocketbl\u00f6ja med prefoldinl\u00e4gg"}]},{"@type":"WebSite","@id":"https:\/\/greenpoppy.se\/en\/#website","url":"https:\/\/greenpoppy.se\/en\/","name":"Green Poppy","description":"H\u00e5llbara och \u00e5teranv\u00e4ndbara tygbl\u00f6jor","publisher":{"@id":"https:\/\/greenpoppy.se\/en\/#organization"},"potentialAction":[{"@type":"SearchAction","target":{"@type":"EntryPoint","urlTemplate":"https:\/\/greenpoppy.se\/en\/?s={search_term_string}"},"query-input":{"@type":"PropertyValueSpecification","valueRequired":true,"valueName":"search_term_string"}}],"inLanguage":"en-GB"},{"@type":"Organization","@id":"https:\/\/greenpoppy.se\/en\/#organization","name":"Green Poppy","url":"https:\/\/greenpoppy.se\/en\/","logo":{"@type":"ImageObject","inLanguage":"en-GB","@id":"https:\/\/greenpoppy.se\/en\/#\/schema\/logo\/image\/","url":"https:\/\/greenpoppy.se\/wp-content\/uploads\/2025\/01\/Logga_Officiell.svg","contentUrl":"https:\/\/greenpoppy.se\/wp-content\/uploads\/2025\/01\/Logga_Officiell.svg","width":1,"height":1,"caption":"Green Poppy"},"image":{"@id":"https:\/\/greenpoppy.se\/en\/#\/schema\/logo\/image\/"},"sameAs":["https:\/\/www.facebook.com\/profile.php?id=61554367862205","https:\/\/www.instagram.com\/greenpoppy.se\/"]}]}},"_links":{"self":[{"href":"https:\/\/greenpoppy.se\/en\/wp-json\/wp\/v2\/product\/5570","targetHints":{"allow":["GET"]}}],"collection":[{"href":"https:\/\/greenpoppy.se\/en\/wp-json\/wp\/v2\/product"}],"about":[{"href":"https:\/\/greenpoppy.se\/en\/wp-json\/wp\/v2\/types\/product"}],"replies":[{"embeddable":true,"href":"https:\/\/greenpoppy.se\/en\/wp-json\/wp\/v2\/comments?post=5570"}],"wp:featuredmedia":[{"embeddable":true,"href":"https:\/\/greenpoppy.se\/en\/wp-json\/wp\/v2\/media\/5573"}],"wp:attachment":[{"href":"https:\/\/greenpoppy.se\/en\/wp-json\/wp\/v2\/media?parent=5570"}],"wp:term":[{"taxonomy":"product_brand","embeddable":true,"href":"https:\/\/greenpoppy.se\/en\/wp-json\/wp\/v2\/product_brand?post=5570"},{"taxonomy":"product_cat","embeddable":true,"href":"https:\/\/greenpoppy.se\/en\/wp-json\/wp\/v2\/product_cat?post=5570"},{"taxonomy":"product_tag","embeddable":true,"href":"https:\/\/greenpoppy.se\/en\/wp-json\/wp\/v2\/product_tag?post=5570"}],"curies":[{"name":"wp","href":"https:\/\/api.w.org\/{rel}","templated":true}]}}