{"id":5673,"date":"2025-09-23T20:52:47","date_gmt":"2025-09-23T18:52:47","guid":{"rendered":"https:\/\/greenpoppy.se\/?post_type=product&#038;p=5673"},"modified":"2026-01-24T21:32:32","modified_gmt":"2026-01-24T20:32:32","slug":"bambupapper-5-pack","status":"publish","type":"product","link":"https:\/\/greenpoppy.se\/en\/product\/bambupapper-5-pack\/","title":{"rendered":"Bamboo liners - 5 pcs"},"content":{"rendered":"<h2>Bamboo liner<\/h2>\n<p>Green Poppys bambupapper \u00e4r h\u00e4r f\u00f6r att underl\u00e4tta hela ditt liv! Eller ja, dina bl\u00f6jbyten i alla fall, och helt \u00e4rligt, kan inte det k\u00e4nnas som en stor del av livet ibland? Med v\u00e5ra eng\u00e5ngsinl\u00e4gg av bambu blir bl\u00f6jbyten enklare, smidigare och mer hygieniska \u2013 n\u00e5got som alla sm\u00e5barnsf\u00f6r\u00e4ldrar kan uppskatta. Helt pl\u00f6tsligt k\u00e4nns det inte som ett s\u00e5 stort steg att b\u00f6rja med tygbl\u00f6jor, eller hur?<\/p>\n<h2>Fabric<\/h2>\n<p>Bambupappret best\u00e5r till 100 % av bambu, ett snabbt f\u00f6rnybart och h\u00e5llbart material. Det \u00e4r biologiskt nedbrytbart och vi s\u00e4ljer det p\u00e5 rulle, d\u00e4r varje rulle inneh\u00e5ller 100 ark. Pappret placerar du \u00f6verst i bl\u00f6jan, n\u00e4rmast barnets hud, och hj\u00e4lper till att f\u00e5nga upp bajs. Efter anv\u00e4ndning kastar du det i soptunnan \u2013 det f\u00e5r inte spolas ner i toaletten. Med detta smarta eng\u00e5ngsinl\u00e4gg kan du enkelt lyfta bort bajset tillsammans med pappret, sl\u00e4nga bajset i toaletten (eller soporna om ingen toalett finns i n\u00e4rheten) och sedan kasta sj\u00e4lva pappret i soporna.<\/p>\n<h3>Anv\u00e4ndningsomr\u00e5den<\/h3>\n<p>F\u00f6rutom att underl\u00e4tta vid bajsbl\u00f6jor kan man \u00e4ven anv\u00e4nda bambupappret om ditt barn beh\u00f6ver salvor eller kr\u00e4mer. Genom att placera pappret mellan barnets hud och bl\u00f6jan skyddar man bl\u00f6jans material fr\u00e5n att t\u00e4ppas till av feta kr\u00e4mer, vilket kan p\u00e5verka bl\u00f6jans uppsugningsf\u00f6rm\u00e5ga. Detta \u00e4r s\u00e4rskilt bra om bl\u00f6jan har en insida av syntetmaterial, som AWJ (Athletic Wicking Jersey), d\u00e4r fettrester kan minska tygbl\u00f6jans effektivitet.<\/p>\n<p>Bambupappret har allts\u00e5 ingen egen absorption, utan du l\u00e4gger det \u00f6ver andra <a href=\"http:\/\/greenpoppy.se\/en\/product-category\/inlagg-och-tvattlappar\/\">inl\u00e4gg<\/a>.<\/p>\n<p>F\u00f6renkla din vardag med Green Poppys bambupapper \u2013 ett smartare val f\u00f6r b\u00e5de dig och milj\u00f6n!<\/p>\n<h3>K\u00f6p fler &#8211; spara mer<\/h3>\n<p>Rullarna med bambupapper s\u00e4ljes styckvis, vid k\u00f6p av 3 stycken f\u00e5r du 10% rabatt och vid k\u00f6p av 5 stycken f\u00e5r 15% rabatt. Rabatten dras av i varukorgen.<\/p>\n<p>Vill du k\u00f6pa 1 rulle? <a href=\"https:\/\/greenpoppy.se\/en\/product\/bambupapper\/\">Klicka h\u00e4r f\u00f6r att k\u00f6pa 1 rulle bambupapper<\/a>.<\/p>\n<p>Vill du k\u00f6pa 3 rullar? <a href=\"https:\/\/greenpoppy.se\/en\/product\/bambupapper-3-pack\/\">Klicka h\u00e4r f\u00f6r att k\u00f6pa 3 rullar bambupapper<\/a>.<\/p>\n<p>Green Poppy \u00e4r samarbetspartner med <a href=\"https:\/\/blojupproret.se\">bl\u00f6jupproret<\/a>.<\/p>","protected":false},"excerpt":{"rendered":"<p>Bambupapper \u00e4r eng\u00e5ngsinl\u00e4gg som hj\u00e4lper till att f\u00f6renkla bl\u00f6jbyten. Kan \u00e4ven anv\u00e4ndas n\u00e4r barnet har salvor\/kr\u00e4mer f\u00f6r att skydda bl\u00f6jan.<\/p>\n<p>Rullarna med bambupapper s\u00e4ljes styckvis, vid k\u00f6p av 3 stycken f\u00e5r du 10% rabatt och vid k\u00f6p av 5 stycken f\u00e5r 15% rabatt. Rabatten dras av i varukorgen.<\/p>\n<p><a href=\"https:\/\/greenpoppy.se\/en\/product\/bambupapper\/\">Klicka h\u00e4r f\u00f6r att k\u00f6pa 1 rulle<\/a>.<\/p>\n<p><a href=\"https:\/\/greenpoppy.se\/en\/product\/bambupapper-3-pack\/\">Klicka h\u00e4r f\u00f6r att k\u00f6pa 3 rullar<\/a>.<\/p>","protected":false},"featured_media":6430,"comment_status":"open","ping_status":"closed","template":"","meta":[],"product_brand":[],"product_cat":[132],"product_tag":[],"class_list":{"0":"post-5673","1":"product","2":"type-product","3":"status-publish","4":"has-post-thumbnail","6":"product_cat-tillbehor-till-tygblojor","8":"first","9":"instock","10":"taxable","11":"shipping-taxable","12":"purchasable","13":"product-type-bundle"},"bundled_by":[],"bundle_stock_status":"instock","bundle_stock_quantity":8,"bundle_virtual":false,"bundle_layout":"default","bundle_add_to_cart_form_location":"default","bundle_editable_in_cart":false,"bundle_sold_individually_context":"product","bundle_item_grouping":"parent","bundle_min_size":"","bundle_max_size":"","bundle_price":{"price":{"min":{"incl_tax":"419","excl_tax":"335.2"},"max":{"incl_tax":"419","excl_tax":"335.2"}},"regular_price":{"min":{"incl_tax":"419","excl_tax":"335.2"},"max":{"incl_tax":"419","excl_tax":"335.2"}}},"bundled_items":[{"bundled_item_id":214,"product_id":1500,"menu_order":0,"quantity_min":5,"quantity_max":5,"quantity_default":5,"priced_individually":false,"shipped_individually":false,"override_title":false,"title":"Bamboo liner","override_description":true,"description":"","optional":false,"hide_thumbnail":false,"discount":"","override_variations":false,"allowed_variations":[],"override_default_variation_attributes":false,"default_variation_attributes":[],"single_product_visibility":"visible","cart_visibility":"visible","order_visibility":"visible","single_product_price_visibility":"visible","cart_price_visibility":"visible","order_price_visibility":"visible","stock_status":"in_stock"}],"bundle_sell_ids":[],"yoast_head":"<!-- This site is optimized with the Yoast SEO plugin v27.5 - https:\/\/yoast.com\/product\/yoast-seo-wordpress\/ -->\n<title>Bambupapper 5-pack - Green Poppy<\/title>\n<meta name=\"description\" content=\"Green Poppys bambupapper g\u00f6r bl\u00f6jbyten enklare! 100% bambu, biologiskt nedbrytbart. L\u00e4gg \u00f6verst i bl\u00f6jan f\u00f6r enkel hantering av bajs och skydd mot kr\u00e4mer.\" \/>\n<meta name=\"robots\" content=\"index, follow, max-snippet:-1, max-image-preview:large, max-video-preview:-1\" \/>\n<link rel=\"canonical\" href=\"https:\/\/greenpoppy.se\/en\/product\/bambupapper-5-pack\/\" \/>\n<meta property=\"og:locale\" content=\"en_GB\" \/>\n<meta property=\"og:type\" content=\"article\" \/>\n<meta property=\"og:title\" content=\"Bambupapper 5-pack - Green Poppy\" \/>\n<meta property=\"og:description\" content=\"Green Poppys bambupapper g\u00f6r bl\u00f6jbyten enklare! 100% bambu, biologiskt nedbrytbart. L\u00e4gg \u00f6verst i bl\u00f6jan f\u00f6r enkel hantering av bajs och skydd mot kr\u00e4mer.\" \/>\n<meta property=\"og:url\" content=\"https:\/\/greenpoppy.se\/en\/product\/bambupapper-5-pack\/\" \/>\n<meta property=\"og:site_name\" content=\"Green Poppy\" \/>\n<meta property=\"article:publisher\" content=\"https:\/\/www.facebook.com\/profile.php?id=61554367862205\" \/>\n<meta property=\"article:modified_time\" content=\"2026-01-24T20:32:32+00:00\" \/>\n<meta property=\"og:image\" content=\"https:\/\/greenpoppy.se\/wp-content\/uploads\/2024\/04\/bambupapper-5-pack.png\" \/>\n\t<meta property=\"og:image:width\" content=\"1500\" \/>\n\t<meta property=\"og:image:height\" content=\"1500\" \/>\n\t<meta property=\"og:image:type\" content=\"image\/png\" \/>\n<meta name=\"twitter:card\" content=\"summary_large_image\" \/>\n<meta name=\"twitter:label1\" content=\"Estimated reading time\" \/>\n\t<meta name=\"twitter:data1\" content=\"2 minutes\" \/>\n<script type=\"application\/ld+json\" class=\"yoast-schema-graph\">{\"@context\":\"https:\\\/\\\/schema.org\",\"@graph\":[{\"@type\":\"WebPage\",\"@id\":\"https:\\\/\\\/greenpoppy.se\\\/produkt\\\/bambupapper-5-pack\\\/\",\"url\":\"https:\\\/\\\/greenpoppy.se\\\/produkt\\\/bambupapper-5-pack\\\/\",\"name\":\"Bambupapper 5-pack - Green Poppy\",\"isPartOf\":{\"@id\":\"https:\\\/\\\/greenpoppy.se\\\/en\\\/#website\"},\"primaryImageOfPage\":{\"@id\":\"https:\\\/\\\/greenpoppy.se\\\/produkt\\\/bambupapper-5-pack\\\/#primaryimage\"},\"image\":{\"@id\":\"https:\\\/\\\/greenpoppy.se\\\/produkt\\\/bambupapper-5-pack\\\/#primaryimage\"},\"thumbnailUrl\":\"https:\\\/\\\/greenpoppy.se\\\/wp-content\\\/uploads\\\/2024\\\/04\\\/bambupapper-5-pack.png\",\"datePublished\":\"2025-09-23T18:52:47+00:00\",\"dateModified\":\"2026-01-24T20:32:32+00:00\",\"description\":\"Green Poppys bambupapper g\u00f6r bl\u00f6jbyten enklare! 100% bambu, biologiskt nedbrytbart. L\u00e4gg \u00f6verst i bl\u00f6jan f\u00f6r enkel hantering av bajs och skydd mot kr\u00e4mer.\",\"breadcrumb\":{\"@id\":\"https:\\\/\\\/greenpoppy.se\\\/produkt\\\/bambupapper-5-pack\\\/#breadcrumb\"},\"inLanguage\":\"en-GB\",\"potentialAction\":[{\"@type\":\"ReadAction\",\"target\":[\"https:\\\/\\\/greenpoppy.se\\\/produkt\\\/bambupapper-5-pack\\\/\"]}]},{\"@type\":\"ImageObject\",\"inLanguage\":\"en-GB\",\"@id\":\"https:\\\/\\\/greenpoppy.se\\\/produkt\\\/bambupapper-5-pack\\\/#primaryimage\",\"url\":\"https:\\\/\\\/greenpoppy.se\\\/wp-content\\\/uploads\\\/2024\\\/04\\\/bambupapper-5-pack.png\",\"contentUrl\":\"https:\\\/\\\/greenpoppy.se\\\/wp-content\\\/uploads\\\/2024\\\/04\\\/bambupapper-5-pack.png\",\"width\":1500,\"height\":1500,\"caption\":\"tygbl\u00f6jor bambuapper bajs nyf\u00f6dd\"},{\"@type\":\"BreadcrumbList\",\"@id\":\"https:\\\/\\\/greenpoppy.se\\\/produkt\\\/bambupapper-5-pack\\\/#breadcrumb\",\"itemListElement\":[{\"@type\":\"ListItem\",\"position\":1,\"name\":\"Hem\",\"item\":\"https:\\\/\\\/greenpoppy.se\\\/\"},{\"@type\":\"ListItem\",\"position\":2,\"name\":\"Butik\",\"item\":\"https:\\\/\\\/greenpoppy.se\\\/butik\\\/\"},{\"@type\":\"ListItem\",\"position\":3,\"name\":\"Bambupapper 5-pack\"}]},{\"@type\":\"WebSite\",\"@id\":\"https:\\\/\\\/greenpoppy.se\\\/en\\\/#website\",\"url\":\"https:\\\/\\\/greenpoppy.se\\\/en\\\/\",\"name\":\"Green Poppy\",\"description\":\"H\u00e5llbara och \u00e5teranv\u00e4ndbara tygbl\u00f6jor\",\"publisher\":{\"@id\":\"https:\\\/\\\/greenpoppy.se\\\/en\\\/#organization\"},\"potentialAction\":[{\"@type\":\"SearchAction\",\"target\":{\"@type\":\"EntryPoint\",\"urlTemplate\":\"https:\\\/\\\/greenpoppy.se\\\/en\\\/?s={search_term_string}\"},\"query-input\":{\"@type\":\"PropertyValueSpecification\",\"valueRequired\":true,\"valueName\":\"search_term_string\"}}],\"inLanguage\":\"en-GB\"},{\"@type\":\"Organization\",\"@id\":\"https:\\\/\\\/greenpoppy.se\\\/en\\\/#organization\",\"name\":\"Green Poppy\",\"url\":\"https:\\\/\\\/greenpoppy.se\\\/en\\\/\",\"logo\":{\"@type\":\"ImageObject\",\"inLanguage\":\"en-GB\",\"@id\":\"https:\\\/\\\/greenpoppy.se\\\/en\\\/#\\\/schema\\\/logo\\\/image\\\/\",\"url\":\"https:\\\/\\\/greenpoppy.se\\\/wp-content\\\/uploads\\\/2025\\\/01\\\/Logga_Officiell.svg\",\"contentUrl\":\"https:\\\/\\\/greenpoppy.se\\\/wp-content\\\/uploads\\\/2025\\\/01\\\/Logga_Officiell.svg\",\"width\":1,\"height\":1,\"caption\":\"Green Poppy\"},\"image\":{\"@id\":\"https:\\\/\\\/greenpoppy.se\\\/en\\\/#\\\/schema\\\/logo\\\/image\\\/\"},\"sameAs\":[\"https:\\\/\\\/www.facebook.com\\\/profile.php?id=61554367862205\",\"https:\\\/\\\/www.instagram.com\\\/greenpoppy.se\\\/\"]}]}<\/script>\n<!-- \/ Yoast SEO plugin. -->","yoast_head_json":{"title":"Bambupapper 5-pack - Green Poppy","description":"Green Poppys bambupapper g\u00f6r bl\u00f6jbyten enklare! 100% bambu, biologiskt nedbrytbart. L\u00e4gg \u00f6verst i bl\u00f6jan f\u00f6r enkel hantering av bajs och skydd mot kr\u00e4mer.","robots":{"index":"index","follow":"follow","max-snippet":"max-snippet:-1","max-image-preview":"max-image-preview:large","max-video-preview":"max-video-preview:-1"},"canonical":"https:\/\/greenpoppy.se\/en\/product\/bambupapper-5-pack\/","og_locale":"en_GB","og_type":"article","og_title":"Bambupapper 5-pack - Green Poppy","og_description":"Green Poppys bambupapper g\u00f6r bl\u00f6jbyten enklare! 100% bambu, biologiskt nedbrytbart. L\u00e4gg \u00f6verst i bl\u00f6jan f\u00f6r enkel hantering av bajs och skydd mot kr\u00e4mer.","og_url":"https:\/\/greenpoppy.se\/en\/product\/bambupapper-5-pack\/","og_site_name":"Green Poppy","article_publisher":"https:\/\/www.facebook.com\/profile.php?id=61554367862205","article_modified_time":"2026-01-24T20:32:32+00:00","og_image":[{"width":1500,"height":1500,"url":"https:\/\/greenpoppy.se\/wp-content\/uploads\/2024\/04\/bambupapper-5-pack.png","type":"image\/png"}],"twitter_card":"summary_large_image","twitter_misc":{"Estimated reading time":"2 minutes"},"schema":{"@context":"https:\/\/schema.org","@graph":[{"@type":"WebPage","@id":"https:\/\/greenpoppy.se\/produkt\/bambupapper-5-pack\/","url":"https:\/\/greenpoppy.se\/produkt\/bambupapper-5-pack\/","name":"Bambupapper 5-pack - Green Poppy","isPartOf":{"@id":"https:\/\/greenpoppy.se\/en\/#website"},"primaryImageOfPage":{"@id":"https:\/\/greenpoppy.se\/produkt\/bambupapper-5-pack\/#primaryimage"},"image":{"@id":"https:\/\/greenpoppy.se\/produkt\/bambupapper-5-pack\/#primaryimage"},"thumbnailUrl":"https:\/\/greenpoppy.se\/wp-content\/uploads\/2024\/04\/bambupapper-5-pack.png","datePublished":"2025-09-23T18:52:47+00:00","dateModified":"2026-01-24T20:32:32+00:00","description":"Green Poppys bambupapper g\u00f6r bl\u00f6jbyten enklare! 100% bambu, biologiskt nedbrytbart. L\u00e4gg \u00f6verst i bl\u00f6jan f\u00f6r enkel hantering av bajs och skydd mot kr\u00e4mer.","breadcrumb":{"@id":"https:\/\/greenpoppy.se\/produkt\/bambupapper-5-pack\/#breadcrumb"},"inLanguage":"en-GB","potentialAction":[{"@type":"ReadAction","target":["https:\/\/greenpoppy.se\/produkt\/bambupapper-5-pack\/"]}]},{"@type":"ImageObject","inLanguage":"en-GB","@id":"https:\/\/greenpoppy.se\/produkt\/bambupapper-5-pack\/#primaryimage","url":"https:\/\/greenpoppy.se\/wp-content\/uploads\/2024\/04\/bambupapper-5-pack.png","contentUrl":"https:\/\/greenpoppy.se\/wp-content\/uploads\/2024\/04\/bambupapper-5-pack.png","width":1500,"height":1500,"caption":"tygbl\u00f6jor bambuapper bajs nyf\u00f6dd"},{"@type":"BreadcrumbList","@id":"https:\/\/greenpoppy.se\/produkt\/bambupapper-5-pack\/#breadcrumb","itemListElement":[{"@type":"ListItem","position":1,"name":"Hem","item":"https:\/\/greenpoppy.se\/"},{"@type":"ListItem","position":2,"name":"Butik","item":"https:\/\/greenpoppy.se\/butik\/"},{"@type":"ListItem","position":3,"name":"Bambupapper 5-pack"}]},{"@type":"WebSite","@id":"https:\/\/greenpoppy.se\/en\/#website","url":"https:\/\/greenpoppy.se\/en\/","name":"Green Poppy","description":"H\u00e5llbara och \u00e5teranv\u00e4ndbara tygbl\u00f6jor","publisher":{"@id":"https:\/\/greenpoppy.se\/en\/#organization"},"potentialAction":[{"@type":"SearchAction","target":{"@type":"EntryPoint","urlTemplate":"https:\/\/greenpoppy.se\/en\/?s={search_term_string}"},"query-input":{"@type":"PropertyValueSpecification","valueRequired":true,"valueName":"search_term_string"}}],"inLanguage":"en-GB"},{"@type":"Organization","@id":"https:\/\/greenpoppy.se\/en\/#organization","name":"Green Poppy","url":"https:\/\/greenpoppy.se\/en\/","logo":{"@type":"ImageObject","inLanguage":"en-GB","@id":"https:\/\/greenpoppy.se\/en\/#\/schema\/logo\/image\/","url":"https:\/\/greenpoppy.se\/wp-content\/uploads\/2025\/01\/Logga_Officiell.svg","contentUrl":"https:\/\/greenpoppy.se\/wp-content\/uploads\/2025\/01\/Logga_Officiell.svg","width":1,"height":1,"caption":"Green Poppy"},"image":{"@id":"https:\/\/greenpoppy.se\/en\/#\/schema\/logo\/image\/"},"sameAs":["https:\/\/www.facebook.com\/profile.php?id=61554367862205","https:\/\/www.instagram.com\/greenpoppy.se\/"]}]}},"_links":{"self":[{"href":"https:\/\/greenpoppy.se\/en\/wp-json\/wp\/v2\/product\/5673","targetHints":{"allow":["GET"]}}],"collection":[{"href":"https:\/\/greenpoppy.se\/en\/wp-json\/wp\/v2\/product"}],"about":[{"href":"https:\/\/greenpoppy.se\/en\/wp-json\/wp\/v2\/types\/product"}],"replies":[{"embeddable":true,"href":"https:\/\/greenpoppy.se\/en\/wp-json\/wp\/v2\/comments?post=5673"}],"wp:featuredmedia":[{"embeddable":true,"href":"https:\/\/greenpoppy.se\/en\/wp-json\/wp\/v2\/media\/6430"}],"wp:attachment":[{"href":"https:\/\/greenpoppy.se\/en\/wp-json\/wp\/v2\/media?parent=5673"}],"wp:term":[{"taxonomy":"product_brand","embeddable":true,"href":"https:\/\/greenpoppy.se\/en\/wp-json\/wp\/v2\/product_brand?post=5673"},{"taxonomy":"product_cat","embeddable":true,"href":"https:\/\/greenpoppy.se\/en\/wp-json\/wp\/v2\/product_cat?post=5673"},{"taxonomy":"product_tag","embeddable":true,"href":"https:\/\/greenpoppy.se\/en\/wp-json\/wp\/v2\/product_tag?post=5673"}],"curies":[{"name":"wp","href":"https:\/\/api.w.org\/{rel}","templated":true}]}}