{"id":5676,"date":"2025-09-23T21:15:51","date_gmt":"2025-09-23T19:15:51","guid":{"rendered":"https:\/\/greenpoppy.se\/?post_type=product&#038;p=5676"},"modified":"2026-02-20T14:34:07","modified_gmt":"2026-02-20T13:34:07","slug":"tvattlappar-i-bambufrotte-10-pack","status":"publish","type":"product","link":"https:\/\/greenpoppy.se\/en\/product\/tvattlappar-i-bambufrotte-10-pack\/","title":{"rendered":"Bamboo terry wash cloths - 10 pcs"},"content":{"rendered":"<h2>Round bamboo terry wipes<\/h2>\n<p>Dessa tv\u00e4ttlappar \u00e4r en game changer! \u00c4ntligen kan du sluta komma ih\u00e5g v\u00e5tservetter vid varje handling i mataff\u00e4ren! Tv\u00e4ttlappar i tyg \u00e4r v\u00e4ldigt anv\u00e4ndbara och har ett brett anv\u00e4ndningsomr\u00e5de. Sj\u00e4lvklart \u00e4r de perfekta att anv\u00e4nda vid varje bl\u00f6jbyte. Bl\u00f6t tv\u00e4ttlappen med vatten, anv\u00e4nd eventuellt lite olja om du vill, och anv\u00e4nd sedan tv\u00e4ttlappen som en v\u00e5tservett vid bl\u00f6jbyte. I st\u00e4llet f\u00f6r att anv\u00e4nda flera v\u00e5tservetter kan du sk\u00f6lja tv\u00e4ttlappen och anv\u00e4nda den igen, vid samma bl\u00f6jbyte. N\u00e4r du \u00e4r f\u00e4rdig l\u00e4gger du helt enkelt tv\u00e4ttlappen i tv\u00e4ttkorgen och tv\u00e4ttar med bl\u00f6jtv\u00e4tten eller din andra 60-tv\u00e4tt.<\/p>\n<p>Tv\u00e4ttlappar best\u00e5r av tv\u00e5 lager bambufrott\u00e9. Detta g\u00f6r att de \u00e4r S\u00c5 mjuka (sa vi att dom \u00e4r mjuka? F\u00f6r det \u00e4r dom!). Med dubbla lager blir tv\u00e4ttlapparna lite tjockare och har lite mer stadga. Tv\u00e4ttlapparna \u00e4r 20 x 20 cm, och vi f\u00f6rv\u00e4ntar oss att de kan krympa lite vid tv\u00e4tt.<\/p>\n<h3>Material och storlek<\/h3>\n<ul>\n<li>Material: 85% bambuviskos, 15% polyester<\/li>\n<li>Antal lager: 2 lager<\/li>\n<li>Storlek: 20 x 20 cm.<\/li>\n<\/ul>\n<h3>Anv\u00e4ndningsomr\u00e5den f\u00f6r tv\u00e4ttlappar i bambufrott\u00e9<\/h3>\n<p>H\u00e4r hos Green Poppy anv\u00e4nds dessa tv\u00e4ttlappar till lite allting. Vi anv\u00e4nder ett set till bl\u00f6jbyten och ett annat set till annat. F\u00f6r ett barn som nyligen har b\u00f6rjat matintro \u00e4r dessa guld v\u00e4rda! Vi beh\u00f6ver v\u00e4l inte ens b\u00f6rja prata om kladdet som uppst\u00e5r? Efter att barnet har \u00e4tit f\u00e4rdigt anv\u00e4nder vi en och samma tv\u00e4ttlapp till att torka av h\u00e4nder och mun (\u00f6gonbryn och \u00f6ron ibland ocks\u00e5), brickan framf\u00f6r barnet, kanske stolen och slutligen plockar vi upp lite rester fr\u00e5n golvet. Det g\u00e5r fort att spara in kostnaderna f\u00f6r v\u00e5tservetter!<\/p>\n<h3>K\u00f6p fler &#8211; spara mer<\/h3>\n<p>Tv\u00e4ttlapparna s\u00e4ljes styckvis men vid k\u00f6p av 5 stycken f\u00e5r du 10% rabatt och vid k\u00f6p av 10 stycken 15% rabatt.<\/p>\n<p><a href=\"https:\/\/greenpoppy.se\/en\/product\/tvattlappar\/\">Klicka h\u00e4r f\u00f6r att k\u00f6pa 1-pack<\/a>.<\/p>\n<p><a href=\"https:\/\/greenpoppy.se\/en\/product\/tvattlappar-i-bambufrotte-5-pack\/\">Klicka h\u00e4r f\u00f6r att k\u00f6pa 5-pack<\/a>.<\/p>\n<h3>Egna v\u00e5tservetter<\/h3>\n<p>Det g\u00e5r \u00e4ven att f\u00f6rbereda egna v\u00e5tservetter i f\u00f6rv\u00e4g. Koka upp ungef\u00e4r 5 dl vatten och blanda med 1 tsk luktfri kokosolja (eller den olja du f\u00f6redrar), blanda runt tills oljan har l\u00f6st upp sig. L\u00e4gg tv\u00e4ttlappar i en l\u00e5da (en matl\u00e5da i glas till exempel) och h\u00e4ll \u00f6ver vattnet. N\u00e4r tv\u00e4ttlapparna har sugit upp v\u00e4tskan kan du h\u00e4lla av den \u00f6verblivna v\u00e4tskan. F\u00f6rvaras med lock! Perfekt!<\/p>\n<p>Om du \u00e4r p\u00e5 vift funkar det bra att f\u00f6rvara tv\u00e4ttlapparna eller dina f\u00f6rgjorda v\u00e5tservetter i en av v\u00e5ra <a href=\"https:\/\/greenpoppy.se\/en\/product\/pul-pase-liten\/\">l<\/a> eller \u00e4nnu b\u00e4ttre &#8211; <a href=\"https:\/\/greenpoppy.se\/en\/product\/pul-pase-midi\/\">pul-p\u00e5se midi<\/a>.<\/p>\n<p>Green Poppy \u00e4r samarbetspartner med <a href=\"https:\/\/blojupproret.se\">Bl\u00f6jupproret<\/a>.<\/p>","protected":false},"excerpt":{"rendered":"<p>Mjuka tv\u00e4ttlappar i dubbla lager av bambufrott\u00e9. Anv\u00e4nds vid bl\u00f6jbyten eller f\u00f6r att tv\u00e4tta din bebis &#8211; kan ers\u00e4tta v\u00e5tservetter. \u00c4r 20 x 20 cm.<\/p>\n<p>Tv\u00e4ttlapparna s\u00e4ljes styckvis men vid k\u00f6p av 5 stycken f\u00e5r du 10% rabatt och vid k\u00f6p av 10 stycken f\u00e5r du 15% rabatt. Rabatten dras av i varukorgen.<\/p>\n<p><a href=\"https:\/\/greenpoppy.se\/en\/product\/tvattlappar\/\">Klicka h\u00e4r f\u00f6r att k\u00f6pa 1-pack<\/a>.<\/p>\n<p><a href=\"https:\/\/greenpoppy.se\/en\/product\/tvattlappar-i-bambufrotte-5-pack\/\">Klicka h\u00e4r f\u00f6r att k\u00f6pa 5-pack<\/a>.<\/p>","protected":false},"featured_media":4789,"comment_status":"open","ping_status":"closed","template":"","meta":[],"product_brand":[],"product_cat":[103],"product_tag":[],"class_list":{"0":"post-5676","1":"product","2":"type-product","3":"status-publish","4":"has-post-thumbnail","6":"product_cat-inlagg-och-tvattlappar","8":"first","9":"instock","10":"featured","11":"taxable","12":"shipping-taxable","13":"purchasable","14":"product-type-bundle"},"bundled_by":[],"bundle_stock_status":"instock","bundle_stock_quantity":18,"bundle_virtual":false,"bundle_layout":"default","bundle_add_to_cart_form_location":"default","bundle_editable_in_cart":false,"bundle_sold_individually_context":"product","bundle_item_grouping":"parent","bundle_min_size":"","bundle_max_size":"","bundle_price":{"price":{"min":{"incl_tax":"249","excl_tax":"199.2"},"max":{"incl_tax":"249","excl_tax":"199.2"}},"regular_price":{"min":{"incl_tax":"249","excl_tax":"199.2"},"max":{"incl_tax":"249","excl_tax":"199.2"}}},"bundled_items":[{"bundled_item_id":216,"product_id":831,"menu_order":0,"quantity_min":10,"quantity_max":10,"quantity_default":10,"priced_individually":false,"shipped_individually":false,"override_title":false,"title":"Round bamboo terry wipes","override_description":true,"description":"","optional":false,"hide_thumbnail":false,"discount":"","override_variations":false,"allowed_variations":[],"override_default_variation_attributes":false,"default_variation_attributes":[],"single_product_visibility":"visible","cart_visibility":"visible","order_visibility":"visible","single_product_price_visibility":"visible","cart_price_visibility":"visible","order_price_visibility":"visible","stock_status":"in_stock"}],"bundle_sell_ids":[],"yoast_head":"<!-- This site is optimized with the Yoast SEO plugin v27.4 - https:\/\/yoast.com\/product\/yoast-seo-wordpress\/ -->\n<title>Tv\u00e4ttlappar i bambufrott\u00e9 10-pack - Green Poppy<\/title>\n<meta name=\"description\" content=\"Green Poppys tv\u00e4ttlappar \u00e4r m\u00e5ngsidiga! Perfekta f\u00f6r bl\u00f6jbyten och allt d\u00e4remellan. Mjuka, h\u00e5llbara och kostnadseffektiva.\" \/>\n<meta name=\"robots\" content=\"index, follow, max-snippet:-1, max-image-preview:large, max-video-preview:-1\" \/>\n<link rel=\"canonical\" href=\"https:\/\/greenpoppy.se\/en\/product\/tvattlappar-i-bambufrotte-10-pack\/\" \/>\n<meta property=\"og:locale\" content=\"en_GB\" \/>\n<meta property=\"og:type\" content=\"article\" \/>\n<meta property=\"og:title\" content=\"Tv\u00e4ttlappar i bambufrott\u00e9 10-pack - Green Poppy\" \/>\n<meta property=\"og:description\" content=\"Green Poppys tv\u00e4ttlappar \u00e4r m\u00e5ngsidiga! Perfekta f\u00f6r bl\u00f6jbyten och allt d\u00e4remellan. Mjuka, h\u00e5llbara och kostnadseffektiva.\" \/>\n<meta property=\"og:url\" content=\"https:\/\/greenpoppy.se\/en\/product\/tvattlappar-i-bambufrotte-10-pack\/\" \/>\n<meta property=\"og:site_name\" content=\"Green Poppy\" \/>\n<meta property=\"article:publisher\" content=\"https:\/\/www.facebook.com\/profile.php?id=61554367862205\" \/>\n<meta property=\"article:modified_time\" content=\"2026-02-20T13:34:07+00:00\" \/>\n<meta property=\"og:image\" content=\"https:\/\/greenpoppy.se\/wp-content\/uploads\/2025\/04\/22-6.png\" \/>\n\t<meta property=\"og:image:width\" content=\"1500\" \/>\n\t<meta property=\"og:image:height\" content=\"1500\" \/>\n\t<meta property=\"og:image:type\" content=\"image\/png\" \/>\n<meta name=\"twitter:card\" content=\"summary_large_image\" \/>\n<meta name=\"twitter:label1\" content=\"Estimated reading time\" \/>\n\t<meta name=\"twitter:data1\" content=\"3 minutes\" \/>\n<script type=\"application\/ld+json\" class=\"yoast-schema-graph\">{\"@context\":\"https:\\\/\\\/schema.org\",\"@graph\":[{\"@type\":\"WebPage\",\"@id\":\"https:\\\/\\\/greenpoppy.se\\\/produkt\\\/tvattlappar-i-bambufrotte-10-pack\\\/\",\"url\":\"https:\\\/\\\/greenpoppy.se\\\/produkt\\\/tvattlappar-i-bambufrotte-10-pack\\\/\",\"name\":\"Tv\u00e4ttlappar i bambufrott\u00e9 10-pack - Green Poppy\",\"isPartOf\":{\"@id\":\"https:\\\/\\\/greenpoppy.se\\\/en\\\/#website\"},\"primaryImageOfPage\":{\"@id\":\"https:\\\/\\\/greenpoppy.se\\\/produkt\\\/tvattlappar-i-bambufrotte-10-pack\\\/#primaryimage\"},\"image\":{\"@id\":\"https:\\\/\\\/greenpoppy.se\\\/produkt\\\/tvattlappar-i-bambufrotte-10-pack\\\/#primaryimage\"},\"thumbnailUrl\":\"https:\\\/\\\/greenpoppy.se\\\/wp-content\\\/uploads\\\/2025\\\/04\\\/22-6.png\",\"datePublished\":\"2025-09-23T19:15:51+00:00\",\"dateModified\":\"2026-02-20T13:34:07+00:00\",\"description\":\"Green Poppys tv\u00e4ttlappar \u00e4r m\u00e5ngsidiga! Perfekta f\u00f6r bl\u00f6jbyten och allt d\u00e4remellan. Mjuka, h\u00e5llbara och kostnadseffektiva.\",\"breadcrumb\":{\"@id\":\"https:\\\/\\\/greenpoppy.se\\\/produkt\\\/tvattlappar-i-bambufrotte-10-pack\\\/#breadcrumb\"},\"inLanguage\":\"en-GB\",\"potentialAction\":[{\"@type\":\"ReadAction\",\"target\":[\"https:\\\/\\\/greenpoppy.se\\\/produkt\\\/tvattlappar-i-bambufrotte-10-pack\\\/\"]}]},{\"@type\":\"ImageObject\",\"inLanguage\":\"en-GB\",\"@id\":\"https:\\\/\\\/greenpoppy.se\\\/produkt\\\/tvattlappar-i-bambufrotte-10-pack\\\/#primaryimage\",\"url\":\"https:\\\/\\\/greenpoppy.se\\\/wp-content\\\/uploads\\\/2025\\\/04\\\/22-6.png\",\"contentUrl\":\"https:\\\/\\\/greenpoppy.se\\\/wp-content\\\/uploads\\\/2025\\\/04\\\/22-6.png\",\"width\":1500,\"height\":1500},{\"@type\":\"BreadcrumbList\",\"@id\":\"https:\\\/\\\/greenpoppy.se\\\/produkt\\\/tvattlappar-i-bambufrotte-10-pack\\\/#breadcrumb\",\"itemListElement\":[{\"@type\":\"ListItem\",\"position\":1,\"name\":\"Hem\",\"item\":\"https:\\\/\\\/greenpoppy.se\\\/\"},{\"@type\":\"ListItem\",\"position\":2,\"name\":\"Butik\",\"item\":\"https:\\\/\\\/greenpoppy.se\\\/butik\\\/\"},{\"@type\":\"ListItem\",\"position\":3,\"name\":\"Tv\u00e4ttlappar i bambufrott\u00e9 10-pack\"}]},{\"@type\":\"WebSite\",\"@id\":\"https:\\\/\\\/greenpoppy.se\\\/en\\\/#website\",\"url\":\"https:\\\/\\\/greenpoppy.se\\\/en\\\/\",\"name\":\"Green Poppy\",\"description\":\"H\u00e5llbara och \u00e5teranv\u00e4ndbara tygbl\u00f6jor\",\"publisher\":{\"@id\":\"https:\\\/\\\/greenpoppy.se\\\/en\\\/#organization\"},\"potentialAction\":[{\"@type\":\"SearchAction\",\"target\":{\"@type\":\"EntryPoint\",\"urlTemplate\":\"https:\\\/\\\/greenpoppy.se\\\/en\\\/?s={search_term_string}\"},\"query-input\":{\"@type\":\"PropertyValueSpecification\",\"valueRequired\":true,\"valueName\":\"search_term_string\"}}],\"inLanguage\":\"en-GB\"},{\"@type\":\"Organization\",\"@id\":\"https:\\\/\\\/greenpoppy.se\\\/en\\\/#organization\",\"name\":\"Green Poppy\",\"url\":\"https:\\\/\\\/greenpoppy.se\\\/en\\\/\",\"logo\":{\"@type\":\"ImageObject\",\"inLanguage\":\"en-GB\",\"@id\":\"https:\\\/\\\/greenpoppy.se\\\/en\\\/#\\\/schema\\\/logo\\\/image\\\/\",\"url\":\"https:\\\/\\\/greenpoppy.se\\\/wp-content\\\/uploads\\\/2025\\\/01\\\/Logga_Officiell.svg\",\"contentUrl\":\"https:\\\/\\\/greenpoppy.se\\\/wp-content\\\/uploads\\\/2025\\\/01\\\/Logga_Officiell.svg\",\"width\":1,\"height\":1,\"caption\":\"Green Poppy\"},\"image\":{\"@id\":\"https:\\\/\\\/greenpoppy.se\\\/en\\\/#\\\/schema\\\/logo\\\/image\\\/\"},\"sameAs\":[\"https:\\\/\\\/www.facebook.com\\\/profile.php?id=61554367862205\",\"https:\\\/\\\/www.instagram.com\\\/greenpoppy.se\\\/\"]}]}<\/script>\n<!-- \/ Yoast SEO plugin. -->","yoast_head_json":{"title":"Tv\u00e4ttlappar i bambufrott\u00e9 10-pack - Green Poppy","description":"Green Poppys tv\u00e4ttlappar \u00e4r m\u00e5ngsidiga! Perfekta f\u00f6r bl\u00f6jbyten och allt d\u00e4remellan. Mjuka, h\u00e5llbara och kostnadseffektiva.","robots":{"index":"index","follow":"follow","max-snippet":"max-snippet:-1","max-image-preview":"max-image-preview:large","max-video-preview":"max-video-preview:-1"},"canonical":"https:\/\/greenpoppy.se\/en\/product\/tvattlappar-i-bambufrotte-10-pack\/","og_locale":"en_GB","og_type":"article","og_title":"Tv\u00e4ttlappar i bambufrott\u00e9 10-pack - Green Poppy","og_description":"Green Poppys tv\u00e4ttlappar \u00e4r m\u00e5ngsidiga! Perfekta f\u00f6r bl\u00f6jbyten och allt d\u00e4remellan. Mjuka, h\u00e5llbara och kostnadseffektiva.","og_url":"https:\/\/greenpoppy.se\/en\/product\/tvattlappar-i-bambufrotte-10-pack\/","og_site_name":"Green Poppy","article_publisher":"https:\/\/www.facebook.com\/profile.php?id=61554367862205","article_modified_time":"2026-02-20T13:34:07+00:00","og_image":[{"width":1500,"height":1500,"url":"https:\/\/greenpoppy.se\/wp-content\/uploads\/2025\/04\/22-6.png","type":"image\/png"}],"twitter_card":"summary_large_image","twitter_misc":{"Estimated reading time":"3 minutes"},"schema":{"@context":"https:\/\/schema.org","@graph":[{"@type":"WebPage","@id":"https:\/\/greenpoppy.se\/produkt\/tvattlappar-i-bambufrotte-10-pack\/","url":"https:\/\/greenpoppy.se\/produkt\/tvattlappar-i-bambufrotte-10-pack\/","name":"Tv\u00e4ttlappar i bambufrott\u00e9 10-pack - Green Poppy","isPartOf":{"@id":"https:\/\/greenpoppy.se\/en\/#website"},"primaryImageOfPage":{"@id":"https:\/\/greenpoppy.se\/produkt\/tvattlappar-i-bambufrotte-10-pack\/#primaryimage"},"image":{"@id":"https:\/\/greenpoppy.se\/produkt\/tvattlappar-i-bambufrotte-10-pack\/#primaryimage"},"thumbnailUrl":"https:\/\/greenpoppy.se\/wp-content\/uploads\/2025\/04\/22-6.png","datePublished":"2025-09-23T19:15:51+00:00","dateModified":"2026-02-20T13:34:07+00:00","description":"Green Poppys tv\u00e4ttlappar \u00e4r m\u00e5ngsidiga! Perfekta f\u00f6r bl\u00f6jbyten och allt d\u00e4remellan. Mjuka, h\u00e5llbara och kostnadseffektiva.","breadcrumb":{"@id":"https:\/\/greenpoppy.se\/produkt\/tvattlappar-i-bambufrotte-10-pack\/#breadcrumb"},"inLanguage":"en-GB","potentialAction":[{"@type":"ReadAction","target":["https:\/\/greenpoppy.se\/produkt\/tvattlappar-i-bambufrotte-10-pack\/"]}]},{"@type":"ImageObject","inLanguage":"en-GB","@id":"https:\/\/greenpoppy.se\/produkt\/tvattlappar-i-bambufrotte-10-pack\/#primaryimage","url":"https:\/\/greenpoppy.se\/wp-content\/uploads\/2025\/04\/22-6.png","contentUrl":"https:\/\/greenpoppy.se\/wp-content\/uploads\/2025\/04\/22-6.png","width":1500,"height":1500},{"@type":"BreadcrumbList","@id":"https:\/\/greenpoppy.se\/produkt\/tvattlappar-i-bambufrotte-10-pack\/#breadcrumb","itemListElement":[{"@type":"ListItem","position":1,"name":"Hem","item":"https:\/\/greenpoppy.se\/"},{"@type":"ListItem","position":2,"name":"Butik","item":"https:\/\/greenpoppy.se\/butik\/"},{"@type":"ListItem","position":3,"name":"Tv\u00e4ttlappar i bambufrott\u00e9 10-pack"}]},{"@type":"WebSite","@id":"https:\/\/greenpoppy.se\/en\/#website","url":"https:\/\/greenpoppy.se\/en\/","name":"Green Poppy","description":"H\u00e5llbara och \u00e5teranv\u00e4ndbara tygbl\u00f6jor","publisher":{"@id":"https:\/\/greenpoppy.se\/en\/#organization"},"potentialAction":[{"@type":"SearchAction","target":{"@type":"EntryPoint","urlTemplate":"https:\/\/greenpoppy.se\/en\/?s={search_term_string}"},"query-input":{"@type":"PropertyValueSpecification","valueRequired":true,"valueName":"search_term_string"}}],"inLanguage":"en-GB"},{"@type":"Organization","@id":"https:\/\/greenpoppy.se\/en\/#organization","name":"Green Poppy","url":"https:\/\/greenpoppy.se\/en\/","logo":{"@type":"ImageObject","inLanguage":"en-GB","@id":"https:\/\/greenpoppy.se\/en\/#\/schema\/logo\/image\/","url":"https:\/\/greenpoppy.se\/wp-content\/uploads\/2025\/01\/Logga_Officiell.svg","contentUrl":"https:\/\/greenpoppy.se\/wp-content\/uploads\/2025\/01\/Logga_Officiell.svg","width":1,"height":1,"caption":"Green Poppy"},"image":{"@id":"https:\/\/greenpoppy.se\/en\/#\/schema\/logo\/image\/"},"sameAs":["https:\/\/www.facebook.com\/profile.php?id=61554367862205","https:\/\/www.instagram.com\/greenpoppy.se\/"]}]}},"_links":{"self":[{"href":"https:\/\/greenpoppy.se\/en\/wp-json\/wp\/v2\/product\/5676","targetHints":{"allow":["GET"]}}],"collection":[{"href":"https:\/\/greenpoppy.se\/en\/wp-json\/wp\/v2\/product"}],"about":[{"href":"https:\/\/greenpoppy.se\/en\/wp-json\/wp\/v2\/types\/product"}],"replies":[{"embeddable":true,"href":"https:\/\/greenpoppy.se\/en\/wp-json\/wp\/v2\/comments?post=5676"}],"wp:featuredmedia":[{"embeddable":true,"href":"https:\/\/greenpoppy.se\/en\/wp-json\/wp\/v2\/media\/4789"}],"wp:attachment":[{"href":"https:\/\/greenpoppy.se\/en\/wp-json\/wp\/v2\/media?parent=5676"}],"wp:term":[{"taxonomy":"product_brand","embeddable":true,"href":"https:\/\/greenpoppy.se\/en\/wp-json\/wp\/v2\/product_brand?post=5676"},{"taxonomy":"product_cat","embeddable":true,"href":"https:\/\/greenpoppy.se\/en\/wp-json\/wp\/v2\/product_cat?post=5676"},{"taxonomy":"product_tag","embeddable":true,"href":"https:\/\/greenpoppy.se\/en\/wp-json\/wp\/v2\/product_tag?post=5676"}],"curies":[{"name":"wp","href":"https:\/\/api.w.org\/{rel}","templated":true}]}}