{"id":5862,"date":"2025-10-03T12:23:41","date_gmt":"2025-10-03T10:23:41","guid":{"rendered":"https:\/\/greenpoppy.se\/?post_type=product&#038;p=5862"},"modified":"2026-03-18T17:35:21","modified_gmt":"2026-03-18T16:35:21","slug":"ai2-med-prefoldinlagg","status":"publish","type":"product","link":"https:\/\/greenpoppy.se\/en\/product\/ai2-med-prefoldinlagg\/","title":{"rendered":"AI2 with prefold"},"content":{"rendered":"<h2 data-start=\"0\" data-end=\"87\">All in Two (AI2) \u2013 Complete diaper system with PUL cover and bamboo terry prefold<\/h2>\n<p data-start=\"78\" data-end=\"523\">Green Poppy\u2019s All in Two (AI2) is a simple and flexible diaper system that combines convenience, functionality, and sustainability. The system consists of our soft diaper cover and a bamboo terry prefold insert. You fold the prefold into thirds to create a long insert, then place it inside the cover under the pul flaps at the front and back. This keeps the insert securely in place without snaps, allowing you to replace the insert and reuse the same cover multiple times throughout the day.<\/p>\n<h3 data-start=\"525\" data-end=\"564\">Diaper cover - the waterproof cover<\/h3>\n<p data-start=\"565\" data-end=\"851\">Our diaper cover is one size and fits babies from approximately 4\u201316 kg. With adjustable snaps on the front, you can easily customize the rise and width for a great fit. Elastic at the back and around the legs provides reliable leak protection, and the soft, stretchy tabs make the diaper comfortable for your baby.<\/p>\n<p data-start=\"853\" data-end=\"955\">On the inside, there are PUL panels at the front and back that keep the prefold in place, even when your baby is moving.<\/p>\n<p data-start=\"853\" data-end=\"955\"><a href=\"https:\/\/greenpoppy.se\/en\/product\/pul-skal-one-size\/\">Read more about the cover<\/a>.<\/p>\n<h3 data-start=\"957\" data-end=\"1002\">Prefold - soft and absorbent<\/h3>\n<p data-start=\"1003\" data-end=\"1213\">The prefold is made from 4 layers of bamboo terry, a material that is both gentle on the skin and highly absorbent. By folding the insert into thirds, you create a long, stable solution that fits perfectly in the cover. Each third contains 4 layers of bamboo terry, giving you a total of 12 layers when the prefold is folded into a long insert.<\/p>\n<p data-start=\"1215\" data-end=\"1376\">If you want to increase absorbency, you can add an extra insert, for example in hemp. For a stay dry feel against the skin, you can place a separate stay dry liner on top.<\/p>\n<p data-start=\"1378\" data-end=\"1606\">The prefold needs 3\u20135 washes to reach its full absorbency. You can wash it at 60\u00b0C and then hang it to dry, but it can also be tumble dried if needed. If the edges become uneven after tumble drying, they can easily be reshaped.<\/p>\n<p data-start=\"1378\" data-end=\"1606\"><a href=\"https:\/\/greenpoppy.se\/en\/product\/prefold\/\">You can read more about the bamboo terry prefold here.<\/a>.<\/p>\n<h3 data-start=\"1608\" data-end=\"1641\">Hoe to use the AI2 system:<\/h3>\n<ol data-start=\"1642\" data-end=\"2044\">\n<li data-start=\"1642\" data-end=\"1733\">\n<p data-start=\"1645\" data-end=\"1733\">Fold the prefold into thirds and place it in the diaper cover under the front and back panels.<\/p>\n<\/li>\n<li data-start=\"1734\" data-end=\"1873\">\n<p data-start=\"1737\" data-end=\"1873\">At diaper changes, you simply replace the used insert with a new one. You can reuse the cover until it feels soiled or becomes dirty.<\/p>\n<\/li>\n<li data-start=\"1874\" data-end=\"1966\">\n<p data-start=\"1877\" data-end=\"1966\">Add extra inserts or a stay dry liner as needed for more absorbency or increased comfort.<\/p>\n<\/li>\n<\/ol>\n<p data-start=\"2046\" data-end=\"2216\">Green Poppy\u2019s All in Two is a smart, simple, and eco friendly solution for everyday use, perfect for those who want a diaper system that adapts to the needs of your family.<\/p>\n<h3 data-start=\"2046\" data-end=\"2216\">The difference between AI2 and SIO?<\/h3>\n<p data-start=\"2046\" data-end=\"2216\">Both All in Two and Snap In One use Green Poppy\u2019s PUL cover, so it\u2019s exactly the same cover. The difference is that with SIO, the inserts are <em>snapped<\/em> into the cover using a button, while with AI2, the insert lies loose under the PUL panels in the cover.<\/p>\n<p data-start=\"2046\" data-end=\"2216\">Green Poppy is collaborating with <a href=\"https:\/\/blojupproret.se\">Bl\u00f6jupproret<\/a>.<\/p>","protected":false},"excerpt":{"rendered":"<p>A flexible and eco friendly diaper where you change the insert, not the cover \u2013 simple, comfortable, and smart. All in Two, for those who want the most convenient system.<\/p>","protected":false},"featured_media":5871,"comment_status":"open","ping_status":"closed","template":"","meta":[],"product_brand":[],"product_cat":[286],"product_tag":[],"class_list":{"0":"post-5862","1":"product","2":"type-product","3":"status-publish","4":"has-post-thumbnail","6":"product_cat-snap-in-one-all-in-two","8":"first","9":"instock","10":"taxable","11":"shipping-taxable","12":"purchasable","13":"product-type-bundle"},"bundled_by":[],"bundle_stock_status":"instock","bundle_stock_quantity":32,"bundle_virtual":false,"bundle_layout":"default","bundle_add_to_cart_form_location":"default","bundle_editable_in_cart":false,"bundle_sold_individually_context":"product","bundle_item_grouping":"parent","bundle_min_size":"","bundle_max_size":"","bundle_price":{"price":{"min":{"incl_tax":"259","excl_tax":"207.2"},"max":{"incl_tax":"259","excl_tax":"207.2"}},"regular_price":{"min":{"incl_tax":"259","excl_tax":"207.2"},"max":{"incl_tax":"259","excl_tax":"207.2"}}},"bundled_items":[{"bundled_item_id":217,"product_id":3113,"menu_order":0,"quantity_min":1,"quantity_max":1,"quantity_default":1,"priced_individually":false,"shipped_individually":false,"override_title":false,"title":"Diaper Cover One Size","override_description":true,"description":"","optional":false,"hide_thumbnail":false,"discount":"","override_variations":false,"allowed_variations":[],"override_default_variation_attributes":false,"default_variation_attributes":[],"single_product_visibility":"visible","cart_visibility":"visible","order_visibility":"visible","single_product_price_visibility":"visible","cart_price_visibility":"visible","order_price_visibility":"visible","stock_status":"in_stock"},{"bundled_item_id":219,"product_id":4670,"menu_order":1,"quantity_min":1,"quantity_max":1,"quantity_default":1,"priced_individually":false,"shipped_individually":false,"override_title":false,"title":"Prefold","override_description":true,"description":"","optional":false,"hide_thumbnail":false,"discount":"","override_variations":false,"allowed_variations":[],"override_default_variation_attributes":false,"default_variation_attributes":[],"single_product_visibility":"visible","cart_visibility":"visible","order_visibility":"visible","single_product_price_visibility":"visible","cart_price_visibility":"visible","order_price_visibility":"visible","stock_status":"in_stock"}],"bundle_sell_ids":[],"yoast_head":"<!-- This site is optimized with the Yoast SEO plugin v27.4 - https:\/\/yoast.com\/product\/yoast-seo-wordpress\/ -->\n<title>AI2 med prefoldinl\u00e4gg - Green Poppy<\/title>\n<meta name=\"description\" content=\"Ett AI2 - all-in-two system som best\u00e5r av ett skal och ett l\u00f6st inl\u00e4gg i bambufrott\u00e9. Byt ut inl\u00e4gget vid bl\u00f6jbytet och \u00e5teranv\u00e4nd skalet.\" \/>\n<meta name=\"robots\" content=\"index, follow, max-snippet:-1, max-image-preview:large, max-video-preview:-1\" \/>\n<link rel=\"canonical\" href=\"https:\/\/greenpoppy.se\/en\/product\/ai2-med-prefoldinlagg\/\" \/>\n<meta property=\"og:locale\" content=\"en_GB\" \/>\n<meta property=\"og:type\" content=\"article\" \/>\n<meta property=\"og:title\" content=\"AI2 med prefoldinl\u00e4gg - Green Poppy\" \/>\n<meta property=\"og:description\" content=\"Ett AI2 - all-in-two system som best\u00e5r av ett skal och ett l\u00f6st inl\u00e4gg i bambufrott\u00e9. Byt ut inl\u00e4gget vid bl\u00f6jbytet och \u00e5teranv\u00e4nd skalet.\" \/>\n<meta property=\"og:url\" content=\"https:\/\/greenpoppy.se\/en\/product\/ai2-med-prefoldinlagg\/\" \/>\n<meta property=\"og:site_name\" content=\"Green Poppy\" \/>\n<meta property=\"article:publisher\" content=\"https:\/\/www.facebook.com\/profile.php?id=61554367862205\" \/>\n<meta property=\"article:modified_time\" content=\"2026-03-18T16:35:21+00:00\" \/>\n<meta property=\"og:image\" content=\"https:\/\/greenpoppy.se\/wp-content\/uploads\/2025\/10\/AI2-prefold.png\" \/>\n\t<meta property=\"og:image:width\" content=\"1200\" \/>\n\t<meta property=\"og:image:height\" content=\"1200\" \/>\n\t<meta property=\"og:image:type\" content=\"image\/png\" \/>\n<meta name=\"twitter:card\" content=\"summary_large_image\" \/>\n<meta name=\"twitter:label1\" content=\"Estimated reading time\" \/>\n\t<meta name=\"twitter:data1\" content=\"3 minutes\" \/>\n<script type=\"application\/ld+json\" class=\"yoast-schema-graph\">{\"@context\":\"https:\\\/\\\/schema.org\",\"@graph\":[{\"@type\":\"WebPage\",\"@id\":\"https:\\\/\\\/greenpoppy.se\\\/produkt\\\/ai2-med-prefoldinlagg\\\/\",\"url\":\"https:\\\/\\\/greenpoppy.se\\\/produkt\\\/ai2-med-prefoldinlagg\\\/\",\"name\":\"AI2 med prefoldinl\u00e4gg - Green Poppy\",\"isPartOf\":{\"@id\":\"https:\\\/\\\/greenpoppy.se\\\/en\\\/#website\"},\"primaryImageOfPage\":{\"@id\":\"https:\\\/\\\/greenpoppy.se\\\/produkt\\\/ai2-med-prefoldinlagg\\\/#primaryimage\"},\"image\":{\"@id\":\"https:\\\/\\\/greenpoppy.se\\\/produkt\\\/ai2-med-prefoldinlagg\\\/#primaryimage\"},\"thumbnailUrl\":\"https:\\\/\\\/greenpoppy.se\\\/wp-content\\\/uploads\\\/2025\\\/10\\\/AI2-prefold.png\",\"datePublished\":\"2025-10-03T10:23:41+00:00\",\"dateModified\":\"2026-03-18T16:35:21+00:00\",\"description\":\"Ett AI2 - all-in-two system som best\u00e5r av ett skal och ett l\u00f6st inl\u00e4gg i bambufrott\u00e9. Byt ut inl\u00e4gget vid bl\u00f6jbytet och \u00e5teranv\u00e4nd skalet.\",\"breadcrumb\":{\"@id\":\"https:\\\/\\\/greenpoppy.se\\\/produkt\\\/ai2-med-prefoldinlagg\\\/#breadcrumb\"},\"inLanguage\":\"en-GB\",\"potentialAction\":[{\"@type\":\"ReadAction\",\"target\":[\"https:\\\/\\\/greenpoppy.se\\\/produkt\\\/ai2-med-prefoldinlagg\\\/\"]}]},{\"@type\":\"ImageObject\",\"inLanguage\":\"en-GB\",\"@id\":\"https:\\\/\\\/greenpoppy.se\\\/produkt\\\/ai2-med-prefoldinlagg\\\/#primaryimage\",\"url\":\"https:\\\/\\\/greenpoppy.se\\\/wp-content\\\/uploads\\\/2025\\\/10\\\/AI2-prefold.png\",\"contentUrl\":\"https:\\\/\\\/greenpoppy.se\\\/wp-content\\\/uploads\\\/2025\\\/10\\\/AI2-prefold.png\",\"width\":1200,\"height\":1200,\"caption\":\"all in two 2 refold bambu bambufrott\u00e9 tygbl\u00f6jor tygbl\u00f6ja h\u00e5llbar\"},{\"@type\":\"BreadcrumbList\",\"@id\":\"https:\\\/\\\/greenpoppy.se\\\/produkt\\\/ai2-med-prefoldinlagg\\\/#breadcrumb\",\"itemListElement\":[{\"@type\":\"ListItem\",\"position\":1,\"name\":\"Hem\",\"item\":\"https:\\\/\\\/greenpoppy.se\\\/\"},{\"@type\":\"ListItem\",\"position\":2,\"name\":\"Butik\",\"item\":\"https:\\\/\\\/greenpoppy.se\\\/butik\\\/\"},{\"@type\":\"ListItem\",\"position\":3,\"name\":\"AI2 med prefoldinl\u00e4gg\"}]},{\"@type\":\"WebSite\",\"@id\":\"https:\\\/\\\/greenpoppy.se\\\/en\\\/#website\",\"url\":\"https:\\\/\\\/greenpoppy.se\\\/en\\\/\",\"name\":\"Green Poppy\",\"description\":\"H\u00e5llbara och \u00e5teranv\u00e4ndbara tygbl\u00f6jor\",\"publisher\":{\"@id\":\"https:\\\/\\\/greenpoppy.se\\\/en\\\/#organization\"},\"potentialAction\":[{\"@type\":\"SearchAction\",\"target\":{\"@type\":\"EntryPoint\",\"urlTemplate\":\"https:\\\/\\\/greenpoppy.se\\\/en\\\/?s={search_term_string}\"},\"query-input\":{\"@type\":\"PropertyValueSpecification\",\"valueRequired\":true,\"valueName\":\"search_term_string\"}}],\"inLanguage\":\"en-GB\"},{\"@type\":\"Organization\",\"@id\":\"https:\\\/\\\/greenpoppy.se\\\/en\\\/#organization\",\"name\":\"Green Poppy\",\"url\":\"https:\\\/\\\/greenpoppy.se\\\/en\\\/\",\"logo\":{\"@type\":\"ImageObject\",\"inLanguage\":\"en-GB\",\"@id\":\"https:\\\/\\\/greenpoppy.se\\\/en\\\/#\\\/schema\\\/logo\\\/image\\\/\",\"url\":\"https:\\\/\\\/greenpoppy.se\\\/wp-content\\\/uploads\\\/2025\\\/01\\\/Logga_Officiell.svg\",\"contentUrl\":\"https:\\\/\\\/greenpoppy.se\\\/wp-content\\\/uploads\\\/2025\\\/01\\\/Logga_Officiell.svg\",\"width\":1,\"height\":1,\"caption\":\"Green Poppy\"},\"image\":{\"@id\":\"https:\\\/\\\/greenpoppy.se\\\/en\\\/#\\\/schema\\\/logo\\\/image\\\/\"},\"sameAs\":[\"https:\\\/\\\/www.facebook.com\\\/profile.php?id=61554367862205\",\"https:\\\/\\\/www.instagram.com\\\/greenpoppy.se\\\/\"]}]}<\/script>\n<!-- \/ Yoast SEO plugin. -->","yoast_head_json":{"title":"AI2 med prefoldinl\u00e4gg - Green Poppy","description":"Ett AI2 - all-in-two system som best\u00e5r av ett skal och ett l\u00f6st inl\u00e4gg i bambufrott\u00e9. Byt ut inl\u00e4gget vid bl\u00f6jbytet och \u00e5teranv\u00e4nd skalet.","robots":{"index":"index","follow":"follow","max-snippet":"max-snippet:-1","max-image-preview":"max-image-preview:large","max-video-preview":"max-video-preview:-1"},"canonical":"https:\/\/greenpoppy.se\/en\/product\/ai2-med-prefoldinlagg\/","og_locale":"en_GB","og_type":"article","og_title":"AI2 med prefoldinl\u00e4gg - Green Poppy","og_description":"Ett AI2 - all-in-two system som best\u00e5r av ett skal och ett l\u00f6st inl\u00e4gg i bambufrott\u00e9. Byt ut inl\u00e4gget vid bl\u00f6jbytet och \u00e5teranv\u00e4nd skalet.","og_url":"https:\/\/greenpoppy.se\/en\/product\/ai2-med-prefoldinlagg\/","og_site_name":"Green Poppy","article_publisher":"https:\/\/www.facebook.com\/profile.php?id=61554367862205","article_modified_time":"2026-03-18T16:35:21+00:00","og_image":[{"width":1200,"height":1200,"url":"https:\/\/greenpoppy.se\/wp-content\/uploads\/2025\/10\/AI2-prefold.png","type":"image\/png"}],"twitter_card":"summary_large_image","twitter_misc":{"Estimated reading time":"3 minutes"},"schema":{"@context":"https:\/\/schema.org","@graph":[{"@type":"WebPage","@id":"https:\/\/greenpoppy.se\/produkt\/ai2-med-prefoldinlagg\/","url":"https:\/\/greenpoppy.se\/produkt\/ai2-med-prefoldinlagg\/","name":"AI2 med prefoldinl\u00e4gg - Green Poppy","isPartOf":{"@id":"https:\/\/greenpoppy.se\/en\/#website"},"primaryImageOfPage":{"@id":"https:\/\/greenpoppy.se\/produkt\/ai2-med-prefoldinlagg\/#primaryimage"},"image":{"@id":"https:\/\/greenpoppy.se\/produkt\/ai2-med-prefoldinlagg\/#primaryimage"},"thumbnailUrl":"https:\/\/greenpoppy.se\/wp-content\/uploads\/2025\/10\/AI2-prefold.png","datePublished":"2025-10-03T10:23:41+00:00","dateModified":"2026-03-18T16:35:21+00:00","description":"Ett AI2 - all-in-two system som best\u00e5r av ett skal och ett l\u00f6st inl\u00e4gg i bambufrott\u00e9. Byt ut inl\u00e4gget vid bl\u00f6jbytet och \u00e5teranv\u00e4nd skalet.","breadcrumb":{"@id":"https:\/\/greenpoppy.se\/produkt\/ai2-med-prefoldinlagg\/#breadcrumb"},"inLanguage":"en-GB","potentialAction":[{"@type":"ReadAction","target":["https:\/\/greenpoppy.se\/produkt\/ai2-med-prefoldinlagg\/"]}]},{"@type":"ImageObject","inLanguage":"en-GB","@id":"https:\/\/greenpoppy.se\/produkt\/ai2-med-prefoldinlagg\/#primaryimage","url":"https:\/\/greenpoppy.se\/wp-content\/uploads\/2025\/10\/AI2-prefold.png","contentUrl":"https:\/\/greenpoppy.se\/wp-content\/uploads\/2025\/10\/AI2-prefold.png","width":1200,"height":1200,"caption":"all in two 2 refold bambu bambufrott\u00e9 tygbl\u00f6jor tygbl\u00f6ja h\u00e5llbar"},{"@type":"BreadcrumbList","@id":"https:\/\/greenpoppy.se\/produkt\/ai2-med-prefoldinlagg\/#breadcrumb","itemListElement":[{"@type":"ListItem","position":1,"name":"Hem","item":"https:\/\/greenpoppy.se\/"},{"@type":"ListItem","position":2,"name":"Butik","item":"https:\/\/greenpoppy.se\/butik\/"},{"@type":"ListItem","position":3,"name":"AI2 med prefoldinl\u00e4gg"}]},{"@type":"WebSite","@id":"https:\/\/greenpoppy.se\/en\/#website","url":"https:\/\/greenpoppy.se\/en\/","name":"Green Poppy","description":"H\u00e5llbara och \u00e5teranv\u00e4ndbara tygbl\u00f6jor","publisher":{"@id":"https:\/\/greenpoppy.se\/en\/#organization"},"potentialAction":[{"@type":"SearchAction","target":{"@type":"EntryPoint","urlTemplate":"https:\/\/greenpoppy.se\/en\/?s={search_term_string}"},"query-input":{"@type":"PropertyValueSpecification","valueRequired":true,"valueName":"search_term_string"}}],"inLanguage":"en-GB"},{"@type":"Organization","@id":"https:\/\/greenpoppy.se\/en\/#organization","name":"Green Poppy","url":"https:\/\/greenpoppy.se\/en\/","logo":{"@type":"ImageObject","inLanguage":"en-GB","@id":"https:\/\/greenpoppy.se\/en\/#\/schema\/logo\/image\/","url":"https:\/\/greenpoppy.se\/wp-content\/uploads\/2025\/01\/Logga_Officiell.svg","contentUrl":"https:\/\/greenpoppy.se\/wp-content\/uploads\/2025\/01\/Logga_Officiell.svg","width":1,"height":1,"caption":"Green Poppy"},"image":{"@id":"https:\/\/greenpoppy.se\/en\/#\/schema\/logo\/image\/"},"sameAs":["https:\/\/www.facebook.com\/profile.php?id=61554367862205","https:\/\/www.instagram.com\/greenpoppy.se\/"]}]}},"_links":{"self":[{"href":"https:\/\/greenpoppy.se\/en\/wp-json\/wp\/v2\/product\/5862","targetHints":{"allow":["GET"]}}],"collection":[{"href":"https:\/\/greenpoppy.se\/en\/wp-json\/wp\/v2\/product"}],"about":[{"href":"https:\/\/greenpoppy.se\/en\/wp-json\/wp\/v2\/types\/product"}],"replies":[{"embeddable":true,"href":"https:\/\/greenpoppy.se\/en\/wp-json\/wp\/v2\/comments?post=5862"}],"wp:featuredmedia":[{"embeddable":true,"href":"https:\/\/greenpoppy.se\/en\/wp-json\/wp\/v2\/media\/5871"}],"wp:attachment":[{"href":"https:\/\/greenpoppy.se\/en\/wp-json\/wp\/v2\/media?parent=5862"}],"wp:term":[{"taxonomy":"product_brand","embeddable":true,"href":"https:\/\/greenpoppy.se\/en\/wp-json\/wp\/v2\/product_brand?post=5862"},{"taxonomy":"product_cat","embeddable":true,"href":"https:\/\/greenpoppy.se\/en\/wp-json\/wp\/v2\/product_cat?post=5862"},{"taxonomy":"product_tag","embeddable":true,"href":"https:\/\/greenpoppy.se\/en\/wp-json\/wp\/v2\/product_tag?post=5862"}],"curies":[{"name":"wp","href":"https:\/\/api.w.org\/{rel}","templated":true}]}}