{"id":6046,"date":"2025-12-05T13:58:04","date_gmt":"2025-12-05T12:58:04","guid":{"rendered":"https:\/\/greenpoppy.se\/?post_type=product&#038;p=6046"},"modified":"2026-01-20T06:52:00","modified_gmt":"2026-01-20T05:52:00","slug":"vikbloja-pionrosa-andrasortering","status":"publish","type":"product","link":"https:\/\/greenpoppy.se\/en\/product\/vikbloja-pionrosa-andrasortering\/","title":{"rendered":"Vikbl\u00f6ja Pionrosa &#8211; andrasortering"},"content":{"rendered":"<p>Observera! Detta \u00e4r en vara ur andrasortimentet. Varan har n\u00e5gon typ av defekt, l\u00e4s mer nedan. Andra regel g\u00e4ller f\u00f6r retur och reklamation, l\u00e4s mer om <a href=\"https:\/\/greenpoppy.se\/en\/retur-och-aterbetalningspolicy\/\">detta h\u00e4r<\/a>.<\/p>\n<p><strong>DEFEKT:<\/strong><\/p>\n<p>I ena h\u00f6rnet finns en slitning av vikbl\u00f6jan. M\u00e4ter ungef\u00e4r 2 cm l\u00e5ng. Ej h\u00e5l rakt igenom.<\/p>\n<p class=\"uppercase\"><strong>The Product<\/strong>:<\/p>\n<p>Vikbl\u00f6jor \u00e4r anv\u00e4ndbara till m\u00e5nga olika omr\u00e5den, tex som vikbl\u00f6ja, gosefilt, torktrasa, ja bara fantasin kan s\u00e4tta gr\u00e4nser. M\u00e4ter 75 x 75 cm och best\u00e5r av 70% bambu, 30% bomull. Du kan l\u00e4sa mer om <a href=\"https:\/\/greenpoppy.se\/en\/product\/vikblojor\/\">flat diapers<\/a> h\u00e4r.<\/p>","protected":false},"excerpt":{"rendered":"<p>Observera! Detta \u00e4r en vara ur andrasortimentet. Varan har n\u00e5gon typ av defekt, l\u00e4s mer nedan. Andra regel g\u00e4ller f\u00f6r retur och reklamation, l\u00e4s mer om detta h\u00e4r. DEFEKT: I ena h\u00f6rnet finns en slitning av vikbl\u00f6jan. M\u00e4ter ungef\u00e4r 2 cm l\u00e5ng. Ej h\u00e5l rakt igenom. Produkten: Vikbl\u00f6jor \u00e4r anv\u00e4ndbara till m\u00e5nga olika omr\u00e5den, tex [&#8230;]\n","protected":false},"featured_media":6069,"comment_status":"open","ping_status":"closed","template":"","meta":[],"product_brand":[],"product_cat":[131],"product_tag":[],"class_list":{"0":"post-6046","1":"product","2":"type-product","3":"status-publish","4":"has-post-thumbnail","6":"product_cat-andrasortering","8":"first","9":"instock","10":"taxable","11":"shipping-taxable","12":"purchasable","13":"product-type-simple"},"bundled_by":[],"bundle_stock_status":"instock","bundle_stock_quantity":1,"bundle_virtual":false,"bundle_layout":"","bundle_add_to_cart_form_location":"","bundle_editable_in_cart":false,"bundle_sold_individually_context":"","bundle_item_grouping":"","bundle_min_size":"","bundle_max_size":"","bundle_price":[],"bundled_items":[],"bundle_sell_ids":[],"yoast_head":"<!-- This site is optimized with the Yoast SEO plugin v27.4 - https:\/\/yoast.com\/product\/yoast-seo-wordpress\/ -->\n<title>Vikbl\u00f6ja Pionrosa - andrasortering - Green Poppy<\/title>\n<meta name=\"description\" content=\"K\u00f6r tygbl\u00f6jor ur v\u00e5rt andrasorteringssortiment. Fullv\u00e4rdiga produkter med sm\u00e5 sk\u00f6nhetsfel till ett alldeles oemotst\u00e5ndligt pris.\" \/>\n<meta name=\"robots\" content=\"index, follow, max-snippet:-1, max-image-preview:large, max-video-preview:-1\" \/>\n<link rel=\"canonical\" href=\"https:\/\/greenpoppy.se\/en\/product\/vikbloja-pionrosa-andrasortering\/\" \/>\n<meta property=\"og:locale\" content=\"en_GB\" \/>\n<meta property=\"og:type\" content=\"article\" \/>\n<meta property=\"og:title\" content=\"Vikbl\u00f6ja Pionrosa - andrasortering - Green Poppy\" \/>\n<meta property=\"og:description\" content=\"K\u00f6r tygbl\u00f6jor ur v\u00e5rt andrasorteringssortiment. Fullv\u00e4rdiga produkter med sm\u00e5 sk\u00f6nhetsfel till ett alldeles oemotst\u00e5ndligt pris.\" \/>\n<meta property=\"og:url\" content=\"https:\/\/greenpoppy.se\/en\/product\/vikbloja-pionrosa-andrasortering\/\" \/>\n<meta property=\"og:site_name\" content=\"Green Poppy\" \/>\n<meta property=\"article:publisher\" content=\"https:\/\/www.facebook.com\/profile.php?id=61554367862205\" \/>\n<meta property=\"article:modified_time\" content=\"2026-01-20T05:52:00+00:00\" \/>\n<meta name=\"twitter:card\" content=\"summary_large_image\" \/>\n<meta name=\"twitter:label1\" content=\"Estimated reading time\" \/>\n\t<meta name=\"twitter:data1\" content=\"1 minute\" \/>\n<script type=\"application\/ld+json\" class=\"yoast-schema-graph\">{\"@context\":\"https:\\\/\\\/schema.org\",\"@graph\":[{\"@type\":\"WebPage\",\"@id\":\"https:\\\/\\\/greenpoppy.se\\\/produkt\\\/vikbloja-pionrosa-andrasortering\\\/\",\"url\":\"https:\\\/\\\/greenpoppy.se\\\/produkt\\\/vikbloja-pionrosa-andrasortering\\\/\",\"name\":\"Vikbl\u00f6ja Pionrosa - andrasortering - Green Poppy\",\"isPartOf\":{\"@id\":\"https:\\\/\\\/greenpoppy.se\\\/en\\\/#website\"},\"primaryImageOfPage\":{\"@id\":\"https:\\\/\\\/greenpoppy.se\\\/produkt\\\/vikbloja-pionrosa-andrasortering\\\/#primaryimage\"},\"image\":{\"@id\":\"https:\\\/\\\/greenpoppy.se\\\/produkt\\\/vikbloja-pionrosa-andrasortering\\\/#primaryimage\"},\"thumbnailUrl\":\"https:\\\/\\\/greenpoppy.se\\\/wp-content\\\/uploads\\\/2025\\\/12\\\/IMG_8348.heic\",\"datePublished\":\"2025-12-05T12:58:04+00:00\",\"dateModified\":\"2026-01-20T05:52:00+00:00\",\"description\":\"K\u00f6r tygbl\u00f6jor ur v\u00e5rt andrasorteringssortiment. Fullv\u00e4rdiga produkter med sm\u00e5 sk\u00f6nhetsfel till ett alldeles oemotst\u00e5ndligt pris.\",\"breadcrumb\":{\"@id\":\"https:\\\/\\\/greenpoppy.se\\\/produkt\\\/vikbloja-pionrosa-andrasortering\\\/#breadcrumb\"},\"inLanguage\":\"en-GB\",\"potentialAction\":[{\"@type\":\"ReadAction\",\"target\":[\"https:\\\/\\\/greenpoppy.se\\\/produkt\\\/vikbloja-pionrosa-andrasortering\\\/\"]}]},{\"@type\":\"ImageObject\",\"inLanguage\":\"en-GB\",\"@id\":\"https:\\\/\\\/greenpoppy.se\\\/produkt\\\/vikbloja-pionrosa-andrasortering\\\/#primaryimage\",\"url\":\"https:\\\/\\\/greenpoppy.se\\\/wp-content\\\/uploads\\\/2025\\\/12\\\/IMG_8348.heic\",\"contentUrl\":\"https:\\\/\\\/greenpoppy.se\\\/wp-content\\\/uploads\\\/2025\\\/12\\\/IMG_8348.heic\",\"caption\":\"en rosa vikbl\u00f6ja\"},{\"@type\":\"BreadcrumbList\",\"@id\":\"https:\\\/\\\/greenpoppy.se\\\/produkt\\\/vikbloja-pionrosa-andrasortering\\\/#breadcrumb\",\"itemListElement\":[{\"@type\":\"ListItem\",\"position\":1,\"name\":\"Hem\",\"item\":\"https:\\\/\\\/greenpoppy.se\\\/\"},{\"@type\":\"ListItem\",\"position\":2,\"name\":\"Butik\",\"item\":\"https:\\\/\\\/greenpoppy.se\\\/butik\\\/\"},{\"@type\":\"ListItem\",\"position\":3,\"name\":\"Vikbl\u00f6ja Pionrosa &#8211; andrasortering\"}]},{\"@type\":\"WebSite\",\"@id\":\"https:\\\/\\\/greenpoppy.se\\\/en\\\/#website\",\"url\":\"https:\\\/\\\/greenpoppy.se\\\/en\\\/\",\"name\":\"Green Poppy\",\"description\":\"H\u00e5llbara och \u00e5teranv\u00e4ndbara tygbl\u00f6jor\",\"publisher\":{\"@id\":\"https:\\\/\\\/greenpoppy.se\\\/en\\\/#organization\"},\"potentialAction\":[{\"@type\":\"SearchAction\",\"target\":{\"@type\":\"EntryPoint\",\"urlTemplate\":\"https:\\\/\\\/greenpoppy.se\\\/en\\\/?s={search_term_string}\"},\"query-input\":{\"@type\":\"PropertyValueSpecification\",\"valueRequired\":true,\"valueName\":\"search_term_string\"}}],\"inLanguage\":\"en-GB\"},{\"@type\":\"Organization\",\"@id\":\"https:\\\/\\\/greenpoppy.se\\\/en\\\/#organization\",\"name\":\"Green Poppy\",\"url\":\"https:\\\/\\\/greenpoppy.se\\\/en\\\/\",\"logo\":{\"@type\":\"ImageObject\",\"inLanguage\":\"en-GB\",\"@id\":\"https:\\\/\\\/greenpoppy.se\\\/en\\\/#\\\/schema\\\/logo\\\/image\\\/\",\"url\":\"https:\\\/\\\/greenpoppy.se\\\/wp-content\\\/uploads\\\/2025\\\/01\\\/Logga_Officiell.svg\",\"contentUrl\":\"https:\\\/\\\/greenpoppy.se\\\/wp-content\\\/uploads\\\/2025\\\/01\\\/Logga_Officiell.svg\",\"width\":1,\"height\":1,\"caption\":\"Green Poppy\"},\"image\":{\"@id\":\"https:\\\/\\\/greenpoppy.se\\\/en\\\/#\\\/schema\\\/logo\\\/image\\\/\"},\"sameAs\":[\"https:\\\/\\\/www.facebook.com\\\/profile.php?id=61554367862205\",\"https:\\\/\\\/www.instagram.com\\\/greenpoppy.se\\\/\"]}]}<\/script>\n<!-- \/ Yoast SEO plugin. -->","yoast_head_json":{"title":"Vikbl\u00f6ja Pionrosa - andrasortering - Green Poppy","description":"K\u00f6r tygbl\u00f6jor ur v\u00e5rt andrasorteringssortiment. Fullv\u00e4rdiga produkter med sm\u00e5 sk\u00f6nhetsfel till ett alldeles oemotst\u00e5ndligt pris.","robots":{"index":"index","follow":"follow","max-snippet":"max-snippet:-1","max-image-preview":"max-image-preview:large","max-video-preview":"max-video-preview:-1"},"canonical":"https:\/\/greenpoppy.se\/en\/product\/vikbloja-pionrosa-andrasortering\/","og_locale":"en_GB","og_type":"article","og_title":"Vikbl\u00f6ja Pionrosa - andrasortering - Green Poppy","og_description":"K\u00f6r tygbl\u00f6jor ur v\u00e5rt andrasorteringssortiment. Fullv\u00e4rdiga produkter med sm\u00e5 sk\u00f6nhetsfel till ett alldeles oemotst\u00e5ndligt pris.","og_url":"https:\/\/greenpoppy.se\/en\/product\/vikbloja-pionrosa-andrasortering\/","og_site_name":"Green Poppy","article_publisher":"https:\/\/www.facebook.com\/profile.php?id=61554367862205","article_modified_time":"2026-01-20T05:52:00+00:00","twitter_card":"summary_large_image","twitter_misc":{"Estimated reading time":"1 minute"},"schema":{"@context":"https:\/\/schema.org","@graph":[{"@type":"WebPage","@id":"https:\/\/greenpoppy.se\/produkt\/vikbloja-pionrosa-andrasortering\/","url":"https:\/\/greenpoppy.se\/produkt\/vikbloja-pionrosa-andrasortering\/","name":"Vikbl\u00f6ja Pionrosa - andrasortering - Green Poppy","isPartOf":{"@id":"https:\/\/greenpoppy.se\/en\/#website"},"primaryImageOfPage":{"@id":"https:\/\/greenpoppy.se\/produkt\/vikbloja-pionrosa-andrasortering\/#primaryimage"},"image":{"@id":"https:\/\/greenpoppy.se\/produkt\/vikbloja-pionrosa-andrasortering\/#primaryimage"},"thumbnailUrl":"https:\/\/greenpoppy.se\/wp-content\/uploads\/2025\/12\/IMG_8348.heic","datePublished":"2025-12-05T12:58:04+00:00","dateModified":"2026-01-20T05:52:00+00:00","description":"K\u00f6r tygbl\u00f6jor ur v\u00e5rt andrasorteringssortiment. Fullv\u00e4rdiga produkter med sm\u00e5 sk\u00f6nhetsfel till ett alldeles oemotst\u00e5ndligt pris.","breadcrumb":{"@id":"https:\/\/greenpoppy.se\/produkt\/vikbloja-pionrosa-andrasortering\/#breadcrumb"},"inLanguage":"en-GB","potentialAction":[{"@type":"ReadAction","target":["https:\/\/greenpoppy.se\/produkt\/vikbloja-pionrosa-andrasortering\/"]}]},{"@type":"ImageObject","inLanguage":"en-GB","@id":"https:\/\/greenpoppy.se\/produkt\/vikbloja-pionrosa-andrasortering\/#primaryimage","url":"https:\/\/greenpoppy.se\/wp-content\/uploads\/2025\/12\/IMG_8348.heic","contentUrl":"https:\/\/greenpoppy.se\/wp-content\/uploads\/2025\/12\/IMG_8348.heic","caption":"en rosa vikbl\u00f6ja"},{"@type":"BreadcrumbList","@id":"https:\/\/greenpoppy.se\/produkt\/vikbloja-pionrosa-andrasortering\/#breadcrumb","itemListElement":[{"@type":"ListItem","position":1,"name":"Hem","item":"https:\/\/greenpoppy.se\/"},{"@type":"ListItem","position":2,"name":"Butik","item":"https:\/\/greenpoppy.se\/butik\/"},{"@type":"ListItem","position":3,"name":"Vikbl\u00f6ja Pionrosa &#8211; andrasortering"}]},{"@type":"WebSite","@id":"https:\/\/greenpoppy.se\/en\/#website","url":"https:\/\/greenpoppy.se\/en\/","name":"Green Poppy","description":"H\u00e5llbara och \u00e5teranv\u00e4ndbara tygbl\u00f6jor","publisher":{"@id":"https:\/\/greenpoppy.se\/en\/#organization"},"potentialAction":[{"@type":"SearchAction","target":{"@type":"EntryPoint","urlTemplate":"https:\/\/greenpoppy.se\/en\/?s={search_term_string}"},"query-input":{"@type":"PropertyValueSpecification","valueRequired":true,"valueName":"search_term_string"}}],"inLanguage":"en-GB"},{"@type":"Organization","@id":"https:\/\/greenpoppy.se\/en\/#organization","name":"Green Poppy","url":"https:\/\/greenpoppy.se\/en\/","logo":{"@type":"ImageObject","inLanguage":"en-GB","@id":"https:\/\/greenpoppy.se\/en\/#\/schema\/logo\/image\/","url":"https:\/\/greenpoppy.se\/wp-content\/uploads\/2025\/01\/Logga_Officiell.svg","contentUrl":"https:\/\/greenpoppy.se\/wp-content\/uploads\/2025\/01\/Logga_Officiell.svg","width":1,"height":1,"caption":"Green Poppy"},"image":{"@id":"https:\/\/greenpoppy.se\/en\/#\/schema\/logo\/image\/"},"sameAs":["https:\/\/www.facebook.com\/profile.php?id=61554367862205","https:\/\/www.instagram.com\/greenpoppy.se\/"]}]}},"_links":{"self":[{"href":"https:\/\/greenpoppy.se\/en\/wp-json\/wp\/v2\/product\/6046","targetHints":{"allow":["GET"]}}],"collection":[{"href":"https:\/\/greenpoppy.se\/en\/wp-json\/wp\/v2\/product"}],"about":[{"href":"https:\/\/greenpoppy.se\/en\/wp-json\/wp\/v2\/types\/product"}],"replies":[{"embeddable":true,"href":"https:\/\/greenpoppy.se\/en\/wp-json\/wp\/v2\/comments?post=6046"}],"wp:featuredmedia":[{"embeddable":true,"href":"https:\/\/greenpoppy.se\/en\/wp-json\/wp\/v2\/media\/6069"}],"wp:attachment":[{"href":"https:\/\/greenpoppy.se\/en\/wp-json\/wp\/v2\/media?parent=6046"}],"wp:term":[{"taxonomy":"product_brand","embeddable":true,"href":"https:\/\/greenpoppy.se\/en\/wp-json\/wp\/v2\/product_brand?post=6046"},{"taxonomy":"product_cat","embeddable":true,"href":"https:\/\/greenpoppy.se\/en\/wp-json\/wp\/v2\/product_cat?post=6046"},{"taxonomy":"product_tag","embeddable":true,"href":"https:\/\/greenpoppy.se\/en\/wp-json\/wp\/v2\/product_tag?post=6046"}],"curies":[{"name":"wp","href":"https:\/\/api.w.org\/{rel}","templated":true}]}}