{"id":6081,"date":"2025-12-05T14:30:04","date_gmt":"2025-12-05T13:30:04","guid":{"rendered":"https:\/\/greenpoppy.se\/?post_type=product&#038;p=6081"},"modified":"2026-02-02T18:59:57","modified_gmt":"2026-02-02T17:59:57","slug":"pul-skal-hilmas-hjartekarlek-andrasortering","status":"publish","type":"product","link":"https:\/\/greenpoppy.se\/en\/product\/pul-skal-hilmas-hjartekarlek-andrasortering\/","title":{"rendered":"Pul-skal Hilmas Hj\u00e4rtek\u00e4rlek &#8211; andrasortering"},"content":{"rendered":"<p>Observera! Detta \u00e4r en vara ur andrasortimentet. Varan har n\u00e5gon typ av defekt, l\u00e4s mer nedan. Andra regel g\u00e4ller f\u00f6r retur och reklamation, l\u00e4s mer om <a href=\"https:\/\/greenpoppy.se\/en\/retur-och-aterbetalningspolicy\/\">detta h\u00e4r<\/a>.<\/p>\n<p><strong>DEFEKT:<\/strong><\/p>\n<p>Oanv\u00e4nt och otv\u00e4ttat, finns tv\u00e5 smutsfl\u00e4ckar p\u00e5 framsidan. Dessutom, de r\u00f6da tabbarna f\u00e4rgar av sig vid tv\u00e4tt och den vita pulen kan bli missf\u00e4rgad rosa b\u00e5de p\u00e5 insidan och utsidan av skalet. Skalet kan \u00e4ven f\u00e4rga av sig p\u00e5 produkter vid tv\u00e4tt, b\u00f6r tv\u00e4ttas separat de f\u00f6rsta tv\u00e4ttarna.<\/p>\n<p class=\"uppercase\"><strong>The Product<\/strong>:<\/p>\n<p>Ett pul-skal \u00e4r vattent\u00e4tt och anv\u00e4nds \u00f6ver inl\u00e4gg, vikbl\u00f6jor eller formsydda bl\u00f6jor. Skalet \u00e4r i one size och storleken justeras p\u00e5 framsidan av skalet. <a href=\"https:\/\/greenpoppy.se\/en\/product\/pul-skal-one-size\/\">Du kan l\u00e4sa mer om pul-skal h\u00e4r<\/a>.<\/p>","protected":false},"excerpt":{"rendered":"<p>Observera! Detta \u00e4r en vara ur andrasortimentet. Varan har n\u00e5gon typ av defekt, l\u00e4s mer nedan. Andra regel g\u00e4ller f\u00f6r retur och reklamation, l\u00e4s mer om detta h\u00e4r. DEFEKT: Oanv\u00e4nt och otv\u00e4ttat, finns tv\u00e5 smutsfl\u00e4ckar p\u00e5 framsidan. Dessutom, de r\u00f6da tabbarna f\u00e4rgar av sig vid tv\u00e4tt och den vita pulen kan bli missf\u00e4rgad rosa b\u00e5de [&#8230;]\n","protected":false},"featured_media":6051,"comment_status":"open","ping_status":"closed","template":"","meta":[],"product_brand":[],"product_cat":[131],"product_tag":[],"class_list":{"0":"post-6081","1":"product","2":"type-product","3":"status-publish","4":"has-post-thumbnail","6":"product_cat-andrasortering","8":"first","9":"outofstock","10":"taxable","11":"shipping-taxable","12":"purchasable","13":"product-type-simple"},"bundled_by":[],"bundle_stock_status":"outofstock","bundle_stock_quantity":0,"bundle_virtual":false,"bundle_layout":"","bundle_add_to_cart_form_location":"","bundle_editable_in_cart":false,"bundle_sold_individually_context":"","bundle_item_grouping":"","bundle_min_size":"","bundle_max_size":"","bundle_price":[],"bundled_items":[],"bundle_sell_ids":[],"yoast_head":"<!-- This site is optimized with the Yoast SEO plugin v27.5 - https:\/\/yoast.com\/product\/yoast-seo-wordpress\/ -->\n<title>Pul-skal Hilmas Hj\u00e4rtek\u00e4rlek - andrasortering - Green Poppy<\/title>\n<meta name=\"description\" content=\"K\u00f6r tygbl\u00f6jor ur v\u00e5rt andrasorteringssortiment. Fullv\u00e4rdiga produkter med sm\u00e5 sk\u00f6nhetsfel till ett alldeles oemotst\u00e5ndligt pris.\" \/>\n<meta name=\"robots\" content=\"index, follow, max-snippet:-1, max-image-preview:large, max-video-preview:-1\" \/>\n<link rel=\"canonical\" href=\"https:\/\/greenpoppy.se\/en\/product\/pul-skal-hilmas-hjartekarlek-andrasortering\/\" \/>\n<meta property=\"og:locale\" content=\"en_GB\" \/>\n<meta property=\"og:type\" content=\"article\" \/>\n<meta property=\"og:title\" content=\"Pul-skal Hilmas Hj\u00e4rtek\u00e4rlek - andrasortering - Green Poppy\" \/>\n<meta property=\"og:description\" content=\"K\u00f6r tygbl\u00f6jor ur v\u00e5rt andrasorteringssortiment. Fullv\u00e4rdiga produkter med sm\u00e5 sk\u00f6nhetsfel till ett alldeles oemotst\u00e5ndligt pris.\" \/>\n<meta property=\"og:url\" content=\"https:\/\/greenpoppy.se\/en\/product\/pul-skal-hilmas-hjartekarlek-andrasortering\/\" \/>\n<meta property=\"og:site_name\" content=\"Green Poppy\" \/>\n<meta property=\"article:publisher\" content=\"https:\/\/www.facebook.com\/profile.php?id=61554367862205\" \/>\n<meta property=\"article:modified_time\" content=\"2026-02-02T17:59:57+00:00\" \/>\n<meta name=\"twitter:card\" content=\"summary_large_image\" \/>\n<meta name=\"twitter:label1\" content=\"Estimated reading time\" \/>\n\t<meta name=\"twitter:data1\" content=\"1 minute\" \/>\n<script type=\"application\/ld+json\" class=\"yoast-schema-graph\">{\"@context\":\"https:\\\/\\\/schema.org\",\"@graph\":[{\"@type\":\"WebPage\",\"@id\":\"https:\\\/\\\/greenpoppy.se\\\/produkt\\\/pul-skal-hilmas-hjartekarlek-andrasortering\\\/\",\"url\":\"https:\\\/\\\/greenpoppy.se\\\/produkt\\\/pul-skal-hilmas-hjartekarlek-andrasortering\\\/\",\"name\":\"Pul-skal Hilmas Hj\u00e4rtek\u00e4rlek - andrasortering - Green Poppy\",\"isPartOf\":{\"@id\":\"https:\\\/\\\/greenpoppy.se\\\/en\\\/#website\"},\"primaryImageOfPage\":{\"@id\":\"https:\\\/\\\/greenpoppy.se\\\/produkt\\\/pul-skal-hilmas-hjartekarlek-andrasortering\\\/#primaryimage\"},\"image\":{\"@id\":\"https:\\\/\\\/greenpoppy.se\\\/produkt\\\/pul-skal-hilmas-hjartekarlek-andrasortering\\\/#primaryimage\"},\"thumbnailUrl\":\"https:\\\/\\\/greenpoppy.se\\\/wp-content\\\/uploads\\\/2025\\\/12\\\/IMG_8364.heic\",\"datePublished\":\"2025-12-05T13:30:04+00:00\",\"dateModified\":\"2026-02-02T17:59:57+00:00\",\"description\":\"K\u00f6r tygbl\u00f6jor ur v\u00e5rt andrasorteringssortiment. Fullv\u00e4rdiga produkter med sm\u00e5 sk\u00f6nhetsfel till ett alldeles oemotst\u00e5ndligt pris.\",\"breadcrumb\":{\"@id\":\"https:\\\/\\\/greenpoppy.se\\\/produkt\\\/pul-skal-hilmas-hjartekarlek-andrasortering\\\/#breadcrumb\"},\"inLanguage\":\"en-GB\",\"potentialAction\":[{\"@type\":\"ReadAction\",\"target\":[\"https:\\\/\\\/greenpoppy.se\\\/produkt\\\/pul-skal-hilmas-hjartekarlek-andrasortering\\\/\"]}]},{\"@type\":\"ImageObject\",\"inLanguage\":\"en-GB\",\"@id\":\"https:\\\/\\\/greenpoppy.se\\\/produkt\\\/pul-skal-hilmas-hjartekarlek-andrasortering\\\/#primaryimage\",\"url\":\"https:\\\/\\\/greenpoppy.se\\\/wp-content\\\/uploads\\\/2025\\\/12\\\/IMG_8364.heic\",\"contentUrl\":\"https:\\\/\\\/greenpoppy.se\\\/wp-content\\\/uploads\\\/2025\\\/12\\\/IMG_8364.heic\"},{\"@type\":\"BreadcrumbList\",\"@id\":\"https:\\\/\\\/greenpoppy.se\\\/produkt\\\/pul-skal-hilmas-hjartekarlek-andrasortering\\\/#breadcrumb\",\"itemListElement\":[{\"@type\":\"ListItem\",\"position\":1,\"name\":\"Hem\",\"item\":\"https:\\\/\\\/greenpoppy.se\\\/\"},{\"@type\":\"ListItem\",\"position\":2,\"name\":\"Butik\",\"item\":\"https:\\\/\\\/greenpoppy.se\\\/butik\\\/\"},{\"@type\":\"ListItem\",\"position\":3,\"name\":\"Pul-skal Hilmas Hj\u00e4rtek\u00e4rlek &#8211; andrasortering\"}]},{\"@type\":\"WebSite\",\"@id\":\"https:\\\/\\\/greenpoppy.se\\\/en\\\/#website\",\"url\":\"https:\\\/\\\/greenpoppy.se\\\/en\\\/\",\"name\":\"Green Poppy\",\"description\":\"H\u00e5llbara och \u00e5teranv\u00e4ndbara tygbl\u00f6jor\",\"publisher\":{\"@id\":\"https:\\\/\\\/greenpoppy.se\\\/en\\\/#organization\"},\"potentialAction\":[{\"@type\":\"SearchAction\",\"target\":{\"@type\":\"EntryPoint\",\"urlTemplate\":\"https:\\\/\\\/greenpoppy.se\\\/en\\\/?s={search_term_string}\"},\"query-input\":{\"@type\":\"PropertyValueSpecification\",\"valueRequired\":true,\"valueName\":\"search_term_string\"}}],\"inLanguage\":\"en-GB\"},{\"@type\":\"Organization\",\"@id\":\"https:\\\/\\\/greenpoppy.se\\\/en\\\/#organization\",\"name\":\"Green Poppy\",\"url\":\"https:\\\/\\\/greenpoppy.se\\\/en\\\/\",\"logo\":{\"@type\":\"ImageObject\",\"inLanguage\":\"en-GB\",\"@id\":\"https:\\\/\\\/greenpoppy.se\\\/en\\\/#\\\/schema\\\/logo\\\/image\\\/\",\"url\":\"https:\\\/\\\/greenpoppy.se\\\/wp-content\\\/uploads\\\/2025\\\/01\\\/Logga_Officiell.svg\",\"contentUrl\":\"https:\\\/\\\/greenpoppy.se\\\/wp-content\\\/uploads\\\/2025\\\/01\\\/Logga_Officiell.svg\",\"width\":1,\"height\":1,\"caption\":\"Green Poppy\"},\"image\":{\"@id\":\"https:\\\/\\\/greenpoppy.se\\\/en\\\/#\\\/schema\\\/logo\\\/image\\\/\"},\"sameAs\":[\"https:\\\/\\\/www.facebook.com\\\/profile.php?id=61554367862205\",\"https:\\\/\\\/www.instagram.com\\\/greenpoppy.se\\\/\"]}]}<\/script>\n<!-- \/ Yoast SEO plugin. -->","yoast_head_json":{"title":"Pul-skal Hilmas Hj\u00e4rtek\u00e4rlek - andrasortering - Green Poppy","description":"K\u00f6r tygbl\u00f6jor ur v\u00e5rt andrasorteringssortiment. Fullv\u00e4rdiga produkter med sm\u00e5 sk\u00f6nhetsfel till ett alldeles oemotst\u00e5ndligt pris.","robots":{"index":"index","follow":"follow","max-snippet":"max-snippet:-1","max-image-preview":"max-image-preview:large","max-video-preview":"max-video-preview:-1"},"canonical":"https:\/\/greenpoppy.se\/en\/product\/pul-skal-hilmas-hjartekarlek-andrasortering\/","og_locale":"en_GB","og_type":"article","og_title":"Pul-skal Hilmas Hj\u00e4rtek\u00e4rlek - andrasortering - Green Poppy","og_description":"K\u00f6r tygbl\u00f6jor ur v\u00e5rt andrasorteringssortiment. Fullv\u00e4rdiga produkter med sm\u00e5 sk\u00f6nhetsfel till ett alldeles oemotst\u00e5ndligt pris.","og_url":"https:\/\/greenpoppy.se\/en\/product\/pul-skal-hilmas-hjartekarlek-andrasortering\/","og_site_name":"Green Poppy","article_publisher":"https:\/\/www.facebook.com\/profile.php?id=61554367862205","article_modified_time":"2026-02-02T17:59:57+00:00","twitter_card":"summary_large_image","twitter_misc":{"Estimated reading time":"1 minute"},"schema":{"@context":"https:\/\/schema.org","@graph":[{"@type":"WebPage","@id":"https:\/\/greenpoppy.se\/produkt\/pul-skal-hilmas-hjartekarlek-andrasortering\/","url":"https:\/\/greenpoppy.se\/produkt\/pul-skal-hilmas-hjartekarlek-andrasortering\/","name":"Pul-skal Hilmas Hj\u00e4rtek\u00e4rlek - andrasortering - Green Poppy","isPartOf":{"@id":"https:\/\/greenpoppy.se\/en\/#website"},"primaryImageOfPage":{"@id":"https:\/\/greenpoppy.se\/produkt\/pul-skal-hilmas-hjartekarlek-andrasortering\/#primaryimage"},"image":{"@id":"https:\/\/greenpoppy.se\/produkt\/pul-skal-hilmas-hjartekarlek-andrasortering\/#primaryimage"},"thumbnailUrl":"https:\/\/greenpoppy.se\/wp-content\/uploads\/2025\/12\/IMG_8364.heic","datePublished":"2025-12-05T13:30:04+00:00","dateModified":"2026-02-02T17:59:57+00:00","description":"K\u00f6r tygbl\u00f6jor ur v\u00e5rt andrasorteringssortiment. Fullv\u00e4rdiga produkter med sm\u00e5 sk\u00f6nhetsfel till ett alldeles oemotst\u00e5ndligt pris.","breadcrumb":{"@id":"https:\/\/greenpoppy.se\/produkt\/pul-skal-hilmas-hjartekarlek-andrasortering\/#breadcrumb"},"inLanguage":"en-GB","potentialAction":[{"@type":"ReadAction","target":["https:\/\/greenpoppy.se\/produkt\/pul-skal-hilmas-hjartekarlek-andrasortering\/"]}]},{"@type":"ImageObject","inLanguage":"en-GB","@id":"https:\/\/greenpoppy.se\/produkt\/pul-skal-hilmas-hjartekarlek-andrasortering\/#primaryimage","url":"https:\/\/greenpoppy.se\/wp-content\/uploads\/2025\/12\/IMG_8364.heic","contentUrl":"https:\/\/greenpoppy.se\/wp-content\/uploads\/2025\/12\/IMG_8364.heic"},{"@type":"BreadcrumbList","@id":"https:\/\/greenpoppy.se\/produkt\/pul-skal-hilmas-hjartekarlek-andrasortering\/#breadcrumb","itemListElement":[{"@type":"ListItem","position":1,"name":"Hem","item":"https:\/\/greenpoppy.se\/"},{"@type":"ListItem","position":2,"name":"Butik","item":"https:\/\/greenpoppy.se\/butik\/"},{"@type":"ListItem","position":3,"name":"Pul-skal Hilmas Hj\u00e4rtek\u00e4rlek &#8211; andrasortering"}]},{"@type":"WebSite","@id":"https:\/\/greenpoppy.se\/en\/#website","url":"https:\/\/greenpoppy.se\/en\/","name":"Green Poppy","description":"H\u00e5llbara och \u00e5teranv\u00e4ndbara tygbl\u00f6jor","publisher":{"@id":"https:\/\/greenpoppy.se\/en\/#organization"},"potentialAction":[{"@type":"SearchAction","target":{"@type":"EntryPoint","urlTemplate":"https:\/\/greenpoppy.se\/en\/?s={search_term_string}"},"query-input":{"@type":"PropertyValueSpecification","valueRequired":true,"valueName":"search_term_string"}}],"inLanguage":"en-GB"},{"@type":"Organization","@id":"https:\/\/greenpoppy.se\/en\/#organization","name":"Green Poppy","url":"https:\/\/greenpoppy.se\/en\/","logo":{"@type":"ImageObject","inLanguage":"en-GB","@id":"https:\/\/greenpoppy.se\/en\/#\/schema\/logo\/image\/","url":"https:\/\/greenpoppy.se\/wp-content\/uploads\/2025\/01\/Logga_Officiell.svg","contentUrl":"https:\/\/greenpoppy.se\/wp-content\/uploads\/2025\/01\/Logga_Officiell.svg","width":1,"height":1,"caption":"Green Poppy"},"image":{"@id":"https:\/\/greenpoppy.se\/en\/#\/schema\/logo\/image\/"},"sameAs":["https:\/\/www.facebook.com\/profile.php?id=61554367862205","https:\/\/www.instagram.com\/greenpoppy.se\/"]}]}},"_links":{"self":[{"href":"https:\/\/greenpoppy.se\/en\/wp-json\/wp\/v2\/product\/6081","targetHints":{"allow":["GET"]}}],"collection":[{"href":"https:\/\/greenpoppy.se\/en\/wp-json\/wp\/v2\/product"}],"about":[{"href":"https:\/\/greenpoppy.se\/en\/wp-json\/wp\/v2\/types\/product"}],"replies":[{"embeddable":true,"href":"https:\/\/greenpoppy.se\/en\/wp-json\/wp\/v2\/comments?post=6081"}],"wp:featuredmedia":[{"embeddable":true,"href":"https:\/\/greenpoppy.se\/en\/wp-json\/wp\/v2\/media\/6051"}],"wp:attachment":[{"href":"https:\/\/greenpoppy.se\/en\/wp-json\/wp\/v2\/media?parent=6081"}],"wp:term":[{"taxonomy":"product_brand","embeddable":true,"href":"https:\/\/greenpoppy.se\/en\/wp-json\/wp\/v2\/product_brand?post=6081"},{"taxonomy":"product_cat","embeddable":true,"href":"https:\/\/greenpoppy.se\/en\/wp-json\/wp\/v2\/product_cat?post=6081"},{"taxonomy":"product_tag","embeddable":true,"href":"https:\/\/greenpoppy.se\/en\/wp-json\/wp\/v2\/product_tag?post=6081"}],"curies":[{"name":"wp","href":"https:\/\/api.w.org\/{rel}","templated":true}]}}