{"id":6082,"date":"2025-12-06T07:26:35","date_gmt":"2025-12-06T06:26:35","guid":{"rendered":"https:\/\/greenpoppy.se\/?post_type=product&#038;p=6082"},"modified":"2026-01-20T06:52:12","modified_gmt":"2026-01-20T05:52:12","slug":"pul-skal-hilmas-hjartekarlek-andrasortering-2","status":"publish","type":"product","link":"https:\/\/greenpoppy.se\/en\/product\/pul-skal-hilmas-hjartekarlek-andrasortering-2\/","title":{"rendered":"Pul-skal Hilmas Hj\u00e4rtek\u00e4rlek &#8211; andrasortering"},"content":{"rendered":"<p>Observera! Detta \u00e4r en vara ur andrasortimentet. Varan har n\u00e5gon typ av defekt, l\u00e4s mer nedan. Andra regel g\u00e4ller f\u00f6r retur och reklamation, l\u00e4s mer om <a href=\"https:\/\/greenpoppy.se\/en\/retur-och-aterbetalningspolicy\/\">detta h\u00e4r<\/a>.<\/p>\n<p><strong>DEFEKT:<\/strong><\/p>\n<p>De r\u00f6da tabbarna f\u00e4ller f\u00e4rg vid tv\u00e4tt. Det vita p\u00e5 pul-skalet kan komma att bli f\u00e4rgat rosa\/r\u00f6tt. Kan \u00e4ven f\u00e4lla f\u00e4rg p\u00e5 andra produkter vid tv\u00e4tt. Rekommenderas att tv\u00e4ttas separat de f\u00f6rsta tv\u00e4ttarna.<\/p>\n<p class=\"uppercase\"><strong>The Product<\/strong>:<\/p>\n<p>Ett pul-skal \u00e4r vattent\u00e4tt och anv\u00e4nds \u00f6ver inl\u00e4gg, vikbl\u00f6jor eller formsydda bl\u00f6jor. Skalet \u00e4r i one size och storleken justeras p\u00e5 framsidan av skalet. <a href=\"https:\/\/greenpoppy.se\/en\/product\/pul-skal-one-size\/\">Du kan l\u00e4sa mer om pul-skal h\u00e4r<\/a>.<\/p>","protected":false},"excerpt":{"rendered":"<p>Observera! Detta \u00e4r en vara ur andrasortimentet. Varan har n\u00e5gon typ av defekt, l\u00e4s mer nedan. Andra regel g\u00e4ller f\u00f6r retur och reklamation, l\u00e4s mer om detta h\u00e4r. DEFEKT: De r\u00f6da tabbarna f\u00e4ller f\u00e4rg vid tv\u00e4tt. Det vita p\u00e5 pul-skalet kan komma att bli f\u00e4rgat rosa\/r\u00f6tt. Kan \u00e4ven f\u00e4lla f\u00e4rg p\u00e5 andra produkter vid tv\u00e4tt. [&#8230;]\n","protected":false},"featured_media":0,"comment_status":"open","ping_status":"closed","template":"","meta":[],"product_brand":[],"product_cat":[131],"product_tag":[],"class_list":{"0":"post-6082","1":"product","2":"type-product","3":"status-publish","5":"product_cat-andrasortering","7":"first","8":"outofstock","9":"taxable","10":"shipping-taxable","11":"purchasable","12":"product-type-simple"},"bundled_by":[],"bundle_stock_status":"outofstock","bundle_stock_quantity":0,"bundle_virtual":false,"bundle_layout":"","bundle_add_to_cart_form_location":"","bundle_editable_in_cart":false,"bundle_sold_individually_context":"","bundle_item_grouping":"","bundle_min_size":"","bundle_max_size":"","bundle_price":[],"bundled_items":[],"bundle_sell_ids":[],"yoast_head":"<!-- This site is optimized with the Yoast SEO plugin v27.5 - https:\/\/yoast.com\/product\/yoast-seo-wordpress\/ -->\n<title>Pul-skal Hilmas Hj\u00e4rtek\u00e4rlek - andrasortering - Green Poppy<\/title>\n<meta name=\"description\" content=\"K\u00f6r tygbl\u00f6jor ur v\u00e5rt andrasorteringssortiment. Fullv\u00e4rdiga produkter med sm\u00e5 sk\u00f6nhetsfel till ett alldeles oemotst\u00e5ndligt pris.\" \/>\n<meta name=\"robots\" content=\"index, follow, max-snippet:-1, max-image-preview:large, max-video-preview:-1\" \/>\n<link rel=\"canonical\" href=\"https:\/\/greenpoppy.se\/en\/product\/pul-skal-hilmas-hjartekarlek-andrasortering-2\/\" \/>\n<meta property=\"og:locale\" content=\"en_GB\" \/>\n<meta property=\"og:type\" content=\"article\" \/>\n<meta property=\"og:title\" content=\"Pul-skal Hilmas Hj\u00e4rtek\u00e4rlek - andrasortering - Green Poppy\" \/>\n<meta property=\"og:description\" content=\"K\u00f6r tygbl\u00f6jor ur v\u00e5rt andrasorteringssortiment. Fullv\u00e4rdiga produkter med sm\u00e5 sk\u00f6nhetsfel till ett alldeles oemotst\u00e5ndligt pris.\" \/>\n<meta property=\"og:url\" content=\"https:\/\/greenpoppy.se\/en\/product\/pul-skal-hilmas-hjartekarlek-andrasortering-2\/\" \/>\n<meta property=\"og:site_name\" content=\"Green Poppy\" \/>\n<meta property=\"article:publisher\" content=\"https:\/\/www.facebook.com\/profile.php?id=61554367862205\" \/>\n<meta property=\"article:modified_time\" content=\"2026-01-20T05:52:12+00:00\" \/>\n<meta property=\"og:image\" content=\"https:\/\/greenpoppy.se\/wp-content\/uploads\/2025\/02\/1.png\" \/>\n\t<meta property=\"og:image:width\" content=\"1000\" \/>\n\t<meta property=\"og:image:height\" content=\"1000\" \/>\n\t<meta property=\"og:image:type\" content=\"image\/png\" \/>\n<meta name=\"twitter:card\" content=\"summary_large_image\" \/>\n<meta name=\"twitter:label1\" content=\"Estimated reading time\" \/>\n\t<meta name=\"twitter:data1\" content=\"1 minute\" \/>\n<script type=\"application\/ld+json\" class=\"yoast-schema-graph\">{\"@context\":\"https:\\\/\\\/schema.org\",\"@graph\":[{\"@type\":\"WebPage\",\"@id\":\"https:\\\/\\\/greenpoppy.se\\\/produkt\\\/pul-skal-hilmas-hjartekarlek-andrasortering-2\\\/\",\"url\":\"https:\\\/\\\/greenpoppy.se\\\/produkt\\\/pul-skal-hilmas-hjartekarlek-andrasortering-2\\\/\",\"name\":\"Pul-skal Hilmas Hj\u00e4rtek\u00e4rlek - andrasortering - Green Poppy\",\"isPartOf\":{\"@id\":\"https:\\\/\\\/greenpoppy.se\\\/en\\\/#website\"},\"datePublished\":\"2025-12-06T06:26:35+00:00\",\"dateModified\":\"2026-01-20T05:52:12+00:00\",\"description\":\"K\u00f6r tygbl\u00f6jor ur v\u00e5rt andrasorteringssortiment. Fullv\u00e4rdiga produkter med sm\u00e5 sk\u00f6nhetsfel till ett alldeles oemotst\u00e5ndligt pris.\",\"breadcrumb\":{\"@id\":\"https:\\\/\\\/greenpoppy.se\\\/produkt\\\/pul-skal-hilmas-hjartekarlek-andrasortering-2\\\/#breadcrumb\"},\"inLanguage\":\"en-GB\",\"potentialAction\":[{\"@type\":\"ReadAction\",\"target\":[\"https:\\\/\\\/greenpoppy.se\\\/produkt\\\/pul-skal-hilmas-hjartekarlek-andrasortering-2\\\/\"]}]},{\"@type\":\"BreadcrumbList\",\"@id\":\"https:\\\/\\\/greenpoppy.se\\\/produkt\\\/pul-skal-hilmas-hjartekarlek-andrasortering-2\\\/#breadcrumb\",\"itemListElement\":[{\"@type\":\"ListItem\",\"position\":1,\"name\":\"Hem\",\"item\":\"https:\\\/\\\/greenpoppy.se\\\/\"},{\"@type\":\"ListItem\",\"position\":2,\"name\":\"Butik\",\"item\":\"https:\\\/\\\/greenpoppy.se\\\/butik\\\/\"},{\"@type\":\"ListItem\",\"position\":3,\"name\":\"Pul-skal Hilmas Hj\u00e4rtek\u00e4rlek &#8211; andrasortering\"}]},{\"@type\":\"WebSite\",\"@id\":\"https:\\\/\\\/greenpoppy.se\\\/en\\\/#website\",\"url\":\"https:\\\/\\\/greenpoppy.se\\\/en\\\/\",\"name\":\"Green Poppy\",\"description\":\"H\u00e5llbara och \u00e5teranv\u00e4ndbara tygbl\u00f6jor\",\"publisher\":{\"@id\":\"https:\\\/\\\/greenpoppy.se\\\/en\\\/#organization\"},\"potentialAction\":[{\"@type\":\"SearchAction\",\"target\":{\"@type\":\"EntryPoint\",\"urlTemplate\":\"https:\\\/\\\/greenpoppy.se\\\/en\\\/?s={search_term_string}\"},\"query-input\":{\"@type\":\"PropertyValueSpecification\",\"valueRequired\":true,\"valueName\":\"search_term_string\"}}],\"inLanguage\":\"en-GB\"},{\"@type\":\"Organization\",\"@id\":\"https:\\\/\\\/greenpoppy.se\\\/en\\\/#organization\",\"name\":\"Green Poppy\",\"url\":\"https:\\\/\\\/greenpoppy.se\\\/en\\\/\",\"logo\":{\"@type\":\"ImageObject\",\"inLanguage\":\"en-GB\",\"@id\":\"https:\\\/\\\/greenpoppy.se\\\/en\\\/#\\\/schema\\\/logo\\\/image\\\/\",\"url\":\"https:\\\/\\\/greenpoppy.se\\\/wp-content\\\/uploads\\\/2025\\\/01\\\/Logga_Officiell.svg\",\"contentUrl\":\"https:\\\/\\\/greenpoppy.se\\\/wp-content\\\/uploads\\\/2025\\\/01\\\/Logga_Officiell.svg\",\"width\":1,\"height\":1,\"caption\":\"Green Poppy\"},\"image\":{\"@id\":\"https:\\\/\\\/greenpoppy.se\\\/en\\\/#\\\/schema\\\/logo\\\/image\\\/\"},\"sameAs\":[\"https:\\\/\\\/www.facebook.com\\\/profile.php?id=61554367862205\",\"https:\\\/\\\/www.instagram.com\\\/greenpoppy.se\\\/\"]}]}<\/script>\n<!-- \/ Yoast SEO plugin. -->","yoast_head_json":{"title":"Pul-skal Hilmas Hj\u00e4rtek\u00e4rlek - andrasortering - Green Poppy","description":"K\u00f6r tygbl\u00f6jor ur v\u00e5rt andrasorteringssortiment. Fullv\u00e4rdiga produkter med sm\u00e5 sk\u00f6nhetsfel till ett alldeles oemotst\u00e5ndligt pris.","robots":{"index":"index","follow":"follow","max-snippet":"max-snippet:-1","max-image-preview":"max-image-preview:large","max-video-preview":"max-video-preview:-1"},"canonical":"https:\/\/greenpoppy.se\/en\/product\/pul-skal-hilmas-hjartekarlek-andrasortering-2\/","og_locale":"en_GB","og_type":"article","og_title":"Pul-skal Hilmas Hj\u00e4rtek\u00e4rlek - andrasortering - Green Poppy","og_description":"K\u00f6r tygbl\u00f6jor ur v\u00e5rt andrasorteringssortiment. Fullv\u00e4rdiga produkter med sm\u00e5 sk\u00f6nhetsfel till ett alldeles oemotst\u00e5ndligt pris.","og_url":"https:\/\/greenpoppy.se\/en\/product\/pul-skal-hilmas-hjartekarlek-andrasortering-2\/","og_site_name":"Green Poppy","article_publisher":"https:\/\/www.facebook.com\/profile.php?id=61554367862205","article_modified_time":"2026-01-20T05:52:12+00:00","og_image":[{"width":1000,"height":1000,"url":"https:\/\/greenpoppy.se\/wp-content\/uploads\/2025\/02\/1.png","type":"image\/png"}],"twitter_card":"summary_large_image","twitter_misc":{"Estimated reading time":"1 minute"},"schema":{"@context":"https:\/\/schema.org","@graph":[{"@type":"WebPage","@id":"https:\/\/greenpoppy.se\/produkt\/pul-skal-hilmas-hjartekarlek-andrasortering-2\/","url":"https:\/\/greenpoppy.se\/produkt\/pul-skal-hilmas-hjartekarlek-andrasortering-2\/","name":"Pul-skal Hilmas Hj\u00e4rtek\u00e4rlek - andrasortering - Green Poppy","isPartOf":{"@id":"https:\/\/greenpoppy.se\/en\/#website"},"datePublished":"2025-12-06T06:26:35+00:00","dateModified":"2026-01-20T05:52:12+00:00","description":"K\u00f6r tygbl\u00f6jor ur v\u00e5rt andrasorteringssortiment. Fullv\u00e4rdiga produkter med sm\u00e5 sk\u00f6nhetsfel till ett alldeles oemotst\u00e5ndligt pris.","breadcrumb":{"@id":"https:\/\/greenpoppy.se\/produkt\/pul-skal-hilmas-hjartekarlek-andrasortering-2\/#breadcrumb"},"inLanguage":"en-GB","potentialAction":[{"@type":"ReadAction","target":["https:\/\/greenpoppy.se\/produkt\/pul-skal-hilmas-hjartekarlek-andrasortering-2\/"]}]},{"@type":"BreadcrumbList","@id":"https:\/\/greenpoppy.se\/produkt\/pul-skal-hilmas-hjartekarlek-andrasortering-2\/#breadcrumb","itemListElement":[{"@type":"ListItem","position":1,"name":"Hem","item":"https:\/\/greenpoppy.se\/"},{"@type":"ListItem","position":2,"name":"Butik","item":"https:\/\/greenpoppy.se\/butik\/"},{"@type":"ListItem","position":3,"name":"Pul-skal Hilmas Hj\u00e4rtek\u00e4rlek &#8211; andrasortering"}]},{"@type":"WebSite","@id":"https:\/\/greenpoppy.se\/en\/#website","url":"https:\/\/greenpoppy.se\/en\/","name":"Green Poppy","description":"H\u00e5llbara och \u00e5teranv\u00e4ndbara tygbl\u00f6jor","publisher":{"@id":"https:\/\/greenpoppy.se\/en\/#organization"},"potentialAction":[{"@type":"SearchAction","target":{"@type":"EntryPoint","urlTemplate":"https:\/\/greenpoppy.se\/en\/?s={search_term_string}"},"query-input":{"@type":"PropertyValueSpecification","valueRequired":true,"valueName":"search_term_string"}}],"inLanguage":"en-GB"},{"@type":"Organization","@id":"https:\/\/greenpoppy.se\/en\/#organization","name":"Green Poppy","url":"https:\/\/greenpoppy.se\/en\/","logo":{"@type":"ImageObject","inLanguage":"en-GB","@id":"https:\/\/greenpoppy.se\/en\/#\/schema\/logo\/image\/","url":"https:\/\/greenpoppy.se\/wp-content\/uploads\/2025\/01\/Logga_Officiell.svg","contentUrl":"https:\/\/greenpoppy.se\/wp-content\/uploads\/2025\/01\/Logga_Officiell.svg","width":1,"height":1,"caption":"Green Poppy"},"image":{"@id":"https:\/\/greenpoppy.se\/en\/#\/schema\/logo\/image\/"},"sameAs":["https:\/\/www.facebook.com\/profile.php?id=61554367862205","https:\/\/www.instagram.com\/greenpoppy.se\/"]}]}},"_links":{"self":[{"href":"https:\/\/greenpoppy.se\/en\/wp-json\/wp\/v2\/product\/6082","targetHints":{"allow":["GET"]}}],"collection":[{"href":"https:\/\/greenpoppy.se\/en\/wp-json\/wp\/v2\/product"}],"about":[{"href":"https:\/\/greenpoppy.se\/en\/wp-json\/wp\/v2\/types\/product"}],"replies":[{"embeddable":true,"href":"https:\/\/greenpoppy.se\/en\/wp-json\/wp\/v2\/comments?post=6082"}],"wp:attachment":[{"href":"https:\/\/greenpoppy.se\/en\/wp-json\/wp\/v2\/media?parent=6082"}],"wp:term":[{"taxonomy":"product_brand","embeddable":true,"href":"https:\/\/greenpoppy.se\/en\/wp-json\/wp\/v2\/product_brand?post=6082"},{"taxonomy":"product_cat","embeddable":true,"href":"https:\/\/greenpoppy.se\/en\/wp-json\/wp\/v2\/product_cat?post=6082"},{"taxonomy":"product_tag","embeddable":true,"href":"https:\/\/greenpoppy.se\/en\/wp-json\/wp\/v2\/product_tag?post=6082"}],"curies":[{"name":"wp","href":"https:\/\/api.w.org\/{rel}","templated":true}]}}