{"id":6556,"date":"2026-02-07T17:48:05","date_gmt":"2026-02-07T16:48:05","guid":{"rendered":"https:\/\/greenpoppy.se\/?post_type=product&#038;p=6556"},"modified":"2026-02-07T17:50:46","modified_gmt":"2026-02-07T16:50:46","slug":"sio-paket","status":"publish","type":"product","link":"https:\/\/greenpoppy.se\/en\/product\/sio-paket\/","title":{"rendered":"SIO-bundle"},"content":{"rendered":"<p data-start=\"136\" data-end=\"340\">Detta SIO-paket \u00e4r perfekt f\u00f6r dig som \u00e4r nyfiken p\u00e5 eller redan f\u00f6r\u00e4lskad i det smarta och flexibla systemet snap in one. Ett modernt tygbl\u00f6jesystem som kombinerar enkelhet, ekonomi och h\u00f6g funktion. Dessutom sparar du 20% p\u00e5 att k\u00f6pa paketet ist\u00e4llet f\u00f6r att k\u00f6pa produkterna var f\u00f6r sig.<\/p>\n<p data-start=\"342\" data-end=\"685\">SIO (snap in one) inneb\u00e4r att du kn\u00e4pper fast absorberande inl\u00e4gg direkt i ett vattent\u00e4tt skal. N\u00e4r inl\u00e4ggen \u00e4r fastkn\u00e4ppta har du en komplett tygbl\u00f6ja redo att anv\u00e4ndas. Green Poppys inl\u00e4gg \u00e4r tillverkade i otroligt mjuk bambufrott\u00e9 och har en knapp i ena \u00e4nden vilket g\u00f6r att de ligger stadigt p\u00e5 plats i skalet \u00e4ven n\u00e4r barnet r\u00f6r sig mycket.<\/p>\n<p data-start=\"687\" data-end=\"1036\">Den stora f\u00f6rdelen med ett sio-paket \u00e4r att det \u00e4r ett mycket ekonomiskt och h\u00e5llbart system. Vid bl\u00f6jbyte byter du i de flesta fall endast inl\u00e4ggen och kan forts\u00e4tta anv\u00e4nda samma skal flera g\u00e5nger. Skalet beh\u00f6ver bytas f\u00f6rst n\u00e4r det blivit smutsigt av bajs eller om det k\u00e4nns ofr\u00e4scht. Det betyder f\u00e4rre skal i tv\u00e4tten och mindre slitage \u00f6ver tid.<\/p>\n<p data-start=\"1038\" data-end=\"1290\">F\u00f6r optimal absorption rekommenderar vi att anv\u00e4nda tv\u00e5 inl\u00e4gg i varje skal. Det ger totalt \u00e5tta lager bambu som tillsammans arbetar f\u00f6r h\u00f6g uppsugningsf\u00f6rm\u00e5ga och god fukthantering. En kombination som passar b\u00e5de dagtid och f\u00f6r barn som kissar mycket.<\/p>\n<p data-start=\"1292\" data-end=\"1567\">Green Poppys pul-skal \u00e4r mjuka f\u00f6ljsamma och bekv\u00e4ma f\u00f6r barnet. De \u00e4r one size och passar fr\u00e5n cirka 4 kilo upp till runt 20 kilo tack vare smarta justerbara knappar. Res\u00e5r i rygg och runt ben ger en bra passform och hj\u00e4lper till att h\u00e5lla inne \u00e4ven de v\u00e4rsta bajsolyckorna.<\/p>\n<h3 data-start=\"1569\" data-end=\"1593\">Inneh\u00e5ll i sio-paket<\/h3>\n<p data-start=\"1594\" data-end=\"1659\">\u2022 Bambufrott\u00e9inl\u00e4gg med knapp 40 stycken. <a href=\"https:\/\/greenpoppy.se\/en\/product\/bambufrotteinlagg\/\">H\u00e4r kan du l\u00e4sa mer om inl\u00e4ggen<\/a>.<br data-start=\"1634\" data-end=\"1637\" \/>\u2022 Pul-skal 5 stycken. <a href=\"https:\/\/greenpoppy.se\/en\/product\/pul-skal-one-size\/\">H\u00e4r finns mer info om skalen<\/a>.<\/p>\n<h3 data-start=\"1661\" data-end=\"1673\">Wash advice<\/h3>\n<p data-start=\"1674\" data-end=\"1958\">Tv\u00e4tta inl\u00e4gg och skal i 60 grader.<br data-start=\"1717\" data-end=\"1720\" \/>Anv\u00e4nd ett parfymfritt tv\u00e4ttmedel utan enzymer och utan mjukg\u00f6rare.<br data-start=\"1787\" data-end=\"1790\" \/>Sk\u00f6ljmedel ska undvikas d\u00e5 det f\u00f6rs\u00e4mrar uppsugningsf\u00f6rm\u00e5gan.<br data-start=\"1851\" data-end=\"1854\" \/>Inl\u00e4ggen kan h\u00e4ngtorkas eller torktumlas p\u00e5 l\u00e5g v\u00e4rme.<br data-start=\"1908\" data-end=\"1911\" \/>Pul-skal b\u00f6r h\u00e4ngtorkas f\u00f6r l\u00e4ngre livsl\u00e4ngd.<\/p>\n<p data-start=\"1960\" data-end=\"2129\">Ett sio-paket \u00e4r ett utm\u00e4rkt val f\u00f6r dig som vill ha ett smidigt system som \u00e4r enkelt att anv\u00e4nda i vardagen samtidigt som det \u00e4r sn\u00e4llt mot b\u00e5de pl\u00e5nboken och milj\u00f6n.<\/p>","protected":false},"excerpt":{"rendered":"<p>Praktiskt och ekonomiskt sio-paket med snap in one system. Kn\u00e4pp fast mjuka bambuinl\u00e4gg i ett pul skal och byt bara inl\u00e4ggen vid bl\u00f6jbyte. Ett flexibelt tygbl\u00f6jesystem som ger h\u00f6g absorption bra passform och l\u00e5ng anv\u00e4ndningstid fr\u00e5n cirka 4 till 20 kilo. Spara 20% p\u00e5 att k\u00f6pa paket ist\u00e4llet f\u00f6r att k\u00f6pa alla produkter var f\u00f6r sig.<\/p>","protected":false},"featured_media":6557,"comment_status":"open","ping_status":"closed","template":"","meta":[],"product_brand":[],"product_cat":[129],"product_tag":[],"class_list":{"0":"post-6556","1":"product","2":"type-product","3":"status-publish","4":"has-post-thumbnail","6":"product_cat-paketerbjudanden","8":"first","9":"instock","10":"virtual","11":"taxable","12":"purchasable","13":"product-type-bundle"},"bundled_by":[],"bundle_stock_status":"insufficientstock","bundle_stock_quantity":0,"bundle_virtual":false,"bundle_layout":"default","bundle_add_to_cart_form_location":"default","bundle_editable_in_cart":false,"bundle_sold_individually_context":"product","bundle_item_grouping":"parent","bundle_min_size":"","bundle_max_size":"","bundle_price":{"price":{"min":{"incl_tax":"2599","excl_tax":"2079.2"},"max":{"incl_tax":"2599","excl_tax":"2079.2"}},"regular_price":{"min":{"incl_tax":"2599","excl_tax":"2079.2"},"max":{"incl_tax":"2599","excl_tax":"2079.2"}}},"bundled_items":[{"bundled_item_id":299,"product_id":3113,"menu_order":0,"quantity_min":1,"quantity_max":1,"quantity_default":1,"priced_individually":false,"shipped_individually":false,"override_title":true,"title":"Pul-skal 1","override_description":true,"description":"","optional":false,"hide_thumbnail":false,"discount":"","override_variations":false,"allowed_variations":[],"override_default_variation_attributes":false,"default_variation_attributes":[],"single_product_visibility":"visible","cart_visibility":"visible","order_visibility":"visible","single_product_price_visibility":"visible","cart_price_visibility":"visible","order_price_visibility":"visible","stock_status":"in_stock"},{"bundled_item_id":295,"product_id":3113,"menu_order":1,"quantity_min":1,"quantity_max":1,"quantity_default":1,"priced_individually":false,"shipped_individually":false,"override_title":true,"title":"Pul-skal 2","override_description":true,"description":"","optional":false,"hide_thumbnail":false,"discount":"","override_variations":false,"allowed_variations":[],"override_default_variation_attributes":false,"default_variation_attributes":[],"single_product_visibility":"visible","cart_visibility":"visible","order_visibility":"visible","single_product_price_visibility":"visible","cart_price_visibility":"visible","order_price_visibility":"visible","stock_status":"in_stock"},{"bundled_item_id":296,"product_id":3113,"menu_order":2,"quantity_min":1,"quantity_max":1,"quantity_default":1,"priced_individually":false,"shipped_individually":false,"override_title":true,"title":"Pul-skal 3","override_description":true,"description":"","optional":false,"hide_thumbnail":false,"discount":"","override_variations":false,"allowed_variations":[],"override_default_variation_attributes":false,"default_variation_attributes":[],"single_product_visibility":"visible","cart_visibility":"visible","order_visibility":"visible","single_product_price_visibility":"visible","cart_price_visibility":"visible","order_price_visibility":"visible","stock_status":"in_stock"},{"bundled_item_id":297,"product_id":3113,"menu_order":3,"quantity_min":1,"quantity_max":1,"quantity_default":1,"priced_individually":false,"shipped_individually":false,"override_title":true,"title":"Pul-skal 4","override_description":true,"description":"","optional":false,"hide_thumbnail":false,"discount":"","override_variations":false,"allowed_variations":[],"override_default_variation_attributes":false,"default_variation_attributes":[],"single_product_visibility":"visible","cart_visibility":"visible","order_visibility":"visible","single_product_price_visibility":"visible","cart_price_visibility":"visible","order_price_visibility":"visible","stock_status":"in_stock"},{"bundled_item_id":300,"product_id":3113,"menu_order":4,"quantity_min":1,"quantity_max":1,"quantity_default":1,"priced_individually":false,"shipped_individually":false,"override_title":true,"title":"Pul-skal 5","override_description":true,"description":"","optional":false,"hide_thumbnail":false,"discount":"","override_variations":false,"allowed_variations":[],"override_default_variation_attributes":false,"default_variation_attributes":[],"single_product_visibility":"visible","cart_visibility":"visible","order_visibility":"visible","single_product_price_visibility":"visible","cart_price_visibility":"visible","order_price_visibility":"visible","stock_status":"in_stock"},{"bundled_item_id":298,"product_id":828,"menu_order":5,"quantity_min":40,"quantity_max":40,"quantity_default":40,"priced_individually":false,"shipped_individually":false,"override_title":false,"title":"Bamboo Terry insert with snap","override_description":true,"description":"","optional":false,"hide_thumbnail":false,"discount":"","override_variations":false,"allowed_variations":[],"override_default_variation_attributes":false,"default_variation_attributes":[],"single_product_visibility":"visible","cart_visibility":"visible","order_visibility":"visible","single_product_price_visibility":"visible","cart_price_visibility":"visible","order_price_visibility":"visible","stock_status":"out_of_stock"}],"bundle_sell_ids":[],"yoast_head":"<!-- This site is optimized with the Yoast SEO plugin v27.4 - https:\/\/yoast.com\/product\/yoast-seo-wordpress\/ -->\n<title>SIO-paket - Green Poppy<\/title>\n<meta name=\"description\" content=\"Sio-paket med snap in one system. Mjuka bambuinl\u00e4gg och pul skal som ger h\u00f6g absorption bra passform och ett ekonomiskt och smidigt tygbl\u00f6jesystem.\" \/>\n<meta name=\"robots\" content=\"index, follow, max-snippet:-1, max-image-preview:large, max-video-preview:-1\" \/>\n<link rel=\"canonical\" href=\"https:\/\/greenpoppy.se\/en\/product\/sio-paket\/\" \/>\n<meta property=\"og:locale\" content=\"en_GB\" \/>\n<meta property=\"og:type\" content=\"article\" \/>\n<meta property=\"og:title\" content=\"SIO-paket - Green Poppy\" \/>\n<meta property=\"og:description\" content=\"Sio-paket med snap in one system. Mjuka bambuinl\u00e4gg och pul skal som ger h\u00f6g absorption bra passform och ett ekonomiskt och smidigt tygbl\u00f6jesystem.\" \/>\n<meta property=\"og:url\" content=\"https:\/\/greenpoppy.se\/en\/product\/sio-paket\/\" \/>\n<meta property=\"og:site_name\" content=\"Green Poppy\" \/>\n<meta property=\"article:publisher\" content=\"https:\/\/www.facebook.com\/profile.php?id=61554367862205\" \/>\n<meta property=\"article:modified_time\" content=\"2026-02-07T16:50:46+00:00\" \/>\n<meta property=\"og:image\" content=\"https:\/\/greenpoppy.se\/wp-content\/uploads\/2026\/02\/Prova-pa-tygblojor-3.png\" \/>\n\t<meta property=\"og:image:width\" content=\"1080\" \/>\n\t<meta property=\"og:image:height\" content=\"1080\" \/>\n\t<meta property=\"og:image:type\" content=\"image\/png\" \/>\n<meta name=\"twitter:card\" content=\"summary_large_image\" \/>\n<meta name=\"twitter:label1\" content=\"Estimated reading time\" \/>\n\t<meta name=\"twitter:data1\" content=\"2 minutes\" \/>\n<script type=\"application\/ld+json\" class=\"yoast-schema-graph\">{\"@context\":\"https:\\\/\\\/schema.org\",\"@graph\":[{\"@type\":\"WebPage\",\"@id\":\"https:\\\/\\\/greenpoppy.se\\\/produkt\\\/sio-paket\\\/\",\"url\":\"https:\\\/\\\/greenpoppy.se\\\/produkt\\\/sio-paket\\\/\",\"name\":\"SIO-paket - Green Poppy\",\"isPartOf\":{\"@id\":\"https:\\\/\\\/greenpoppy.se\\\/en\\\/#website\"},\"primaryImageOfPage\":{\"@id\":\"https:\\\/\\\/greenpoppy.se\\\/produkt\\\/sio-paket\\\/#primaryimage\"},\"image\":{\"@id\":\"https:\\\/\\\/greenpoppy.se\\\/produkt\\\/sio-paket\\\/#primaryimage\"},\"thumbnailUrl\":\"https:\\\/\\\/greenpoppy.se\\\/wp-content\\\/uploads\\\/2026\\\/02\\\/Prova-pa-tygblojor-3.png\",\"datePublished\":\"2026-02-07T16:48:05+00:00\",\"dateModified\":\"2026-02-07T16:50:46+00:00\",\"description\":\"Sio-paket med snap in one system. Mjuka bambuinl\u00e4gg och pul skal som ger h\u00f6g absorption bra passform och ett ekonomiskt och smidigt tygbl\u00f6jesystem.\",\"breadcrumb\":{\"@id\":\"https:\\\/\\\/greenpoppy.se\\\/produkt\\\/sio-paket\\\/#breadcrumb\"},\"inLanguage\":\"en-GB\",\"potentialAction\":[{\"@type\":\"ReadAction\",\"target\":[\"https:\\\/\\\/greenpoppy.se\\\/produkt\\\/sio-paket\\\/\"]}]},{\"@type\":\"ImageObject\",\"inLanguage\":\"en-GB\",\"@id\":\"https:\\\/\\\/greenpoppy.se\\\/produkt\\\/sio-paket\\\/#primaryimage\",\"url\":\"https:\\\/\\\/greenpoppy.se\\\/wp-content\\\/uploads\\\/2026\\\/02\\\/Prova-pa-tygblojor-3.png\",\"contentUrl\":\"https:\\\/\\\/greenpoppy.se\\\/wp-content\\\/uploads\\\/2026\\\/02\\\/Prova-pa-tygblojor-3.png\",\"width\":1080,\"height\":1080,\"caption\":\"sio snap in one prova p\u00e5 tygbl\u00f6jor paket startpaket\"},{\"@type\":\"BreadcrumbList\",\"@id\":\"https:\\\/\\\/greenpoppy.se\\\/produkt\\\/sio-paket\\\/#breadcrumb\",\"itemListElement\":[{\"@type\":\"ListItem\",\"position\":1,\"name\":\"Hem\",\"item\":\"https:\\\/\\\/greenpoppy.se\\\/\"},{\"@type\":\"ListItem\",\"position\":2,\"name\":\"Butik\",\"item\":\"https:\\\/\\\/greenpoppy.se\\\/butik\\\/\"},{\"@type\":\"ListItem\",\"position\":3,\"name\":\"SIO-paket\"}]},{\"@type\":\"WebSite\",\"@id\":\"https:\\\/\\\/greenpoppy.se\\\/en\\\/#website\",\"url\":\"https:\\\/\\\/greenpoppy.se\\\/en\\\/\",\"name\":\"Green Poppy\",\"description\":\"H\u00e5llbara och \u00e5teranv\u00e4ndbara tygbl\u00f6jor\",\"publisher\":{\"@id\":\"https:\\\/\\\/greenpoppy.se\\\/en\\\/#organization\"},\"potentialAction\":[{\"@type\":\"SearchAction\",\"target\":{\"@type\":\"EntryPoint\",\"urlTemplate\":\"https:\\\/\\\/greenpoppy.se\\\/en\\\/?s={search_term_string}\"},\"query-input\":{\"@type\":\"PropertyValueSpecification\",\"valueRequired\":true,\"valueName\":\"search_term_string\"}}],\"inLanguage\":\"en-GB\"},{\"@type\":\"Organization\",\"@id\":\"https:\\\/\\\/greenpoppy.se\\\/en\\\/#organization\",\"name\":\"Green Poppy\",\"url\":\"https:\\\/\\\/greenpoppy.se\\\/en\\\/\",\"logo\":{\"@type\":\"ImageObject\",\"inLanguage\":\"en-GB\",\"@id\":\"https:\\\/\\\/greenpoppy.se\\\/en\\\/#\\\/schema\\\/logo\\\/image\\\/\",\"url\":\"https:\\\/\\\/greenpoppy.se\\\/wp-content\\\/uploads\\\/2025\\\/01\\\/Logga_Officiell.svg\",\"contentUrl\":\"https:\\\/\\\/greenpoppy.se\\\/wp-content\\\/uploads\\\/2025\\\/01\\\/Logga_Officiell.svg\",\"width\":1,\"height\":1,\"caption\":\"Green Poppy\"},\"image\":{\"@id\":\"https:\\\/\\\/greenpoppy.se\\\/en\\\/#\\\/schema\\\/logo\\\/image\\\/\"},\"sameAs\":[\"https:\\\/\\\/www.facebook.com\\\/profile.php?id=61554367862205\",\"https:\\\/\\\/www.instagram.com\\\/greenpoppy.se\\\/\"]}]}<\/script>\n<!-- \/ Yoast SEO plugin. -->","yoast_head_json":{"title":"SIO-paket - Green Poppy","description":"Sio-paket med snap in one system. Mjuka bambuinl\u00e4gg och pul skal som ger h\u00f6g absorption bra passform och ett ekonomiskt och smidigt tygbl\u00f6jesystem.","robots":{"index":"index","follow":"follow","max-snippet":"max-snippet:-1","max-image-preview":"max-image-preview:large","max-video-preview":"max-video-preview:-1"},"canonical":"https:\/\/greenpoppy.se\/en\/product\/sio-paket\/","og_locale":"en_GB","og_type":"article","og_title":"SIO-paket - Green Poppy","og_description":"Sio-paket med snap in one system. Mjuka bambuinl\u00e4gg och pul skal som ger h\u00f6g absorption bra passform och ett ekonomiskt och smidigt tygbl\u00f6jesystem.","og_url":"https:\/\/greenpoppy.se\/en\/product\/sio-paket\/","og_site_name":"Green Poppy","article_publisher":"https:\/\/www.facebook.com\/profile.php?id=61554367862205","article_modified_time":"2026-02-07T16:50:46+00:00","og_image":[{"width":1080,"height":1080,"url":"https:\/\/greenpoppy.se\/wp-content\/uploads\/2026\/02\/Prova-pa-tygblojor-3.png","type":"image\/png"}],"twitter_card":"summary_large_image","twitter_misc":{"Estimated reading time":"2 minutes"},"schema":{"@context":"https:\/\/schema.org","@graph":[{"@type":"WebPage","@id":"https:\/\/greenpoppy.se\/produkt\/sio-paket\/","url":"https:\/\/greenpoppy.se\/produkt\/sio-paket\/","name":"SIO-paket - Green Poppy","isPartOf":{"@id":"https:\/\/greenpoppy.se\/en\/#website"},"primaryImageOfPage":{"@id":"https:\/\/greenpoppy.se\/produkt\/sio-paket\/#primaryimage"},"image":{"@id":"https:\/\/greenpoppy.se\/produkt\/sio-paket\/#primaryimage"},"thumbnailUrl":"https:\/\/greenpoppy.se\/wp-content\/uploads\/2026\/02\/Prova-pa-tygblojor-3.png","datePublished":"2026-02-07T16:48:05+00:00","dateModified":"2026-02-07T16:50:46+00:00","description":"Sio-paket med snap in one system. Mjuka bambuinl\u00e4gg och pul skal som ger h\u00f6g absorption bra passform och ett ekonomiskt och smidigt tygbl\u00f6jesystem.","breadcrumb":{"@id":"https:\/\/greenpoppy.se\/produkt\/sio-paket\/#breadcrumb"},"inLanguage":"en-GB","potentialAction":[{"@type":"ReadAction","target":["https:\/\/greenpoppy.se\/produkt\/sio-paket\/"]}]},{"@type":"ImageObject","inLanguage":"en-GB","@id":"https:\/\/greenpoppy.se\/produkt\/sio-paket\/#primaryimage","url":"https:\/\/greenpoppy.se\/wp-content\/uploads\/2026\/02\/Prova-pa-tygblojor-3.png","contentUrl":"https:\/\/greenpoppy.se\/wp-content\/uploads\/2026\/02\/Prova-pa-tygblojor-3.png","width":1080,"height":1080,"caption":"sio snap in one prova p\u00e5 tygbl\u00f6jor paket startpaket"},{"@type":"BreadcrumbList","@id":"https:\/\/greenpoppy.se\/produkt\/sio-paket\/#breadcrumb","itemListElement":[{"@type":"ListItem","position":1,"name":"Hem","item":"https:\/\/greenpoppy.se\/"},{"@type":"ListItem","position":2,"name":"Butik","item":"https:\/\/greenpoppy.se\/butik\/"},{"@type":"ListItem","position":3,"name":"SIO-paket"}]},{"@type":"WebSite","@id":"https:\/\/greenpoppy.se\/en\/#website","url":"https:\/\/greenpoppy.se\/en\/","name":"Green Poppy","description":"H\u00e5llbara och \u00e5teranv\u00e4ndbara tygbl\u00f6jor","publisher":{"@id":"https:\/\/greenpoppy.se\/en\/#organization"},"potentialAction":[{"@type":"SearchAction","target":{"@type":"EntryPoint","urlTemplate":"https:\/\/greenpoppy.se\/en\/?s={search_term_string}"},"query-input":{"@type":"PropertyValueSpecification","valueRequired":true,"valueName":"search_term_string"}}],"inLanguage":"en-GB"},{"@type":"Organization","@id":"https:\/\/greenpoppy.se\/en\/#organization","name":"Green Poppy","url":"https:\/\/greenpoppy.se\/en\/","logo":{"@type":"ImageObject","inLanguage":"en-GB","@id":"https:\/\/greenpoppy.se\/en\/#\/schema\/logo\/image\/","url":"https:\/\/greenpoppy.se\/wp-content\/uploads\/2025\/01\/Logga_Officiell.svg","contentUrl":"https:\/\/greenpoppy.se\/wp-content\/uploads\/2025\/01\/Logga_Officiell.svg","width":1,"height":1,"caption":"Green Poppy"},"image":{"@id":"https:\/\/greenpoppy.se\/en\/#\/schema\/logo\/image\/"},"sameAs":["https:\/\/www.facebook.com\/profile.php?id=61554367862205","https:\/\/www.instagram.com\/greenpoppy.se\/"]}]}},"_links":{"self":[{"href":"https:\/\/greenpoppy.se\/en\/wp-json\/wp\/v2\/product\/6556","targetHints":{"allow":["GET"]}}],"collection":[{"href":"https:\/\/greenpoppy.se\/en\/wp-json\/wp\/v2\/product"}],"about":[{"href":"https:\/\/greenpoppy.se\/en\/wp-json\/wp\/v2\/types\/product"}],"replies":[{"embeddable":true,"href":"https:\/\/greenpoppy.se\/en\/wp-json\/wp\/v2\/comments?post=6556"}],"wp:featuredmedia":[{"embeddable":true,"href":"https:\/\/greenpoppy.se\/en\/wp-json\/wp\/v2\/media\/6557"}],"wp:attachment":[{"href":"https:\/\/greenpoppy.se\/en\/wp-json\/wp\/v2\/media?parent=6556"}],"wp:term":[{"taxonomy":"product_brand","embeddable":true,"href":"https:\/\/greenpoppy.se\/en\/wp-json\/wp\/v2\/product_brand?post=6556"},{"taxonomy":"product_cat","embeddable":true,"href":"https:\/\/greenpoppy.se\/en\/wp-json\/wp\/v2\/product_cat?post=6556"},{"taxonomy":"product_tag","embeddable":true,"href":"https:\/\/greenpoppy.se\/en\/wp-json\/wp\/v2\/product_tag?post=6556"}],"curies":[{"name":"wp","href":"https:\/\/api.w.org\/{rel}","templated":true}]}}