{"id":828,"date":"2024-01-11T21:05:58","date_gmt":"2024-01-11T20:05:58","guid":{"rendered":"http:\/\/greenpoppy.se\/?post_type=product&#038;p=828"},"modified":"2026-02-24T10:16:06","modified_gmt":"2026-02-24T09:16:06","slug":"bambufrotteinlagg","status":"publish","type":"product","link":"https:\/\/greenpoppy.se\/en\/product\/bambufrotteinlagg\/","title":{"rendered":"Bamboo Terry insert with snap"},"content":{"rendered":"<h2>Bamboo Terry insert with snap<\/h2>\n<p><strong>Obs! Inl\u00e4gg som s\u00e4ljs i december 2025 har ej bl\u00e5 kant utan vit kant.<\/strong><\/p>\n<p><strong>Bambufrott\u00e9inl\u00e4gg \u00e4r mjukt! Oj, ja, s\u00e5 mjukt! <\/strong>Detta bambufrott\u00e9inl\u00e4gg k\u00e4nns otroligt gosigt och passar perfekt i v\u00e5ra pul-skal. Den mjuka ytan skyddar barnets k\u00e4nsliga hud och ger en behaglig bl\u00f6jupplevelse. Inl\u00e4gget best\u00e5r av fyra lager bambufrott\u00e9 som suger upp v\u00e4tska effektivt samtidigt som det beh\u00e5ller sin mjukhet och komfort \u00f6ver tid.<\/p>\n<p>F\u00f6r \u00e4nnu b\u00e4ttre absorption kan du enkelt kombinera inl\u00e4gget med ett extra bambufrott\u00e9inl\u00e4gg eller placera ett hampainl\u00e4gg underst. Detta ger bl\u00f6jan maximal uppsugningsf\u00f6rm\u00e5ga, vilket \u00e4r perfekt om du har ett barn som beh\u00f6ver extra skydd, till exempel under l\u00e4ngre perioder eller p\u00e5 natten. Inl\u00e4gget fungerar ocks\u00e5 bra i ett pul-skal d\u00e4r du kan byta endast inl\u00e4gget vid behov. PUL-skalet kan \u00e5teranv\u00e4ndas tills det beh\u00f6vs bytas, det vill s\u00e4ga n\u00e4r det kommer bajs p\u00e5 det eller det b\u00f6rjar k\u00e4nnas ofr\u00e4scht. Det g\u00f6r det b\u00e5de praktiskt och ekonomiskt att anv\u00e4nda samma skal om och om igen.<\/p>\n<h3>Material och storlek<\/h3>\n<ul>\n<li>Material: 85% bambuviskos, 15% polyester<\/li>\n<li>Antal lager: 4 lager<\/li>\n<li>Storlek: 35 x 12 cm<\/li>\n<\/ul>\n<h3>Pul-skal \/ SIO kompatibelt<\/h3>\n<p>Inl\u00e4gget \u00e4r utrustat med en knapp p\u00e5 ena sidan som g\u00f6r det enkelt att f\u00e4sta i ett <a href=\"http:\/\/greenpoppy.se\/en\/product\/pul-skal-one-size\/\">pul-skal<\/a>. Om du inte vill anv\u00e4nda knappen kan du ocks\u00e5 anv\u00e4nda inl\u00e4gget utan att f\u00e4sta det. Green Poppys pul-skal har dessutom fl\u00e4rpar av PUL b\u00e5de fram och bak f\u00f6r att g\u00f6ra det l\u00e4ttare att f\u00e5 inl\u00e4gget att ligga p\u00e5 plats. Denna funktion g\u00f6r att inl\u00e4gget inte r\u00f6r sig under anv\u00e4ndning, vilket ger extra trygghet och komfort f\u00f6r ditt barn. Om du \u00f6nskar att k\u00f6pa skal och inl\u00e4gg till ett f\u00f6rm\u00e5nligt pris ska du <a href=\"https:\/\/greenpoppy.se\/en\/product\/sio\/\">trycka h\u00e4r<\/a>.<\/p>\n<h3>Tv\u00e4ttrutiner f\u00f6r bambufrott\u00e9inl\u00e4gg<\/h3>\n<p>Tv\u00e4tta inl\u00e4gget tre till fem g\u00e5nger innan du anv\u00e4nder det f\u00f6r att uppn\u00e5 maximal absorption. Tv\u00e4tta det vid 60 grader och l\u00e5t det helst h\u00e4ngtorka f\u00f6r att bevara b\u00e5de form och funktion. Om du v\u00e4ljer att torktumla, kan kanterna p\u00e5 inl\u00e4gget bli n\u00e5got kn\u00f6liga. D\u00e5 kan du enkelt str\u00e4cka ut inl\u00e4gget \u00f6ver en bordskant n\u00e4r det \u00e4r torrt, och det kommer att \u00e5terf\u00e5 sin raka och mjuka form.<\/p>\n<p>F\u00f6r fler anv\u00e4ndbara tips om hur du tv\u00e4ttar tygbl\u00f6jor och inl\u00e4gg p\u00e5 b\u00e4sta s\u00e4tt, <a href=\"http:\/\/greenpoppy.se\/en\/tvattrutiner\/\">l\u00e4s g\u00e4rna mer h\u00e4r<\/a>!<\/p>\n<p>Green Poppy is collaborating with <a href=\"https:\/\/blojupproret.se\">Bl\u00f6jupproret<\/a>.<\/p>","protected":false},"excerpt":{"rendered":"<p>Ett inl\u00e4gg med 4 lager supermjuk och absorberande bambufrott\u00e9. Har en knapp s\u00e5 inl\u00e4gget kan f\u00e4stas i ett pul-skal. \u00c4r 35 x 12 cm.<\/p>","protected":false},"featured_media":5689,"comment_status":"open","ping_status":"closed","template":"","meta":[],"product_brand":[],"product_cat":[103],"product_tag":[],"class_list":{"0":"post-828","1":"product","2":"type-product","3":"status-publish","4":"has-post-thumbnail","6":"product_cat-inlagg-och-tvattlappar","8":"first","9":"outofstock","10":"featured","11":"taxable","12":"shipping-taxable","13":"purchasable","14":"product-type-simple"},"bundled_by":["4693","5426","2713","6556"],"bundle_stock_status":"outofstock","bundle_stock_quantity":0,"bundle_virtual":false,"bundle_layout":"","bundle_add_to_cart_form_location":"","bundle_editable_in_cart":false,"bundle_sold_individually_context":"","bundle_item_grouping":"","bundle_min_size":"","bundle_max_size":"","bundle_price":[],"bundled_items":[],"bundle_sell_ids":[],"yoast_head":"<!-- This site is optimized with the Yoast SEO plugin v27.5 - https:\/\/yoast.com\/product\/yoast-seo-wordpress\/ -->\n<title>Bambufrott\u00e9inl\u00e4gg med knapp - Green Poppy<\/title>\n<meta name=\"description\" content=\"Ett supermjukt bambufrott\u00e9inl\u00e4gg till tygbl\u00f6jor. Har en knapp, kan f\u00e4stas i PUL-skal eller anv\u00e4ndas i pocketbl\u00f6jor f\u00f6r extra absorption.\" \/>\n<meta name=\"robots\" content=\"index, follow, max-snippet:-1, max-image-preview:large, max-video-preview:-1\" \/>\n<link rel=\"canonical\" href=\"https:\/\/greenpoppy.se\/en\/product\/bambufrotteinlagg\/\" \/>\n<meta property=\"og:locale\" content=\"en_GB\" \/>\n<meta property=\"og:type\" content=\"article\" \/>\n<meta property=\"og:title\" content=\"Bambufrott\u00e9inl\u00e4gg med knapp - Green Poppy\" \/>\n<meta property=\"og:description\" content=\"Ett supermjukt bambufrott\u00e9inl\u00e4gg till tygbl\u00f6jor. Har en knapp, kan f\u00e4stas i PUL-skal eller anv\u00e4ndas i pocketbl\u00f6jor f\u00f6r extra absorption.\" \/>\n<meta property=\"og:url\" content=\"https:\/\/greenpoppy.se\/en\/product\/bambufrotteinlagg\/\" \/>\n<meta property=\"og:site_name\" content=\"Green Poppy\" \/>\n<meta property=\"article:publisher\" content=\"https:\/\/www.facebook.com\/profile.php?id=61554367862205\" \/>\n<meta property=\"article:modified_time\" content=\"2026-02-24T09:16:06+00:00\" \/>\n<meta property=\"og:image\" content=\"https:\/\/greenpoppy.se\/wp-content\/uploads\/2024\/01\/Produktbilder-pockets-2.png\" \/>\n\t<meta property=\"og:image:width\" content=\"1500\" \/>\n\t<meta property=\"og:image:height\" content=\"1500\" \/>\n\t<meta property=\"og:image:type\" content=\"image\/png\" \/>\n<meta name=\"twitter:card\" content=\"summary_large_image\" \/>\n<meta name=\"twitter:label1\" content=\"Estimated reading time\" \/>\n\t<meta name=\"twitter:data1\" content=\"3 minutes\" \/>\n<script type=\"application\/ld+json\" class=\"yoast-schema-graph\">{\"@context\":\"https:\\\/\\\/schema.org\",\"@graph\":[{\"@type\":\"WebPage\",\"@id\":\"https:\\\/\\\/greenpoppy.se\\\/produkt\\\/bambufrotteinlagg\\\/\",\"url\":\"https:\\\/\\\/greenpoppy.se\\\/produkt\\\/bambufrotteinlagg\\\/\",\"name\":\"Bambufrott\u00e9inl\u00e4gg med knapp - Green Poppy\",\"isPartOf\":{\"@id\":\"https:\\\/\\\/greenpoppy.se\\\/en\\\/#website\"},\"primaryImageOfPage\":{\"@id\":\"https:\\\/\\\/greenpoppy.se\\\/produkt\\\/bambufrotteinlagg\\\/#primaryimage\"},\"image\":{\"@id\":\"https:\\\/\\\/greenpoppy.se\\\/produkt\\\/bambufrotteinlagg\\\/#primaryimage\"},\"thumbnailUrl\":\"https:\\\/\\\/greenpoppy.se\\\/wp-content\\\/uploads\\\/2024\\\/01\\\/Produktbilder-pockets-2.png\",\"datePublished\":\"2024-01-11T20:05:58+00:00\",\"dateModified\":\"2026-02-24T09:16:06+00:00\",\"description\":\"Ett supermjukt bambufrott\u00e9inl\u00e4gg till tygbl\u00f6jor. Har en knapp, kan f\u00e4stas i PUL-skal eller anv\u00e4ndas i pocketbl\u00f6jor f\u00f6r extra absorption.\",\"breadcrumb\":{\"@id\":\"https:\\\/\\\/greenpoppy.se\\\/produkt\\\/bambufrotteinlagg\\\/#breadcrumb\"},\"inLanguage\":\"en-GB\",\"potentialAction\":[{\"@type\":\"ReadAction\",\"target\":[\"https:\\\/\\\/greenpoppy.se\\\/produkt\\\/bambufrotteinlagg\\\/\"]}]},{\"@type\":\"ImageObject\",\"inLanguage\":\"en-GB\",\"@id\":\"https:\\\/\\\/greenpoppy.se\\\/produkt\\\/bambufrotteinlagg\\\/#primaryimage\",\"url\":\"https:\\\/\\\/greenpoppy.se\\\/wp-content\\\/uploads\\\/2024\\\/01\\\/Produktbilder-pockets-2.png\",\"contentUrl\":\"https:\\\/\\\/greenpoppy.se\\\/wp-content\\\/uploads\\\/2024\\\/01\\\/Produktbilder-pockets-2.png\",\"width\":1500,\"height\":1500,\"caption\":\"inl\u00e4gg i bambufrotte bambu hampa bomull nyf\u00f6dd bl\u00f6jor tygbl\u00f6ja tygbl\u00f6jor\"},{\"@type\":\"BreadcrumbList\",\"@id\":\"https:\\\/\\\/greenpoppy.se\\\/produkt\\\/bambufrotteinlagg\\\/#breadcrumb\",\"itemListElement\":[{\"@type\":\"ListItem\",\"position\":1,\"name\":\"Hem\",\"item\":\"https:\\\/\\\/greenpoppy.se\\\/\"},{\"@type\":\"ListItem\",\"position\":2,\"name\":\"Butik\",\"item\":\"https:\\\/\\\/greenpoppy.se\\\/butik\\\/\"},{\"@type\":\"ListItem\",\"position\":3,\"name\":\"Bambufrott\u00e9inl\u00e4gg med knapp\"}]},{\"@type\":\"WebSite\",\"@id\":\"https:\\\/\\\/greenpoppy.se\\\/en\\\/#website\",\"url\":\"https:\\\/\\\/greenpoppy.se\\\/en\\\/\",\"name\":\"Green Poppy\",\"description\":\"H\u00e5llbara och \u00e5teranv\u00e4ndbara tygbl\u00f6jor\",\"publisher\":{\"@id\":\"https:\\\/\\\/greenpoppy.se\\\/en\\\/#organization\"},\"potentialAction\":[{\"@type\":\"SearchAction\",\"target\":{\"@type\":\"EntryPoint\",\"urlTemplate\":\"https:\\\/\\\/greenpoppy.se\\\/en\\\/?s={search_term_string}\"},\"query-input\":{\"@type\":\"PropertyValueSpecification\",\"valueRequired\":true,\"valueName\":\"search_term_string\"}}],\"inLanguage\":\"en-GB\"},{\"@type\":\"Organization\",\"@id\":\"https:\\\/\\\/greenpoppy.se\\\/en\\\/#organization\",\"name\":\"Green Poppy\",\"url\":\"https:\\\/\\\/greenpoppy.se\\\/en\\\/\",\"logo\":{\"@type\":\"ImageObject\",\"inLanguage\":\"en-GB\",\"@id\":\"https:\\\/\\\/greenpoppy.se\\\/en\\\/#\\\/schema\\\/logo\\\/image\\\/\",\"url\":\"https:\\\/\\\/greenpoppy.se\\\/wp-content\\\/uploads\\\/2025\\\/01\\\/Logga_Officiell.svg\",\"contentUrl\":\"https:\\\/\\\/greenpoppy.se\\\/wp-content\\\/uploads\\\/2025\\\/01\\\/Logga_Officiell.svg\",\"width\":1,\"height\":1,\"caption\":\"Green Poppy\"},\"image\":{\"@id\":\"https:\\\/\\\/greenpoppy.se\\\/en\\\/#\\\/schema\\\/logo\\\/image\\\/\"},\"sameAs\":[\"https:\\\/\\\/www.facebook.com\\\/profile.php?id=61554367862205\",\"https:\\\/\\\/www.instagram.com\\\/greenpoppy.se\\\/\"]}]}<\/script>\n<!-- \/ Yoast SEO plugin. -->","yoast_head_json":{"title":"Bambufrott\u00e9inl\u00e4gg med knapp - Green Poppy","description":"Ett supermjukt bambufrott\u00e9inl\u00e4gg till tygbl\u00f6jor. Har en knapp, kan f\u00e4stas i PUL-skal eller anv\u00e4ndas i pocketbl\u00f6jor f\u00f6r extra absorption.","robots":{"index":"index","follow":"follow","max-snippet":"max-snippet:-1","max-image-preview":"max-image-preview:large","max-video-preview":"max-video-preview:-1"},"canonical":"https:\/\/greenpoppy.se\/en\/product\/bambufrotteinlagg\/","og_locale":"en_GB","og_type":"article","og_title":"Bambufrott\u00e9inl\u00e4gg med knapp - Green Poppy","og_description":"Ett supermjukt bambufrott\u00e9inl\u00e4gg till tygbl\u00f6jor. Har en knapp, kan f\u00e4stas i PUL-skal eller anv\u00e4ndas i pocketbl\u00f6jor f\u00f6r extra absorption.","og_url":"https:\/\/greenpoppy.se\/en\/product\/bambufrotteinlagg\/","og_site_name":"Green Poppy","article_publisher":"https:\/\/www.facebook.com\/profile.php?id=61554367862205","article_modified_time":"2026-02-24T09:16:06+00:00","og_image":[{"width":1500,"height":1500,"url":"https:\/\/greenpoppy.se\/wp-content\/uploads\/2024\/01\/Produktbilder-pockets-2.png","type":"image\/png"}],"twitter_card":"summary_large_image","twitter_misc":{"Estimated reading time":"3 minutes"},"schema":{"@context":"https:\/\/schema.org","@graph":[{"@type":"WebPage","@id":"https:\/\/greenpoppy.se\/produkt\/bambufrotteinlagg\/","url":"https:\/\/greenpoppy.se\/produkt\/bambufrotteinlagg\/","name":"Bambufrott\u00e9inl\u00e4gg med knapp - Green Poppy","isPartOf":{"@id":"https:\/\/greenpoppy.se\/en\/#website"},"primaryImageOfPage":{"@id":"https:\/\/greenpoppy.se\/produkt\/bambufrotteinlagg\/#primaryimage"},"image":{"@id":"https:\/\/greenpoppy.se\/produkt\/bambufrotteinlagg\/#primaryimage"},"thumbnailUrl":"https:\/\/greenpoppy.se\/wp-content\/uploads\/2024\/01\/Produktbilder-pockets-2.png","datePublished":"2024-01-11T20:05:58+00:00","dateModified":"2026-02-24T09:16:06+00:00","description":"Ett supermjukt bambufrott\u00e9inl\u00e4gg till tygbl\u00f6jor. Har en knapp, kan f\u00e4stas i PUL-skal eller anv\u00e4ndas i pocketbl\u00f6jor f\u00f6r extra absorption.","breadcrumb":{"@id":"https:\/\/greenpoppy.se\/produkt\/bambufrotteinlagg\/#breadcrumb"},"inLanguage":"en-GB","potentialAction":[{"@type":"ReadAction","target":["https:\/\/greenpoppy.se\/produkt\/bambufrotteinlagg\/"]}]},{"@type":"ImageObject","inLanguage":"en-GB","@id":"https:\/\/greenpoppy.se\/produkt\/bambufrotteinlagg\/#primaryimage","url":"https:\/\/greenpoppy.se\/wp-content\/uploads\/2024\/01\/Produktbilder-pockets-2.png","contentUrl":"https:\/\/greenpoppy.se\/wp-content\/uploads\/2024\/01\/Produktbilder-pockets-2.png","width":1500,"height":1500,"caption":"inl\u00e4gg i bambufrotte bambu hampa bomull nyf\u00f6dd bl\u00f6jor tygbl\u00f6ja tygbl\u00f6jor"},{"@type":"BreadcrumbList","@id":"https:\/\/greenpoppy.se\/produkt\/bambufrotteinlagg\/#breadcrumb","itemListElement":[{"@type":"ListItem","position":1,"name":"Hem","item":"https:\/\/greenpoppy.se\/"},{"@type":"ListItem","position":2,"name":"Butik","item":"https:\/\/greenpoppy.se\/butik\/"},{"@type":"ListItem","position":3,"name":"Bambufrott\u00e9inl\u00e4gg med knapp"}]},{"@type":"WebSite","@id":"https:\/\/greenpoppy.se\/en\/#website","url":"https:\/\/greenpoppy.se\/en\/","name":"Green Poppy","description":"H\u00e5llbara och \u00e5teranv\u00e4ndbara tygbl\u00f6jor","publisher":{"@id":"https:\/\/greenpoppy.se\/en\/#organization"},"potentialAction":[{"@type":"SearchAction","target":{"@type":"EntryPoint","urlTemplate":"https:\/\/greenpoppy.se\/en\/?s={search_term_string}"},"query-input":{"@type":"PropertyValueSpecification","valueRequired":true,"valueName":"search_term_string"}}],"inLanguage":"en-GB"},{"@type":"Organization","@id":"https:\/\/greenpoppy.se\/en\/#organization","name":"Green Poppy","url":"https:\/\/greenpoppy.se\/en\/","logo":{"@type":"ImageObject","inLanguage":"en-GB","@id":"https:\/\/greenpoppy.se\/en\/#\/schema\/logo\/image\/","url":"https:\/\/greenpoppy.se\/wp-content\/uploads\/2025\/01\/Logga_Officiell.svg","contentUrl":"https:\/\/greenpoppy.se\/wp-content\/uploads\/2025\/01\/Logga_Officiell.svg","width":1,"height":1,"caption":"Green Poppy"},"image":{"@id":"https:\/\/greenpoppy.se\/en\/#\/schema\/logo\/image\/"},"sameAs":["https:\/\/www.facebook.com\/profile.php?id=61554367862205","https:\/\/www.instagram.com\/greenpoppy.se\/"]}]}},"_links":{"self":[{"href":"https:\/\/greenpoppy.se\/en\/wp-json\/wp\/v2\/product\/828","targetHints":{"allow":["GET"]}}],"collection":[{"href":"https:\/\/greenpoppy.se\/en\/wp-json\/wp\/v2\/product"}],"about":[{"href":"https:\/\/greenpoppy.se\/en\/wp-json\/wp\/v2\/types\/product"}],"replies":[{"embeddable":true,"href":"https:\/\/greenpoppy.se\/en\/wp-json\/wp\/v2\/comments?post=828"}],"wp:featuredmedia":[{"embeddable":true,"href":"https:\/\/greenpoppy.se\/en\/wp-json\/wp\/v2\/media\/5689"}],"wp:attachment":[{"href":"https:\/\/greenpoppy.se\/en\/wp-json\/wp\/v2\/media?parent=828"}],"wp:term":[{"taxonomy":"product_brand","embeddable":true,"href":"https:\/\/greenpoppy.se\/en\/wp-json\/wp\/v2\/product_brand?post=828"},{"taxonomy":"product_cat","embeddable":true,"href":"https:\/\/greenpoppy.se\/en\/wp-json\/wp\/v2\/product_cat?post=828"},{"taxonomy":"product_tag","embeddable":true,"href":"https:\/\/greenpoppy.se\/en\/wp-json\/wp\/v2\/product_tag?post=828"}],"curies":[{"name":"wp","href":"https:\/\/api.w.org\/{rel}","templated":true}]}}